{"id":1647,"date":"2022-08-05T16:52:45","date_gmt":"2022-08-05T14:52:45","guid":{"rendered":"https:\/\/moderaterna.se\/uppsala\/?page_id=1647"},"modified":"2022-08-06T11:38:10","modified_gmt":"2022-08-06T09:38:10","slug":"jobb-ar-vagen-in-i-samhallet","status":"publish","type":"page","link":"https:\/\/moderaterna.se\/uppsala\/jobb-ar-vagen-in-i-samhallet\/","title":{"rendered":"Jobb \u00e4r v\u00e4gen in i samh\u00e4llet"},"content":{"rendered":"\n<p>Verklig frihet och sj\u00e4lvst\u00e4ndighet b\u00f6rjar med en egen inkomst. Moderaterna vill att alla som kan jobba ska ha ett jobb att g\u00e5 till, alla ska vara med och bidra till v\u00e4lf\u00e4rden efter egen f\u00f6rm\u00e5ga.<\/p>\n\n\n\n<p>Att st\u00e4lla krav \u00e4r att bry sig. Det visar att alla m\u00e4nniskor \u00e4r v\u00e4rdefulla och beh\u00f6vs. D\u00e4rf\u00f6r st\u00e4ller vi krav p\u00e5 motprestation. Det kan r\u00f6ra sig om krav p\u00e5 att s\u00f6ka arbete, praktisera eller vidareutbilda sig p\u00e5 heltid.<\/p>\n\n\n\n<p>Efter 8 \u00e5r av socialdemokratiskt styre har Uppsala den h\u00f6gsta arbetsl\u00f6sheten sedan 1997 och f\u00f6retagsklimatet \u00e4r det s\u00e4msta n\u00e5gonsin, det vill vi \u00e4ndra p\u00e5.<\/p>\n\n\n\n<p>Moderaterna vill:<\/p>\n\n\n\n<ul class=\"wp-block-list\"><li>S\u00e4nka kommunalskatten<\/li><li>Att det alltid ska l\u00f6na sig mer att jobba \u00e4n att g\u00e5 p\u00e5 bidrag<\/li><li>Att alla barn ska se sina f\u00f6r\u00e4ldrar g\u00e5 till jobbet<\/li><li>S\u00e4nkta skatter och fler personer i arbete<\/li><li>St\u00f6tta f\u00f6retagande och f\u00f6reningsliv f\u00f6r en levande landsbygd<\/li><li>Inf\u00f6ra motprestation i f\u00f6rs\u00f6rjningsst\u00f6det<\/li><li>\u00d6ka kvaliteten p\u00e5 SFI och inf\u00f6ra spr\u00e5ktester<\/li><li>Prioritera arbetet mot bidragsfusk<\/li><li>Skapa fler m\u00f6jligheter f\u00f6r sommarjobb och \u00f6ka fokus p\u00e5 ung f\u00f6retagsamhet i skolan<\/li><li>Skapa \u201den v\u00e4g in\u201d f\u00f6r f\u00f6retagare i kommunen d\u00e4r \u00e4renden enkelt kan f\u00f6ljas digitalt<\/li><li>Konkurrensuts\u00e4tta fler verksamheter som idag utf\u00f6rs av kommunen<\/li><li>F\u00f6rb\u00e4ttra kommunens och politikers attityder till f\u00f6retagande<\/li><li>Att det tas fram ett m\u00e4tbart \u00e5tg\u00e4rdsprogram f\u00f6r att f\u00f6rb\u00e4ttra f\u00f6retagsklimatet<\/li><li>Ta fram en \u00e5tg\u00e4rdsplan f\u00f6r att minska f\u00f6retagens brottsutsatthet och otrygghet, i dialog med n\u00e4ringslivet.<\/li><li>F\u00f6rb\u00e4ttra kommunens kontakt och dialog med arbetsgivare och f\u00f6retag i Uppsala.<\/li><\/ul>\n\n\n\n<p><strong>L\u00e4s mer om v\u00e5ra andra f\u00f6rslag h\u00e4r:<\/strong><\/p>\n\n\n\n<ul class=\"wp-block-list\"><li><a href=\"https:\/\/moderaterna.se\/uppsala\/ett-tryggt-och-sakert-uppsala\/\">Ett tryggt och s\u00e4kert Uppsala<\/a><\/li><li><a href=\"https:\/\/moderaterna.se\/uppsala\/en-skola-med-fokus-pa-kvalitet-och-kunskap\/\">En skola med fokus p\u00e5 kvalitet och kunskap<\/a><\/li><li><a href=\"https:\/\/moderaterna.se\/uppsala\/uppsala-en-framkomlig-och-gron-stad\/\">En framkomlig och gr\u00f6n stad<\/a><\/li><li><a href=\"https:\/\/moderaterna.se\/uppsala\/nej-till-sparvag\/\">Nej till sp\u00e5rv\u00e4g<\/a><\/li><\/ul>\n\n\n\n<p><\/p>\n","protected":false},"excerpt":{"rendered":"<p>Verklig frihet och sj\u00e4lvst\u00e4ndighet b\u00f6rjar med en egen inkomst. Moderaterna vill att alla som kan jobba ska ha ett jobb att g\u00e5 till, alla ska vara med och bidra till v\u00e4lf\u00e4rden efter egen f\u00f6rm\u00e5ga. Att st\u00e4lla krav \u00e4r att bry sig. Det visar att alla m\u00e4nniskor \u00e4r v\u00e4rdefulla och beh\u00f6vs. D\u00e4rf\u00f6r st\u00e4ller vi krav p\u00e5 [&hellip;]<\/p>\n","protected":false},"author":42,"featured_media":0,"parent":0,"menu_order":0,"comment_status":"closed","ping_status":"closed","template":"","meta":{"_acf_changed":false,"_relevanssi_hide_post":"","_relevanssi_hide_content":"","_relevanssi_pin_for_all":"","_relevanssi_pin_keywords":"","_relevanssi_unpin_keywords":"","_relevanssi_related_keywords":"","_relevanssi_related_include_ids":"","_relevanssi_related_exclude_ids":"","_relevanssi_related_no_append":"","_relevanssi_related_not_related":"","_relevanssi_related_posts":"","_relevanssi_noindex_reason":"","footnotes":""},"subject":[],"class_list":["post-1647","page","type-page","status-publish","hentry"],"acf":[],"publishpress_future_action":{"enabled":false,"date":"2026-05-15 19:46:42","action":"change-status","newStatus":"draft","terms":[],"taxonomy":"subject"},"_links":{"self":[{"href":"https:\/\/moderaterna.se\/uppsala\/wp-json\/wp\/v2\/pages\/1647","targetHints":{"allow":["GET"]}}],"collection":[{"href":"https:\/\/moderaterna.se\/uppsala\/wp-json\/wp\/v2\/pages"}],"about":[{"href":"https:\/\/moderaterna.se\/uppsala\/wp-json\/wp\/v2\/types\/page"}],"author":[{"embeddable":true,"href":"https:\/\/moderaterna.se\/uppsala\/wp-json\/wp\/v2\/users\/42"}],"replies":[{"embeddable":true,"href":"https:\/\/moderaterna.se\/uppsala\/wp-json\/wp\/v2\/comments?post=1647"}],"version-history":[{"count":4,"href":"https:\/\/moderaterna.se\/uppsala\/wp-json\/wp\/v2\/pages\/1647\/revisions"}],"predecessor-version":[{"id":1670,"href":"https:\/\/moderaterna.se\/uppsala\/wp-json\/wp\/v2\/pages\/1647\/revisions\/1670"}],"wp:attachment":[{"href":"https:\/\/moderaterna.se\/uppsala\/wp-json\/wp\/v2\/media?parent=1647"}],"wp:term":[{"taxonomy":"subject","embeddable":true,"href":"https:\/\/moderaterna.se\/uppsala\/wp-json\/wp\/v2\/subject?post=1647"}],"curies":[{"name":"wp","href":"https:\/\/api.w.org\/{rel}","templated":true}]}}