{"id":1640,"date":"2022-08-05T16:32:12","date_gmt":"2022-08-05T14:32:12","guid":{"rendered":"https:\/\/moderaterna.se\/uppsala\/?page_id=1640"},"modified":"2022-08-05T17:50:31","modified_gmt":"2022-08-05T15:50:31","slug":"ett-tryggt-och-sakert-uppsala","status":"publish","type":"page","link":"https:\/\/moderaterna.se\/uppsala\/ett-tryggt-och-sakert-uppsala\/","title":{"rendered":"Ett tryggt och s\u00e4kert Uppsala"},"content":{"rendered":"\n<p>Uppsala \u00e4r fantastiskt, men det \u00e4r en kommun som ocks\u00e5 har stora problem. Dessa g\u00e5r att l\u00f6sa med r\u00e4tt insatser och r\u00e4tt ledarskap. F\u00f6r Moderaterna \u00e4r det en k\u00e4rnuppgift att se till att det finns f\u00f6ruts\u00e4ttningar f\u00f6r alla att leva ett tryggt och fritt liv. Uppsala ska inte f\u00f6rknippas med g\u00e4ngkriminalitet och skottlossning. Uppsala ska tv\u00e4rt om vara en kommun som tar i med h\u00e5rdhandskarna mot kriminella.<\/p>\n\n\n\n<p>Det f\u00f6rebyggande arbetet ska vara omfattande f\u00f6r att vi ska kunna f\u00e5nga upp unga redan innan de hamnar utanf\u00f6r.<\/p>\n\n\n\n<p>Moderaterna vill:<\/p>\n\n\n\n<ul class=\"wp-block-list\"><li>Att Uppsala f\u00e5r fler poliser<\/li><li>Inf\u00f6ra ordningsvakter och trygghetskameror i fler stadsdelar och i v\u00e5ra kransorter<\/li><li>Uppr\u00e4tta en trygghetscentral som kan samordna trygghetsarbete och svara p\u00e5 larm<\/li><li>F\u00f6rb\u00e4ttra och ut\u00f6ka det upps\u00f6kande arbetet med unga vuxna som riskerar att hamna i utanf\u00f6rskap<\/li><li>Skapa offentliga milj\u00f6er och planera f\u00f6r bostadsomr\u00e5den som upplevs som trygga och s\u00e4kra av alla.<\/li><li>S\u00e4kra upp trygga f\u00f6rskole- och skolg\u00e5rdar. Skolan ska vara en trygg plats d\u00e4r kunskap och lugn och ro \u00e4r i fokus<\/li><li>Bek\u00e4mpa v\u00e5ld och hot i n\u00e4ra relationer exempelvis genom att s\u00e4kra ett kontinuerligt st\u00f6d till Uppsalas kvinnojourer, b\u00e4ttre information och diskussion i skolorna om normer, sex och gr\u00e4nsdragningar samt kontinuerlig utbildning f\u00f6r ber\u00f6rd personal f\u00f6r att tidigt kunna f\u00e5nga upp offer f\u00f6r v\u00e5ld i n\u00e4ra relation och hitta skydd och st\u00f6d f\u00f6r dessa och eventuella barn.<\/li><\/ul>\n\n\n\n<p><strong>L\u00e4s mer om v\u00e5ra andra f\u00f6rslag h\u00e4r:<\/strong><\/p>\n\n\n\n<ul class=\"wp-block-list\"><li><a href=\"https:\/\/moderaterna.se\/uppsala\/jobb-ar-vagen-in-i-samhallet\/\">Jobb \u00e4r v\u00e4gen in i samh\u00e4llet<\/a><\/li><li><a href=\"https:\/\/moderaterna.se\/uppsala\/en-skola-med-fokus-pa-kvalitet-och-kunskap\/\">En skola med fokus p\u00e5 kvalitet och kunskap<\/a><\/li><li><a href=\"https:\/\/moderaterna.se\/uppsala\/uppsala-en-framkomlig-och-gron-stad\/\">En framkomlig och gr\u00f6n stad<\/a><\/li><li><a href=\"https:\/\/moderaterna.se\/uppsala\/nej-till-sparvag\/\">Nej till sp\u00e5rv\u00e4g<\/a><\/li><\/ul>\n\n\n\n<p><\/p>\n","protected":false},"excerpt":{"rendered":"<p>Uppsala \u00e4r fantastiskt, men det \u00e4r en kommun som ocks\u00e5 har stora problem. Dessa g\u00e5r att l\u00f6sa med r\u00e4tt insatser och r\u00e4tt ledarskap. F\u00f6r Moderaterna \u00e4r det en k\u00e4rnuppgift att se till att det finns f\u00f6ruts\u00e4ttningar f\u00f6r alla att leva ett tryggt och fritt liv. Uppsala ska inte f\u00f6rknippas med g\u00e4ngkriminalitet och skottlossning. Uppsala ska [&hellip;]<\/p>\n","protected":false},"author":42,"featured_media":0,"parent":0,"menu_order":0,"comment_status":"closed","ping_status":"closed","template":"","meta":{"_acf_changed":false,"_relevanssi_hide_post":"","_relevanssi_hide_content":"","_relevanssi_pin_for_all":"","_relevanssi_pin_keywords":"","_relevanssi_unpin_keywords":"","_relevanssi_related_keywords":"","_relevanssi_related_include_ids":"","_relevanssi_related_exclude_ids":"","_relevanssi_related_no_append":"","_relevanssi_related_not_related":"","_relevanssi_related_posts":"","_relevanssi_noindex_reason":"","footnotes":""},"subject":[],"class_list":["post-1640","page","type-page","status-publish","hentry"],"acf":[],"publishpress_future_action":{"enabled":false,"date":"2026-04-16 13:50:20","action":"change-status","newStatus":"draft","terms":[],"taxonomy":"subject"},"_links":{"self":[{"href":"https:\/\/moderaterna.se\/uppsala\/wp-json\/wp\/v2\/pages\/1640","targetHints":{"allow":["GET"]}}],"collection":[{"href":"https:\/\/moderaterna.se\/uppsala\/wp-json\/wp\/v2\/pages"}],"about":[{"href":"https:\/\/moderaterna.se\/uppsala\/wp-json\/wp\/v2\/types\/page"}],"author":[{"embeddable":true,"href":"https:\/\/moderaterna.se\/uppsala\/wp-json\/wp\/v2\/users\/42"}],"replies":[{"embeddable":true,"href":"https:\/\/moderaterna.se\/uppsala\/wp-json\/wp\/v2\/comments?post=1640"}],"version-history":[{"count":3,"href":"https:\/\/moderaterna.se\/uppsala\/wp-json\/wp\/v2\/pages\/1640\/revisions"}],"predecessor-version":[{"id":1663,"href":"https:\/\/moderaterna.se\/uppsala\/wp-json\/wp\/v2\/pages\/1640\/revisions\/1663"}],"wp:attachment":[{"href":"https:\/\/moderaterna.se\/uppsala\/wp-json\/wp\/v2\/media?parent=1640"}],"wp:term":[{"taxonomy":"subject","embeddable":true,"href":"https:\/\/moderaterna.se\/uppsala\/wp-json\/wp\/v2\/subject?post=1640"}],"curies":[{"name":"wp","href":"https:\/\/api.w.org\/{rel}","templated":true}]}}