{"id":1574,"date":"2022-06-15T10:43:26","date_gmt":"2022-06-15T08:43:26","guid":{"rendered":"https:\/\/moderaterna.se\/uppsala\/?page_id=1574"},"modified":"2023-04-12T16:56:38","modified_gmt":"2023-04-12T14:56:38","slug":"moderata-foretagarradet-uppsala-lan","status":"publish","type":"page","link":"https:\/\/moderaterna.se\/uppsala\/moderata-foretagarradet-uppsala-lan\/","title":{"rendered":"Moderata f\u00f6retagarr\u00e5det Uppsala l\u00e4n"},"content":{"rendered":"\n<p>Moderaterna har alltid varit ett f\u00f6retagarv\u00e4nligt parti&nbsp;som v\u00e4rnar om fri f\u00f6retagsamhet, entrepren\u00f6rskap och innovationer. Vi arbetar st\u00e4ndigt f\u00f6r att f\u00f6rb\u00e4ttra v\u00e5r politik med inriktningen att det ska bli enklare, smidigare och billigare f\u00f6r f\u00f6retag att v\u00e4xa och anst\u00e4lla.<\/p>\n\n\n\n<p><\/p>\n\n\n\n<p><strong>Kompetensf\u00f6rs\u00f6rjning<\/strong><br>M\u00e5nga f\u00f6retag upplever brist p\u00e5 r\u00e4tt kompetens. D\u00e4rf\u00f6r \u00e4r det viktigt offentliga utbildningar utformas med arbetsgivarnas \u00f6nskem\u00e5l och behov i \u00e5tanke. Skolungdomar m\u00e5ste f\u00e5 veta vilka utbildningar som leder till anst\u00e4llning.<\/p>\n\n\n\n<p><strong>Arbetsmarknads\u00e5tg\u00e4rder<\/strong><br>M\u00e5nga av de personer som st\u00e5r utanf\u00f6r arbetsmarknaden idag har kompetenser som efterfr\u00e5gas av f\u00f6retagen. Men m\u00e5nga saknar bevis f\u00f6r sin kompetens. Med hj\u00e4lp av jobbtr\u00e4ning i f\u00f6retag kan n\u00e4ringslivet bed\u00f6ma vilka kompetenser som kr\u00e4vs f\u00f6r att \u00f6verg\u00e5 till full anst\u00e4llning och hj\u00e4lpa till att komplettera detta.<\/p>\n\n\n\n<p><strong>Myndighetskontakter<\/strong><br>Kr\u00e5ngliga regler \u00e4r n\u00e5got som de flesta f\u00f6retagare upplever l\u00e4gger hinder f\u00f6r effektiv verksamhet. Det offentliga m\u00e5ste erk\u00e4nna det stora v\u00e4rde som f\u00f6retagandet skapar och l\u00e4gga fokus p\u00e5 hur de kan hj\u00e4lpa och f\u00f6renkla genom sin myndighetsut\u00f6vning.<\/p>\n\n\n\n<p><strong>Upphandling och fri marknad<\/strong><br>Genom upphandling f\u00e5r offentligheten tillg\u00e5ng till det v\u00e4rde och de m\u00e5nga alternativ som skapas p\u00e5 den fria marknaden. I slut\u00e4nden \u00e4r det vi medborgare som har nytta av att offentliga verksamheter \u00f6ppnar upp f\u00f6r kvalitet och alternativ fr\u00e5n den privata sektorn. D\u00e4rf\u00f6r \u00e4r det viktigt att det offentliga \u00e4r en attraktiv kund f\u00f6r den privata sektorn.<\/p>\n\n\n\n<p><strong>Skatter och avgifter<\/strong><br>L\u00e5ga skatter \u00e4r en grundf\u00f6ruts\u00e4ttning f\u00f6r god v\u00e4lf\u00e4rdsutveckling. Genom l\u00e5ga skatter skapas incitament f\u00f6r innovationer, risktagande och engagemang f\u00f6r nya aff\u00e4rsid\u00e9er. I slut\u00e4nden f\u00e5r samh\u00e4llet tillbaka dessa pengar i form av det v\u00e4rde som skapas hos f\u00f6retagen och de skatter som betalas fr\u00e5n dessa.<\/p>\n\n\n\n<p><strong>Finansiering och kapital<\/strong><br>F\u00f6retag i kritiska utvecklingsfaser har olika behov av finansiering f\u00f6r att kunna g\u00e5 vidare och utvecklas. Eftersom framg\u00e5ngsrika f\u00f6retag \u00e4r en investering f\u00f6r samh\u00e4llet \u00e4r det viktigt att olika alternativ till finansiering uppmuntras och ges st\u00f6d. F\u00f6rutom extern finansiering inneb\u00e4r ocks\u00e5 l\u00e4gre skatteniv\u00e5 p\u00e5 vinster att f\u00f6retagen kan finansiera sig sj\u00e4lva i h\u00f6gre grad.<\/p>\n\n\n\n<p><strong>Infrastruktur, samh\u00e4llsplanering, trafik<br><\/strong>F\u00f6r att f\u00f6retag ska kunna etablera sig och fungera kr\u00e4vs god tillg\u00e5ng till bredband, el, vatten, kollektivtrafik och annan infrastruktur. Detta \u00e4r s\u00e4rskilt viktigt f\u00f6r landsbygden. F\u00f6r st\u00e4der \u00e4r det viktigt f\u00f6r det offentliga att vara lyh\u00f6rda och att h\u00e5lla detaljplaneringen flexibel s\u00e5 att det g\u00e5r att anpassa efter behoven hos f\u00f6retag som \u00f6nskar etablera sig.<\/p>\n\n\n\n<p><strong>Trygghet<\/strong><br>Kriminalitet \u00e4r inte bara n\u00e5got som drabbar enskilda. N\u00e4stan varannan handlare drabbas av st\u00f6lder, hot eller v\u00e5ld. D\u00e4rf\u00f6r m\u00e5ste det offentliga samarbeta med f\u00f6retagen och ta fram \u00e5tg\u00e4rdsplaner och ge st\u00f6d f\u00f6r att minska deras brottsutsatthet och otrygghet.<\/p>\n\n\n\n<p><strong>Innovation och digitalisering<\/strong><br>Innovation i samh\u00e4llet v\u00e4xer i f\u00f6rsta hand fram genom f\u00f6retagen. Politikens uppdrag \u00e4r inte att detaljstyra uppfinningsrikedom utan att st\u00f6tta och stimulera f\u00f6retag som utvecklar nya l\u00f6sningar.<br>Den fortsatta digitaliseringen p\u00e5 landsbygden prioriteras. Digitalt distansarbete har \u00f6kat i omfattning, vilket inneb\u00e4r att f\u00f6retag i l\u00e4gre utstr\u00e4ckning beh\u00f6ver tillhandah\u00e5lla kontorsplats i st\u00e4derna.<\/p>\n\n\n\n<p><strong>Landsbygd<br><\/strong>M\u00e5nga f\u00f6retagare \u00e4r intresserade av att starta ny eller att flytta ut befintlig verksamhet p\u00e5 landsbygden. F\u00f6r att m\u00f6jligg\u00f6ra detta kr\u00e4vs tillg\u00e5ng till kompetens, goda f\u00f6rbindelser mellan bostad och jobb, l\u00e5ga kostnader samt god kommunal service. Det offentliga m\u00e5ste ocks\u00e5 f\u00f6rst\u00e5 att det r\u00e5der andra f\u00f6ruts\u00e4ttningar att driva f\u00f6retag p\u00e5 landsbygden och vara flexibla i sin myndighetsut\u00f6vning, t.ex. n\u00e4r det g\u00e4ller s\u00e4songsbetonad verksamhet, utveckling i strandn\u00e4ra l\u00e4gen, samt lokal produktion av mat.<\/p>\n\n\n\n<p><strong>Klimat och milj\u00f6<\/strong><br>I takt med att milj\u00f6fokus blivit allt viktigare hos kunderna har f\u00f6retagen kommit att prioritera s\u00e5dana fr\u00e5gor. D\u00e4rf\u00f6r \u00e4r det viktigt att uppmuntra och vara \u00f6ppen f\u00f6r milj\u00f6smarta l\u00f6sningar som f\u00f6retag utvecklar p\u00e5 marknaden.<br>Energif\u00f6rs\u00f6rjning \u00e4r en f\u00f6ruts\u00e4ttning f\u00f6r tillv\u00e4xt. D\u00e4rf\u00f6r beh\u00f6vs k\u00e4rnkraft som stabil bas medan \u00f6vriga h\u00e5llbara energik\u00e4llor forts\u00e4tter utvecklas.<\/p>\n\n\n\n<figure class=\"wp-block-image size-large\"><img loading=\"lazy\" decoding=\"async\" width=\"683\" height=\"1024\" src=\"https:\/\/moderaterna.se\/app\/uploads\/sites\/15\/2023\/04\/476A0226-1-683x1024.jpg\" alt=\"\" class=\"wp-image-1974\" srcset=\"https:\/\/moderaterna.se\/app\/uploads\/sites\/15\/2023\/04\/476A0226-1-683x1024.jpg 683w, https:\/\/moderaterna.se\/app\/uploads\/sites\/15\/2023\/04\/476A0226-1-200x300.jpg 200w, https:\/\/moderaterna.se\/app\/uploads\/sites\/15\/2023\/04\/476A0226-1-768x1152.jpg 768w, https:\/\/moderaterna.se\/app\/uploads\/sites\/15\/2023\/04\/476A0226-1-1024x1536.jpg 1024w, https:\/\/moderaterna.se\/app\/uploads\/sites\/15\/2023\/04\/476A0226-1-1365x2048.jpg 1365w, https:\/\/moderaterna.se\/app\/uploads\/sites\/15\/2023\/04\/476A0226-1-scaled.jpg 1707w\" sizes=\"auto, (max-width: 683px) 100vw, 683px\" \/><figcaption><strong>Tobias E H\u00e4gglund &#8211; ordf\u00f6rande moderata f\u00f6retagarr\u00e5det i Uppsala l\u00e4n<\/strong><\/figcaption><\/figure>\n","protected":false},"excerpt":{"rendered":"<p>Moderaterna har alltid varit ett f\u00f6retagarv\u00e4nligt parti&nbsp;som v\u00e4rnar om fri f\u00f6retagsamhet, entrepren\u00f6rskap och innovationer. Vi arbetar st\u00e4ndigt f\u00f6r att f\u00f6rb\u00e4ttra v\u00e5r politik med inriktningen att det ska bli enklare, smidigare och billigare f\u00f6r f\u00f6retag att v\u00e4xa och anst\u00e4lla. Kompetensf\u00f6rs\u00f6rjningM\u00e5nga f\u00f6retag upplever brist p\u00e5 r\u00e4tt kompetens. D\u00e4rf\u00f6r \u00e4r det viktigt offentliga utbildningar utformas med arbetsgivarnas \u00f6nskem\u00e5l [&hellip;]<\/p>\n","protected":false},"author":43,"featured_media":0,"parent":0,"menu_order":0,"comment_status":"closed","ping_status":"closed","template":"","meta":{"_acf_changed":false,"_relevanssi_hide_post":"","_relevanssi_hide_content":"","_relevanssi_pin_for_all":"","_relevanssi_pin_keywords":"","_relevanssi_unpin_keywords":"","_relevanssi_related_keywords":"","_relevanssi_related_include_ids":"","_relevanssi_related_exclude_ids":"","_relevanssi_related_no_append":"","_relevanssi_related_not_related":"","_relevanssi_related_posts":"","_relevanssi_noindex_reason":"","footnotes":""},"subject":[],"class_list":["post-1574","page","type-page","status-publish","hentry"],"acf":[],"publishpress_future_action":{"enabled":false,"date":"2026-04-16 13:52:30","action":"change-status","newStatus":"draft","terms":[],"taxonomy":"subject"},"_links":{"self":[{"href":"https:\/\/moderaterna.se\/uppsala\/wp-json\/wp\/v2\/pages\/1574","targetHints":{"allow":["GET"]}}],"collection":[{"href":"https:\/\/moderaterna.se\/uppsala\/wp-json\/wp\/v2\/pages"}],"about":[{"href":"https:\/\/moderaterna.se\/uppsala\/wp-json\/wp\/v2\/types\/page"}],"author":[{"embeddable":true,"href":"https:\/\/moderaterna.se\/uppsala\/wp-json\/wp\/v2\/users\/43"}],"replies":[{"embeddable":true,"href":"https:\/\/moderaterna.se\/uppsala\/wp-json\/wp\/v2\/comments?post=1574"}],"version-history":[{"count":5,"href":"https:\/\/moderaterna.se\/uppsala\/wp-json\/wp\/v2\/pages\/1574\/revisions"}],"predecessor-version":[{"id":1977,"href":"https:\/\/moderaterna.se\/uppsala\/wp-json\/wp\/v2\/pages\/1574\/revisions\/1977"}],"wp:attachment":[{"href":"https:\/\/moderaterna.se\/uppsala\/wp-json\/wp\/v2\/media?parent=1574"}],"wp:term":[{"taxonomy":"subject","embeddable":true,"href":"https:\/\/moderaterna.se\/uppsala\/wp-json\/wp\/v2\/subject?post=1574"}],"curies":[{"name":"wp","href":"https:\/\/api.w.org\/{rel}","templated":true}]}}