{"id":1507,"date":"2022-08-02T14:23:39","date_gmt":"2022-08-02T12:23:39","guid":{"rendered":"https:\/\/moderaterna.se\/uppsala\/?page_id=1507"},"modified":"2022-08-02T14:23:40","modified_gmt":"2022-08-02T12:23:40","slug":"akademiska-sjukhuset","status":"publish","type":"page","link":"https:\/\/moderaterna.se\/uppsala\/akademiska-sjukhuset\/","title":{"rendered":"Akademiska sjukhuset"},"content":{"rendered":"\n<p><strong>Akademiska sjukhuset beh\u00f6ver ett tydligt uppdrag med fokus p\u00e5 avancerad och h\u00f6gspecialiserad v\u00e5rd. Att forts\u00e4tta i gamla hjulsp\u00e5r kommer inte ge fler patienter v\u00e5rd i tid, leda till en b\u00e4ttre arbetsmilj\u00f6 eller hj\u00e4lpa Akademiska sjukhuset med en ekonomi i balans. V\u00e5rt ansvar f\u00f6r patienterna kr\u00e4ver reformer d\u00e4r varje skattekrona anv\u00e4nds p\u00e5 b\u00e4sta m\u00f6jliga s\u00e4tt.<\/strong><\/p>\n\n\n\n<p>Akademiska sjukhuset \u00e4r regionens flaggskepp och rankas som ett av de b\u00e4sta universitetssjukhusen i v\u00e4rlden. Den v\u00e5rd som ges h\u00e5ller h\u00f6g kvalitet. Sjukhuset \u00e4r b\u00e5de l\u00e4nssjukhus och ett h\u00f6gspecialiserat sjukhus som tar emot sv\u00e5ra patientfall fr\u00e5n hela landet. H\u00e4r bedrivs \u00e4ven undervisning och forskning.<\/p>\n\n\n\n<p>Sjukhuset har under l\u00e5ng tid haft en situation d\u00e4r kostnadsutvecklingen varit h\u00f6gre \u00e4n int\u00e4kterna. Kostnadsutvecklingen har varit h\u00f6gre \u00e4n i j\u00e4mf\u00f6rbara regioner. M\u00e5nga medarbetare efterfr\u00e5gar en b\u00e4ttre arbetssituation. F\u00f6r att f\u00e5 ordning p\u00e5 ekonomin, s\u00e4kerst\u00e4lla att fler patienter f\u00e5r v\u00e5rd i tid och medarbetarna en b\u00e4ttre arbetsmilj\u00f6 m\u00e5ste v\u00e5rden i Region Uppsala moderniseras. F\u00f6r att uppn\u00e5 detta m\u00e5ste Akademiska sjukhuset arbeta med kvalitetsuppf\u00f6ljning, produktionsplanering och modern logistik samt medarbetarna ges utrymme att leda f\u00f6r\u00e4ndringsarbetet.<\/p>\n\n\n\n<p><strong>Utveckla den h\u00f6gspecialiserade v\u00e5rden<\/strong><\/p>\n\n\n\n<p>Akademiska sjukhusets profil som centrum f\u00f6r h\u00f6gspecialiserad v\u00e5rd i offentlig regi m\u00e5ste bevaras och utvecklas. Detta \u00e4r viktigt f\u00f6r att sjukhuset fortfarande ska vara ett universitetssjukhus \u00e4ven i framtiden. D\u00e4rf\u00f6r \u00e4r det angel\u00e4get att viss bassjukv\u00e5rd flyttas fr\u00e5n sjukhuset. Bassjukv\u00e5rden kommer att vara en del av Akademiska sjukhuset framgent ocks\u00e5, men en del v\u00e5rd kommer att beh\u00f6va flyttas till Lasarettet i Enk\u00f6ping, prim\u00e4rv\u00e5rden i Region Uppsala och andra regioner i Mellansverige, samt till frist\u00e5ende akt\u00f6rer.<\/p>\n\n\n\n<p><strong>Akutmottagningarna \u00e4r f\u00f6rsta linjen och ing\u00e5ngen till sjukhuset<\/strong><\/p>\n\n\n\n<p>Omh\u00e4ndertagandet av akut sjuka patienter i regionen beh\u00f6ver genomg\u00e5 ett st\u00f6rre f\u00f6rnyelsearbete. Problemet med l\u00e5nga v\u00e4ntetider p\u00e5 akutmottagningarna p\u00e5 Akademiska sjukhuset \u00e4r inte nytt utan ett \u00e5terkommande problem. Det \u00e4r inte heller endast ett problem som r\u00f6r just Akademiska sjukhuset, utan handlar om hur akut sjuka patienter tas om hand i hela v\u00e5rdkedjan fr\u00e5n f\u00f6rsta kontakten med 1177 eller i den kommunala hemsjukv\u00e5rden tills de l\u00e4ggs in p\u00e5 sjukhuset och s\u00e5 sm\u00e5ningom skrivs ut igen.<\/p>\n\n\n\n<p>Akademiska sjukhuset har emellertid \u00e4ven inom sig organisatoriska problem som g\u00f6r att akutmottagningen blir uppsamlingsplats f\u00f6r patienter som inte kommer vidare till en v\u00e5rdplats. Delvis har detta att g\u00f6ra med sv\u00e5righeterna f\u00f6r sjukhuset att bemanna v\u00e5rdplatser, men delvis \u00e4r detta en fr\u00e5ga om att sjukhuset \u00e4r i behov av att omorganisera sig n\u00e4r det g\u00e4ller sina akuta patientfl\u00f6den. Att beh\u00e5lla samma organisation som idag, n\u00e4r det \u00e5terkommande uppst\u00e5r \u00f6verbelastning p\u00e5 akutmottagningen, \u00e4r inte l\u00e4ngre m\u00f6jligt. Alternativa s\u00e4tt att organisera akutfl\u00f6den finns att studera och l\u00e4ra av.<\/p>\n\n\n\n<p>Vi vill d\u00e4rf\u00f6r att regionen ska ta ett helhetsgrepp n\u00e4r det g\u00e4ller omh\u00e4ndertagandet av akut sjuka d\u00e4r hela v\u00e5rdkedjan effektiviseras, fr\u00e5n prim\u00e4rv\u00e5rdsniv\u00e5 till slutenv\u00e5rden p\u00e5 Akademiska eller Lasarettet i Enk\u00f6ping. Vidare har N\u00e4rakuten i Uppsala i samarbete med Akademiska sjukhuset lyckats minska belastningen p\u00e5 akutmottagningen. F\u00f6r att minska belastningen ytterligare vill vi d\u00e4rf\u00f6r ge ett ut\u00f6kat uppdrag till denna verksamhet.<\/p>\n\n\n\n<p><strong>V\u00e5ra f\u00f6rslag i punktform<\/strong><\/p>\n\n\n\n<ul class=\"wp-block-list\"><li>Arbetet med systematisk produktionsplanering och modern logistik ska<\/li><li>forts\u00e4tta.<\/li><li>Medarbetardrivet f\u00f6r\u00e4ndringsarbete f\u00f6r att f\u00f6rb\u00e4ttra arbetsmilj\u00f6n och kvaliteten.<\/li><li>Akademiska sjukhuset ska ha en kostnadsutveckling som ligger i niv\u00e5 med<\/li><li>j\u00e4mf\u00f6rbara universitetssjukhus.<\/li><li>Akutuppdraget i hela regionen ska f\u00f6rnyas med fokus p\u00e5 effektiva fl\u00f6den och omh\u00e4ndertagande p\u00e5 r\u00e4tt v\u00e5rdniv\u00e5.<\/li><li>Arbetet med att flytta viss bassjukv\u00e5rd f\u00f6r att kunna utveckla den<\/li><li>h\u00f6gspecialiserade v\u00e5rden ska forts\u00e4tta.<\/li><li>Nytt akutuppdrag f\u00f6r prim\u00e4rv\u00e5rd och N\u00e4rakuten i Uppsala kommun.<\/li><li>Vi \u00e4r \u00f6ppna f\u00f6r ytterligare n\u00e4rakut i l\u00e4net.<\/li><li>Akademiska sjukhuset ska organisera verksamheten s\u00e5 att v\u00e4ntetiderna p\u00e5 akutmottagningarna minskar.<\/li><\/ul>\n","protected":false},"excerpt":{"rendered":"<p>Akademiska sjukhuset beh\u00f6ver ett tydligt uppdrag med fokus p\u00e5 avancerad och h\u00f6gspecialiserad v\u00e5rd. Att forts\u00e4tta i gamla hjulsp\u00e5r kommer inte ge fler patienter v\u00e5rd i tid, leda till en b\u00e4ttre arbetsmilj\u00f6 eller hj\u00e4lpa Akademiska sjukhuset med en ekonomi i balans. V\u00e5rt ansvar f\u00f6r patienterna kr\u00e4ver reformer d\u00e4r varje skattekrona anv\u00e4nds p\u00e5 b\u00e4sta m\u00f6jliga s\u00e4tt. Akademiska [&hellip;]<\/p>\n","protected":false},"author":46,"featured_media":0,"parent":0,"menu_order":0,"comment_status":"closed","ping_status":"closed","template":"","meta":{"_acf_changed":false,"_relevanssi_hide_post":"","_relevanssi_hide_content":"","_relevanssi_pin_for_all":"","_relevanssi_pin_keywords":"","_relevanssi_unpin_keywords":"","_relevanssi_related_keywords":"","_relevanssi_related_include_ids":"","_relevanssi_related_exclude_ids":"","_relevanssi_related_no_append":"","_relevanssi_related_not_related":"","_relevanssi_related_posts":"","_relevanssi_noindex_reason":"","footnotes":""},"subject":[],"class_list":["post-1507","page","type-page","status-publish","hentry"],"acf":[],"publishpress_future_action":{"enabled":false,"date":"2026-04-24 11:48:29","action":"change-status","newStatus":"draft","terms":[],"taxonomy":"subject"},"_links":{"self":[{"href":"https:\/\/moderaterna.se\/uppsala\/wp-json\/wp\/v2\/pages\/1507","targetHints":{"allow":["GET"]}}],"collection":[{"href":"https:\/\/moderaterna.se\/uppsala\/wp-json\/wp\/v2\/pages"}],"about":[{"href":"https:\/\/moderaterna.se\/uppsala\/wp-json\/wp\/v2\/types\/page"}],"author":[{"embeddable":true,"href":"https:\/\/moderaterna.se\/uppsala\/wp-json\/wp\/v2\/users\/46"}],"replies":[{"embeddable":true,"href":"https:\/\/moderaterna.se\/uppsala\/wp-json\/wp\/v2\/comments?post=1507"}],"version-history":[{"count":3,"href":"https:\/\/moderaterna.se\/uppsala\/wp-json\/wp\/v2\/pages\/1507\/revisions"}],"predecessor-version":[{"id":1619,"href":"https:\/\/moderaterna.se\/uppsala\/wp-json\/wp\/v2\/pages\/1507\/revisions\/1619"}],"wp:attachment":[{"href":"https:\/\/moderaterna.se\/uppsala\/wp-json\/wp\/v2\/media?parent=1507"}],"wp:term":[{"taxonomy":"subject","embeddable":true,"href":"https:\/\/moderaterna.se\/uppsala\/wp-json\/wp\/v2\/subject?post=1507"}],"curies":[{"name":"wp","href":"https:\/\/api.w.org\/{rel}","templated":true}]}}