{"id":1505,"date":"2022-08-02T14:09:00","date_gmt":"2022-08-02T12:09:00","guid":{"rendered":"https:\/\/moderaterna.se\/uppsala\/?page_id=1505"},"modified":"2022-08-05T15:41:01","modified_gmt":"2022-08-05T13:41:01","slug":"ordning-och-reda-i-ekonomin","status":"publish","type":"page","link":"https:\/\/moderaterna.se\/uppsala\/ordning-och-reda-i-ekonomin\/","title":{"rendered":"Ordning och reda i ekonomin"},"content":{"rendered":"\n<p>En ekonomi som \u00e4r l\u00e5ngsiktigt h\u00e5llbar \u00e4r grunden f\u00f6r att l\u00e4nsinv\u00e5nare ska ges den samh\u00e4llsservice de har r\u00e4tt till. Vi tror inte att st\u00e4ndiga skatteh\u00f6jningar \u00e4r svaret p\u00e5 hur sjukv\u00e5rden ska f\u00f6rb\u00e4ttras. Det har pr\u00f6vats f\u00f6rr utan resultat. Det viktiga \u00e4r i st\u00e4llet att se till att fler kommer i arbete och varje skattekrona anv\u00e4nds p\u00e5 r\u00e4tt s\u00e4tt och g\u00f6r nytta. Ordning och reda i ekonomin \u00e4r en av v\u00e5ra fyra prioriterade omr\u00e5den.<\/p>\n\n\n\n<p><strong>V\u00e5ra f\u00f6rslag i punktform<\/strong><\/p>\n\n\n\n<ul class=\"wp-block-list\"><li>Region Uppsala ska budgetera i enlighet med \u00f6verskottsm\u00e5let minst<\/li><li>tv\u00e5 procent av skatter och generella statsbidrag.<\/li><li>Nettokostnader ska ligga p\u00e5 samma niv\u00e5 som i j\u00e4mf\u00f6rbara regioner<\/li><li>med universitetssjukhus.<\/li><li>Den politiska organisationen ska vara \u00e4ndam\u00e5lsenlig och effektiv.<\/li><li>Minska antalet icke patientn\u00e4ra administrat\u00f6rer.<\/li><li>\u00d6versyn av regionens medlemskap i olika organisationer.<\/li><li>Samhyra och samnyttja lokaler tillsammans med andra akt\u00f6rer med liknande verksamhetsinneh\u00e5ll.<\/li><li>Skatten ska inte h\u00f6jas.<\/li><\/ul>\n\n\n\n<p><strong>L\u00e4s mer om v\u00e5ra fyra prioriterade fr\u00e5gor<\/strong><\/p>\n\n\n\n<p> <li><a href=\"https:\/\/moderaterna.se\/uppsala\/vard-i-tid-med-patienten-i-centrum\/\">V\u00e5rd i tid med patienten i fokus<\/a><\/li><\/p>\n\n\n\n<p><li><a href=\"https:\/\/moderaterna.se\/uppsala\/medarbetare-ska-trivas-och-utvecklas\/\">Medarbetare ska trivas och utvecklas<\/a><\/li><\/p>\n\n\n\n<p><li><a href=\"https:\/\/moderaterna.se\/uppsala\/anvand-digitaliseringens-kraft-for-att-korta-vardkoer\/\">Anv\u00e4nd digitaliseringens kraft f\u00f6r att korta v\u00e5rdk\u00f6er<\/a><\/li><\/p>\n\n\n\n<p><li><a href=\"https:\/\/moderaterna.se\/uppsala\/ordning-och-reda-i-ekonomin\/\">Ordning och reda i ekonomin \u2013 varje skattekrona ska anv\u00e4ndas p\u00e5 r\u00e4tt s\u00e4tt.<\/a><\/li> <\/p>\n","protected":false},"excerpt":{"rendered":"<p>En ekonomi som \u00e4r l\u00e5ngsiktigt h\u00e5llbar \u00e4r grunden f\u00f6r att l\u00e4nsinv\u00e5nare ska ges den samh\u00e4llsservice de har r\u00e4tt till. Vi tror inte att st\u00e4ndiga skatteh\u00f6jningar \u00e4r svaret p\u00e5 hur sjukv\u00e5rden ska f\u00f6rb\u00e4ttras. Det har pr\u00f6vats f\u00f6rr utan resultat. Det viktiga \u00e4r i st\u00e4llet att se till att fler kommer i arbete och varje skattekrona anv\u00e4nds [&hellip;]<\/p>\n","protected":false},"author":46,"featured_media":0,"parent":0,"menu_order":0,"comment_status":"closed","ping_status":"closed","template":"","meta":{"_acf_changed":false,"_relevanssi_hide_post":"","_relevanssi_hide_content":"","_relevanssi_pin_for_all":"","_relevanssi_pin_keywords":"","_relevanssi_unpin_keywords":"","_relevanssi_related_keywords":"","_relevanssi_related_include_ids":"","_relevanssi_related_exclude_ids":"","_relevanssi_related_no_append":"","_relevanssi_related_not_related":"","_relevanssi_related_posts":"","_relevanssi_noindex_reason":"","footnotes":""},"subject":[],"class_list":["post-1505","page","type-page","status-publish","hentry"],"acf":[],"publishpress_future_action":{"enabled":false,"date":"2026-04-26 20:19:26","action":"change-status","newStatus":"draft","terms":[],"taxonomy":"subject"},"_links":{"self":[{"href":"https:\/\/moderaterna.se\/uppsala\/wp-json\/wp\/v2\/pages\/1505","targetHints":{"allow":["GET"]}}],"collection":[{"href":"https:\/\/moderaterna.se\/uppsala\/wp-json\/wp\/v2\/pages"}],"about":[{"href":"https:\/\/moderaterna.se\/uppsala\/wp-json\/wp\/v2\/types\/page"}],"author":[{"embeddable":true,"href":"https:\/\/moderaterna.se\/uppsala\/wp-json\/wp\/v2\/users\/46"}],"replies":[{"embeddable":true,"href":"https:\/\/moderaterna.se\/uppsala\/wp-json\/wp\/v2\/comments?post=1505"}],"version-history":[{"count":4,"href":"https:\/\/moderaterna.se\/uppsala\/wp-json\/wp\/v2\/pages\/1505\/revisions"}],"predecessor-version":[{"id":1638,"href":"https:\/\/moderaterna.se\/uppsala\/wp-json\/wp\/v2\/pages\/1505\/revisions\/1638"}],"wp:attachment":[{"href":"https:\/\/moderaterna.se\/uppsala\/wp-json\/wp\/v2\/media?parent=1505"}],"wp:term":[{"taxonomy":"subject","embeddable":true,"href":"https:\/\/moderaterna.se\/uppsala\/wp-json\/wp\/v2\/subject?post=1505"}],"curies":[{"name":"wp","href":"https:\/\/api.w.org\/{rel}","templated":true}]}}