{"id":1503,"date":"2022-08-02T14:15:47","date_gmt":"2022-08-02T12:15:47","guid":{"rendered":"https:\/\/moderaterna.se\/uppsala\/?page_id=1503"},"modified":"2022-08-05T08:51:11","modified_gmt":"2022-08-05T06:51:11","slug":"anvand-digitaliseringens-kraft-for-att-korta-vardkoer","status":"publish","type":"page","link":"https:\/\/moderaterna.se\/uppsala\/anvand-digitaliseringens-kraft-for-att-korta-vardkoer\/","title":{"rendered":"Anv\u00e4nd digitaliseringens kraft f\u00f6r att korta v\u00e5rdk\u00f6er"},"content":{"rendered":"\n<p>Patienter ska inte beh\u00f6va v\u00e4nta i flera timmar f\u00f6r att f\u00e5 svar fr\u00e5n v\u00e5rdcentralen. Tidbokning och kontakt med v\u00e5rden ska kunna g\u00f6ras enkelt via n\u00e4tet. <\/p>\n\n\n\n<p>Regionen ska lista kvaliteten \u00f6ver v\u00e5rden och var de kortaste v\u00e4ntetiderna till v\u00e5rd finns i hela landet. Du som patient ska \u00e4ga din patientdata och kunna f\u00f6lja hela v\u00e5rdf\u00f6rloppet via n\u00e4tet.  Vi vill ocks\u00e5 att de digitala l\u00e4kartj\u00e4nsterna blir en del i regionens regulj\u00e4ra v\u00e5rdutbud. Man ska kunna ha sin husl\u00e4kare i mobilen. Anv\u00e4nd digitaliseringens kraft f\u00f6r att korta v\u00e5rdk\u00f6er \u00e4r en av v\u00e5ra fyra prioriterade omr\u00e5den.<\/p>\n\n\n\n<p><strong>V\u00e5ra f\u00f6rslag i punktform<\/strong><\/p>\n\n\n\n<ul class=\"wp-block-list\"><li>Region Uppsalas arbetss\u00e4tt och system beh\u00f6ver moderniseras. <\/li><li>Tidsbokning, av- och ombokning ska&nbsp;bli enklare och kunna g\u00f6ras via n\u00e4tet.<\/li><li>V\u00e5rd som kan ges digitalt ska ges digitalt.<\/li><li>Patienten ska kunna f\u00f6lja hela v\u00e5rdf\u00f6rloppet enkelt via n\u00e4tet.<\/li><li>IT-system ska vara medarbetarv\u00e4nliga.<\/li><li>Arbete mot digitalt utanf\u00f6rskap ska tas p\u00e5 allvar.<\/li><\/ul>\n\n\n\n<p><strong>L\u00e4s mer om v\u00e5ra fyra prioriterade fr\u00e5gor: <\/strong><\/p>\n\n\n\n<p><li><a href=\"https:\/\/moderaterna.se\/uppsala\/vard-i-tid-med-patienten-i-centrum\/\">V\u00e5rd i tid med patienten i fokus<\/a><\/li><\/p>\n\n\n\n<p><li><a href=\"https:\/\/moderaterna.se\/uppsala\/medarbetare-ska-trivas-och-utvecklas\/\">Medarbetare ska trivas och utvecklas<\/a><\/li><\/p>\n\n\n\n<p><li><a href=\"https:\/\/moderaterna.se\/uppsala\/anvand-digitaliseringens-kraft-for-att-korta-vardkoer\/\">Anv\u00e4nd digitaliseringens kraft f\u00f6r att korta v\u00e5rdk\u00f6er<\/a><\/li><\/p>\n\n\n\n<p><li><a href=\"https:\/\/moderaterna.se\/uppsala\/ordning-och-reda-i-ekonomin\/\">Ordning och reda i ekonomin \u2013 varje skattekrona ska anv\u00e4ndas p\u00e5 r\u00e4tt s\u00e4tt.<\/a><\/li> <\/p>\n","protected":false},"excerpt":{"rendered":"<p>Patienter ska inte beh\u00f6va v\u00e4nta i flera timmar f\u00f6r att f\u00e5 svar fr\u00e5n v\u00e5rdcentralen. Tidbokning och kontakt med v\u00e5rden ska kunna g\u00f6ras enkelt via n\u00e4tet. Regionen ska lista kvaliteten \u00f6ver v\u00e5rden och var de kortaste v\u00e4ntetiderna till v\u00e5rd finns i hela landet. Du som patient ska \u00e4ga din patientdata och kunna f\u00f6lja hela v\u00e5rdf\u00f6rloppet via [&hellip;]<\/p>\n","protected":false},"author":46,"featured_media":0,"parent":0,"menu_order":0,"comment_status":"closed","ping_status":"closed","template":"","meta":{"_acf_changed":false,"_relevanssi_hide_post":"","_relevanssi_hide_content":"","_relevanssi_pin_for_all":"","_relevanssi_pin_keywords":"","_relevanssi_unpin_keywords":"","_relevanssi_related_keywords":"","_relevanssi_related_include_ids":"","_relevanssi_related_exclude_ids":"","_relevanssi_related_no_append":"","_relevanssi_related_not_related":"","_relevanssi_related_posts":"","_relevanssi_noindex_reason":"","footnotes":""},"subject":[],"class_list":["post-1503","page","type-page","status-publish","hentry"],"acf":[],"publishpress_future_action":{"enabled":false,"date":"2026-04-11 12:44:26","action":"change-status","newStatus":"draft","terms":[],"taxonomy":"subject"},"_links":{"self":[{"href":"https:\/\/moderaterna.se\/uppsala\/wp-json\/wp\/v2\/pages\/1503","targetHints":{"allow":["GET"]}}],"collection":[{"href":"https:\/\/moderaterna.se\/uppsala\/wp-json\/wp\/v2\/pages"}],"about":[{"href":"https:\/\/moderaterna.se\/uppsala\/wp-json\/wp\/v2\/types\/page"}],"author":[{"embeddable":true,"href":"https:\/\/moderaterna.se\/uppsala\/wp-json\/wp\/v2\/users\/46"}],"replies":[{"embeddable":true,"href":"https:\/\/moderaterna.se\/uppsala\/wp-json\/wp\/v2\/comments?post=1503"}],"version-history":[{"count":5,"href":"https:\/\/moderaterna.se\/uppsala\/wp-json\/wp\/v2\/pages\/1503\/revisions"}],"predecessor-version":[{"id":1630,"href":"https:\/\/moderaterna.se\/uppsala\/wp-json\/wp\/v2\/pages\/1503\/revisions\/1630"}],"wp:attachment":[{"href":"https:\/\/moderaterna.se\/uppsala\/wp-json\/wp\/v2\/media?parent=1503"}],"wp:term":[{"taxonomy":"subject","embeddable":true,"href":"https:\/\/moderaterna.se\/uppsala\/wp-json\/wp\/v2\/subject?post=1503"}],"curies":[{"name":"wp","href":"https:\/\/api.w.org\/{rel}","templated":true}]}}