{"id":1501,"date":"2022-08-02T14:17:11","date_gmt":"2022-08-02T12:17:11","guid":{"rendered":"https:\/\/moderaterna.se\/uppsala\/?page_id=1501"},"modified":"2022-08-31T15:07:42","modified_gmt":"2022-08-31T13:07:42","slug":"medarbetare-ska-trivas-och-utvecklas","status":"publish","type":"page","link":"https:\/\/moderaterna.se\/uppsala\/medarbetare-ska-trivas-och-utvecklas\/","title":{"rendered":"Medarbetare ska trivas och utvecklas"},"content":{"rendered":"\n<p><strong>Medarbetarna \u00e4r regionens viktigaste resurs och vi vill att de ska vara motorn i det moderniseringsarbete som regionen beh\u00f6ver genomg\u00e5. <\/strong><\/p>\n\n\n\n<p>Medarbetarna efterfr\u00e5gar en b\u00e4ttre arbetsmilj\u00f6. D\u00e4rf\u00f6r vill vi s\u00e4rskilt f\u00f6rb\u00e4ttra IT-milj\u00f6n och minska allt on\u00f6digt administrativt arbete s\u00e5 att alla med sjukv\u00e5rdsutbildning verkligen kan jobba med patienterna. Den som anstr\u00e4nger sig extra genom att utbilda sig och ta ett s\u00e4rskilt ansvar f\u00f6r att f\u00f6rb\u00e4ttra verksamheterna ska bel\u00f6nas f\u00f6r det. Det ska vara m\u00f6jligt att g\u00f6ra karri\u00e4r och f\u00e5 en bra l\u00f6neutveckling. Medarbetarna ska trivas och utvecklas \u00e4r en av v\u00e5ra fyra  prioriterade omr\u00e5den.<\/p>\n\n\n\n<p><strong>V\u00e5ra f\u00f6rslag i punktform<\/strong><\/p>\n\n\n\n<ul class=\"wp-block-list\"><li>F\u00f6r\u00e4ndringsarbetet som leds av de anst\u00e4llda ska ut\u00f6kas.<\/li><li>Att utbilda sig och ha ut\u00f6kat ansvar ska alltid l\u00f6na sig.<\/li><li>Minska den icke-patientn\u00e4ra administrationen.<\/li><li>Forts\u00e4tta \u00f6ka antalet AT-tj\u00e4nster.<\/li><li><span style=\"color: initial\">G\u00f6ra IT-systemen anv\u00e4ndarv\u00e4nliga.<\/span><\/li><li>H\u00e4lsosamma scheman s\u00e5 att medarbetare f\u00e5r tid till \u00e5terh\u00e4mtning.<\/li><li>Bemanning b\u00f6r utg\u00e5 utifr\u00e5n patienttyngd.<\/li><li>Rotationstj\u00e4nster mellan \u00f6ppenv\u00e5rd och slutenv\u00e5rd f\u00f6r \u00f6kad variation.<\/li><li>Utreda f\u00f6ruts\u00e4ttningarna f\u00f6r att om m\u00f6jligt inf\u00f6ra kombinationsanst\u00e4llningar inom fler omr\u00e5den.<\/li><li>Att en m\u00e5ngfald av v\u00e5rdgivare ska finnas f\u00f6r att ge anst\u00e4llda en chans att v\u00e4lja arbetsgivare.<\/li><li>H\u00f6ja friskv\u00e5rdsbidraget f\u00f6r alla anst\u00e4llda.<\/li><li>Locka fler erfarna seniorer till v\u00e5rden.<\/li><\/ul>\n\n\n\n<p><strong>V\u00e5ra f\u00f6rslag f\u00f6r att \u00f6ka tryggheten f\u00f6r medarbetare<\/strong><\/p>\n\n\n\n<ul class=\"wp-block-list\"><li>Utreda m\u00f6jligheten f\u00f6r att skydda medarbetares identitet vid s\u00e4rskilt<br>utsatta situationer.<\/li><li>Obeh\u00f6riga ska inte ha tilltr\u00e4de till v\u00e5rdomr\u00e5den.<\/li><li>Fr\u00e5gor om v\u00e5ld i n\u00e4ra relationer och hedersrelaterad brottslighet ska<br>vara en naturlig del vid medarbetarsamtal med v\u00e5ra medarbetare.<\/li><li>Region Uppsala ska uppr\u00e4tta en egen kvalitetsnorm i arbetet mot v\u00e5ld i<br>n\u00e4ra relationer och hedersrelaterat v\u00e5ld och f\u00f6rtryck.<\/li><\/ul>\n\n\n\n<p><strong>L\u00e4s mer om v\u00e5ra fyra prioriterade fr\u00e5gor<\/strong><\/p>\n\n\n\n<p> <li><a href=\"https:\/\/moderaterna.se\/uppsala\/vard-i-tid-med-patienten-i-centrum\/\">V\u00e5rd i tid med patienten i fokus<\/a><\/li><\/p>\n\n\n\n<p><li><a href=\"https:\/\/moderaterna.se\/uppsala\/medarbetare-ska-trivas-och-utvecklas\/\">Medarbetare ska trivas och utvecklas<\/a><\/li><\/p>\n\n\n\n<p><li><a href=\"https:\/\/moderaterna.se\/uppsala\/anvand-digitaliseringens-kraft-for-att-korta-vardkoer\/\">Anv\u00e4nd digitaliseringens kraft f\u00f6r att korta v\u00e5rdk\u00f6er<\/a><\/li><\/p>\n\n\n\n<p><li><a href=\"https:\/\/moderaterna.se\/uppsala\/ordning-och-reda-i-ekonomin\/\">Ordning och reda i ekonomin \u2013 varje skattekrona ska anv\u00e4ndas p\u00e5 r\u00e4tt s\u00e4tt.<\/a><\/li> <\/p>\n","protected":false},"excerpt":{"rendered":"<p>Medarbetarna \u00e4r regionens viktigaste resurs och vi vill att de ska vara motorn i det moderniseringsarbete som regionen beh\u00f6ver genomg\u00e5. Medarbetarna efterfr\u00e5gar en b\u00e4ttre arbetsmilj\u00f6. D\u00e4rf\u00f6r vill vi s\u00e4rskilt f\u00f6rb\u00e4ttra IT-milj\u00f6n och minska allt on\u00f6digt administrativt arbete s\u00e5 att alla med sjukv\u00e5rdsutbildning verkligen kan jobba med patienterna. Den som anstr\u00e4nger sig extra genom att utbilda [&hellip;]<\/p>\n","protected":false},"author":46,"featured_media":0,"parent":0,"menu_order":0,"comment_status":"closed","ping_status":"closed","template":"","meta":{"_acf_changed":false,"_relevanssi_hide_post":"","_relevanssi_hide_content":"","_relevanssi_pin_for_all":"","_relevanssi_pin_keywords":"","_relevanssi_unpin_keywords":"","_relevanssi_related_keywords":"","_relevanssi_related_include_ids":"","_relevanssi_related_exclude_ids":"","_relevanssi_related_no_append":"","_relevanssi_related_not_related":"","_relevanssi_related_posts":"","_relevanssi_noindex_reason":"","footnotes":""},"subject":[],"class_list":["post-1501","page","type-page","status-publish","hentry"],"acf":[],"publishpress_future_action":{"enabled":false,"date":"2026-04-26 20:20:08","action":"change-status","newStatus":"draft","terms":[],"taxonomy":"subject"},"_links":{"self":[{"href":"https:\/\/moderaterna.se\/uppsala\/wp-json\/wp\/v2\/pages\/1501","targetHints":{"allow":["GET"]}}],"collection":[{"href":"https:\/\/moderaterna.se\/uppsala\/wp-json\/wp\/v2\/pages"}],"about":[{"href":"https:\/\/moderaterna.se\/uppsala\/wp-json\/wp\/v2\/types\/page"}],"author":[{"embeddable":true,"href":"https:\/\/moderaterna.se\/uppsala\/wp-json\/wp\/v2\/users\/46"}],"replies":[{"embeddable":true,"href":"https:\/\/moderaterna.se\/uppsala\/wp-json\/wp\/v2\/comments?post=1501"}],"version-history":[{"count":7,"href":"https:\/\/moderaterna.se\/uppsala\/wp-json\/wp\/v2\/pages\/1501\/revisions"}],"predecessor-version":[{"id":1752,"href":"https:\/\/moderaterna.se\/uppsala\/wp-json\/wp\/v2\/pages\/1501\/revisions\/1752"}],"wp:attachment":[{"href":"https:\/\/moderaterna.se\/uppsala\/wp-json\/wp\/v2\/media?parent=1501"}],"wp:term":[{"taxonomy":"subject","embeddable":true,"href":"https:\/\/moderaterna.se\/uppsala\/wp-json\/wp\/v2\/subject?post=1501"}],"curies":[{"name":"wp","href":"https:\/\/api.w.org\/{rel}","templated":true}]}}