{"id":7880,"date":"2026-03-23T09:30:09","date_gmt":"2026-03-23T08:30:09","guid":{"rendered":"https:\/\/moderaterna.se\/stockholm\/?page_id=7880"},"modified":"2026-03-23T09:30:10","modified_gmt":"2026-03-23T08:30:10","slug":"transparensmeddelande-2","status":"publish","type":"page","link":"https:\/\/moderaterna.se\/stockholm\/transparensmeddelande-2\/","title":{"rendered":"Transparensmeddelande"},"content":{"rendered":"\n<p class=\"has-medium-font-size\"><strong>1. Sponsor av reklamen<\/strong><\/p>\n\n\n\n<p><strong>Namn:&nbsp;<\/strong>Moderaterna i Region Stockholm<\/p>\n\n\n\n<p><strong>Adress:&nbsp;<\/strong>Box 30215<\/p>\n\n\n\n<p><strong>Postnummer, ort:&nbsp;<\/strong>10425 Stockholm<\/p>\n\n\n\n<p><strong>Organisations nr:&nbsp;<\/strong>802400\u20136242<\/p>\n\n\n\n<p><strong>Kontakt<\/strong>:&nbsp;Hannes Holm\u00e9r&nbsp;Kanslichef&nbsp;Moderaterna i Region Stockholm&nbsp;070-276 95 94<\/p>\n\n\n\n<p class=\"has-medium-font-size\"><strong>2. Annonsens syfte och koppling<\/strong><\/p>\n\n\n\n<ul class=\"wp-block-list\">\n<li>Denna reklam \u00e4r en del av\u00a0Moderaterna i Region Stockholm<strong>\u00a0och Moderaterna p\u00e5 Liding\u00f6s officiella kampanj<\/strong>\u00a0inf\u00f6r de allm\u00e4nna valen till kommun, region och riksdag i Sverige den\u00a0<strong>13 september 2026<\/strong>.<\/li>\n\n\n\n<li><strong>Syftet<\/strong>\u00a0med reklamen \u00e4r att informera om v\u00e5r politik och uppmana v\u00e4ljare att r\u00f6sta p\u00e5 Moderaterna.<\/li>\n\n\n\n<li><strong>Officiell information om deltagande i valet<\/strong>\u00a0tillhandah\u00e5lls av\u00a0<a href=\"http:\/\/val.se\/\">Valmyndigheten<\/a>.<\/li>\n<\/ul>\n\n\n\n<p class=\"has-medium-font-size\"><strong>\u00a03. Finansiering av reklamen<\/strong><\/p>\n\n\n\n<ul class=\"wp-block-list\">\n<li>Total budget f\u00f6r hela reklamkampanjen: 30 066 SEK inkl moms.<\/li>\n\n\n\n<li>Metod f\u00f6r ber\u00e4kning av v\u00e4rde: V\u00e4rdet f\u00f6r kampanjen har ber\u00e4knats genom summering av ers\u00e4ttning som utbetalats till tillhandah\u00e5llare av politiska reklamtj\u00e4nster.<\/li>\n\n\n\n<li>K\u00e4lla till medel: Kampanjen finansieras genom offentligt partist\u00f6d.<br><br>*Inga medel fr\u00e5n sponsorer utanf\u00f6r EU har anv\u00e4nts f\u00f6r denna kampanj.*<\/li>\n<\/ul>\n\n\n\n<p class=\"has-medium-font-size\"><strong>4. Publiceringsperiod<\/strong><\/p>\n\n\n\n<p>Denna specifika reklamkampanj p\u00e5 digitala utomhussk\u00e4rmar \u00e4r planerad att p\u00e5g\u00e5 under perioden: 29 mars 2026 \u2013 5 April 2026.<\/p>\n\n\n\n<p class=\"has-medium-font-size\"><strong>6. Klagom\u00e5lsmekanism<\/strong><\/p>\n\n\n\n<p>Om du har klagom\u00e5l g\u00e4llande denna politiska reklamkampanj kan du anv\u00e4nda f\u00f6ljande klagom\u00e5lsmekanism:<\/p>\n\n\n\n<ul class=\"wp-block-list\">\n<li>L\u00e4nk till klagom\u00e5lsmekanism:\u00a0<a href=\"https:\/\/www.bauermediaoutdoor.se\/political-advertising-complaints\">https:\/\/www.bauermediaoutdoor.se\/political-advertising-complaints<\/a><\/li>\n<\/ul>\n\n\n\n<div style=\"height:57px\" aria-hidden=\"true\" class=\"wp-block-spacer\"><\/div>\n","protected":false},"excerpt":{"rendered":"<p>1. Sponsor av reklamen Namn:&nbsp;Moderaterna i Region Stockholm Adress:&nbsp;Box 30215 Postnummer, ort:&nbsp;10425 Stockholm Organisations nr:&nbsp;802400\u20136242 Kontakt:&nbsp;Hannes Holm\u00e9r&nbsp;Kanslichef&nbsp;Moderaterna i Region Stockholm&nbsp;070-276 95 94 2. Annonsens syfte och koppling \u00a03. Finansiering av reklamen 4. Publiceringsperiod Denna specifika reklamkampanj p\u00e5 digitala utomhussk\u00e4rmar \u00e4r planerad att p\u00e5g\u00e5 under perioden: 29 mars 2026 \u2013 5 April 2026. 6. Klagom\u00e5lsmekanism Om [&hellip;]<\/p>\n","protected":false},"author":109,"featured_media":0,"parent":0,"menu_order":0,"comment_status":"closed","ping_status":"closed","template":"","meta":{"_acf_changed":false,"_relevanssi_hide_post":"","_relevanssi_hide_content":"","_relevanssi_pin_for_all":"","_relevanssi_pin_keywords":"","_relevanssi_unpin_keywords":"","_relevanssi_related_keywords":"","_relevanssi_related_include_ids":"","_relevanssi_related_exclude_ids":"","_relevanssi_related_no_append":"","_relevanssi_related_not_related":"","_relevanssi_related_posts":"5716,4206,4112,7196,6932,965","_relevanssi_noindex_reason":"","footnotes":""},"subject":[],"class_list":["post-7880","page","type-page","status-publish","hentry"],"acf":[],"yoast_head":"<!-- This site is optimized with the Yoast SEO Premium plugin v27.1 (Yoast SEO v27.1.1) - https:\/\/yoast.com\/product\/yoast-seo-premium-wordpress\/ -->\n<title>Transparensmeddelande | Moderaterna i Stockholms stad och l\u00e4n<\/title>\n<meta name=\"robots\" content=\"index, follow, max-snippet:-1, max-image-preview:large, max-video-preview:-1\" \/>\n<link rel=\"canonical\" href=\"https:\/\/moderaterna.se\/stockholm\/transparensmeddelande-2\/\" \/>\n<meta property=\"og:locale\" content=\"sv_SE\" \/>\n<meta property=\"og:type\" content=\"article\" \/>\n<meta property=\"og:title\" content=\"Transparensmeddelande\" \/>\n<meta property=\"og:url\" content=\"https:\/\/moderaterna.se\/stockholm\/transparensmeddelande-2\/\" \/>\n<meta property=\"og:site_name\" content=\"Moderaterna i Stockholms stad och l\u00e4n\" \/>\n<meta property=\"article:publisher\" content=\"https:\/\/www.facebook.com\/ModeraternaSthlm\" \/>\n<meta property=\"article:modified_time\" content=\"2026-03-23T08:30:10+00:00\" \/>\n<meta property=\"og:image\" content=\"https:\/\/moderaterna.se\/app\/uploads\/sites\/5\/2022\/01\/DELNINGSBILD_hemsida_fo\u0308rstasida.png\" \/>\n\t<meta property=\"og:image:width\" content=\"1200\" \/>\n\t<meta property=\"og:image:height\" content=\"628\" \/>\n\t<meta property=\"og:image:type\" content=\"image\/png\" \/>\n<meta name=\"twitter:card\" content=\"summary_large_image\" \/>\n<meta name=\"twitter:site\" content=\"@ModeratSthlm\" \/>\n<meta name=\"twitter:label1\" content=\"Ber\u00e4knad l\u00e4stid\" \/>\n\t<meta name=\"twitter:data1\" content=\"1 minut\" \/>\n<script type=\"application\/ld+json\" class=\"yoast-schema-graph\">{\"@context\":\"https:\/\/schema.org\",\"@graph\":[{\"@type\":\"WebPage\",\"@id\":\"https:\/\/moderaterna.se\/stockholm\/transparensmeddelande-2\/\",\"url\":\"https:\/\/moderaterna.se\/stockholm\/transparensmeddelande-2\/\",\"name\":\"Transparensmeddelande | Moderaterna i Stockholms stad och l\u00e4n\",\"isPartOf\":{\"@id\":\"https:\/\/moderaterna.se\/stockholm\/#website\"},\"datePublished\":\"2026-03-23T08:30:09+00:00\",\"dateModified\":\"2026-03-23T08:30:10+00:00\",\"breadcrumb\":{\"@id\":\"https:\/\/moderaterna.se\/stockholm\/transparensmeddelande-2\/#breadcrumb\"},\"inLanguage\":\"sv-SE\",\"potentialAction\":[{\"@type\":\"ReadAction\",\"target\":[\"https:\/\/moderaterna.se\/stockholm\/transparensmeddelande-2\/\"]}]},{\"@type\":\"BreadcrumbList\",\"@id\":\"https:\/\/moderaterna.se\/stockholm\/transparensmeddelande-2\/#breadcrumb\",\"itemListElement\":[{\"@type\":\"ListItem\",\"position\":1,\"name\":\"Hem\",\"item\":\"https:\/\/moderaterna.se\/stockholm\/\"},{\"@type\":\"ListItem\",\"position\":2,\"name\":\"Transparensmeddelande\"}]},{\"@type\":\"WebSite\",\"@id\":\"https:\/\/moderaterna.se\/stockholm\/#website\",\"url\":\"https:\/\/moderaterna.se\/stockholm\/\",\"name\":\"Moderaterna i Stockholms stad och l\u00e4n\",\"description\":\"Nu f\u00e5r vi ordning p\u00e5 Sverige\",\"publisher\":{\"@id\":\"https:\/\/moderaterna.se\/stockholm\/#organization\"},\"potentialAction\":[{\"@type\":\"SearchAction\",\"target\":{\"@type\":\"EntryPoint\",\"urlTemplate\":\"https:\/\/moderaterna.se\/stockholm\/?s={search_term_string}\"},\"query-input\":{\"@type\":\"PropertyValueSpecification\",\"valueRequired\":true,\"valueName\":\"search_term_string\"}}],\"inLanguage\":\"sv-SE\"},{\"@type\":\"Organization\",\"@id\":\"https:\/\/moderaterna.se\/stockholm\/#organization\",\"name\":\"Moderaterna\",\"url\":\"https:\/\/moderaterna.se\/stockholm\/\",\"logo\":{\"@type\":\"ImageObject\",\"inLanguage\":\"sv-SE\",\"@id\":\"https:\/\/moderaterna.se\/stockholm\/#\/schema\/logo\/image\/\",\"url\":\"https:\/\/moderaterna.se\/app\/uploads\/2021\/10\/logo-general@2x.png\",\"contentUrl\":\"https:\/\/moderaterna.se\/app\/uploads\/2021\/10\/logo-general@2x.png\",\"width\":122,\"height\":122,\"caption\":\"Moderaterna\"},\"image\":{\"@id\":\"https:\/\/moderaterna.se\/stockholm\/#\/schema\/logo\/image\/\"},\"sameAs\":[\"https:\/\/www.facebook.com\/ModeraternaSthlm\",\"https:\/\/x.com\/ModeratSthlm\",\"https:\/\/www.instagram.com\/moderatsthlm\/\",\"https:\/\/www.youtube.com\/user\/ModeraternaSthlm\"]}]}<\/script>\n<!-- \/ Yoast SEO Premium plugin. -->","yoast_head_json":{"title":"Transparensmeddelande | Moderaterna i Stockholms stad och l\u00e4n","robots":{"index":"index","follow":"follow","max-snippet":"max-snippet:-1","max-image-preview":"max-image-preview:large","max-video-preview":"max-video-preview:-1"},"canonical":"https:\/\/moderaterna.se\/stockholm\/transparensmeddelande-2\/","og_locale":"sv_SE","og_type":"article","og_title":"Transparensmeddelande","og_url":"https:\/\/moderaterna.se\/stockholm\/transparensmeddelande-2\/","og_site_name":"Moderaterna i Stockholms stad och l\u00e4n","article_publisher":"https:\/\/www.facebook.com\/ModeraternaSthlm","article_modified_time":"2026-03-23T08:30:10+00:00","og_image":[{"width":1200,"height":628,"url":"https:\/\/moderaterna.se\/app\/uploads\/sites\/5\/2022\/01\/DELNINGSBILD_hemsida_fo\u0308rstasida.png","type":"image\/png"}],"twitter_card":"summary_large_image","twitter_site":"@ModeratSthlm","twitter_misc":{"Ber\u00e4knad l\u00e4stid":"1 minut"},"schema":{"@context":"https:\/\/schema.org","@graph":[{"@type":"WebPage","@id":"https:\/\/moderaterna.se\/stockholm\/transparensmeddelande-2\/","url":"https:\/\/moderaterna.se\/stockholm\/transparensmeddelande-2\/","name":"Transparensmeddelande | Moderaterna i Stockholms stad och l\u00e4n","isPartOf":{"@id":"https:\/\/moderaterna.se\/stockholm\/#website"},"datePublished":"2026-03-23T08:30:09+00:00","dateModified":"2026-03-23T08:30:10+00:00","breadcrumb":{"@id":"https:\/\/moderaterna.se\/stockholm\/transparensmeddelande-2\/#breadcrumb"},"inLanguage":"sv-SE","potentialAction":[{"@type":"ReadAction","target":["https:\/\/moderaterna.se\/stockholm\/transparensmeddelande-2\/"]}]},{"@type":"BreadcrumbList","@id":"https:\/\/moderaterna.se\/stockholm\/transparensmeddelande-2\/#breadcrumb","itemListElement":[{"@type":"ListItem","position":1,"name":"Hem","item":"https:\/\/moderaterna.se\/stockholm\/"},{"@type":"ListItem","position":2,"name":"Transparensmeddelande"}]},{"@type":"WebSite","@id":"https:\/\/moderaterna.se\/stockholm\/#website","url":"https:\/\/moderaterna.se\/stockholm\/","name":"Moderaterna i Stockholms stad och l\u00e4n","description":"Nu f\u00e5r vi ordning p\u00e5 Sverige","publisher":{"@id":"https:\/\/moderaterna.se\/stockholm\/#organization"},"potentialAction":[{"@type":"SearchAction","target":{"@type":"EntryPoint","urlTemplate":"https:\/\/moderaterna.se\/stockholm\/?s={search_term_string}"},"query-input":{"@type":"PropertyValueSpecification","valueRequired":true,"valueName":"search_term_string"}}],"inLanguage":"sv-SE"},{"@type":"Organization","@id":"https:\/\/moderaterna.se\/stockholm\/#organization","name":"Moderaterna","url":"https:\/\/moderaterna.se\/stockholm\/","logo":{"@type":"ImageObject","inLanguage":"sv-SE","@id":"https:\/\/moderaterna.se\/stockholm\/#\/schema\/logo\/image\/","url":"https:\/\/moderaterna.se\/app\/uploads\/2021\/10\/logo-general@2x.png","contentUrl":"https:\/\/moderaterna.se\/app\/uploads\/2021\/10\/logo-general@2x.png","width":122,"height":122,"caption":"Moderaterna"},"image":{"@id":"https:\/\/moderaterna.se\/stockholm\/#\/schema\/logo\/image\/"},"sameAs":["https:\/\/www.facebook.com\/ModeraternaSthlm","https:\/\/x.com\/ModeratSthlm","https:\/\/www.instagram.com\/moderatsthlm\/","https:\/\/www.youtube.com\/user\/ModeraternaSthlm"]}]}},"publishpress_future_action":{"enabled":false,"date":"2026-04-30 17:38:51","action":"change-status","newStatus":"draft","terms":[],"taxonomy":"subject"},"_links":{"self":[{"href":"https:\/\/moderaterna.se\/stockholm\/wp-json\/wp\/v2\/pages\/7880","targetHints":{"allow":["GET"]}}],"collection":[{"href":"https:\/\/moderaterna.se\/stockholm\/wp-json\/wp\/v2\/pages"}],"about":[{"href":"https:\/\/moderaterna.se\/stockholm\/wp-json\/wp\/v2\/types\/page"}],"author":[{"embeddable":true,"href":"https:\/\/moderaterna.se\/stockholm\/wp-json\/wp\/v2\/users\/109"}],"replies":[{"embeddable":true,"href":"https:\/\/moderaterna.se\/stockholm\/wp-json\/wp\/v2\/comments?post=7880"}],"version-history":[{"count":1,"href":"https:\/\/moderaterna.se\/stockholm\/wp-json\/wp\/v2\/pages\/7880\/revisions"}],"predecessor-version":[{"id":7881,"href":"https:\/\/moderaterna.se\/stockholm\/wp-json\/wp\/v2\/pages\/7880\/revisions\/7881"}],"wp:attachment":[{"href":"https:\/\/moderaterna.se\/stockholm\/wp-json\/wp\/v2\/media?parent=7880"}],"wp:term":[{"taxonomy":"subject","embeddable":true,"href":"https:\/\/moderaterna.se\/stockholm\/wp-json\/wp\/v2\/subject?post=7880"}],"curies":[{"name":"wp","href":"https:\/\/api.w.org\/{rel}","templated":true}]}}