{"id":677,"date":"2021-12-13T19:36:35","date_gmt":"2021-12-13T18:36:35","guid":{"rendered":"https:\/\/moderaterna.se\/stockholm\/?page_id=677"},"modified":"2026-03-09T13:47:10","modified_gmt":"2026-03-09T12:47:10","slug":"regionkansliet","status":"publish","type":"page","link":"https:\/\/moderaterna.se\/stockholm\/kontakta-oss\/regionkansliet\/","title":{"rendered":"Regionkansliet"},"content":{"rendered":"\n<p><strong>Kristoffer Tamsons<\/strong><br>Oppositionsr\u00e5d &amp; gruppledare <\/p>\n\n\n\n<p><strong>Axel Conradi<\/strong><br>Oppositionsr\u00e5d <\/p>\n\n\n\n<p><strong>Anna Malm Kelfve<\/strong><br>Gruppledare f\u00f6r M i trafikn\u00e4mnden<\/p>\n\n\n\n<p><strong>Charlotte Broberg, <\/strong><br>Heltidsf\u00f6rtroendevald<\/p>\n\n\n\n<p><strong>Hannes Holm\u00e9r<\/strong><br>Kanslichef<br>E-post: <a href=\"mailto:hannes.holmer@regionstockholm.se\">hannes.holmer@regionstockholm.se<\/a>&nbsp;<br>Telefonnummer: 070-2769594.<\/p>\n\n\n\n<p><strong>Fredrik Wevle<\/strong><br>Budgetchef<br>E-post: <a href=\"mailto:fredrik.wevle@regionstockholm.se\">fredrik.wevle@regionstockholm.se<\/a><br>Telefonnummer: 070 737 52 79<\/p>\n\n\n\n<p><strong>Tobias Sj\u00f6<\/strong><br>Samordningschef<br>E-post: <a href=\"mailto:tobias.sjo@regionstockholm.se\">tobias.sjo@regionstockholm.se<\/a><br>Telefonnummer: 070 737 41 19<\/p>\n\n\n\n<p><strong>Erika Falck<\/strong><br>Kontorschef<br>E-post: <a href=\"mailto:erika.falck@regionstockholm.se\">erika.falck@regionstockholm.se<\/a><br>Telefonnummer: 070 737 43 57<\/p>\n\n\n\n<p><strong>Hanna Dalhusen<\/strong><br>Regionr\u00e5dssekreterare<br>E-post: <a href=\"mailto:hanna.dalhusen@regionstockholm.se\">hanna.dalhusen@regionstockholm.se<\/a>&nbsp;&nbsp;&nbsp;&nbsp;&nbsp;&nbsp;&nbsp;&nbsp;&nbsp;&nbsp;<br>Telefonnummer: 070-737 70 21<br><br><strong>Edvin Alam<\/strong><br>Regionr\u00e5dssekreterare<br>E-post: <a href=\"mailto:edvin.alam@regionstockholm.se\">edvin.alam@regionstockholm.se<\/a>&nbsp;&nbsp;&nbsp;&nbsp;&nbsp;&nbsp;&nbsp;&nbsp;&nbsp;&nbsp;&nbsp;&nbsp;&nbsp;&nbsp;&nbsp;&nbsp;&nbsp;&nbsp;&nbsp;&nbsp;<br>Telefonnummer: 070-737 35 61<\/p>\n\n\n\n<p><strong>Emma Falkbacken<\/strong><br>Regionr\u00e5dssekreterare<br>E-post:&nbsp;<a href=\"mailto:emma.falkbacken@regionstockholm.se\">emma.falkbacken@regionstockholm.se<\/a><br>Telefonnummer: 070-264 58 43<\/p>\n\n\n\n<p><strong>Johanna Andersson<\/strong><br>Regionr\u00e5dssekreterare<br>E-post:\u00a0<a href=\"mailto:Johanna.p.andersson@regionstockholm.se\">Johanna.p.andersson@regionstockholm.se<\/a><br>Telefonnummer: 070-239 39 23<br><br><strong>Anton Claesson<\/strong><br>Regionr\u00e5dssekreterare<br>E-post:\u00a0<a href=\"mailto:anton.claesson@regionstockholm.se\">anton.claesson@regionstockholm.se<\/a><br>Telefonnummer: 070-237 97 03<\/p>\n\n\n\n<h2 class=\"wp-block-heading\" id=\"h-kommunikationsavdelningen\">Kommunikationsavdelningen<\/h2>\n\n\n\n<p><strong>Emil Johansson (f\u00f6r\u00e4ldraledig)<br><\/strong>Presschef<br><a href=\"mailto:emil.e.johansson@regionstockholm.se\"><\/a>E-post: <a href=\"mailto:emil.e.johansson@regionstockholm.se\">emil.e.johansson@regionstockholm.se<\/a><br>Telefonnummer: 070-737 76 33<\/p>\n\n\n\n<p><strong>Caroline Hellstr\u00f6m<\/strong><br>Pressekreterare<br>E-post:&nbsp;<a href=\"mailto:caroline.hellstrom@regionstockholm.se\">caroline.hellstrom@regionstockholm.se<\/a>&nbsp;&nbsp;&nbsp;&nbsp;<br>Telefonnummer: 070-246 34 43<\/p>\n\n\n\n<p><strong>Sofia Lundberg S\u00f6derling<\/strong><br>Pressekreterare<br><a href=\"mailto:sofia.lundberg-soderling@regionstockholm.se\">sofia.lundberg-soderling@regionstockholm.se<\/a>&nbsp;&nbsp;&nbsp;&nbsp;&nbsp;&nbsp;&nbsp;&nbsp;&nbsp;&nbsp;&nbsp;<br>Telefonnummer: 070-002 92 47<br><br><strong>Pressjour <\/strong>08-123 437 20<br><\/p>\n","protected":false},"excerpt":{"rendered":"<p>Kristoffer TamsonsOppositionsr\u00e5d &amp; gruppledare Axel ConradiOppositionsr\u00e5d Anna Malm KelfveGruppledare f\u00f6r M i trafikn\u00e4mnden Charlotte Broberg, Heltidsf\u00f6rtroendevald Hannes Holm\u00e9rKanslichefE-post: hannes.holmer@regionstockholm.se&nbsp;Telefonnummer: 070-2769594. Fredrik WevleBudgetchefE-post: fredrik.wevle@regionstockholm.seTelefonnummer: 070 737 52 79 Tobias Sj\u00f6SamordningschefE-post: tobias.sjo@regionstockholm.seTelefonnummer: 070 737 41 19 Erika FalckKontorschefE-post: erika.falck@regionstockholm.seTelefonnummer: 070 737 43 57 Hanna DalhusenRegionr\u00e5dssekreterareE-post: hanna.dalhusen@regionstockholm.se&nbsp;&nbsp;&nbsp;&nbsp;&nbsp;&nbsp;&nbsp;&nbsp;&nbsp;&nbsp;Telefonnummer: 070-737 70 21 Edvin AlamRegionr\u00e5dssekreterareE-post: edvin.alam@regionstockholm.se&nbsp;&nbsp;&nbsp;&nbsp;&nbsp;&nbsp;&nbsp;&nbsp;&nbsp;&nbsp;&nbsp;&nbsp;&nbsp;&nbsp;&nbsp;&nbsp;&nbsp;&nbsp;&nbsp;&nbsp;Telefonnummer: 070-737 35 61 Emma FalkbackenRegionr\u00e5dssekreterareE-post:&nbsp;emma.falkbacken@regionstockholm.seTelefonnummer: [&hellip;]<\/p>\n","protected":false},"author":9,"featured_media":0,"parent":27,"menu_order":0,"comment_status":"closed","ping_status":"closed","template":"","meta":{"_acf_changed":false,"_relevanssi_hide_post":"","_relevanssi_hide_content":"","_relevanssi_pin_for_all":"","_relevanssi_pin_keywords":"","_relevanssi_unpin_keywords":"","_relevanssi_related_keywords":"","_relevanssi_related_include_ids":"","_relevanssi_related_exclude_ids":"","_relevanssi_related_no_append":"","_relevanssi_related_not_related":"","_relevanssi_related_posts":"526","_relevanssi_noindex_reason":"","footnotes":""},"subject":[],"class_list":["post-677","page","type-page","status-publish","hentry"],"acf":[],"yoast_head":"<!-- This site is optimized with the Yoast SEO Premium plugin v27.1 (Yoast SEO v27.1.1) - https:\/\/yoast.com\/product\/yoast-seo-premium-wordpress\/ -->\n<title>Regionkansliet | Moderaterna i Stockholms stad och l\u00e4n<\/title>\n<meta name=\"robots\" content=\"index, follow, max-snippet:-1, max-image-preview:large, max-video-preview:-1\" \/>\n<link rel=\"canonical\" href=\"https:\/\/moderaterna.se\/stockholm\/kontakta-oss\/regionkansliet\/\" \/>\n<meta property=\"og:locale\" content=\"sv_SE\" \/>\n<meta property=\"og:type\" content=\"article\" \/>\n<meta property=\"og:title\" content=\"Regionkansliet\" \/>\n<meta property=\"og:url\" content=\"https:\/\/moderaterna.se\/stockholm\/kontakta-oss\/regionkansliet\/\" \/>\n<meta property=\"og:site_name\" content=\"Moderaterna i Stockholms stad och l\u00e4n\" \/>\n<meta property=\"article:publisher\" content=\"https:\/\/www.facebook.com\/ModeraternaSthlm\" \/>\n<meta property=\"article:modified_time\" content=\"2026-03-09T12:47:10+00:00\" \/>\n<meta property=\"og:image\" content=\"https:\/\/moderaterna.se\/app\/uploads\/sites\/5\/2022\/01\/DELNINGSBILD_hemsida_fo\u0308rstasida.png\" \/>\n\t<meta property=\"og:image:width\" content=\"1200\" \/>\n\t<meta property=\"og:image:height\" content=\"628\" \/>\n\t<meta property=\"og:image:type\" content=\"image\/png\" \/>\n<meta name=\"twitter:card\" content=\"summary_large_image\" \/>\n<meta name=\"twitter:site\" content=\"@ModeratSthlm\" \/>\n<meta name=\"twitter:label1\" content=\"Ber\u00e4knad l\u00e4stid\" \/>\n\t<meta name=\"twitter:data1\" content=\"1 minut\" \/>\n<script type=\"application\/ld+json\" class=\"yoast-schema-graph\">{\"@context\":\"https:\/\/schema.org\",\"@graph\":[{\"@type\":\"WebPage\",\"@id\":\"https:\/\/moderaterna.se\/stockholm\/kontakta-oss\/regionkansliet\/\",\"url\":\"https:\/\/moderaterna.se\/stockholm\/kontakta-oss\/regionkansliet\/\",\"name\":\"Regionkansliet | Moderaterna i Stockholms stad och l\u00e4n\",\"isPartOf\":{\"@id\":\"https:\/\/moderaterna.se\/stockholm\/#website\"},\"datePublished\":\"2021-12-13T18:36:35+00:00\",\"dateModified\":\"2026-03-09T12:47:10+00:00\",\"breadcrumb\":{\"@id\":\"https:\/\/moderaterna.se\/stockholm\/kontakta-oss\/regionkansliet\/#breadcrumb\"},\"inLanguage\":\"sv-SE\",\"potentialAction\":[{\"@type\":\"ReadAction\",\"target\":[\"https:\/\/moderaterna.se\/stockholm\/kontakta-oss\/regionkansliet\/\"]}]},{\"@type\":\"BreadcrumbList\",\"@id\":\"https:\/\/moderaterna.se\/stockholm\/kontakta-oss\/regionkansliet\/#breadcrumb\",\"itemListElement\":[{\"@type\":\"ListItem\",\"position\":1,\"name\":\"Hem\",\"item\":\"https:\/\/moderaterna.se\/stockholm\/\"},{\"@type\":\"ListItem\",\"position\":2,\"name\":\"Kontakta oss\",\"item\":\"https:\/\/moderaterna.se\/stockholm\/kontakta-oss\/\"},{\"@type\":\"ListItem\",\"position\":3,\"name\":\"Regionkansliet\"}]},{\"@type\":\"WebSite\",\"@id\":\"https:\/\/moderaterna.se\/stockholm\/#website\",\"url\":\"https:\/\/moderaterna.se\/stockholm\/\",\"name\":\"Moderaterna i Stockholms stad och l\u00e4n\",\"description\":\"Nu f\u00e5r vi ordning p\u00e5 Sverige\",\"publisher\":{\"@id\":\"https:\/\/moderaterna.se\/stockholm\/#organization\"},\"potentialAction\":[{\"@type\":\"SearchAction\",\"target\":{\"@type\":\"EntryPoint\",\"urlTemplate\":\"https:\/\/moderaterna.se\/stockholm\/?s={search_term_string}\"},\"query-input\":{\"@type\":\"PropertyValueSpecification\",\"valueRequired\":true,\"valueName\":\"search_term_string\"}}],\"inLanguage\":\"sv-SE\"},{\"@type\":\"Organization\",\"@id\":\"https:\/\/moderaterna.se\/stockholm\/#organization\",\"name\":\"Moderaterna\",\"url\":\"https:\/\/moderaterna.se\/stockholm\/\",\"logo\":{\"@type\":\"ImageObject\",\"inLanguage\":\"sv-SE\",\"@id\":\"https:\/\/moderaterna.se\/stockholm\/#\/schema\/logo\/image\/\",\"url\":\"https:\/\/moderaterna.se\/app\/uploads\/2021\/10\/logo-general@2x.png\",\"contentUrl\":\"https:\/\/moderaterna.se\/app\/uploads\/2021\/10\/logo-general@2x.png\",\"width\":122,\"height\":122,\"caption\":\"Moderaterna\"},\"image\":{\"@id\":\"https:\/\/moderaterna.se\/stockholm\/#\/schema\/logo\/image\/\"},\"sameAs\":[\"https:\/\/www.facebook.com\/ModeraternaSthlm\",\"https:\/\/x.com\/ModeratSthlm\",\"https:\/\/www.instagram.com\/moderatsthlm\/\",\"https:\/\/www.youtube.com\/user\/ModeraternaSthlm\"]}]}<\/script>\n<!-- \/ Yoast SEO Premium plugin. -->","yoast_head_json":{"title":"Regionkansliet | Moderaterna i Stockholms stad och l\u00e4n","robots":{"index":"index","follow":"follow","max-snippet":"max-snippet:-1","max-image-preview":"max-image-preview:large","max-video-preview":"max-video-preview:-1"},"canonical":"https:\/\/moderaterna.se\/stockholm\/kontakta-oss\/regionkansliet\/","og_locale":"sv_SE","og_type":"article","og_title":"Regionkansliet","og_url":"https:\/\/moderaterna.se\/stockholm\/kontakta-oss\/regionkansliet\/","og_site_name":"Moderaterna i Stockholms stad och l\u00e4n","article_publisher":"https:\/\/www.facebook.com\/ModeraternaSthlm","article_modified_time":"2026-03-09T12:47:10+00:00","og_image":[{"width":1200,"height":628,"url":"https:\/\/moderaterna.se\/app\/uploads\/sites\/5\/2022\/01\/DELNINGSBILD_hemsida_fo\u0308rstasida.png","type":"image\/png"}],"twitter_card":"summary_large_image","twitter_site":"@ModeratSthlm","twitter_misc":{"Ber\u00e4knad l\u00e4stid":"1 minut"},"schema":{"@context":"https:\/\/schema.org","@graph":[{"@type":"WebPage","@id":"https:\/\/moderaterna.se\/stockholm\/kontakta-oss\/regionkansliet\/","url":"https:\/\/moderaterna.se\/stockholm\/kontakta-oss\/regionkansliet\/","name":"Regionkansliet | Moderaterna i Stockholms stad och l\u00e4n","isPartOf":{"@id":"https:\/\/moderaterna.se\/stockholm\/#website"},"datePublished":"2021-12-13T18:36:35+00:00","dateModified":"2026-03-09T12:47:10+00:00","breadcrumb":{"@id":"https:\/\/moderaterna.se\/stockholm\/kontakta-oss\/regionkansliet\/#breadcrumb"},"inLanguage":"sv-SE","potentialAction":[{"@type":"ReadAction","target":["https:\/\/moderaterna.se\/stockholm\/kontakta-oss\/regionkansliet\/"]}]},{"@type":"BreadcrumbList","@id":"https:\/\/moderaterna.se\/stockholm\/kontakta-oss\/regionkansliet\/#breadcrumb","itemListElement":[{"@type":"ListItem","position":1,"name":"Hem","item":"https:\/\/moderaterna.se\/stockholm\/"},{"@type":"ListItem","position":2,"name":"Kontakta oss","item":"https:\/\/moderaterna.se\/stockholm\/kontakta-oss\/"},{"@type":"ListItem","position":3,"name":"Regionkansliet"}]},{"@type":"WebSite","@id":"https:\/\/moderaterna.se\/stockholm\/#website","url":"https:\/\/moderaterna.se\/stockholm\/","name":"Moderaterna i Stockholms stad och l\u00e4n","description":"Nu f\u00e5r vi ordning p\u00e5 Sverige","publisher":{"@id":"https:\/\/moderaterna.se\/stockholm\/#organization"},"potentialAction":[{"@type":"SearchAction","target":{"@type":"EntryPoint","urlTemplate":"https:\/\/moderaterna.se\/stockholm\/?s={search_term_string}"},"query-input":{"@type":"PropertyValueSpecification","valueRequired":true,"valueName":"search_term_string"}}],"inLanguage":"sv-SE"},{"@type":"Organization","@id":"https:\/\/moderaterna.se\/stockholm\/#organization","name":"Moderaterna","url":"https:\/\/moderaterna.se\/stockholm\/","logo":{"@type":"ImageObject","inLanguage":"sv-SE","@id":"https:\/\/moderaterna.se\/stockholm\/#\/schema\/logo\/image\/","url":"https:\/\/moderaterna.se\/app\/uploads\/2021\/10\/logo-general@2x.png","contentUrl":"https:\/\/moderaterna.se\/app\/uploads\/2021\/10\/logo-general@2x.png","width":122,"height":122,"caption":"Moderaterna"},"image":{"@id":"https:\/\/moderaterna.se\/stockholm\/#\/schema\/logo\/image\/"},"sameAs":["https:\/\/www.facebook.com\/ModeraternaSthlm","https:\/\/x.com\/ModeratSthlm","https:\/\/www.instagram.com\/moderatsthlm\/","https:\/\/www.youtube.com\/user\/ModeraternaSthlm"]}]}},"publishpress_future_action":{"enabled":false,"date":"2026-04-11 14:22:54","action":"change-status","newStatus":"draft","terms":[],"taxonomy":"subject"},"_links":{"self":[{"href":"https:\/\/moderaterna.se\/stockholm\/wp-json\/wp\/v2\/pages\/677","targetHints":{"allow":["GET"]}}],"collection":[{"href":"https:\/\/moderaterna.se\/stockholm\/wp-json\/wp\/v2\/pages"}],"about":[{"href":"https:\/\/moderaterna.se\/stockholm\/wp-json\/wp\/v2\/types\/page"}],"author":[{"embeddable":true,"href":"https:\/\/moderaterna.se\/stockholm\/wp-json\/wp\/v2\/users\/9"}],"replies":[{"embeddable":true,"href":"https:\/\/moderaterna.se\/stockholm\/wp-json\/wp\/v2\/comments?post=677"}],"version-history":[{"count":44,"href":"https:\/\/moderaterna.se\/stockholm\/wp-json\/wp\/v2\/pages\/677\/revisions"}],"predecessor-version":[{"id":7813,"href":"https:\/\/moderaterna.se\/stockholm\/wp-json\/wp\/v2\/pages\/677\/revisions\/7813"}],"up":[{"embeddable":true,"href":"https:\/\/moderaterna.se\/stockholm\/wp-json\/wp\/v2\/pages\/27"}],"wp:attachment":[{"href":"https:\/\/moderaterna.se\/stockholm\/wp-json\/wp\/v2\/media?parent=677"}],"wp:term":[{"taxonomy":"subject","embeddable":true,"href":"https:\/\/moderaterna.se\/stockholm\/wp-json\/wp\/v2\/subject?post=677"}],"curies":[{"name":"wp","href":"https:\/\/api.w.org\/{rel}","templated":true}]}}