{"id":6441,"date":"2025-05-19T15:18:29","date_gmt":"2025-05-19T13:18:29","guid":{"rendered":"https:\/\/moderaterna.se\/stockholm\/?page_id=6441"},"modified":"2025-05-21T11:04:19","modified_gmt":"2025-05-21T09:04:19","slug":"sjukast-forst","status":"publish","type":"page","link":"https:\/\/moderaterna.se\/stockholm\/sjukast-forst\/","title":{"rendered":"Sjukast f\u00f6rst"},"content":{"rendered":"\n<p><\/p>\n\n\n\n<p><strong>Sjukast f\u00f6rst<\/strong><br>Socialdemokraterna har med precision lagt ner fungerande v\u00e5rd i Stockholm f\u00f6r m\u00e4nniskor som beh\u00f6ver den mest. Politiska experiment genomf\u00f6rs med ambulanssjukv\u00e5rden, 1177, SOS Alarm och de stora akutsjukhusen. V\u00e5rdplatserna har blivit f\u00e4rre och v\u00e4ntetiderna har blivit l\u00e4ngre.<\/p>\n\n\n\n<p>Bakom varje siffra i sjukv\u00e5rdsstatistiken g\u00f6mmer sig en patient. En m\u00e4nniska med v\u00e5rdbehov som det offentliga trots sitt lagstadgade \u00e5tagande, inte har kunnat tillgodose.<\/p>\n\n\n\n<div style=\"height:22px\" aria-hidden=\"true\" class=\"wp-block-spacer\"><\/div>\n\n\n\n<p><strong>R\u00e4dda \u00e4tst\u00f6rningsv\u00e5rden<\/strong><br>I vissa fall \u00e4r v\u00e5rdk\u00f6erna extra bekl\u00e4mmande. Ett i raden av uppm\u00e4rksammade exempel r\u00f6r den kritiserade nedl\u00e4ggningen av Stockholms \u00e4tst\u00f6rningsv\u00e5rd. D\u00e4r Socialdemokraterna st\u00e4ngt fungerande v\u00e5rd utan att s\u00e4kerst\u00e4lla v\u00e4lfungerande alternativ f\u00f6r patienterna.<\/p>\n\n\n\n<p>Det g\u00f6r att sv\u00e5rt sjuka patienter nu st\u00e5r helt utan professionell v\u00e5rd . Med detta menar Moderaterna att ett orov\u00e4ckande trendbrott har skapats i Stockholmsv\u00e5rden. Det \u00e4r inte l\u00e4ngre sjukast som f\u00e5r hj\u00e4lp f\u00f6rst.<\/p>\n\n\n\n<p>Orsakerna till \u00e4tst\u00f6rningar \u00e4r komplexa, och \u00e4r inte alltid enkla att identifiera. M\u00e5nga kan v\u00e4nta upp till 15 \u00e5r innan de s\u00f6ker professionell hj\u00e4lp, vilket inneb\u00e4r att sjukdomen f\u00e5r tid att f\u00f6rdjupa sig och orsaka omfattande skador. Dessutom \u00e4r det vanligt med samsjuklighet i form av depression, \u00e5ngest och sj\u00e4lvskadebeteende. Tidiga insatser \u00e4r d\u00e4rf\u00f6r avg\u00f6rande f\u00f6r att minska de fysiska och psykiska skadorna av \u00e4tst\u00f6rningar. D\u00e4rf\u00f6r m\u00e5ste all tillg\u00e4nglig v\u00e5rd med olika behandlingsmetoder anv\u00e4ndas f\u00f6r att kapa k\u00f6er och s\u00e4kerst\u00e4lla att patienter med \u00e4tst\u00f6rningar f\u00e5r v\u00e5rd i tid och under den tid som kr\u00e4vs.<\/p>\n\n\n\n<p>Vi v\u00e4grar att tumma p\u00e5 v\u00e5rden f\u00f6r de allra sjukaste. V\u00e5rden m\u00e5ste fungera n\u00e4r m\u00e4nniskor beh\u00f6ver den.<\/p>\n\n\n\n<div style=\"height:35px\" aria-hidden=\"true\" class=\"wp-block-spacer\"><\/div>\n","protected":false},"excerpt":{"rendered":"<p>Sjukast f\u00f6rstSocialdemokraterna har med precision lagt ner fungerande v\u00e5rd i Stockholm f\u00f6r m\u00e4nniskor som beh\u00f6ver den mest. Politiska experiment genomf\u00f6rs med ambulanssjukv\u00e5rden, 1177, SOS Alarm och de stora akutsjukhusen. V\u00e5rdplatserna har blivit f\u00e4rre och v\u00e4ntetiderna har blivit l\u00e4ngre. Bakom varje siffra i sjukv\u00e5rdsstatistiken g\u00f6mmer sig en patient. En m\u00e4nniska med v\u00e5rdbehov som det offentliga trots [&hellip;]<\/p>\n","protected":false},"author":55,"featured_media":0,"parent":0,"menu_order":0,"comment_status":"closed","ping_status":"closed","template":"","meta":{"_acf_changed":false,"_relevanssi_hide_post":"","_relevanssi_hide_content":"","_relevanssi_pin_for_all":"","_relevanssi_pin_keywords":"","_relevanssi_unpin_keywords":"","_relevanssi_related_keywords":"","_relevanssi_related_include_ids":"","_relevanssi_related_exclude_ids":"","_relevanssi_related_no_append":"","_relevanssi_related_not_related":"","_relevanssi_related_posts":"975,4558,6143,5300,1865,2153","_relevanssi_noindex_reason":"","footnotes":""},"subject":[],"class_list":["post-6441","page","type-page","status-publish","hentry"],"acf":[],"yoast_head":"<!-- This site is optimized with the Yoast SEO Premium plugin v27.1 (Yoast SEO v27.1.1) - https:\/\/yoast.com\/product\/yoast-seo-premium-wordpress\/ -->\n<title>Sjukast f\u00f6rst | Moderaterna i Stockholms stad och l\u00e4n<\/title>\n<meta name=\"robots\" content=\"index, follow, max-snippet:-1, max-image-preview:large, max-video-preview:-1\" \/>\n<link rel=\"canonical\" href=\"https:\/\/moderaterna.se\/stockholm\/sjukast-forst\/\" \/>\n<meta property=\"og:locale\" content=\"sv_SE\" \/>\n<meta property=\"og:type\" content=\"article\" \/>\n<meta property=\"og:title\" content=\"Sjukast f\u00f6rst\" \/>\n<meta property=\"og:url\" content=\"https:\/\/moderaterna.se\/stockholm\/sjukast-forst\/\" \/>\n<meta property=\"og:site_name\" content=\"Moderaterna i Stockholms stad och l\u00e4n\" \/>\n<meta property=\"article:publisher\" content=\"https:\/\/www.facebook.com\/ModeraternaSthlm\" \/>\n<meta property=\"article:modified_time\" content=\"2025-05-21T09:04:19+00:00\" \/>\n<meta property=\"og:image\" content=\"https:\/\/moderaterna.se\/app\/uploads\/sites\/5\/2022\/01\/DELNINGSBILD_hemsida_fo\u0308rstasida.png\" \/>\n\t<meta property=\"og:image:width\" content=\"1200\" \/>\n\t<meta property=\"og:image:height\" content=\"628\" \/>\n\t<meta property=\"og:image:type\" content=\"image\/png\" \/>\n<meta name=\"twitter:card\" content=\"summary_large_image\" \/>\n<meta name=\"twitter:site\" content=\"@ModeratSthlm\" \/>\n<meta name=\"twitter:label1\" content=\"Ber\u00e4knad l\u00e4stid\" \/>\n\t<meta name=\"twitter:data1\" content=\"2 minuter\" \/>\n<script type=\"application\/ld+json\" class=\"yoast-schema-graph\">{\"@context\":\"https:\/\/schema.org\",\"@graph\":[{\"@type\":\"WebPage\",\"@id\":\"https:\/\/moderaterna.se\/stockholm\/sjukast-forst\/\",\"url\":\"https:\/\/moderaterna.se\/stockholm\/sjukast-forst\/\",\"name\":\"Sjukast f\u00f6rst | Moderaterna i Stockholms stad och l\u00e4n\",\"isPartOf\":{\"@id\":\"https:\/\/moderaterna.se\/stockholm\/#website\"},\"datePublished\":\"2025-05-19T13:18:29+00:00\",\"dateModified\":\"2025-05-21T09:04:19+00:00\",\"breadcrumb\":{\"@id\":\"https:\/\/moderaterna.se\/stockholm\/sjukast-forst\/#breadcrumb\"},\"inLanguage\":\"sv-SE\",\"potentialAction\":[{\"@type\":\"ReadAction\",\"target\":[\"https:\/\/moderaterna.se\/stockholm\/sjukast-forst\/\"]}]},{\"@type\":\"BreadcrumbList\",\"@id\":\"https:\/\/moderaterna.se\/stockholm\/sjukast-forst\/#breadcrumb\",\"itemListElement\":[{\"@type\":\"ListItem\",\"position\":1,\"name\":\"Hem\",\"item\":\"https:\/\/moderaterna.se\/stockholm\/\"},{\"@type\":\"ListItem\",\"position\":2,\"name\":\"Sjukast f\u00f6rst\"}]},{\"@type\":\"WebSite\",\"@id\":\"https:\/\/moderaterna.se\/stockholm\/#website\",\"url\":\"https:\/\/moderaterna.se\/stockholm\/\",\"name\":\"Moderaterna i Stockholms stad och l\u00e4n\",\"description\":\"Nu f\u00e5r vi ordning p\u00e5 Sverige\",\"publisher\":{\"@id\":\"https:\/\/moderaterna.se\/stockholm\/#organization\"},\"potentialAction\":[{\"@type\":\"SearchAction\",\"target\":{\"@type\":\"EntryPoint\",\"urlTemplate\":\"https:\/\/moderaterna.se\/stockholm\/?s={search_term_string}\"},\"query-input\":{\"@type\":\"PropertyValueSpecification\",\"valueRequired\":true,\"valueName\":\"search_term_string\"}}],\"inLanguage\":\"sv-SE\"},{\"@type\":\"Organization\",\"@id\":\"https:\/\/moderaterna.se\/stockholm\/#organization\",\"name\":\"Moderaterna\",\"url\":\"https:\/\/moderaterna.se\/stockholm\/\",\"logo\":{\"@type\":\"ImageObject\",\"inLanguage\":\"sv-SE\",\"@id\":\"https:\/\/moderaterna.se\/stockholm\/#\/schema\/logo\/image\/\",\"url\":\"https:\/\/moderaterna.se\/app\/uploads\/2021\/10\/logo-general@2x.png\",\"contentUrl\":\"https:\/\/moderaterna.se\/app\/uploads\/2021\/10\/logo-general@2x.png\",\"width\":122,\"height\":122,\"caption\":\"Moderaterna\"},\"image\":{\"@id\":\"https:\/\/moderaterna.se\/stockholm\/#\/schema\/logo\/image\/\"},\"sameAs\":[\"https:\/\/www.facebook.com\/ModeraternaSthlm\",\"https:\/\/x.com\/ModeratSthlm\",\"https:\/\/www.instagram.com\/moderatsthlm\/\",\"https:\/\/www.youtube.com\/user\/ModeraternaSthlm\"]}]}<\/script>\n<!-- \/ Yoast SEO Premium plugin. -->","yoast_head_json":{"title":"Sjukast f\u00f6rst | Moderaterna i Stockholms stad och l\u00e4n","robots":{"index":"index","follow":"follow","max-snippet":"max-snippet:-1","max-image-preview":"max-image-preview:large","max-video-preview":"max-video-preview:-1"},"canonical":"https:\/\/moderaterna.se\/stockholm\/sjukast-forst\/","og_locale":"sv_SE","og_type":"article","og_title":"Sjukast f\u00f6rst","og_url":"https:\/\/moderaterna.se\/stockholm\/sjukast-forst\/","og_site_name":"Moderaterna i Stockholms stad och l\u00e4n","article_publisher":"https:\/\/www.facebook.com\/ModeraternaSthlm","article_modified_time":"2025-05-21T09:04:19+00:00","og_image":[{"width":1200,"height":628,"url":"https:\/\/moderaterna.se\/app\/uploads\/sites\/5\/2022\/01\/DELNINGSBILD_hemsida_fo\u0308rstasida.png","type":"image\/png"}],"twitter_card":"summary_large_image","twitter_site":"@ModeratSthlm","twitter_misc":{"Ber\u00e4knad l\u00e4stid":"2 minuter"},"schema":{"@context":"https:\/\/schema.org","@graph":[{"@type":"WebPage","@id":"https:\/\/moderaterna.se\/stockholm\/sjukast-forst\/","url":"https:\/\/moderaterna.se\/stockholm\/sjukast-forst\/","name":"Sjukast f\u00f6rst | Moderaterna i Stockholms stad och l\u00e4n","isPartOf":{"@id":"https:\/\/moderaterna.se\/stockholm\/#website"},"datePublished":"2025-05-19T13:18:29+00:00","dateModified":"2025-05-21T09:04:19+00:00","breadcrumb":{"@id":"https:\/\/moderaterna.se\/stockholm\/sjukast-forst\/#breadcrumb"},"inLanguage":"sv-SE","potentialAction":[{"@type":"ReadAction","target":["https:\/\/moderaterna.se\/stockholm\/sjukast-forst\/"]}]},{"@type":"BreadcrumbList","@id":"https:\/\/moderaterna.se\/stockholm\/sjukast-forst\/#breadcrumb","itemListElement":[{"@type":"ListItem","position":1,"name":"Hem","item":"https:\/\/moderaterna.se\/stockholm\/"},{"@type":"ListItem","position":2,"name":"Sjukast f\u00f6rst"}]},{"@type":"WebSite","@id":"https:\/\/moderaterna.se\/stockholm\/#website","url":"https:\/\/moderaterna.se\/stockholm\/","name":"Moderaterna i Stockholms stad och l\u00e4n","description":"Nu f\u00e5r vi ordning p\u00e5 Sverige","publisher":{"@id":"https:\/\/moderaterna.se\/stockholm\/#organization"},"potentialAction":[{"@type":"SearchAction","target":{"@type":"EntryPoint","urlTemplate":"https:\/\/moderaterna.se\/stockholm\/?s={search_term_string}"},"query-input":{"@type":"PropertyValueSpecification","valueRequired":true,"valueName":"search_term_string"}}],"inLanguage":"sv-SE"},{"@type":"Organization","@id":"https:\/\/moderaterna.se\/stockholm\/#organization","name":"Moderaterna","url":"https:\/\/moderaterna.se\/stockholm\/","logo":{"@type":"ImageObject","inLanguage":"sv-SE","@id":"https:\/\/moderaterna.se\/stockholm\/#\/schema\/logo\/image\/","url":"https:\/\/moderaterna.se\/app\/uploads\/2021\/10\/logo-general@2x.png","contentUrl":"https:\/\/moderaterna.se\/app\/uploads\/2021\/10\/logo-general@2x.png","width":122,"height":122,"caption":"Moderaterna"},"image":{"@id":"https:\/\/moderaterna.se\/stockholm\/#\/schema\/logo\/image\/"},"sameAs":["https:\/\/www.facebook.com\/ModeraternaSthlm","https:\/\/x.com\/ModeratSthlm","https:\/\/www.instagram.com\/moderatsthlm\/","https:\/\/www.youtube.com\/user\/ModeraternaSthlm"]}]}},"publishpress_future_action":{"enabled":false,"date":"2026-04-20 16:52:38","action":"change-status","newStatus":"draft","terms":[],"taxonomy":"subject"},"_links":{"self":[{"href":"https:\/\/moderaterna.se\/stockholm\/wp-json\/wp\/v2\/pages\/6441","targetHints":{"allow":["GET"]}}],"collection":[{"href":"https:\/\/moderaterna.se\/stockholm\/wp-json\/wp\/v2\/pages"}],"about":[{"href":"https:\/\/moderaterna.se\/stockholm\/wp-json\/wp\/v2\/types\/page"}],"author":[{"embeddable":true,"href":"https:\/\/moderaterna.se\/stockholm\/wp-json\/wp\/v2\/users\/55"}],"replies":[{"embeddable":true,"href":"https:\/\/moderaterna.se\/stockholm\/wp-json\/wp\/v2\/comments?post=6441"}],"version-history":[{"count":6,"href":"https:\/\/moderaterna.se\/stockholm\/wp-json\/wp\/v2\/pages\/6441\/revisions"}],"predecessor-version":[{"id":6510,"href":"https:\/\/moderaterna.se\/stockholm\/wp-json\/wp\/v2\/pages\/6441\/revisions\/6510"}],"wp:attachment":[{"href":"https:\/\/moderaterna.se\/stockholm\/wp-json\/wp\/v2\/media?parent=6441"}],"wp:term":[{"taxonomy":"subject","embeddable":true,"href":"https:\/\/moderaterna.se\/stockholm\/wp-json\/wp\/v2\/subject?post=6441"}],"curies":[{"name":"wp","href":"https:\/\/api.w.org\/{rel}","templated":true}]}}