{"id":6433,"date":"2025-05-19T15:29:38","date_gmt":"2025-05-19T13:29:38","guid":{"rendered":"https:\/\/moderaterna.se\/stockholm\/?page_id=6433"},"modified":"2025-05-21T10:44:34","modified_gmt":"2025-05-21T08:44:34","slug":"alla-ska-ha-ratt-att-valja-sin-lakare","status":"publish","type":"page","link":"https:\/\/moderaterna.se\/stockholm\/alla-ska-ha-ratt-att-valja-sin-lakare\/","title":{"rendered":"Alla ska ha r\u00e4tt att v\u00e4lja sin l\u00e4kare"},"content":{"rendered":"\n<p><\/p>\n\n\n\n<p><strong>Idag v\u00e4ljer du v\u00e5rdcentral &#8211; inte l\u00e4kare<\/strong><\/p>\n\n\n\n<p>Vi vill inf\u00f6ra lagstadgad r\u00e4tt f\u00f6r dig att kunna v\u00e4lja din personliga l\u00e4kare, framf\u00f6r dagens v\u00e5rdcentraler d\u00e4r l\u00e4kare snabbt byts ut. Ett medvetet val av sm\u00e5skaliga l\u00e4karmottagningar f\u00f6r alla dem som inte trivs med storskaliga v\u00e5rdcentraler. S\u00e5 vill vi skapa en familjen\u00e4ra v\u00e5rd d\u00e4r patienter och l\u00e4kare l\u00e4r k\u00e4nna varandra och hela familjens h\u00e4lsa \u00f6ver tid.<\/p>\n\n\n\n<p>Att ha sin personliga, fasta l\u00e4karkontakt, g\u00f6r ocks\u00e5 att de enskilda l\u00e4karna som idag jobbar p\u00e5 stora anonyma v\u00e5rdcentraler ges st\u00f6rre m\u00f6jligheter att bedriva en effektiv v\u00e5rd och p\u00e5verka sin egen arbetssituation. Mindre tid g\u00e5r \u00e5t till att l\u00e4ra k\u00e4nna sin patient. Erfarenheter fr\u00e5n andra l\u00e4nder visar att relationerna mellan l\u00e4kare och patienter st\u00e4rks, v\u00e5rden f\u00f6rb\u00e4ttras och l\u00e4karna faktiskt hinner med fler bes\u00f6k.<\/p>\n\n\n\n<p>En ny tids l\u00e4karmottagningar b\u00f6r allts\u00e5 i h\u00f6gre utstr\u00e4ckning \u00e4n idag drivas av l\u00e4karna sj\u00e4lva. Det \u00f6kar ocks\u00e5 sannolikheten att fler erfarna l\u00e4kare stannar i och utvecklar den vardagsn\u00e4ra v\u00e5rden, vilket i sin tur gynnar medborgarnas r\u00e4tt att f\u00e5 v\u00e5rd i tid.<\/p>\n\n\n\n<p><strong>Redan verklighet i Danmark<\/strong><br>De danska motsvarigheterna till v\u00e5ra&nbsp;husl\u00e4kare \u00e4ger en stor sj\u00e4lvst\u00e4ndighet i hur de bedriver sitt dagliga arbete och de minsta enheterna kan best\u00e5 av s\u00e5 lite som en l\u00e4kare med st\u00f6d av en sjuksk\u00f6terska. Ett system som k\u00e4nns r\u00e4tt l\u00e5ngt borta ifr\u00e5n v\u00e5ra allt st\u00f6rre v\u00e5rdcentraler, med inbillade stordriftsf\u00f6rdelar och centraldirigerad rapporteringsbyr\u00e5krati, stora v\u00e5rdbolag och regionkolosser.<\/p>\n\n\n\n<p>Det \u00e4r n\u00e5got Sverige kan inspireras av f\u00f6r att f\u00f6rb\u00e4ttra v\u00e5r egen v\u00e5rdstruktur och minska v\u00e5rdk\u00f6erna. Den lokala mottagningen, d\u00e4r l\u00e4kare och sjuksk\u00f6terskor k\u00e4nner sina patienter, \u00e4r inte bara ett idealscenario utan ett kvitto p\u00e5 att v\u00e5rden kan fungera b\u00e4ttre-<\/p>\n\n\n\n<p>N\u00e4r en och samma l\u00e4kare kan f\u00f6lja hela familjens h\u00e4lsa \u00f6ver en l\u00e4ngre tidsperiod skapas en kontinuitet som g\u00f6r v\u00e5rden b\u00e4ttre. F\u00f6r alla. F\u00f6r patienterna, medarbetarna och skattebetalarna.&nbsp;<\/p>\n\n\n\n<p>Vi menar att det vore en ny tids familjel\u00e4karreform som Stockholmsregionen beh\u00f6ver.<\/p>\n\n\n\n<div style=\"height:35px\" aria-hidden=\"true\" class=\"wp-block-spacer\"><\/div>\n","protected":false},"excerpt":{"rendered":"<p>Idag v\u00e4ljer du v\u00e5rdcentral &#8211; inte l\u00e4kare Vi vill inf\u00f6ra lagstadgad r\u00e4tt f\u00f6r dig att kunna v\u00e4lja din personliga l\u00e4kare, framf\u00f6r dagens v\u00e5rdcentraler d\u00e4r l\u00e4kare snabbt byts ut. Ett medvetet val av sm\u00e5skaliga l\u00e4karmottagningar f\u00f6r alla dem som inte trivs med storskaliga v\u00e5rdcentraler. S\u00e5 vill vi skapa en familjen\u00e4ra v\u00e5rd d\u00e4r patienter och l\u00e4kare l\u00e4r [&hellip;]<\/p>\n","protected":false},"author":55,"featured_media":0,"parent":0,"menu_order":0,"comment_status":"closed","ping_status":"closed","template":"","meta":{"_acf_changed":false,"_relevanssi_hide_post":"","_relevanssi_hide_content":"","_relevanssi_pin_for_all":"","_relevanssi_pin_keywords":"","_relevanssi_unpin_keywords":"","_relevanssi_related_keywords":"","_relevanssi_related_include_ids":"","_relevanssi_related_exclude_ids":"","_relevanssi_related_no_append":"","_relevanssi_related_not_related":"","_relevanssi_related_posts":"4558,2163,1906,1865,5969,1884","_relevanssi_noindex_reason":"","footnotes":""},"subject":[],"class_list":["post-6433","page","type-page","status-publish","hentry"],"acf":[],"yoast_head":"<!-- This site is optimized with the Yoast SEO Premium plugin v27.1 (Yoast SEO v27.1.1) - https:\/\/yoast.com\/product\/yoast-seo-premium-wordpress\/ -->\n<title>Alla ska ha r\u00e4tt att v\u00e4lja sin l\u00e4kare | Moderaterna i Stockholms stad och l\u00e4n<\/title>\n<meta name=\"description\" content=\"En ny tids svensk l\u00e4karmottagning\" \/>\n<meta name=\"robots\" content=\"index, follow, max-snippet:-1, max-image-preview:large, max-video-preview:-1\" \/>\n<link rel=\"canonical\" href=\"https:\/\/moderaterna.se\/stockholm\/alla-ska-ha-ratt-att-valja-sin-lakare\/\" \/>\n<meta property=\"og:locale\" content=\"sv_SE\" \/>\n<meta property=\"og:type\" content=\"article\" \/>\n<meta property=\"og:title\" content=\"Alla ska ha r\u00e4tt att v\u00e4lja sin l\u00e4kare\" \/>\n<meta property=\"og:description\" content=\"En ny tids svensk l\u00e4karmottagning\" \/>\n<meta property=\"og:url\" content=\"https:\/\/moderaterna.se\/stockholm\/alla-ska-ha-ratt-att-valja-sin-lakare\/\" \/>\n<meta property=\"og:site_name\" content=\"Moderaterna i Stockholms stad och l\u00e4n\" \/>\n<meta property=\"article:publisher\" content=\"https:\/\/www.facebook.com\/ModeraternaSthlm\" \/>\n<meta property=\"article:modified_time\" content=\"2025-05-21T08:44:34+00:00\" \/>\n<meta property=\"og:image\" content=\"https:\/\/moderaterna.se\/app\/uploads\/sites\/5\/2022\/01\/DELNINGSBILD_hemsida_fo\u0308rstasida.png\" \/>\n\t<meta property=\"og:image:width\" content=\"1200\" \/>\n\t<meta property=\"og:image:height\" content=\"628\" \/>\n\t<meta property=\"og:image:type\" content=\"image\/png\" \/>\n<meta name=\"twitter:card\" content=\"summary_large_image\" \/>\n<meta name=\"twitter:site\" content=\"@ModeratSthlm\" \/>\n<meta name=\"twitter:label1\" content=\"Ber\u00e4knad l\u00e4stid\" \/>\n\t<meta name=\"twitter:data1\" content=\"2 minuter\" \/>\n<script type=\"application\/ld+json\" class=\"yoast-schema-graph\">{\"@context\":\"https:\/\/schema.org\",\"@graph\":[{\"@type\":\"WebPage\",\"@id\":\"https:\/\/moderaterna.se\/stockholm\/alla-ska-ha-ratt-att-valja-sin-lakare\/\",\"url\":\"https:\/\/moderaterna.se\/stockholm\/alla-ska-ha-ratt-att-valja-sin-lakare\/\",\"name\":\"Alla ska ha r\u00e4tt att v\u00e4lja sin l\u00e4kare | Moderaterna i Stockholms stad och l\u00e4n\",\"isPartOf\":{\"@id\":\"https:\/\/moderaterna.se\/stockholm\/#website\"},\"datePublished\":\"2025-05-19T13:29:38+00:00\",\"dateModified\":\"2025-05-21T08:44:34+00:00\",\"description\":\"En ny tids svensk l\u00e4karmottagning\",\"breadcrumb\":{\"@id\":\"https:\/\/moderaterna.se\/stockholm\/alla-ska-ha-ratt-att-valja-sin-lakare\/#breadcrumb\"},\"inLanguage\":\"sv-SE\",\"potentialAction\":[{\"@type\":\"ReadAction\",\"target\":[\"https:\/\/moderaterna.se\/stockholm\/alla-ska-ha-ratt-att-valja-sin-lakare\/\"]}]},{\"@type\":\"BreadcrumbList\",\"@id\":\"https:\/\/moderaterna.se\/stockholm\/alla-ska-ha-ratt-att-valja-sin-lakare\/#breadcrumb\",\"itemListElement\":[{\"@type\":\"ListItem\",\"position\":1,\"name\":\"Hem\",\"item\":\"https:\/\/moderaterna.se\/stockholm\/\"},{\"@type\":\"ListItem\",\"position\":2,\"name\":\"Alla ska ha r\u00e4tt att v\u00e4lja sin l\u00e4kare\"}]},{\"@type\":\"WebSite\",\"@id\":\"https:\/\/moderaterna.se\/stockholm\/#website\",\"url\":\"https:\/\/moderaterna.se\/stockholm\/\",\"name\":\"Moderaterna i Stockholms stad och l\u00e4n\",\"description\":\"Nu f\u00e5r vi ordning p\u00e5 Sverige\",\"publisher\":{\"@id\":\"https:\/\/moderaterna.se\/stockholm\/#organization\"},\"potentialAction\":[{\"@type\":\"SearchAction\",\"target\":{\"@type\":\"EntryPoint\",\"urlTemplate\":\"https:\/\/moderaterna.se\/stockholm\/?s={search_term_string}\"},\"query-input\":{\"@type\":\"PropertyValueSpecification\",\"valueRequired\":true,\"valueName\":\"search_term_string\"}}],\"inLanguage\":\"sv-SE\"},{\"@type\":\"Organization\",\"@id\":\"https:\/\/moderaterna.se\/stockholm\/#organization\",\"name\":\"Moderaterna\",\"url\":\"https:\/\/moderaterna.se\/stockholm\/\",\"logo\":{\"@type\":\"ImageObject\",\"inLanguage\":\"sv-SE\",\"@id\":\"https:\/\/moderaterna.se\/stockholm\/#\/schema\/logo\/image\/\",\"url\":\"https:\/\/moderaterna.se\/app\/uploads\/2021\/10\/logo-general@2x.png\",\"contentUrl\":\"https:\/\/moderaterna.se\/app\/uploads\/2021\/10\/logo-general@2x.png\",\"width\":122,\"height\":122,\"caption\":\"Moderaterna\"},\"image\":{\"@id\":\"https:\/\/moderaterna.se\/stockholm\/#\/schema\/logo\/image\/\"},\"sameAs\":[\"https:\/\/www.facebook.com\/ModeraternaSthlm\",\"https:\/\/x.com\/ModeratSthlm\",\"https:\/\/www.instagram.com\/moderatsthlm\/\",\"https:\/\/www.youtube.com\/user\/ModeraternaSthlm\"]}]}<\/script>\n<!-- \/ Yoast SEO Premium plugin. -->","yoast_head_json":{"title":"Alla ska ha r\u00e4tt att v\u00e4lja sin l\u00e4kare | Moderaterna i Stockholms stad och l\u00e4n","description":"En ny tids svensk l\u00e4karmottagning","robots":{"index":"index","follow":"follow","max-snippet":"max-snippet:-1","max-image-preview":"max-image-preview:large","max-video-preview":"max-video-preview:-1"},"canonical":"https:\/\/moderaterna.se\/stockholm\/alla-ska-ha-ratt-att-valja-sin-lakare\/","og_locale":"sv_SE","og_type":"article","og_title":"Alla ska ha r\u00e4tt att v\u00e4lja sin l\u00e4kare","og_description":"En ny tids svensk l\u00e4karmottagning","og_url":"https:\/\/moderaterna.se\/stockholm\/alla-ska-ha-ratt-att-valja-sin-lakare\/","og_site_name":"Moderaterna i Stockholms stad och l\u00e4n","article_publisher":"https:\/\/www.facebook.com\/ModeraternaSthlm","article_modified_time":"2025-05-21T08:44:34+00:00","og_image":[{"width":1200,"height":628,"url":"https:\/\/moderaterna.se\/app\/uploads\/sites\/5\/2022\/01\/DELNINGSBILD_hemsida_fo\u0308rstasida.png","type":"image\/png"}],"twitter_card":"summary_large_image","twitter_site":"@ModeratSthlm","twitter_misc":{"Ber\u00e4knad l\u00e4stid":"2 minuter"},"schema":{"@context":"https:\/\/schema.org","@graph":[{"@type":"WebPage","@id":"https:\/\/moderaterna.se\/stockholm\/alla-ska-ha-ratt-att-valja-sin-lakare\/","url":"https:\/\/moderaterna.se\/stockholm\/alla-ska-ha-ratt-att-valja-sin-lakare\/","name":"Alla ska ha r\u00e4tt att v\u00e4lja sin l\u00e4kare | Moderaterna i Stockholms stad och l\u00e4n","isPartOf":{"@id":"https:\/\/moderaterna.se\/stockholm\/#website"},"datePublished":"2025-05-19T13:29:38+00:00","dateModified":"2025-05-21T08:44:34+00:00","description":"En ny tids svensk l\u00e4karmottagning","breadcrumb":{"@id":"https:\/\/moderaterna.se\/stockholm\/alla-ska-ha-ratt-att-valja-sin-lakare\/#breadcrumb"},"inLanguage":"sv-SE","potentialAction":[{"@type":"ReadAction","target":["https:\/\/moderaterna.se\/stockholm\/alla-ska-ha-ratt-att-valja-sin-lakare\/"]}]},{"@type":"BreadcrumbList","@id":"https:\/\/moderaterna.se\/stockholm\/alla-ska-ha-ratt-att-valja-sin-lakare\/#breadcrumb","itemListElement":[{"@type":"ListItem","position":1,"name":"Hem","item":"https:\/\/moderaterna.se\/stockholm\/"},{"@type":"ListItem","position":2,"name":"Alla ska ha r\u00e4tt att v\u00e4lja sin l\u00e4kare"}]},{"@type":"WebSite","@id":"https:\/\/moderaterna.se\/stockholm\/#website","url":"https:\/\/moderaterna.se\/stockholm\/","name":"Moderaterna i Stockholms stad och l\u00e4n","description":"Nu f\u00e5r vi ordning p\u00e5 Sverige","publisher":{"@id":"https:\/\/moderaterna.se\/stockholm\/#organization"},"potentialAction":[{"@type":"SearchAction","target":{"@type":"EntryPoint","urlTemplate":"https:\/\/moderaterna.se\/stockholm\/?s={search_term_string}"},"query-input":{"@type":"PropertyValueSpecification","valueRequired":true,"valueName":"search_term_string"}}],"inLanguage":"sv-SE"},{"@type":"Organization","@id":"https:\/\/moderaterna.se\/stockholm\/#organization","name":"Moderaterna","url":"https:\/\/moderaterna.se\/stockholm\/","logo":{"@type":"ImageObject","inLanguage":"sv-SE","@id":"https:\/\/moderaterna.se\/stockholm\/#\/schema\/logo\/image\/","url":"https:\/\/moderaterna.se\/app\/uploads\/2021\/10\/logo-general@2x.png","contentUrl":"https:\/\/moderaterna.se\/app\/uploads\/2021\/10\/logo-general@2x.png","width":122,"height":122,"caption":"Moderaterna"},"image":{"@id":"https:\/\/moderaterna.se\/stockholm\/#\/schema\/logo\/image\/"},"sameAs":["https:\/\/www.facebook.com\/ModeraternaSthlm","https:\/\/x.com\/ModeratSthlm","https:\/\/www.instagram.com\/moderatsthlm\/","https:\/\/www.youtube.com\/user\/ModeraternaSthlm"]}]}},"publishpress_future_action":{"enabled":false,"date":"2026-04-30 10:51:48","action":"change-status","newStatus":"draft","terms":[],"taxonomy":"subject"},"_links":{"self":[{"href":"https:\/\/moderaterna.se\/stockholm\/wp-json\/wp\/v2\/pages\/6433","targetHints":{"allow":["GET"]}}],"collection":[{"href":"https:\/\/moderaterna.se\/stockholm\/wp-json\/wp\/v2\/pages"}],"about":[{"href":"https:\/\/moderaterna.se\/stockholm\/wp-json\/wp\/v2\/types\/page"}],"author":[{"embeddable":true,"href":"https:\/\/moderaterna.se\/stockholm\/wp-json\/wp\/v2\/users\/55"}],"replies":[{"embeddable":true,"href":"https:\/\/moderaterna.se\/stockholm\/wp-json\/wp\/v2\/comments?post=6433"}],"version-history":[{"count":13,"href":"https:\/\/moderaterna.se\/stockholm\/wp-json\/wp\/v2\/pages\/6433\/revisions"}],"predecessor-version":[{"id":6496,"href":"https:\/\/moderaterna.se\/stockholm\/wp-json\/wp\/v2\/pages\/6433\/revisions\/6496"}],"wp:attachment":[{"href":"https:\/\/moderaterna.se\/stockholm\/wp-json\/wp\/v2\/media?parent=6433"}],"wp:term":[{"taxonomy":"subject","embeddable":true,"href":"https:\/\/moderaterna.se\/stockholm\/wp-json\/wp\/v2\/subject?post=6433"}],"curies":[{"name":"wp","href":"https:\/\/api.w.org\/{rel}","templated":true}]}}