{"id":6356,"date":"2025-05-16T13:50:45","date_gmt":"2025-05-16T11:50:45","guid":{"rendered":"https:\/\/moderaterna.se\/stockholm\/?page_id=6356"},"modified":"2025-05-16T15:24:05","modified_gmt":"2025-05-16T13:24:05","slug":"socialdemokraterna-sager-en-sak-nationellt-men-i-stockholm-gor-de-en-annan","status":"publish","type":"page","link":"https:\/\/moderaterna.se\/stockholm\/socialdemokraterna-sager-en-sak-nationellt-men-i-stockholm-gor-de-en-annan\/","title":{"rendered":"Socialdemokraterna s\u00e4ger en sak nationellt men g\u00f6r motsatsen i Stockholm"},"content":{"rendered":"\n<p><strong>Facit av tv\u00e5 \u00e5rs S-styre<\/strong>&nbsp;<br>Socialdemokraterna s\u00e4ger en sak nationellt, men i Stockholm g\u00f6r de en annan. Efter tv\u00e5 \u00e5r av S-styre har stockholmarna f\u00e5tt se facit: chockh\u00f6jd kommun- och regionskatt, en vansk\u00f6tt kollektivtrafik, en tillv\u00e4xt som stannat av, ett krogliv som kv\u00e4vts av byr\u00e5krati och h\u00e5rdare regler, samt en trygghet som urholkats n\u00e4r S-styret sparkat 120 av 180 ordningsvakter.&nbsp;<\/p>\n\n\n\n<p>Vi menar att Socialdemokraterna b\u00f6r vara \u00e4rliga med sin politik och antingen g\u00f6ra det man s\u00e4ger, eller sluta s\u00e4ga det man inte g\u00f6r. Stockholm f\u00f6rtj\u00e4nar b\u00e4ttre. Moderaterna st\u00e5r f\u00f6r en annan v\u00e4g.&nbsp;<\/p>\n\n\n\n<p>Vi vill se ett tryggt, fritt och levande Stockholm d\u00e4r m\u00e4nniskor kan trivas ett helt liv, d\u00e4r f\u00f6retagare inte drunknar i byr\u00e5krati, d\u00e4r kollektivtrafiken fungerar och d\u00e4r stockholmarna f\u00e5r beh\u00e5lla mer pengar i pl\u00e5nboken varje m\u00e5nad.&nbsp;&nbsp;<\/p>\n\n\n\n<p><strong>N\u00e5gra exempel:&nbsp;&nbsp;<\/strong><\/p>\n\n\n\n<p><strong>Andersson s\u00e4ger:<\/strong>&nbsp;<a href=\"https:\/\/www.socialdemokraterna.se\/download\/18.3f90c56a17cdfa72a6732cf\/1636121973059\/Riktlinjer%2010.11%20Vi%20bygger%20landet%20starkt%20och%20ha%CC%8Allbart%20%E2%80%93%20full%20sysselsa%CC%88ttning%20version%202.pdf\" target=\"_blank\" rel=\"noreferrer noopener\">Det ska vara ordning och reda i finanserna!<\/a>&nbsp;<br>\u2026men i Stockholm har Socialdemokraterna \u00f6kat stadens skulder med&nbsp;<a href=\"https:\/\/moderaterna.se\/stockholm\/nyhet\/rapportslapp-en-halvtidsgranskning-av-vansterstyret-i-stockholms-stad-och-region-stockholm\/\" target=\"_blank\" rel=\"noreferrer noopener\">1 miljon i timmen<\/a>.&nbsp;<\/p>\n\n\n\n<p><strong>Andersson s\u00e4ger:<\/strong>\u00a0<a href=\"https:\/\/www.socialdemokraterna.se\/nyheter\/nyheter\/2023-08-23-s-foreslar-en-rattvis-skattesankning-for-vanligt-folk\">En r\u00e4ttvis skattes\u00e4nkning f\u00f6r vanligt folk!<\/a><br>\u2026men S-styret g\u00f6r tre\u00a0<a href=\"https:\/\/www.tn.se\/ekonomi\/39256\/stockholm-hojer-skatten-nasta-ar\/\" target=\"_blank\" rel=\"noreferrer noopener\">skatteh\u00f6jningar<\/a>\u00a0p\u00e5 tv\u00e5 \u00e5r i Stockholms stad och i Region Stockholm, som sl\u00e5r h\u00e5rdast mot m\u00e4nniskor med l\u00e5g inkomst och pension\u00e4rer, till den h\u00f6gsta skatten i Stockholm sedan 1998.\u00a0<\/p>\n\n\n\n<p><strong>Andersson s\u00e4ger:&nbsp;<\/strong><a href=\"https:\/\/www.dn.se\/sverige\/magdalena-andersson-jag-vill-att-sverige-ska-bli-mer-som-sverige\/\" target=\"_blank\" rel=\"noreferrer noopener\">Sverige ska bli mer som Sverige<\/a>!&nbsp;<br>\u2026men i Stockholm har Socialdemokraterna inf\u00f6rt&nbsp;<a href=\"https:\/\/www.mitti.se\/nyheter\/m-rasar-mot-kvinnosim-i-husby-6.3.201710.e9d2b6f2b2\" target=\"_blank\" rel=\"noreferrer noopener\">k\u00f6nsseparerade badtider<\/a>.&nbsp;<\/p>\n\n\n\n<p><strong>Andersson s\u00e4ger:<\/strong>&nbsp;<a href=\"https:\/\/www.socialdemokraterna.se\/var-politik\/a-till-o\/lag-och-ordning\" target=\"_blank\" rel=\"noreferrer noopener\">\u00c5teruppr\u00e4tta tryggheten<\/a>!&nbsp;<br>\u2026men i Stockholm har Socialdemokraterna sparkat 2 av 3 ordningsvakter, mitt under v\u00e5ldsv\u00e5gen, n\u00e4r&nbsp;<a href=\"https:\/\/www.mitti.se\/nyheter\/polisen-slar-larm-for-fa-ordningsvakter-pa-gatorna-6.3.274646.3d81b6d398\" target=\"_blank\" rel=\"noreferrer noopener\">de beh\u00f6vs som mest<\/a>.&nbsp;<\/p>\n\n\n\n<p><\/p>\n\n\n<div class=\"wp-block-image\">\n<figure class=\"aligncenter size-large is-resized\"><img loading=\"lazy\" decoding=\"async\" width=\"683\" height=\"1024\" src=\"https:\/\/moderaterna.se\/app\/uploads\/sites\/5\/2025\/05\/MicrosoftTeams-image-6-683x1024.jpg\" alt=\"\" class=\"wp-image-6349\" style=\"width:470px;height:auto\" srcset=\"https:\/\/moderaterna.se\/app\/uploads\/sites\/5\/2025\/05\/MicrosoftTeams-image-6-683x1024.jpg 683w, https:\/\/moderaterna.se\/app\/uploads\/sites\/5\/2025\/05\/MicrosoftTeams-image-6-200x300.jpg 200w, https:\/\/moderaterna.se\/app\/uploads\/sites\/5\/2025\/05\/MicrosoftTeams-image-6-768x1152.jpg 768w, https:\/\/moderaterna.se\/app\/uploads\/sites\/5\/2025\/05\/MicrosoftTeams-image-6-1024x1536.jpg 1024w, https:\/\/moderaterna.se\/app\/uploads\/sites\/5\/2025\/05\/MicrosoftTeams-image-6-1366x2048.jpg 1366w, https:\/\/moderaterna.se\/app\/uploads\/sites\/5\/2025\/05\/MicrosoftTeams-image-6.jpg 1667w\" sizes=\"auto, (max-width: 683px) 100vw, 683px\" \/><figcaption class=\"wp-element-caption\">Christofer Fjellner \u00e4r Moderaternas oppositionsledare i Stockholms stad sedan 2022. Han \u00e4r ledamot i partistyrelsen och har tidigare varit EU-parlamentariker.<\/figcaption><\/figure>\n<\/div>","protected":false},"excerpt":{"rendered":"<p>Facit av tv\u00e5 \u00e5rs S-styre&nbsp;Socialdemokraterna s\u00e4ger en sak nationellt, men i Stockholm g\u00f6r de en annan. Efter tv\u00e5 \u00e5r av S-styre har stockholmarna f\u00e5tt se facit: chockh\u00f6jd kommun- och regionskatt, en vansk\u00f6tt kollektivtrafik, en tillv\u00e4xt som stannat av, ett krogliv som kv\u00e4vts av byr\u00e5krati och h\u00e5rdare regler, samt en trygghet som urholkats n\u00e4r S-styret sparkat [&hellip;]<\/p>\n","protected":false},"author":55,"featured_media":6349,"parent":0,"menu_order":0,"comment_status":"closed","ping_status":"closed","template":"","meta":{"_acf_changed":false,"_relevanssi_hide_post":"","_relevanssi_hide_content":"","_relevanssi_pin_for_all":"","_relevanssi_pin_keywords":"","_relevanssi_unpin_keywords":"","_relevanssi_related_keywords":"","_relevanssi_related_include_ids":"","_relevanssi_related_exclude_ids":"","_relevanssi_related_no_append":"","_relevanssi_related_not_related":"","_relevanssi_related_posts":"4558,3734,5356,5611,5352,5829","_relevanssi_noindex_reason":"","footnotes":""},"subject":[],"class_list":["post-6356","page","type-page","status-publish","has-post-thumbnail","hentry"],"acf":[],"yoast_head":"<!-- This site is optimized with the Yoast SEO Premium plugin v27.1 (Yoast SEO v27.1.1) - https:\/\/yoast.com\/product\/yoast-seo-premium-wordpress\/ -->\n<title>Socialdemokraterna s\u00e4ger en sak nationellt men g\u00f6r motsatsen i Stockholm | Moderaterna i Stockholms stad och l\u00e4n<\/title>\n<meta name=\"robots\" content=\"index, follow, max-snippet:-1, max-image-preview:large, max-video-preview:-1\" \/>\n<link rel=\"canonical\" href=\"https:\/\/moderaterna.se\/stockholm\/socialdemokraterna-sager-en-sak-nationellt-men-i-stockholm-gor-de-en-annan\/\" \/>\n<meta property=\"og:locale\" content=\"sv_SE\" \/>\n<meta property=\"og:type\" content=\"article\" \/>\n<meta property=\"og:title\" content=\"Socialdemokraterna s\u00e4ger en sak nationellt men g\u00f6r motsatsen i Stockholm\" \/>\n<meta property=\"og:url\" content=\"https:\/\/moderaterna.se\/stockholm\/socialdemokraterna-sager-en-sak-nationellt-men-i-stockholm-gor-de-en-annan\/\" \/>\n<meta property=\"og:site_name\" content=\"Moderaterna i Stockholms stad och l\u00e4n\" \/>\n<meta property=\"article:publisher\" content=\"https:\/\/www.facebook.com\/ModeraternaSthlm\" \/>\n<meta property=\"article:modified_time\" content=\"2025-05-16T13:24:05+00:00\" \/>\n<meta property=\"og:image\" content=\"https:\/\/moderaterna.se\/app\/uploads\/sites\/5\/2025\/05\/MicrosoftTeams-image-6.jpg\" \/>\n\t<meta property=\"og:image:width\" content=\"1667\" \/>\n\t<meta property=\"og:image:height\" content=\"2500\" \/>\n\t<meta property=\"og:image:type\" content=\"image\/jpeg\" \/>\n<meta name=\"twitter:card\" content=\"summary_large_image\" \/>\n<meta name=\"twitter:site\" content=\"@ModeratSthlm\" \/>\n<meta name=\"twitter:label1\" content=\"Ber\u00e4knad l\u00e4stid\" \/>\n\t<meta name=\"twitter:data1\" content=\"2 minuter\" \/>\n<script type=\"application\/ld+json\" class=\"yoast-schema-graph\">{\"@context\":\"https:\/\/schema.org\",\"@graph\":[{\"@type\":\"WebPage\",\"@id\":\"https:\/\/moderaterna.se\/stockholm\/socialdemokraterna-sager-en-sak-nationellt-men-i-stockholm-gor-de-en-annan\/\",\"url\":\"https:\/\/moderaterna.se\/stockholm\/socialdemokraterna-sager-en-sak-nationellt-men-i-stockholm-gor-de-en-annan\/\",\"name\":\"Socialdemokraterna s\u00e4ger en sak nationellt men g\u00f6r motsatsen i Stockholm | Moderaterna i Stockholms stad och l\u00e4n\",\"isPartOf\":{\"@id\":\"https:\/\/moderaterna.se\/stockholm\/#website\"},\"primaryImageOfPage\":{\"@id\":\"https:\/\/moderaterna.se\/stockholm\/socialdemokraterna-sager-en-sak-nationellt-men-i-stockholm-gor-de-en-annan\/#primaryimage\"},\"image\":{\"@id\":\"https:\/\/moderaterna.se\/stockholm\/socialdemokraterna-sager-en-sak-nationellt-men-i-stockholm-gor-de-en-annan\/#primaryimage\"},\"thumbnailUrl\":\"https:\/\/moderaterna.se\/app\/uploads\/sites\/5\/2025\/05\/MicrosoftTeams-image-6.jpg\",\"datePublished\":\"2025-05-16T11:50:45+00:00\",\"dateModified\":\"2025-05-16T13:24:05+00:00\",\"breadcrumb\":{\"@id\":\"https:\/\/moderaterna.se\/stockholm\/socialdemokraterna-sager-en-sak-nationellt-men-i-stockholm-gor-de-en-annan\/#breadcrumb\"},\"inLanguage\":\"sv-SE\",\"potentialAction\":[{\"@type\":\"ReadAction\",\"target\":[\"https:\/\/moderaterna.se\/stockholm\/socialdemokraterna-sager-en-sak-nationellt-men-i-stockholm-gor-de-en-annan\/\"]}]},{\"@type\":\"ImageObject\",\"inLanguage\":\"sv-SE\",\"@id\":\"https:\/\/moderaterna.se\/stockholm\/socialdemokraterna-sager-en-sak-nationellt-men-i-stockholm-gor-de-en-annan\/#primaryimage\",\"url\":\"https:\/\/moderaterna.se\/app\/uploads\/sites\/5\/2025\/05\/MicrosoftTeams-image-6.jpg\",\"contentUrl\":\"https:\/\/moderaterna.se\/app\/uploads\/sites\/5\/2025\/05\/MicrosoftTeams-image-6.jpg\",\"width\":1667,\"height\":2500},{\"@type\":\"BreadcrumbList\",\"@id\":\"https:\/\/moderaterna.se\/stockholm\/socialdemokraterna-sager-en-sak-nationellt-men-i-stockholm-gor-de-en-annan\/#breadcrumb\",\"itemListElement\":[{\"@type\":\"ListItem\",\"position\":1,\"name\":\"Hem\",\"item\":\"https:\/\/moderaterna.se\/stockholm\/\"},{\"@type\":\"ListItem\",\"position\":2,\"name\":\"Socialdemokraterna s\u00e4ger en sak nationellt men g\u00f6r motsatsen i Stockholm\"}]},{\"@type\":\"WebSite\",\"@id\":\"https:\/\/moderaterna.se\/stockholm\/#website\",\"url\":\"https:\/\/moderaterna.se\/stockholm\/\",\"name\":\"Moderaterna i Stockholms stad och l\u00e4n\",\"description\":\"Nu f\u00e5r vi ordning p\u00e5 Sverige\",\"publisher\":{\"@id\":\"https:\/\/moderaterna.se\/stockholm\/#organization\"},\"potentialAction\":[{\"@type\":\"SearchAction\",\"target\":{\"@type\":\"EntryPoint\",\"urlTemplate\":\"https:\/\/moderaterna.se\/stockholm\/?s={search_term_string}\"},\"query-input\":{\"@type\":\"PropertyValueSpecification\",\"valueRequired\":true,\"valueName\":\"search_term_string\"}}],\"inLanguage\":\"sv-SE\"},{\"@type\":\"Organization\",\"@id\":\"https:\/\/moderaterna.se\/stockholm\/#organization\",\"name\":\"Moderaterna\",\"url\":\"https:\/\/moderaterna.se\/stockholm\/\",\"logo\":{\"@type\":\"ImageObject\",\"inLanguage\":\"sv-SE\",\"@id\":\"https:\/\/moderaterna.se\/stockholm\/#\/schema\/logo\/image\/\",\"url\":\"https:\/\/moderaterna.se\/app\/uploads\/2021\/10\/logo-general@2x.png\",\"contentUrl\":\"https:\/\/moderaterna.se\/app\/uploads\/2021\/10\/logo-general@2x.png\",\"width\":122,\"height\":122,\"caption\":\"Moderaterna\"},\"image\":{\"@id\":\"https:\/\/moderaterna.se\/stockholm\/#\/schema\/logo\/image\/\"},\"sameAs\":[\"https:\/\/www.facebook.com\/ModeraternaSthlm\",\"https:\/\/x.com\/ModeratSthlm\",\"https:\/\/www.instagram.com\/moderatsthlm\/\",\"https:\/\/www.youtube.com\/user\/ModeraternaSthlm\"]}]}<\/script>\n<!-- \/ Yoast SEO Premium plugin. -->","yoast_head_json":{"title":"Socialdemokraterna s\u00e4ger en sak nationellt men g\u00f6r motsatsen i Stockholm | Moderaterna i Stockholms stad och l\u00e4n","robots":{"index":"index","follow":"follow","max-snippet":"max-snippet:-1","max-image-preview":"max-image-preview:large","max-video-preview":"max-video-preview:-1"},"canonical":"https:\/\/moderaterna.se\/stockholm\/socialdemokraterna-sager-en-sak-nationellt-men-i-stockholm-gor-de-en-annan\/","og_locale":"sv_SE","og_type":"article","og_title":"Socialdemokraterna s\u00e4ger en sak nationellt men g\u00f6r motsatsen i Stockholm","og_url":"https:\/\/moderaterna.se\/stockholm\/socialdemokraterna-sager-en-sak-nationellt-men-i-stockholm-gor-de-en-annan\/","og_site_name":"Moderaterna i Stockholms stad och l\u00e4n","article_publisher":"https:\/\/www.facebook.com\/ModeraternaSthlm","article_modified_time":"2025-05-16T13:24:05+00:00","og_image":[{"width":1667,"height":2500,"url":"https:\/\/moderaterna.se\/app\/uploads\/sites\/5\/2025\/05\/MicrosoftTeams-image-6.jpg","type":"image\/jpeg"}],"twitter_card":"summary_large_image","twitter_site":"@ModeratSthlm","twitter_misc":{"Ber\u00e4knad l\u00e4stid":"2 minuter"},"schema":{"@context":"https:\/\/schema.org","@graph":[{"@type":"WebPage","@id":"https:\/\/moderaterna.se\/stockholm\/socialdemokraterna-sager-en-sak-nationellt-men-i-stockholm-gor-de-en-annan\/","url":"https:\/\/moderaterna.se\/stockholm\/socialdemokraterna-sager-en-sak-nationellt-men-i-stockholm-gor-de-en-annan\/","name":"Socialdemokraterna s\u00e4ger en sak nationellt men g\u00f6r motsatsen i Stockholm | Moderaterna i Stockholms stad och l\u00e4n","isPartOf":{"@id":"https:\/\/moderaterna.se\/stockholm\/#website"},"primaryImageOfPage":{"@id":"https:\/\/moderaterna.se\/stockholm\/socialdemokraterna-sager-en-sak-nationellt-men-i-stockholm-gor-de-en-annan\/#primaryimage"},"image":{"@id":"https:\/\/moderaterna.se\/stockholm\/socialdemokraterna-sager-en-sak-nationellt-men-i-stockholm-gor-de-en-annan\/#primaryimage"},"thumbnailUrl":"https:\/\/moderaterna.se\/app\/uploads\/sites\/5\/2025\/05\/MicrosoftTeams-image-6.jpg","datePublished":"2025-05-16T11:50:45+00:00","dateModified":"2025-05-16T13:24:05+00:00","breadcrumb":{"@id":"https:\/\/moderaterna.se\/stockholm\/socialdemokraterna-sager-en-sak-nationellt-men-i-stockholm-gor-de-en-annan\/#breadcrumb"},"inLanguage":"sv-SE","potentialAction":[{"@type":"ReadAction","target":["https:\/\/moderaterna.se\/stockholm\/socialdemokraterna-sager-en-sak-nationellt-men-i-stockholm-gor-de-en-annan\/"]}]},{"@type":"ImageObject","inLanguage":"sv-SE","@id":"https:\/\/moderaterna.se\/stockholm\/socialdemokraterna-sager-en-sak-nationellt-men-i-stockholm-gor-de-en-annan\/#primaryimage","url":"https:\/\/moderaterna.se\/app\/uploads\/sites\/5\/2025\/05\/MicrosoftTeams-image-6.jpg","contentUrl":"https:\/\/moderaterna.se\/app\/uploads\/sites\/5\/2025\/05\/MicrosoftTeams-image-6.jpg","width":1667,"height":2500},{"@type":"BreadcrumbList","@id":"https:\/\/moderaterna.se\/stockholm\/socialdemokraterna-sager-en-sak-nationellt-men-i-stockholm-gor-de-en-annan\/#breadcrumb","itemListElement":[{"@type":"ListItem","position":1,"name":"Hem","item":"https:\/\/moderaterna.se\/stockholm\/"},{"@type":"ListItem","position":2,"name":"Socialdemokraterna s\u00e4ger en sak nationellt men g\u00f6r motsatsen i Stockholm"}]},{"@type":"WebSite","@id":"https:\/\/moderaterna.se\/stockholm\/#website","url":"https:\/\/moderaterna.se\/stockholm\/","name":"Moderaterna i Stockholms stad och l\u00e4n","description":"Nu f\u00e5r vi ordning p\u00e5 Sverige","publisher":{"@id":"https:\/\/moderaterna.se\/stockholm\/#organization"},"potentialAction":[{"@type":"SearchAction","target":{"@type":"EntryPoint","urlTemplate":"https:\/\/moderaterna.se\/stockholm\/?s={search_term_string}"},"query-input":{"@type":"PropertyValueSpecification","valueRequired":true,"valueName":"search_term_string"}}],"inLanguage":"sv-SE"},{"@type":"Organization","@id":"https:\/\/moderaterna.se\/stockholm\/#organization","name":"Moderaterna","url":"https:\/\/moderaterna.se\/stockholm\/","logo":{"@type":"ImageObject","inLanguage":"sv-SE","@id":"https:\/\/moderaterna.se\/stockholm\/#\/schema\/logo\/image\/","url":"https:\/\/moderaterna.se\/app\/uploads\/2021\/10\/logo-general@2x.png","contentUrl":"https:\/\/moderaterna.se\/app\/uploads\/2021\/10\/logo-general@2x.png","width":122,"height":122,"caption":"Moderaterna"},"image":{"@id":"https:\/\/moderaterna.se\/stockholm\/#\/schema\/logo\/image\/"},"sameAs":["https:\/\/www.facebook.com\/ModeraternaSthlm","https:\/\/x.com\/ModeratSthlm","https:\/\/www.instagram.com\/moderatsthlm\/","https:\/\/www.youtube.com\/user\/ModeraternaSthlm"]}]}},"publishpress_future_action":{"enabled":false,"date":"2026-04-19 12:23:15","action":"change-status","newStatus":"draft","terms":[],"taxonomy":"subject"},"_links":{"self":[{"href":"https:\/\/moderaterna.se\/stockholm\/wp-json\/wp\/v2\/pages\/6356","targetHints":{"allow":["GET"]}}],"collection":[{"href":"https:\/\/moderaterna.se\/stockholm\/wp-json\/wp\/v2\/pages"}],"about":[{"href":"https:\/\/moderaterna.se\/stockholm\/wp-json\/wp\/v2\/types\/page"}],"author":[{"embeddable":true,"href":"https:\/\/moderaterna.se\/stockholm\/wp-json\/wp\/v2\/users\/55"}],"replies":[{"embeddable":true,"href":"https:\/\/moderaterna.se\/stockholm\/wp-json\/wp\/v2\/comments?post=6356"}],"version-history":[{"count":19,"href":"https:\/\/moderaterna.se\/stockholm\/wp-json\/wp\/v2\/pages\/6356\/revisions"}],"predecessor-version":[{"id":6386,"href":"https:\/\/moderaterna.se\/stockholm\/wp-json\/wp\/v2\/pages\/6356\/revisions\/6386"}],"wp:featuredmedia":[{"embeddable":true,"href":"https:\/\/moderaterna.se\/stockholm\/wp-json\/wp\/v2\/media\/6349"}],"wp:attachment":[{"href":"https:\/\/moderaterna.se\/stockholm\/wp-json\/wp\/v2\/media?parent=6356"}],"wp:term":[{"taxonomy":"subject","embeddable":true,"href":"https:\/\/moderaterna.se\/stockholm\/wp-json\/wp\/v2\/subject?post=6356"}],"curies":[{"name":"wp","href":"https:\/\/api.w.org\/{rel}","templated":true}]}}