{"id":635,"date":"2021-12-08T09:54:05","date_gmt":"2021-12-08T08:54:05","guid":{"rendered":"https:\/\/moderaterna.se\/stockholm\/?page_id=635"},"modified":"2022-10-24T10:22:36","modified_gmt":"2022-10-24T08:22:36","slug":"foreningar","status":"publish","type":"page","link":"https:\/\/moderaterna.se\/stockholm\/foreningar\/","title":{"rendered":"F\u00f6reningar"},"content":{"rendered":"\n<ul class=\"wp-block-list\"><li><a href=\"https:\/\/moderaterna.se\/stockholm\/foreningar\/botkyrka\/\">Botkyrka<\/a><\/li><li><a href=\"https:\/\/moderaterna.se\/stockholm\/foreningar\/bromma\/\">Bromma<\/a><\/li><li><a href=\"https:\/\/moderaterna.se\/stockholm\/foreningar\/brannkyrka\/\">Br\u00e4nnkyrka<\/a><\/li><li><a href=\"https:\/\/moderaterna.se\/stockholm\/foreningar\/centrala-huddinge\/\">Centrala Huddinge<\/a><\/li><li><a href=\"https:\/\/moderaterna.se\/stockholm\/foreningar\/danderyd\/\">Danderyd<\/a><\/li><li><a href=\"https:\/\/moderaterna.se\/stockholm\/foreningar\/ekero\/\">Eker\u00f6<\/a><\/li><li><a href=\"https:\/\/moderaterna.se\/stockholm\/foreningar\/engelbrekt\/\">Engelbrekt<\/a><\/li><li><a href=\"https:\/\/moderaterna.se\/stockholm\/foreningar\/enskede-arsta\/\">Enskede-\u00c5rsta<\/a><\/li><li><a href=\"https:\/\/moderaterna.se\/stockholm\/foreningar\/essingen\/\">Essingen<\/a><\/li><li><a href=\"https:\/\/moderaterna.se\/stockholm\/foreningar\/farsta\/\">Farsta<\/a><\/li><li><a href=\"https:\/\/moderaterna.se\/stockholm\/foreningar\/hammarby-sjostad\/\">Hammarby Sj\u00f6stad<\/a><\/li><li><a href=\"https:\/\/moderaterna.se\/stockholm\/foreningar\/hanninge\/\" target=\"_blank\" rel=\"noreferrer noopener\">Hanninge<\/a><\/li><li><a href=\"https:\/\/moderaterna.se\/stockholm\/foreningar\/hedvig-eleonora\/\">Hedvig Eleonora<\/a><\/li><li><a href=\"https:\/\/moderaterna.se\/stockholm\/foreningar\/huddinge-krets\/\">Huddinge-krets<\/a><\/li><li><a href=\"https:\/\/moderaterna.se\/stockholm\/foreningar\/hagersten\/\">H\u00e4gersten<\/a><\/li><li><a href=\"https:\/\/moderaterna.se\/stockholm\/foreningar\/hasselby\/\">H\u00e4sselby<\/a><\/li><li><a href=\"https:\/\/moderaterna.se\/stockholm\/foreningar\/hogalid\/\">H\u00f6galid<\/a><\/li><li><a href=\"https:\/\/moderaterna.se\/stockholm\/foreningar\/jarfalla\/\">J\u00e4rf\u00e4lla<\/a><\/li><li><a href=\"https:\/\/moderaterna.se\/stockholm\/foreningar\/katarina\/\">Katarina<\/a><\/li><li><a href=\"https:\/\/moderaterna.se\/stockholm\/foreningar\/kista\/\">Kista<\/a><\/li><li><a href=\"https:\/\/moderaterna.se\/stockholm\/foreningar\/kungsholmen\/\">Kungsholmen<\/a><\/li><li><a href=\"https:\/\/moderaterna.se\/stockholm\/foreningar\/lidingo\/\">Liding\u00f6<\/a><\/li><li><a href=\"https:\/\/moderaterna.se\/stockholm\/foreningar\/maria\/\">Maria<\/a><\/li><li><a href=\"https:\/\/moderaterna.se\/stockholm\/foreningar\/nacka\/\">Nacka<\/a><\/li><li><a href=\"https:\/\/moderaterna.se\/stockholm\/foreningar\/norrmalm\/\">Norrmalm<\/a><\/li><li><a href=\"https:\/\/moderaterna.se\/stockholm\/foreningar\/norrtalje-blido\/\">Norrt\u00e4lje \u2013 Blid\u00f6<\/a><\/li><li><a href=\"https:\/\/moderaterna.se\/stockholm\/foreningar\/norrtalje-krets\/\">Norrt\u00e4lje \u2013 krets<\/a><\/li><li><a href=\"https:\/\/moderaterna.se\/stockholm\/foreningar\/norrtalje-havero-vaddo\/\">Norrt\u00e4lje \u2013 H\u00e4ver\u00f6-V\u00e4dd\u00f6<\/a><\/li><li><a href=\"https:\/\/moderaterna.se\/stockholm\/foreningar\/norrtalje-norrtalje\/\">Norrt\u00e4lje \u2013 Norrt\u00e4lje<\/a><\/li><li><a href=\"https:\/\/moderaterna.se\/stockholm\/foreningar\/norrtalje-rimbo\/\">Norrt\u00e4lje \u2013 Rimbo<\/a><\/li><li><a href=\"https:\/\/moderaterna.se\/stockholm\/foreningar\/nykvarn\/\">Nykvarn<\/a><\/li><li><a href=\"https:\/\/moderaterna.se\/stockholm\/foreningar\/nynashamn\/\">Nyn\u00e4shamn<\/a><\/li><li><a href=\"https:\/\/moderaterna.se\/stockholm\/foreningar\/oscar-norra\/\">Oscar Norra<\/a><\/li><li><a href=\"https:\/\/moderaterna.se\/stockholm\/foreningar\/oscar-sodra\/\">Oscar S\u00f6dra<\/a><\/li><li><a href=\"https:\/\/moderaterna.se\/stockholm\/foreningar\/st-goran\/\">S:t G\u00f6ran<\/a><\/li><li><a href=\"https:\/\/moderaterna.se\/stockholm\/foreningar\/salem\/\">Salem<\/a><\/li><li><a href=\"https:\/\/moderaterna.se\/stockholm\/foreningar\/sigtuna\/\">Sigtuna<\/a><\/li><li><a href=\"https:\/\/moderaterna.se\/stockholm\/foreningar\/skarpnack\/\">Skarpn\u00e4ck<\/a><\/li><li><a href=\"https:\/\/moderaterna.se\/stockholm\/foreningar\/skarholmen\/\">Sk\u00e4rholmen<\/a><\/li><li><a href=\"https:\/\/moderaterna.se\/stockholm\/foreningar\/sofia\/\">Sofia<\/a><\/li><li><a href=\"https:\/\/moderaterna.se\/stockholm\/foreningar\/sollentuna\/\">Sollentuna<\/a><\/li><li><a href=\"https:\/\/moderaterna.se\/stockholm\/foreningar\/solna\/\">Solna<\/a><\/li><li><a href=\"https:\/\/moderaterna.se\/stockholm\/foreningar\/spanga\/\">Sp\u00e5nga<\/a><\/li><li><a href=\"https:\/\/moderaterna.se\/stockholm\/foreningar\/sundbyberg\/\">Sundbyberg<\/a><\/li><li><a href=\"https:\/\/moderaterna.se\/stockholm\/foreningar\/sodertalje-jarna-holo\/\">S\u00f6dert\u00e4lje \u2013 J\u00e4rna H\u00f6l\u00f6<\/a><\/li><li><a href=\"https:\/\/moderaterna.se\/stockholm\/foreningar\/sodertalje-krets\/\">S\u00f6dert\u00e4lje \u2013 krets<\/a><\/li><li><a href=\"https:\/\/moderaterna.se\/stockholm\/foreningar\/sodertalje-sodertalje\/\">S\u00f6dert\u00e4lje \u2013 S\u00f6dert\u00e4lje<\/a><\/li><li><a href=\"https:\/\/moderaterna.se\/stockholm\/foreningar\/tensta-rinkeby\/\">Tensta-Rinkeby<\/a><\/li><li><a href=\"https:\/\/moderaterna.se\/stockholm\/foreningar\/tyreso\/\">Tyres\u00f6<\/a><\/li><li><a href=\"https:\/\/moderaterna.se\/stockholm\/foreningar\/taby\/\">T\u00e4by<\/a><\/li><li><a href=\"https:\/\/moderaterna.se\/stockholm\/foreningar\/upplands-vasby\/\">Upplands V\u00e4sby<\/a><\/li><li><a href=\"https:\/\/moderaterna.se\/stockholm\/foreningar\/upplands-bro\/\">Upplands-Bro<\/a><\/li><li><a href=\"https:\/\/moderaterna.se\/stockholm\/foreningar\/vallentuna\/\">Vallentuna<\/a><\/li><li><a href=\"https:\/\/moderaterna.se\/stockholm\/foreningar\/vantor\/\">Vant\u00f6r<\/a><\/li><li><a href=\"https:\/\/moderaterna.se\/stockholm\/foreningar\/vaxholm\/\">Vaxholm<\/a><\/li><li><a href=\"https:\/\/moderaterna.se\/stockholm\/foreningar\/vallingby\/\">V\u00e4llingby<\/a><\/li><li><a href=\"https:\/\/moderaterna.se\/stockholm\/foreningar\/varmdo\/\">V\u00e4rmd\u00f6<\/a><\/li><li><a href=\"https:\/\/moderaterna.se\/stockholm\/foreningar\/vastra-huddinge\/\">V\u00e4stra Huddinge<\/a><\/li><li><a href=\"https:\/\/moderaterna.se\/stockholm\/foreningar\/oppna-moderater-stockholm\/\">\u00d6ppna Moderater Stockholm<\/a><\/li><li><a href=\"https:\/\/moderaterna.se\/stockholm\/foreningar\/osteraker\/\">\u00d6ster\u00e5ker<\/a><\/li><li><a href=\"https:\/\/moderaterna.se\/stockholm\/foreningar\/ostra-huddinge\/\">\u00d6stra Huddinge<\/a><\/li><\/ul>\n","protected":false},"excerpt":{"rendered":"<p>Botkyrka Bromma Br\u00e4nnkyrka Centrala Huddinge Danderyd Eker\u00f6 Engelbrekt Enskede-\u00c5rsta Essingen Farsta Hammarby Sj\u00f6stad Hanninge Hedvig Eleonora Huddinge-krets H\u00e4gersten H\u00e4sselby H\u00f6galid J\u00e4rf\u00e4lla Katarina Kista Kungsholmen Liding\u00f6 Maria Nacka Norrmalm Norrt\u00e4lje \u2013 Blid\u00f6 Norrt\u00e4lje \u2013 krets Norrt\u00e4lje \u2013 H\u00e4ver\u00f6-V\u00e4dd\u00f6 Norrt\u00e4lje \u2013 Norrt\u00e4lje Norrt\u00e4lje \u2013 Rimbo Nykvarn Nyn\u00e4shamn Oscar Norra Oscar S\u00f6dra S:t G\u00f6ran Salem Sigtuna Skarpn\u00e4ck Sk\u00e4rholmen [&hellip;]<\/p>\n","protected":false},"author":9,"featured_media":0,"parent":0,"menu_order":0,"comment_status":"closed","ping_status":"closed","template":"","meta":{"_acf_changed":false,"_relevanssi_hide_post":"","_relevanssi_hide_content":"","_relevanssi_pin_for_all":"","_relevanssi_pin_keywords":"","_relevanssi_unpin_keywords":"","_relevanssi_related_keywords":"","_relevanssi_related_include_ids":"","_relevanssi_related_exclude_ids":"","_relevanssi_related_no_append":"","_relevanssi_related_not_related":"","_relevanssi_related_posts":"526","_relevanssi_noindex_reason":"","footnotes":""},"subject":[],"class_list":["post-635","page","type-page","status-publish","hentry"],"acf":[],"yoast_head":"<!-- This site is optimized with the Yoast SEO Premium plugin v27.1 (Yoast SEO v27.1.1) - https:\/\/yoast.com\/product\/yoast-seo-premium-wordpress\/ -->\n<title>F\u00f6reningar | Moderaterna i Stockholms stad och l\u00e4n<\/title>\n<meta name=\"robots\" content=\"index, follow, max-snippet:-1, max-image-preview:large, max-video-preview:-1\" \/>\n<link rel=\"canonical\" href=\"https:\/\/moderaterna.se\/stockholm\/foreningar\/\" \/>\n<meta property=\"og:locale\" content=\"sv_SE\" \/>\n<meta property=\"og:type\" content=\"article\" \/>\n<meta property=\"og:title\" content=\"F\u00f6reningar\" \/>\n<meta property=\"og:url\" content=\"https:\/\/moderaterna.se\/stockholm\/foreningar\/\" \/>\n<meta property=\"og:site_name\" content=\"Moderaterna i Stockholms stad och l\u00e4n\" \/>\n<meta property=\"article:publisher\" content=\"https:\/\/www.facebook.com\/ModeraternaSthlm\" \/>\n<meta property=\"article:modified_time\" content=\"2022-10-24T08:22:36+00:00\" \/>\n<meta property=\"og:image\" content=\"https:\/\/moderaterna.se\/app\/uploads\/sites\/5\/2022\/01\/DELNINGSBILD_hemsida_fo\u0308rstasida.png\" \/>\n\t<meta property=\"og:image:width\" content=\"1200\" \/>\n\t<meta property=\"og:image:height\" content=\"628\" \/>\n\t<meta property=\"og:image:type\" content=\"image\/png\" \/>\n<meta name=\"twitter:card\" content=\"summary_large_image\" \/>\n<meta name=\"twitter:site\" content=\"@ModeratSthlm\" \/>\n<meta name=\"twitter:label1\" content=\"Ber\u00e4knad l\u00e4stid\" \/>\n\t<meta name=\"twitter:data1\" content=\"1 minut\" \/>\n<script type=\"application\/ld+json\" class=\"yoast-schema-graph\">{\"@context\":\"https:\/\/schema.org\",\"@graph\":[{\"@type\":\"WebPage\",\"@id\":\"https:\/\/moderaterna.se\/stockholm\/foreningar\/\",\"url\":\"https:\/\/moderaterna.se\/stockholm\/foreningar\/\",\"name\":\"F\u00f6reningar | Moderaterna i Stockholms stad och l\u00e4n\",\"isPartOf\":{\"@id\":\"https:\/\/moderaterna.se\/stockholm\/#website\"},\"datePublished\":\"2021-12-08T08:54:05+00:00\",\"dateModified\":\"2022-10-24T08:22:36+00:00\",\"breadcrumb\":{\"@id\":\"https:\/\/moderaterna.se\/stockholm\/foreningar\/#breadcrumb\"},\"inLanguage\":\"sv-SE\",\"potentialAction\":[{\"@type\":\"ReadAction\",\"target\":[\"https:\/\/moderaterna.se\/stockholm\/foreningar\/\"]}]},{\"@type\":\"BreadcrumbList\",\"@id\":\"https:\/\/moderaterna.se\/stockholm\/foreningar\/#breadcrumb\",\"itemListElement\":[{\"@type\":\"ListItem\",\"position\":1,\"name\":\"Hem\",\"item\":\"https:\/\/moderaterna.se\/stockholm\/\"},{\"@type\":\"ListItem\",\"position\":2,\"name\":\"F\u00f6reningar\"}]},{\"@type\":\"WebSite\",\"@id\":\"https:\/\/moderaterna.se\/stockholm\/#website\",\"url\":\"https:\/\/moderaterna.se\/stockholm\/\",\"name\":\"Moderaterna i Stockholms stad och l\u00e4n\",\"description\":\"Nu f\u00e5r vi ordning p\u00e5 Sverige\",\"publisher\":{\"@id\":\"https:\/\/moderaterna.se\/stockholm\/#organization\"},\"potentialAction\":[{\"@type\":\"SearchAction\",\"target\":{\"@type\":\"EntryPoint\",\"urlTemplate\":\"https:\/\/moderaterna.se\/stockholm\/?s={search_term_string}\"},\"query-input\":{\"@type\":\"PropertyValueSpecification\",\"valueRequired\":true,\"valueName\":\"search_term_string\"}}],\"inLanguage\":\"sv-SE\"},{\"@type\":\"Organization\",\"@id\":\"https:\/\/moderaterna.se\/stockholm\/#organization\",\"name\":\"Moderaterna\",\"url\":\"https:\/\/moderaterna.se\/stockholm\/\",\"logo\":{\"@type\":\"ImageObject\",\"inLanguage\":\"sv-SE\",\"@id\":\"https:\/\/moderaterna.se\/stockholm\/#\/schema\/logo\/image\/\",\"url\":\"https:\/\/moderaterna.se\/app\/uploads\/2021\/10\/logo-general@2x.png\",\"contentUrl\":\"https:\/\/moderaterna.se\/app\/uploads\/2021\/10\/logo-general@2x.png\",\"width\":122,\"height\":122,\"caption\":\"Moderaterna\"},\"image\":{\"@id\":\"https:\/\/moderaterna.se\/stockholm\/#\/schema\/logo\/image\/\"},\"sameAs\":[\"https:\/\/www.facebook.com\/ModeraternaSthlm\",\"https:\/\/x.com\/ModeratSthlm\",\"https:\/\/www.instagram.com\/moderatsthlm\/\",\"https:\/\/www.youtube.com\/user\/ModeraternaSthlm\"]}]}<\/script>\n<!-- \/ Yoast SEO Premium plugin. -->","yoast_head_json":{"title":"F\u00f6reningar | Moderaterna i Stockholms stad och l\u00e4n","robots":{"index":"index","follow":"follow","max-snippet":"max-snippet:-1","max-image-preview":"max-image-preview:large","max-video-preview":"max-video-preview:-1"},"canonical":"https:\/\/moderaterna.se\/stockholm\/foreningar\/","og_locale":"sv_SE","og_type":"article","og_title":"F\u00f6reningar","og_url":"https:\/\/moderaterna.se\/stockholm\/foreningar\/","og_site_name":"Moderaterna i Stockholms stad och l\u00e4n","article_publisher":"https:\/\/www.facebook.com\/ModeraternaSthlm","article_modified_time":"2022-10-24T08:22:36+00:00","og_image":[{"width":1200,"height":628,"url":"https:\/\/moderaterna.se\/app\/uploads\/sites\/5\/2022\/01\/DELNINGSBILD_hemsida_fo\u0308rstasida.png","type":"image\/png"}],"twitter_card":"summary_large_image","twitter_site":"@ModeratSthlm","twitter_misc":{"Ber\u00e4knad l\u00e4stid":"1 minut"},"schema":{"@context":"https:\/\/schema.org","@graph":[{"@type":"WebPage","@id":"https:\/\/moderaterna.se\/stockholm\/foreningar\/","url":"https:\/\/moderaterna.se\/stockholm\/foreningar\/","name":"F\u00f6reningar | Moderaterna i Stockholms stad och l\u00e4n","isPartOf":{"@id":"https:\/\/moderaterna.se\/stockholm\/#website"},"datePublished":"2021-12-08T08:54:05+00:00","dateModified":"2022-10-24T08:22:36+00:00","breadcrumb":{"@id":"https:\/\/moderaterna.se\/stockholm\/foreningar\/#breadcrumb"},"inLanguage":"sv-SE","potentialAction":[{"@type":"ReadAction","target":["https:\/\/moderaterna.se\/stockholm\/foreningar\/"]}]},{"@type":"BreadcrumbList","@id":"https:\/\/moderaterna.se\/stockholm\/foreningar\/#breadcrumb","itemListElement":[{"@type":"ListItem","position":1,"name":"Hem","item":"https:\/\/moderaterna.se\/stockholm\/"},{"@type":"ListItem","position":2,"name":"F\u00f6reningar"}]},{"@type":"WebSite","@id":"https:\/\/moderaterna.se\/stockholm\/#website","url":"https:\/\/moderaterna.se\/stockholm\/","name":"Moderaterna i Stockholms stad och l\u00e4n","description":"Nu f\u00e5r vi ordning p\u00e5 Sverige","publisher":{"@id":"https:\/\/moderaterna.se\/stockholm\/#organization"},"potentialAction":[{"@type":"SearchAction","target":{"@type":"EntryPoint","urlTemplate":"https:\/\/moderaterna.se\/stockholm\/?s={search_term_string}"},"query-input":{"@type":"PropertyValueSpecification","valueRequired":true,"valueName":"search_term_string"}}],"inLanguage":"sv-SE"},{"@type":"Organization","@id":"https:\/\/moderaterna.se\/stockholm\/#organization","name":"Moderaterna","url":"https:\/\/moderaterna.se\/stockholm\/","logo":{"@type":"ImageObject","inLanguage":"sv-SE","@id":"https:\/\/moderaterna.se\/stockholm\/#\/schema\/logo\/image\/","url":"https:\/\/moderaterna.se\/app\/uploads\/2021\/10\/logo-general@2x.png","contentUrl":"https:\/\/moderaterna.se\/app\/uploads\/2021\/10\/logo-general@2x.png","width":122,"height":122,"caption":"Moderaterna"},"image":{"@id":"https:\/\/moderaterna.se\/stockholm\/#\/schema\/logo\/image\/"},"sameAs":["https:\/\/www.facebook.com\/ModeraternaSthlm","https:\/\/x.com\/ModeratSthlm","https:\/\/www.instagram.com\/moderatsthlm\/","https:\/\/www.youtube.com\/user\/ModeraternaSthlm"]}]}},"publishpress_future_action":{"enabled":false,"date":"2026-05-03 06:07:06","action":"change-status","newStatus":"draft","terms":[],"taxonomy":"subject"},"_links":{"self":[{"href":"https:\/\/moderaterna.se\/stockholm\/wp-json\/wp\/v2\/pages\/635","targetHints":{"allow":["GET"]}}],"collection":[{"href":"https:\/\/moderaterna.se\/stockholm\/wp-json\/wp\/v2\/pages"}],"about":[{"href":"https:\/\/moderaterna.se\/stockholm\/wp-json\/wp\/v2\/types\/page"}],"author":[{"embeddable":true,"href":"https:\/\/moderaterna.se\/stockholm\/wp-json\/wp\/v2\/users\/9"}],"replies":[{"embeddable":true,"href":"https:\/\/moderaterna.se\/stockholm\/wp-json\/wp\/v2\/comments?post=635"}],"version-history":[{"count":3,"href":"https:\/\/moderaterna.se\/stockholm\/wp-json\/wp\/v2\/pages\/635\/revisions"}],"predecessor-version":[{"id":2257,"href":"https:\/\/moderaterna.se\/stockholm\/wp-json\/wp\/v2\/pages\/635\/revisions\/2257"}],"wp:attachment":[{"href":"https:\/\/moderaterna.se\/stockholm\/wp-json\/wp\/v2\/media?parent=635"}],"wp:term":[{"taxonomy":"subject","embeddable":true,"href":"https:\/\/moderaterna.se\/stockholm\/wp-json\/wp\/v2\/subject?post=635"}],"curies":[{"name":"wp","href":"https:\/\/api.w.org\/{rel}","templated":true}]}}