{"id":632,"date":"2021-12-08T09:52:53","date_gmt":"2021-12-08T08:52:53","guid":{"rendered":"https:\/\/moderaterna.se\/stockholm\/?page_id=632"},"modified":"2026-03-26T22:44:06","modified_gmt":"2026-03-26T21:44:06","slug":"forbundsstyrelsen","status":"publish","type":"page","link":"https:\/\/moderaterna.se\/stockholm\/forbundsstyrelsen\/","title":{"rendered":"F\u00f6rbundsstyrelsen"},"content":{"rendered":"\n<h2 class=\"wp-block-heading\" id=\"h-stockholms-stad\">Stockholms Stad<\/h2>\n\n\n\n<p>F\u00f6rbundsordf\u00f6rande: Johan Forssell<br>1:e vice f\u00f6rbundsordf\u00f6rande: Dennis Wedin<br>2:e vice f\u00f6rbundsordf\u00f6rande: Andr\u00e9a Hedin<\/p>\n\n\n\n<p><strong>Ledam\u00f6ter<\/strong><\/p>\n\n\n\n<p>Kristina Ax\u00e9n Olin<br>Lars Jilmstad<br>Johan Nilsson<br>Christofer Fjellner<br>Kristoffer Tamsons<br>Jessica Rosencrantz<br>Johan Paccamonti<br>Sophia Granswed Baat<br>Susanne Sj\u00f6blom<br>Annika Elmlund<br>Gustav Johansson<br>Kasper Gieldon<br>Aras Amin<br>Elin B\u00f6hlin, MUF<br>Ther\u00e9z Randquist, adjungerad via Moderata kvinnor<br>\u00d6rjan Hult\u00e5ker, adjungerad via Moderata seniorer<br>Merit Lindberg Frost, adjungerad via Moderata F\u00f6retagarr\u00e5det<br>Anette Heilbrunn Saxby, adjungerad via \u00d6ppna Moderater<\/p>\n\n\n\n<h2 class=\"wp-block-heading\"><strong>Stockholms l\u00e4n<\/strong><\/h2>\n\n\n\n<p>F\u00f6rbundsordf\u00f6rande:<strong> <\/strong>Erik Ottoson<br>1:e vice f\u00f6rbundsordf\u00f6rande: Parisa Liljestrand<br>2:e vice f\u00f6rbundsordf\u00f6rande: Stina Lundgren<\/p>\n\n\n\n<p><strong>Ledam\u00f6ter<\/strong><br><br>Daniel K\u00e4llenfors<br>Erik Andersson,<br>Alexandra Anstrell<br>Emma Feldman<br>Josefin Malmqvist<br>Alexander Rosenberg<br>Lars R\u00e5d\u00e9n<br>Henrik Thunes<br>Oskar Weinmar<br>Filip Wiljander<br>Johanna Hornberger<br>Marcus Svinhufvud<br>John Grankvist, MUF<br>Ida Drougge, adjungerad via Moderata kvinnor<br>K-G Holmgren, adjungerad via Moderata seniorer<br>Merit Lindberg Frost, adjungerad via Moderata F\u00f6retagarr\u00e5det<br>Peter Carlstr\u00f6m, adjungerad via \u00d6ppna Moderater<\/p>\n","protected":false},"excerpt":{"rendered":"<p>Stockholms Stad F\u00f6rbundsordf\u00f6rande: Johan Forssell1:e vice f\u00f6rbundsordf\u00f6rande: Dennis Wedin2:e vice f\u00f6rbundsordf\u00f6rande: Andr\u00e9a Hedin Ledam\u00f6ter Kristina Ax\u00e9n OlinLars JilmstadJohan NilssonChristofer FjellnerKristoffer TamsonsJessica RosencrantzJohan PaccamontiSophia Granswed BaatSusanne Sj\u00f6blomAnnika ElmlundGustav JohanssonKasper GieldonAras AminElin B\u00f6hlin, MUFTher\u00e9z Randquist, adjungerad via Moderata kvinnor\u00d6rjan Hult\u00e5ker, adjungerad via Moderata seniorerMerit Lindberg Frost, adjungerad via Moderata F\u00f6retagarr\u00e5detAnette Heilbrunn Saxby, adjungerad via \u00d6ppna Moderater Stockholms [&hellip;]<\/p>\n","protected":false},"author":9,"featured_media":3646,"parent":0,"menu_order":0,"comment_status":"closed","ping_status":"closed","template":"","meta":{"_acf_changed":false,"_relevanssi_hide_post":"","_relevanssi_hide_content":"","_relevanssi_pin_for_all":"","_relevanssi_pin_keywords":"","_relevanssi_unpin_keywords":"","_relevanssi_related_keywords":"","_relevanssi_related_include_ids":"","_relevanssi_related_exclude_ids":"","_relevanssi_related_no_append":"","_relevanssi_related_not_related":"","_relevanssi_related_posts":"526","_relevanssi_noindex_reason":"","footnotes":""},"subject":[],"class_list":["post-632","page","type-page","status-publish","has-post-thumbnail","hentry"],"acf":[],"yoast_head":"<!-- This site is optimized with the Yoast SEO Premium plugin v27.1 (Yoast SEO v27.1.1) - https:\/\/yoast.com\/product\/yoast-seo-premium-wordpress\/ -->\n<title>F\u00f6rbundsstyrelsen | Moderaterna i Stockholms stad och l\u00e4n<\/title>\n<meta name=\"description\" content=\"H\u00e4r hittar du information om Moderaterna i Stockholms stads f\u00f6rbundsstyrelse och Moderaterna i Stockholms l\u00e4ns f\u00f6rbundsstyrelse.\" \/>\n<meta name=\"robots\" content=\"index, follow, max-snippet:-1, max-image-preview:large, max-video-preview:-1\" \/>\n<link rel=\"canonical\" href=\"https:\/\/moderaterna.se\/stockholm\/forbundsstyrelsen\/\" \/>\n<meta property=\"og:locale\" content=\"sv_SE\" \/>\n<meta property=\"og:type\" content=\"article\" \/>\n<meta property=\"og:title\" content=\"F\u00f6rbundsstyrelsen\" \/>\n<meta property=\"og:description\" content=\"H\u00e4r hittar du information om Moderaterna i Stockholms stads f\u00f6rbundsstyrelse och Moderaterna i Stockholms l\u00e4ns f\u00f6rbundsstyrelse.\" \/>\n<meta property=\"og:url\" content=\"https:\/\/moderaterna.se\/stockholm\/forbundsstyrelsen\/\" \/>\n<meta property=\"og:site_name\" content=\"Moderaterna i Stockholms stad och l\u00e4n\" \/>\n<meta property=\"article:publisher\" content=\"https:\/\/www.facebook.com\/ModeraternaSthlm\" \/>\n<meta property=\"article:modified_time\" content=\"2026-03-26T21:44:06+00:00\" \/>\n<meta property=\"og:image\" content=\"https:\/\/moderaterna.se\/app\/uploads\/sites\/5\/2024\/03\/shutterstock_2130048473-scaled.jpg\" \/>\n\t<meta property=\"og:image:width\" content=\"2560\" \/>\n\t<meta property=\"og:image:height\" content=\"1707\" \/>\n\t<meta property=\"og:image:type\" content=\"image\/jpeg\" \/>\n<meta name=\"twitter:card\" content=\"summary_large_image\" \/>\n<meta name=\"twitter:site\" content=\"@ModeratSthlm\" \/>\n<meta name=\"twitter:label1\" content=\"Ber\u00e4knad l\u00e4stid\" \/>\n\t<meta name=\"twitter:data1\" content=\"2 minuter\" \/>\n<script type=\"application\/ld+json\" class=\"yoast-schema-graph\">{\"@context\":\"https:\/\/schema.org\",\"@graph\":[{\"@type\":\"WebPage\",\"@id\":\"https:\/\/moderaterna.se\/stockholm\/forbundsstyrelsen\/\",\"url\":\"https:\/\/moderaterna.se\/stockholm\/forbundsstyrelsen\/\",\"name\":\"F\u00f6rbundsstyrelsen | Moderaterna i Stockholms stad och l\u00e4n\",\"isPartOf\":{\"@id\":\"https:\/\/moderaterna.se\/stockholm\/#website\"},\"primaryImageOfPage\":{\"@id\":\"https:\/\/moderaterna.se\/stockholm\/forbundsstyrelsen\/#primaryimage\"},\"image\":{\"@id\":\"https:\/\/moderaterna.se\/stockholm\/forbundsstyrelsen\/#primaryimage\"},\"thumbnailUrl\":\"https:\/\/moderaterna.se\/app\/uploads\/sites\/5\/2024\/03\/shutterstock_2130048473-scaled.jpg\",\"datePublished\":\"2021-12-08T08:52:53+00:00\",\"dateModified\":\"2026-03-26T21:44:06+00:00\",\"description\":\"H\u00e4r hittar du information om Moderaterna i Stockholms stads f\u00f6rbundsstyrelse och Moderaterna i Stockholms l\u00e4ns f\u00f6rbundsstyrelse.\",\"breadcrumb\":{\"@id\":\"https:\/\/moderaterna.se\/stockholm\/forbundsstyrelsen\/#breadcrumb\"},\"inLanguage\":\"sv-SE\",\"potentialAction\":[{\"@type\":\"ReadAction\",\"target\":[\"https:\/\/moderaterna.se\/stockholm\/forbundsstyrelsen\/\"]}]},{\"@type\":\"ImageObject\",\"inLanguage\":\"sv-SE\",\"@id\":\"https:\/\/moderaterna.se\/stockholm\/forbundsstyrelsen\/#primaryimage\",\"url\":\"https:\/\/moderaterna.se\/app\/uploads\/sites\/5\/2024\/03\/shutterstock_2130048473-scaled.jpg\",\"contentUrl\":\"https:\/\/moderaterna.se\/app\/uploads\/sites\/5\/2024\/03\/shutterstock_2130048473-scaled.jpg\",\"width\":2560,\"height\":1707},{\"@type\":\"BreadcrumbList\",\"@id\":\"https:\/\/moderaterna.se\/stockholm\/forbundsstyrelsen\/#breadcrumb\",\"itemListElement\":[{\"@type\":\"ListItem\",\"position\":1,\"name\":\"Hem\",\"item\":\"https:\/\/moderaterna.se\/stockholm\/\"},{\"@type\":\"ListItem\",\"position\":2,\"name\":\"F\u00f6rbundsstyrelsen\"}]},{\"@type\":\"WebSite\",\"@id\":\"https:\/\/moderaterna.se\/stockholm\/#website\",\"url\":\"https:\/\/moderaterna.se\/stockholm\/\",\"name\":\"Moderaterna i Stockholms stad och l\u00e4n\",\"description\":\"Nu f\u00e5r vi ordning p\u00e5 Sverige\",\"publisher\":{\"@id\":\"https:\/\/moderaterna.se\/stockholm\/#organization\"},\"potentialAction\":[{\"@type\":\"SearchAction\",\"target\":{\"@type\":\"EntryPoint\",\"urlTemplate\":\"https:\/\/moderaterna.se\/stockholm\/?s={search_term_string}\"},\"query-input\":{\"@type\":\"PropertyValueSpecification\",\"valueRequired\":true,\"valueName\":\"search_term_string\"}}],\"inLanguage\":\"sv-SE\"},{\"@type\":\"Organization\",\"@id\":\"https:\/\/moderaterna.se\/stockholm\/#organization\",\"name\":\"Moderaterna\",\"url\":\"https:\/\/moderaterna.se\/stockholm\/\",\"logo\":{\"@type\":\"ImageObject\",\"inLanguage\":\"sv-SE\",\"@id\":\"https:\/\/moderaterna.se\/stockholm\/#\/schema\/logo\/image\/\",\"url\":\"https:\/\/moderaterna.se\/app\/uploads\/2021\/10\/logo-general@2x.png\",\"contentUrl\":\"https:\/\/moderaterna.se\/app\/uploads\/2021\/10\/logo-general@2x.png\",\"width\":122,\"height\":122,\"caption\":\"Moderaterna\"},\"image\":{\"@id\":\"https:\/\/moderaterna.se\/stockholm\/#\/schema\/logo\/image\/\"},\"sameAs\":[\"https:\/\/www.facebook.com\/ModeraternaSthlm\",\"https:\/\/x.com\/ModeratSthlm\",\"https:\/\/www.instagram.com\/moderatsthlm\/\",\"https:\/\/www.youtube.com\/user\/ModeraternaSthlm\"]}]}<\/script>\n<!-- \/ Yoast SEO Premium plugin. -->","yoast_head_json":{"title":"F\u00f6rbundsstyrelsen | Moderaterna i Stockholms stad och l\u00e4n","description":"H\u00e4r hittar du information om Moderaterna i Stockholms stads f\u00f6rbundsstyrelse och Moderaterna i Stockholms l\u00e4ns f\u00f6rbundsstyrelse.","robots":{"index":"index","follow":"follow","max-snippet":"max-snippet:-1","max-image-preview":"max-image-preview:large","max-video-preview":"max-video-preview:-1"},"canonical":"https:\/\/moderaterna.se\/stockholm\/forbundsstyrelsen\/","og_locale":"sv_SE","og_type":"article","og_title":"F\u00f6rbundsstyrelsen","og_description":"H\u00e4r hittar du information om Moderaterna i Stockholms stads f\u00f6rbundsstyrelse och Moderaterna i Stockholms l\u00e4ns f\u00f6rbundsstyrelse.","og_url":"https:\/\/moderaterna.se\/stockholm\/forbundsstyrelsen\/","og_site_name":"Moderaterna i Stockholms stad och l\u00e4n","article_publisher":"https:\/\/www.facebook.com\/ModeraternaSthlm","article_modified_time":"2026-03-26T21:44:06+00:00","og_image":[{"width":2560,"height":1707,"url":"https:\/\/moderaterna.se\/app\/uploads\/sites\/5\/2024\/03\/shutterstock_2130048473-scaled.jpg","type":"image\/jpeg"}],"twitter_card":"summary_large_image","twitter_site":"@ModeratSthlm","twitter_misc":{"Ber\u00e4knad l\u00e4stid":"2 minuter"},"schema":{"@context":"https:\/\/schema.org","@graph":[{"@type":"WebPage","@id":"https:\/\/moderaterna.se\/stockholm\/forbundsstyrelsen\/","url":"https:\/\/moderaterna.se\/stockholm\/forbundsstyrelsen\/","name":"F\u00f6rbundsstyrelsen | Moderaterna i Stockholms stad och l\u00e4n","isPartOf":{"@id":"https:\/\/moderaterna.se\/stockholm\/#website"},"primaryImageOfPage":{"@id":"https:\/\/moderaterna.se\/stockholm\/forbundsstyrelsen\/#primaryimage"},"image":{"@id":"https:\/\/moderaterna.se\/stockholm\/forbundsstyrelsen\/#primaryimage"},"thumbnailUrl":"https:\/\/moderaterna.se\/app\/uploads\/sites\/5\/2024\/03\/shutterstock_2130048473-scaled.jpg","datePublished":"2021-12-08T08:52:53+00:00","dateModified":"2026-03-26T21:44:06+00:00","description":"H\u00e4r hittar du information om Moderaterna i Stockholms stads f\u00f6rbundsstyrelse och Moderaterna i Stockholms l\u00e4ns f\u00f6rbundsstyrelse.","breadcrumb":{"@id":"https:\/\/moderaterna.se\/stockholm\/forbundsstyrelsen\/#breadcrumb"},"inLanguage":"sv-SE","potentialAction":[{"@type":"ReadAction","target":["https:\/\/moderaterna.se\/stockholm\/forbundsstyrelsen\/"]}]},{"@type":"ImageObject","inLanguage":"sv-SE","@id":"https:\/\/moderaterna.se\/stockholm\/forbundsstyrelsen\/#primaryimage","url":"https:\/\/moderaterna.se\/app\/uploads\/sites\/5\/2024\/03\/shutterstock_2130048473-scaled.jpg","contentUrl":"https:\/\/moderaterna.se\/app\/uploads\/sites\/5\/2024\/03\/shutterstock_2130048473-scaled.jpg","width":2560,"height":1707},{"@type":"BreadcrumbList","@id":"https:\/\/moderaterna.se\/stockholm\/forbundsstyrelsen\/#breadcrumb","itemListElement":[{"@type":"ListItem","position":1,"name":"Hem","item":"https:\/\/moderaterna.se\/stockholm\/"},{"@type":"ListItem","position":2,"name":"F\u00f6rbundsstyrelsen"}]},{"@type":"WebSite","@id":"https:\/\/moderaterna.se\/stockholm\/#website","url":"https:\/\/moderaterna.se\/stockholm\/","name":"Moderaterna i Stockholms stad och l\u00e4n","description":"Nu f\u00e5r vi ordning p\u00e5 Sverige","publisher":{"@id":"https:\/\/moderaterna.se\/stockholm\/#organization"},"potentialAction":[{"@type":"SearchAction","target":{"@type":"EntryPoint","urlTemplate":"https:\/\/moderaterna.se\/stockholm\/?s={search_term_string}"},"query-input":{"@type":"PropertyValueSpecification","valueRequired":true,"valueName":"search_term_string"}}],"inLanguage":"sv-SE"},{"@type":"Organization","@id":"https:\/\/moderaterna.se\/stockholm\/#organization","name":"Moderaterna","url":"https:\/\/moderaterna.se\/stockholm\/","logo":{"@type":"ImageObject","inLanguage":"sv-SE","@id":"https:\/\/moderaterna.se\/stockholm\/#\/schema\/logo\/image\/","url":"https:\/\/moderaterna.se\/app\/uploads\/2021\/10\/logo-general@2x.png","contentUrl":"https:\/\/moderaterna.se\/app\/uploads\/2021\/10\/logo-general@2x.png","width":122,"height":122,"caption":"Moderaterna"},"image":{"@id":"https:\/\/moderaterna.se\/stockholm\/#\/schema\/logo\/image\/"},"sameAs":["https:\/\/www.facebook.com\/ModeraternaSthlm","https:\/\/x.com\/ModeratSthlm","https:\/\/www.instagram.com\/moderatsthlm\/","https:\/\/www.youtube.com\/user\/ModeraternaSthlm"]}]}},"publishpress_future_action":{"enabled":false,"date":"2026-04-14 04:14:03","action":"change-status","newStatus":"draft","terms":[],"taxonomy":"subject"},"_links":{"self":[{"href":"https:\/\/moderaterna.se\/stockholm\/wp-json\/wp\/v2\/pages\/632","targetHints":{"allow":["GET"]}}],"collection":[{"href":"https:\/\/moderaterna.se\/stockholm\/wp-json\/wp\/v2\/pages"}],"about":[{"href":"https:\/\/moderaterna.se\/stockholm\/wp-json\/wp\/v2\/types\/page"}],"author":[{"embeddable":true,"href":"https:\/\/moderaterna.se\/stockholm\/wp-json\/wp\/v2\/users\/9"}],"replies":[{"embeddable":true,"href":"https:\/\/moderaterna.se\/stockholm\/wp-json\/wp\/v2\/comments?post=632"}],"version-history":[{"count":30,"href":"https:\/\/moderaterna.se\/stockholm\/wp-json\/wp\/v2\/pages\/632\/revisions"}],"predecessor-version":[{"id":7892,"href":"https:\/\/moderaterna.se\/stockholm\/wp-json\/wp\/v2\/pages\/632\/revisions\/7892"}],"wp:featuredmedia":[{"embeddable":true,"href":"https:\/\/moderaterna.se\/stockholm\/wp-json\/wp\/v2\/media\/3646"}],"wp:attachment":[{"href":"https:\/\/moderaterna.se\/stockholm\/wp-json\/wp\/v2\/media?parent=632"}],"wp:term":[{"taxonomy":"subject","embeddable":true,"href":"https:\/\/moderaterna.se\/stockholm\/wp-json\/wp\/v2\/subject?post=632"}],"curies":[{"name":"wp","href":"https:\/\/api.w.org\/{rel}","templated":true}]}}