{"id":5986,"date":"2025-03-06T09:58:10","date_gmt":"2025-03-06T08:58:10","guid":{"rendered":"https:\/\/moderaterna.se\/stockholm\/?page_id=5986"},"modified":"2025-03-06T09:58:45","modified_gmt":"2025-03-06T08:58:45","slug":"regeringen-foreslar-omfattande-forenklingar-av-reglerna-for-bygglov","status":"publish","type":"page","link":"https:\/\/moderaterna.se\/stockholm\/regeringen-foreslar-omfattande-forenklingar-av-reglerna-for-bygglov\/","title":{"rendered":"Regeringen f\u00f6resl\u00e5r omfattande f\u00f6renklingar av reglerna f\u00f6r bygglov"},"content":{"rendered":"\n<h2 class=\"wp-block-heading\" id=\"h-mindre-byrakrati-mer-byggfrihet\"><strong>Mindre byr\u00e5krati, mer byggfrihet!<\/strong><\/h2>\n\n\n\n<p>Nu g\u00f6r regeringen det enklare f\u00f6r dig som hus\u00e4gare att bygga p\u00e5 din egen tomt med mindre administrativt kr\u00e5ngel.<\/p>\n\n\n\n<p><strong>Bland annat f\u00f6resl\u00e5s:<\/strong><\/p>\n\n\n\n<ul class=\"wp-block-list\">\n<li>Att kunna bygga en komplementbyggnad utan bygglov p\u00e5 upp till 30 kvm inom detaljplan respektive 50 kvm utanf\u00f6r detaljplan.<\/li>\n<\/ul>\n\n\n\n<ul class=\"wp-block-list\">\n<li>Att kunna g\u00f6ra en tillbyggnad p\u00e5 upp till 30 kvm utan bygglov.<\/li>\n<\/ul>\n\n\n\n<ul class=\"wp-block-list\">\n<li>Att kunna \u00e4ndra fasaden p\u00e5 en- och tv\u00e5bostadshus utan bygglov, vilket g\u00f6r det enklare att s\u00e4tta upp solceller eller m\u00e5la om.<\/li>\n<\/ul>\n\n\n\n<p>De nya reglerna f\u00f6resl\u00e5s tr\u00e4da i kraft 1 oktober 2025.<\/p>\n\n\n\n<div class=\"wp-block-buttons is-layout-flex wp-block-buttons-is-layout-flex\">\n<div class=\"wp-block-button\"><a class=\"wp-block-button__link wp-element-button\" href=\"https:\/\/www.regeringen.se\/pressmeddelanden\/2025\/02\/regeringen-foreslar-omfattande-forenklingar-av-reglerna-for-bygglov\/?mtm_campaign=Pressmeddelande&amp;mtm_source=Pressmeddelande&amp;mtm_medium=email&amp;fbclid=IwY2xjawI2QExleHRuA2FlbQIxMAABHXmr7kq5KPO-7Tu2aUDzYXc1c9-HtNrDoy4FydXBxKhvAKbXsw9eEaWU5g_aem_ctpMCho76n33Yn4KLL60Sw\">L\u00e4s mer h\u00e4r!<\/a><\/div>\n<\/div>\n\n\n\n<p><\/p>\n\n\n\n<div class=\"wp-block-buttons is-layout-flex wp-block-buttons-is-layout-flex\">\n<div class=\"wp-block-button\"><a class=\"wp-block-button__link wp-element-button\" href=\"https:\/\/www.aftonbladet.se\/minekonomi\/a\/5EvdJ6\/regeringens-forslag-forenkla-om-du-vill-bygga-ut\">L\u00e4s artikel i Aftonbladet om de nya reglerna!<\/a><\/div>\n<\/div>\n","protected":false},"excerpt":{"rendered":"<p>Mindre byr\u00e5krati, mer byggfrihet! Nu g\u00f6r regeringen det enklare f\u00f6r dig som hus\u00e4gare att bygga p\u00e5 din egen tomt med mindre administrativt kr\u00e5ngel. Bland annat f\u00f6resl\u00e5s: De nya reglerna f\u00f6resl\u00e5s tr\u00e4da i kraft 1 oktober 2025.<\/p>\n","protected":false},"author":55,"featured_media":5987,"parent":0,"menu_order":0,"comment_status":"closed","ping_status":"closed","template":"","meta":{"_acf_changed":false,"_relevanssi_hide_post":"","_relevanssi_hide_content":"","_relevanssi_pin_for_all":"","_relevanssi_pin_keywords":"","_relevanssi_unpin_keywords":"","_relevanssi_related_keywords":"","_relevanssi_related_include_ids":"","_relevanssi_related_exclude_ids":"","_relevanssi_related_no_append":"","_relevanssi_related_not_related":"","_relevanssi_related_posts":"4558,5969,2078,979,4334,2163","_relevanssi_noindex_reason":"","footnotes":""},"subject":[],"class_list":["post-5986","page","type-page","status-publish","has-post-thumbnail","hentry"],"acf":[],"yoast_head":"<!-- This site is optimized with the Yoast SEO Premium plugin v27.1 (Yoast SEO v27.1.1) - https:\/\/yoast.com\/product\/yoast-seo-premium-wordpress\/ -->\n<title>Regeringen f\u00f6resl\u00e5r omfattande f\u00f6renklingar av reglerna f\u00f6r bygglov | Moderaterna i Stockholms stad och l\u00e4n<\/title>\n<meta name=\"description\" content=\"Nu g\u00f6r regeringen det enklare f\u00f6r dig som hus\u00e4gare att bygga p\u00e5 din egen tomt med mindre administrativt kr\u00e5ngel.\" \/>\n<meta name=\"robots\" content=\"index, follow, max-snippet:-1, max-image-preview:large, max-video-preview:-1\" \/>\n<link rel=\"canonical\" href=\"https:\/\/moderaterna.se\/stockholm\/regeringen-foreslar-omfattande-forenklingar-av-reglerna-for-bygglov\/\" \/>\n<meta property=\"og:locale\" content=\"sv_SE\" \/>\n<meta property=\"og:type\" content=\"article\" \/>\n<meta property=\"og:title\" content=\"Regeringen f\u00f6resl\u00e5r omfattande f\u00f6renklingar av reglerna f\u00f6r bygglov\" \/>\n<meta property=\"og:description\" content=\"Nu g\u00f6r regeringen det enklare f\u00f6r dig som hus\u00e4gare att bygga p\u00e5 din egen tomt med mindre administrativt kr\u00e5ngel.\" \/>\n<meta property=\"og:url\" content=\"https:\/\/moderaterna.se\/stockholm\/regeringen-foreslar-omfattande-forenklingar-av-reglerna-for-bygglov\/\" \/>\n<meta property=\"og:site_name\" content=\"Moderaterna i Stockholms stad och l\u00e4n\" \/>\n<meta property=\"article:publisher\" content=\"https:\/\/www.facebook.com\/ModeraternaSthlm\" \/>\n<meta property=\"article:modified_time\" content=\"2025-03-06T08:58:45+00:00\" \/>\n<meta property=\"og:image\" content=\"https:\/\/moderaterna.se\/app\/uploads\/sites\/5\/2025\/03\/shutterstock_2274374909-scaled.jpg\" \/>\n\t<meta property=\"og:image:width\" content=\"2560\" \/>\n\t<meta property=\"og:image:height\" content=\"1707\" \/>\n\t<meta property=\"og:image:type\" content=\"image\/jpeg\" \/>\n<meta name=\"twitter:card\" content=\"summary_large_image\" \/>\n<meta name=\"twitter:site\" content=\"@ModeratSthlm\" \/>\n<meta name=\"twitter:label1\" content=\"Ber\u00e4knad l\u00e4stid\" \/>\n\t<meta name=\"twitter:data1\" content=\"2 minuter\" \/>\n<script type=\"application\/ld+json\" class=\"yoast-schema-graph\">{\"@context\":\"https:\/\/schema.org\",\"@graph\":[{\"@type\":\"WebPage\",\"@id\":\"https:\/\/moderaterna.se\/stockholm\/regeringen-foreslar-omfattande-forenklingar-av-reglerna-for-bygglov\/\",\"url\":\"https:\/\/moderaterna.se\/stockholm\/regeringen-foreslar-omfattande-forenklingar-av-reglerna-for-bygglov\/\",\"name\":\"Regeringen f\u00f6resl\u00e5r omfattande f\u00f6renklingar av reglerna f\u00f6r bygglov | Moderaterna i Stockholms stad och l\u00e4n\",\"isPartOf\":{\"@id\":\"https:\/\/moderaterna.se\/stockholm\/#website\"},\"primaryImageOfPage\":{\"@id\":\"https:\/\/moderaterna.se\/stockholm\/regeringen-foreslar-omfattande-forenklingar-av-reglerna-for-bygglov\/#primaryimage\"},\"image\":{\"@id\":\"https:\/\/moderaterna.se\/stockholm\/regeringen-foreslar-omfattande-forenklingar-av-reglerna-for-bygglov\/#primaryimage\"},\"thumbnailUrl\":\"https:\/\/moderaterna.se\/app\/uploads\/sites\/5\/2025\/03\/shutterstock_2274374909-scaled.jpg\",\"datePublished\":\"2025-03-06T08:58:10+00:00\",\"dateModified\":\"2025-03-06T08:58:45+00:00\",\"description\":\"Nu g\u00f6r regeringen det enklare f\u00f6r dig som hus\u00e4gare att bygga p\u00e5 din egen tomt med mindre administrativt kr\u00e5ngel.\",\"breadcrumb\":{\"@id\":\"https:\/\/moderaterna.se\/stockholm\/regeringen-foreslar-omfattande-forenklingar-av-reglerna-for-bygglov\/#breadcrumb\"},\"inLanguage\":\"sv-SE\",\"potentialAction\":[{\"@type\":\"ReadAction\",\"target\":[\"https:\/\/moderaterna.se\/stockholm\/regeringen-foreslar-omfattande-forenklingar-av-reglerna-for-bygglov\/\"]}]},{\"@type\":\"ImageObject\",\"inLanguage\":\"sv-SE\",\"@id\":\"https:\/\/moderaterna.se\/stockholm\/regeringen-foreslar-omfattande-forenklingar-av-reglerna-for-bygglov\/#primaryimage\",\"url\":\"https:\/\/moderaterna.se\/app\/uploads\/sites\/5\/2025\/03\/shutterstock_2274374909-scaled.jpg\",\"contentUrl\":\"https:\/\/moderaterna.se\/app\/uploads\/sites\/5\/2025\/03\/shutterstock_2274374909-scaled.jpg\",\"width\":2560,\"height\":1707},{\"@type\":\"BreadcrumbList\",\"@id\":\"https:\/\/moderaterna.se\/stockholm\/regeringen-foreslar-omfattande-forenklingar-av-reglerna-for-bygglov\/#breadcrumb\",\"itemListElement\":[{\"@type\":\"ListItem\",\"position\":1,\"name\":\"Hem\",\"item\":\"https:\/\/moderaterna.se\/stockholm\/\"},{\"@type\":\"ListItem\",\"position\":2,\"name\":\"Regeringen f\u00f6resl\u00e5r omfattande f\u00f6renklingar av reglerna f\u00f6r bygglov\"}]},{\"@type\":\"WebSite\",\"@id\":\"https:\/\/moderaterna.se\/stockholm\/#website\",\"url\":\"https:\/\/moderaterna.se\/stockholm\/\",\"name\":\"Moderaterna i Stockholms stad och l\u00e4n\",\"description\":\"Nu f\u00e5r vi ordning p\u00e5 Sverige\",\"publisher\":{\"@id\":\"https:\/\/moderaterna.se\/stockholm\/#organization\"},\"potentialAction\":[{\"@type\":\"SearchAction\",\"target\":{\"@type\":\"EntryPoint\",\"urlTemplate\":\"https:\/\/moderaterna.se\/stockholm\/?s={search_term_string}\"},\"query-input\":{\"@type\":\"PropertyValueSpecification\",\"valueRequired\":true,\"valueName\":\"search_term_string\"}}],\"inLanguage\":\"sv-SE\"},{\"@type\":\"Organization\",\"@id\":\"https:\/\/moderaterna.se\/stockholm\/#organization\",\"name\":\"Moderaterna\",\"url\":\"https:\/\/moderaterna.se\/stockholm\/\",\"logo\":{\"@type\":\"ImageObject\",\"inLanguage\":\"sv-SE\",\"@id\":\"https:\/\/moderaterna.se\/stockholm\/#\/schema\/logo\/image\/\",\"url\":\"https:\/\/moderaterna.se\/app\/uploads\/2021\/10\/logo-general@2x.png\",\"contentUrl\":\"https:\/\/moderaterna.se\/app\/uploads\/2021\/10\/logo-general@2x.png\",\"width\":122,\"height\":122,\"caption\":\"Moderaterna\"},\"image\":{\"@id\":\"https:\/\/moderaterna.se\/stockholm\/#\/schema\/logo\/image\/\"},\"sameAs\":[\"https:\/\/www.facebook.com\/ModeraternaSthlm\",\"https:\/\/x.com\/ModeratSthlm\",\"https:\/\/www.instagram.com\/moderatsthlm\/\",\"https:\/\/www.youtube.com\/user\/ModeraternaSthlm\"]}]}<\/script>\n<!-- \/ Yoast SEO Premium plugin. -->","yoast_head_json":{"title":"Regeringen f\u00f6resl\u00e5r omfattande f\u00f6renklingar av reglerna f\u00f6r bygglov | Moderaterna i Stockholms stad och l\u00e4n","description":"Nu g\u00f6r regeringen det enklare f\u00f6r dig som hus\u00e4gare att bygga p\u00e5 din egen tomt med mindre administrativt kr\u00e5ngel.","robots":{"index":"index","follow":"follow","max-snippet":"max-snippet:-1","max-image-preview":"max-image-preview:large","max-video-preview":"max-video-preview:-1"},"canonical":"https:\/\/moderaterna.se\/stockholm\/regeringen-foreslar-omfattande-forenklingar-av-reglerna-for-bygglov\/","og_locale":"sv_SE","og_type":"article","og_title":"Regeringen f\u00f6resl\u00e5r omfattande f\u00f6renklingar av reglerna f\u00f6r bygglov","og_description":"Nu g\u00f6r regeringen det enklare f\u00f6r dig som hus\u00e4gare att bygga p\u00e5 din egen tomt med mindre administrativt kr\u00e5ngel.","og_url":"https:\/\/moderaterna.se\/stockholm\/regeringen-foreslar-omfattande-forenklingar-av-reglerna-for-bygglov\/","og_site_name":"Moderaterna i Stockholms stad och l\u00e4n","article_publisher":"https:\/\/www.facebook.com\/ModeraternaSthlm","article_modified_time":"2025-03-06T08:58:45+00:00","og_image":[{"width":2560,"height":1707,"url":"https:\/\/moderaterna.se\/app\/uploads\/sites\/5\/2025\/03\/shutterstock_2274374909-scaled.jpg","type":"image\/jpeg"}],"twitter_card":"summary_large_image","twitter_site":"@ModeratSthlm","twitter_misc":{"Ber\u00e4knad l\u00e4stid":"2 minuter"},"schema":{"@context":"https:\/\/schema.org","@graph":[{"@type":"WebPage","@id":"https:\/\/moderaterna.se\/stockholm\/regeringen-foreslar-omfattande-forenklingar-av-reglerna-for-bygglov\/","url":"https:\/\/moderaterna.se\/stockholm\/regeringen-foreslar-omfattande-forenklingar-av-reglerna-for-bygglov\/","name":"Regeringen f\u00f6resl\u00e5r omfattande f\u00f6renklingar av reglerna f\u00f6r bygglov | Moderaterna i Stockholms stad och l\u00e4n","isPartOf":{"@id":"https:\/\/moderaterna.se\/stockholm\/#website"},"primaryImageOfPage":{"@id":"https:\/\/moderaterna.se\/stockholm\/regeringen-foreslar-omfattande-forenklingar-av-reglerna-for-bygglov\/#primaryimage"},"image":{"@id":"https:\/\/moderaterna.se\/stockholm\/regeringen-foreslar-omfattande-forenklingar-av-reglerna-for-bygglov\/#primaryimage"},"thumbnailUrl":"https:\/\/moderaterna.se\/app\/uploads\/sites\/5\/2025\/03\/shutterstock_2274374909-scaled.jpg","datePublished":"2025-03-06T08:58:10+00:00","dateModified":"2025-03-06T08:58:45+00:00","description":"Nu g\u00f6r regeringen det enklare f\u00f6r dig som hus\u00e4gare att bygga p\u00e5 din egen tomt med mindre administrativt kr\u00e5ngel.","breadcrumb":{"@id":"https:\/\/moderaterna.se\/stockholm\/regeringen-foreslar-omfattande-forenklingar-av-reglerna-for-bygglov\/#breadcrumb"},"inLanguage":"sv-SE","potentialAction":[{"@type":"ReadAction","target":["https:\/\/moderaterna.se\/stockholm\/regeringen-foreslar-omfattande-forenklingar-av-reglerna-for-bygglov\/"]}]},{"@type":"ImageObject","inLanguage":"sv-SE","@id":"https:\/\/moderaterna.se\/stockholm\/regeringen-foreslar-omfattande-forenklingar-av-reglerna-for-bygglov\/#primaryimage","url":"https:\/\/moderaterna.se\/app\/uploads\/sites\/5\/2025\/03\/shutterstock_2274374909-scaled.jpg","contentUrl":"https:\/\/moderaterna.se\/app\/uploads\/sites\/5\/2025\/03\/shutterstock_2274374909-scaled.jpg","width":2560,"height":1707},{"@type":"BreadcrumbList","@id":"https:\/\/moderaterna.se\/stockholm\/regeringen-foreslar-omfattande-forenklingar-av-reglerna-for-bygglov\/#breadcrumb","itemListElement":[{"@type":"ListItem","position":1,"name":"Hem","item":"https:\/\/moderaterna.se\/stockholm\/"},{"@type":"ListItem","position":2,"name":"Regeringen f\u00f6resl\u00e5r omfattande f\u00f6renklingar av reglerna f\u00f6r bygglov"}]},{"@type":"WebSite","@id":"https:\/\/moderaterna.se\/stockholm\/#website","url":"https:\/\/moderaterna.se\/stockholm\/","name":"Moderaterna i Stockholms stad och l\u00e4n","description":"Nu f\u00e5r vi ordning p\u00e5 Sverige","publisher":{"@id":"https:\/\/moderaterna.se\/stockholm\/#organization"},"potentialAction":[{"@type":"SearchAction","target":{"@type":"EntryPoint","urlTemplate":"https:\/\/moderaterna.se\/stockholm\/?s={search_term_string}"},"query-input":{"@type":"PropertyValueSpecification","valueRequired":true,"valueName":"search_term_string"}}],"inLanguage":"sv-SE"},{"@type":"Organization","@id":"https:\/\/moderaterna.se\/stockholm\/#organization","name":"Moderaterna","url":"https:\/\/moderaterna.se\/stockholm\/","logo":{"@type":"ImageObject","inLanguage":"sv-SE","@id":"https:\/\/moderaterna.se\/stockholm\/#\/schema\/logo\/image\/","url":"https:\/\/moderaterna.se\/app\/uploads\/2021\/10\/logo-general@2x.png","contentUrl":"https:\/\/moderaterna.se\/app\/uploads\/2021\/10\/logo-general@2x.png","width":122,"height":122,"caption":"Moderaterna"},"image":{"@id":"https:\/\/moderaterna.se\/stockholm\/#\/schema\/logo\/image\/"},"sameAs":["https:\/\/www.facebook.com\/ModeraternaSthlm","https:\/\/x.com\/ModeratSthlm","https:\/\/www.instagram.com\/moderatsthlm\/","https:\/\/www.youtube.com\/user\/ModeraternaSthlm"]}]}},"publishpress_future_action":{"enabled":false,"date":"2026-04-11 13:02:53","action":"change-status","newStatus":"draft","terms":[],"taxonomy":"subject"},"_links":{"self":[{"href":"https:\/\/moderaterna.se\/stockholm\/wp-json\/wp\/v2\/pages\/5986","targetHints":{"allow":["GET"]}}],"collection":[{"href":"https:\/\/moderaterna.se\/stockholm\/wp-json\/wp\/v2\/pages"}],"about":[{"href":"https:\/\/moderaterna.se\/stockholm\/wp-json\/wp\/v2\/types\/page"}],"author":[{"embeddable":true,"href":"https:\/\/moderaterna.se\/stockholm\/wp-json\/wp\/v2\/users\/55"}],"replies":[{"embeddable":true,"href":"https:\/\/moderaterna.se\/stockholm\/wp-json\/wp\/v2\/comments?post=5986"}],"version-history":[{"count":2,"href":"https:\/\/moderaterna.se\/stockholm\/wp-json\/wp\/v2\/pages\/5986\/revisions"}],"predecessor-version":[{"id":5989,"href":"https:\/\/moderaterna.se\/stockholm\/wp-json\/wp\/v2\/pages\/5986\/revisions\/5989"}],"wp:featuredmedia":[{"embeddable":true,"href":"https:\/\/moderaterna.se\/stockholm\/wp-json\/wp\/v2\/media\/5987"}],"wp:attachment":[{"href":"https:\/\/moderaterna.se\/stockholm\/wp-json\/wp\/v2\/media?parent=5986"}],"wp:term":[{"taxonomy":"subject","embeddable":true,"href":"https:\/\/moderaterna.se\/stockholm\/wp-json\/wp\/v2\/subject?post=5986"}],"curies":[{"name":"wp","href":"https:\/\/api.w.org\/{rel}","templated":true}]}}