{"id":4090,"date":"2024-05-21T14:04:00","date_gmt":"2024-05-21T12:04:00","guid":{"rendered":"https:\/\/moderaterna.se\/stockholm\/?page_id=4090"},"modified":"2024-05-21T14:04:00","modified_gmt":"2024-05-21T12:04:00","slug":"moderaterna-se-stockholm-vard","status":"publish","type":"page","link":"https:\/\/moderaterna.se\/stockholm\/moderaterna-se-stockholm-vard\/","title":{"rendered":""},"content":{"rendered":"\n<p><strong><strong>Just nu p\u00e5g\u00e5r det en nedmontering av v\u00e5rden inom Stockholmsregionen, vilket p\u00e5verkar patienterna negativt. Under ledning av Socialdemokraterna har beslut fattats som p\u00e5verkar tillg\u00e4ngligheten till s\u00e5v\u00e4l n\u00e4rakuter som till digital v\u00e5rd och patienter i behov av operation. Bara sedan i mars 2023 har antalet v\u00e4ntande p\u00e5 operation i Stockholm&nbsp;<\/strong><a href=\"https:\/\/sverigesradio.se\/artikel\/patricia-har-vantat-fem-manader-pa-operation-kanns-jobbigt\"><strong>\u00f6kat med 2700 personer<\/strong><\/a><strong>.<\/strong><\/strong><\/p>\n\n\n\n<p>Exempel p\u00e5 beslut som kommer att g\u00f6ra v\u00e5rden mer omodern och mer otill\u00e4nglig fram\u00e5t:&nbsp;<\/p>\n\n\n\n<ul class=\"wp-block-list\">\n<li><a href=\"https:\/\/www.svd.se\/a\/mQdKAp\/stockholmssjukvarden-star-infor-sparchock\" target=\"_blank\" rel=\"noreferrer noopener\"><strong>St\u00e4nga fungerande n\u00e4rakuter<\/strong><\/a> som exempelvis H\u00f6torget och inte \u00f6ppna de nya planerade n\u00e4rakuterna i J\u00e4rf\u00e4lla och Sk\u00e4rholmen. Detta kommer att leda till \u00e4nnu fler patienter p\u00e5 redan \u00f6verfulla akutmottagningar.&nbsp;<\/li>\n<\/ul>\n\n\n\n<ul class=\"wp-block-list\">\n<li><strong>Begr\u00e4nsad tillg\u00e5ng till digital v\u00e5rd<\/strong> genom att strypa de digitala v\u00e5rdgivarnas finansiering. Detta kommer att leda till att fler inte f\u00e5r hj\u00e4lp p\u00e5 ett smidigt s\u00e4tt digitalt utan ist\u00e4llet s\u00f6ker v\u00e5rd p\u00e5 annat s\u00e4tt.&nbsp;&nbsp;<\/li>\n\n\n\n<li><strong>Omorganisering av v\u00e4lfungerande sjukv\u00e5rdsupplysningen 1177<\/strong> trots h\u00f6g risk f\u00f6r l\u00e4ngre v\u00e4ntetider. N\u00e4r man gjort denna omorganisation i andra regioner kan man se att v\u00e4ntetiderna \u00f6kat. \u00c4nd\u00e5 v\u00e4ljer man denna v\u00e4g i Stockholm.&nbsp;<\/li>\n\n\n\n<li><a href=\"https:\/\/www.svd.se\/a\/GM87gB\/region-stockholm-atertar-driften-av-stadens-ambulanser\" target=\"_blank\" rel=\"noreferrer noopener\"><strong>Uppsagda avtal med fungerande ambulanssjukv\u00e5rd<\/strong><\/a> <strong>efter 30 \u00e5r<\/strong>, trots kritik fr\u00e5n medarbetarna.&nbsp;&nbsp;<\/li>\n\n\n\n<li><strong>L\u00e4gga ned v\u00e4lfungerande \u00e4tst\u00f6rningsv\u00e5rd<\/strong> trots m\u00e5nga allvarligt sjuka barn i v\u00e5rdk\u00f6. I st\u00e4llet f\u00f6r att utveckla \u00e4tst\u00f6rningsv\u00e5rden l\u00e5ter man v\u00e5rdk\u00f6erna p\u00e5 BUP v\u00e4xa sig rekordl\u00e5nga. Det tvingar desperata f\u00f6r\u00e4ldrar att betala v\u00e5rd ur egen ficka. Det finns frist\u00e5ende akt\u00f6rer som \u00e4r beredda att hj\u00e4lpa till att kapa k\u00f6erna men Socialdemokraterna s\u00e4ger nej till en s\u00e5dan l\u00f6sning.&nbsp;<\/li>\n\n\n\n<li><strong>F\u00e4rre sjuksk\u00f6terskor trots h\u00f6g arbetsbelastning<\/strong> genom att hastigt skrota m\u00f6jligheten att ta in vikarier vid sjukdom, trots att arbetsbelastningen blir v\u00e4rre f\u00f6r dem som \u00e4r kvar. <a href=\"https:\/\/omni.se\/oppositionens-krav-stoppa-paus-av-hyrpersonal\/a\/APQ6dj\" target=\"_blank\" rel=\"noreferrer noopener\">Det \u00e4r r\u00e4tt att dra ned p\u00e5 hyrpersonal inom v\u00e5rden, men det m\u00e5ste ske gradvis<\/a> f\u00f6r att inte skapa orimlig belastning p\u00e5 de medarbetare som \u00e4r kvar. Hittills har f\u00f6r\u00e4ndringen lett till att k\u00f6erna till operation \u00f6kat med 2700 personer sedan mars 2023.&nbsp;&nbsp;&nbsp;<\/li>\n<\/ul>\n\n\n\n<p>Vi \u00e4r medvetna om att Stockholms sjukv\u00e5rd inte \u00e4r perfekt samt st\u00e5r inf\u00f6r stora utmaningar. Men att montera ned v\u00e4lfungerande sjukv\u00e5rd \u00e4r helt fel v\u00e4g att g\u00e5.&nbsp;&nbsp;<\/p>\n\n\n\n<p>Trots att Region Stockholm har den h\u00f6gsta regionskatten i landet och \u00e4r Sveriges mest v\u00e4lb\u00e4rgade region, riskerar v\u00e5rden att bli b\u00e5de omodern och otillg\u00e4nglig. Detta vill vi f\u00f6rhindra.&nbsp;<\/p>\n\n\n\n<p>Att v\u00e5rden \u00e4r tillg\u00e4nglig under alla dygnets timmar och ger patienterna r\u00e4tt v\u00e5rd i r\u00e4tt tid f\u00f6rblir Moderaternas fr\u00e4msta prioritet.&nbsp;<\/p>\n\n\n\n<p>Vill du ocks\u00e5 stoppa nedmonteringen av Stockholmsv\u00e5rden? <a href=\"https:\/\/moderaterna.membersite.se\/Membership\/BuyMembershipGetSparData\">Bli medlem h\u00e4r!&nbsp;<\/a><\/p>\n\n\n\n<p><a href=\"https:\/\/moderaterna.se\/app\/uploads\/sites\/5\/2023\/09\/Fra\u030agor-och-svar-om-Stockholms-ha\u0308lso-och-sjukva\u030ard.pdf\">FAQ <\/a><\/p>\n","protected":false},"excerpt":{"rendered":"<p>Just nu p\u00e5g\u00e5r det en nedmontering av v\u00e5rden inom Stockholmsregionen, vilket p\u00e5verkar patienterna negativt. Under ledning av Socialdemokraterna har beslut fattats som p\u00e5verkar tillg\u00e4ngligheten till s\u00e5v\u00e4l n\u00e4rakuter som till digital v\u00e5rd och patienter i behov av operation. Bara sedan i mars 2023 har antalet v\u00e4ntande p\u00e5 operation i Stockholm&nbsp;\u00f6kat med 2700 personer. Exempel p\u00e5 beslut [&hellip;]<\/p>\n","protected":false},"author":55,"featured_media":0,"parent":0,"menu_order":0,"comment_status":"closed","ping_status":"closed","template":"","meta":{"_acf_changed":false,"_relevanssi_hide_post":"","_relevanssi_hide_content":"","_relevanssi_pin_for_all":"","_relevanssi_pin_keywords":"","_relevanssi_unpin_keywords":"","_relevanssi_related_keywords":"","_relevanssi_related_include_ids":"","_relevanssi_related_exclude_ids":"","_relevanssi_related_no_append":"","_relevanssi_related_not_related":"","_relevanssi_related_posts":"963,3971,987,3779,2637,2179","_relevanssi_noindex_reason":"","footnotes":""},"subject":[],"class_list":["post-4090","page","type-page","status-publish","hentry"],"acf":[],"yoast_head":"<!-- This site is optimized with the Yoast SEO Premium plugin v27.1 (Yoast SEO v27.1.1) - https:\/\/yoast.com\/product\/yoast-seo-premium-wordpress\/ -->\n<title>| Moderaterna i Stockholms stad och l\u00e4n<\/title>\n<meta name=\"robots\" content=\"index, follow, max-snippet:-1, max-image-preview:large, max-video-preview:-1\" \/>\n<link rel=\"canonical\" href=\"https:\/\/moderaterna.se\/stockholm\/moderaterna-se-stockholm-vard\/\" \/>\n<meta property=\"og:locale\" content=\"sv_SE\" \/>\n<meta property=\"og:type\" content=\"article\" \/>\n<meta property=\"og:url\" content=\"https:\/\/moderaterna.se\/stockholm\/moderaterna-se-stockholm-vard\/\" \/>\n<meta property=\"og:site_name\" content=\"Moderaterna i Stockholms stad och l\u00e4n\" \/>\n<meta property=\"article:publisher\" content=\"https:\/\/www.facebook.com\/ModeraternaSthlm\" \/>\n<meta property=\"og:image\" content=\"https:\/\/moderaterna.se\/app\/uploads\/sites\/5\/2022\/01\/DELNINGSBILD_hemsida_fo\u0308rstasida.png\" \/>\n\t<meta property=\"og:image:width\" content=\"1200\" \/>\n\t<meta property=\"og:image:height\" content=\"628\" \/>\n\t<meta property=\"og:image:type\" content=\"image\/png\" \/>\n<meta name=\"twitter:card\" content=\"summary_large_image\" \/>\n<meta name=\"twitter:site\" content=\"@ModeratSthlm\" \/>\n<meta name=\"twitter:label1\" content=\"Ber\u00e4knad l\u00e4stid\" \/>\n\t<meta name=\"twitter:data1\" content=\"3 minuter\" \/>\n<script type=\"application\/ld+json\" class=\"yoast-schema-graph\">{\"@context\":\"https:\/\/schema.org\",\"@graph\":[{\"@type\":\"WebPage\",\"@id\":\"https:\/\/moderaterna.se\/stockholm\/moderaterna-se-stockholm-vard\/\",\"url\":\"https:\/\/moderaterna.se\/stockholm\/moderaterna-se-stockholm-vard\/\",\"name\":\"| Moderaterna i Stockholms stad och l\u00e4n\",\"isPartOf\":{\"@id\":\"https:\/\/moderaterna.se\/stockholm\/#website\"},\"datePublished\":\"2024-05-21T12:04:00+00:00\",\"inLanguage\":\"sv-SE\",\"potentialAction\":[{\"@type\":\"ReadAction\",\"target\":[\"https:\/\/moderaterna.se\/stockholm\/moderaterna-se-stockholm-vard\/\"]}]},{\"@type\":\"WebSite\",\"@id\":\"https:\/\/moderaterna.se\/stockholm\/#website\",\"url\":\"https:\/\/moderaterna.se\/stockholm\/\",\"name\":\"Moderaterna i Stockholms stad och l\u00e4n\",\"description\":\"Nu f\u00e5r vi ordning p\u00e5 Sverige\",\"publisher\":{\"@id\":\"https:\/\/moderaterna.se\/stockholm\/#organization\"},\"potentialAction\":[{\"@type\":\"SearchAction\",\"target\":{\"@type\":\"EntryPoint\",\"urlTemplate\":\"https:\/\/moderaterna.se\/stockholm\/?s={search_term_string}\"},\"query-input\":{\"@type\":\"PropertyValueSpecification\",\"valueRequired\":true,\"valueName\":\"search_term_string\"}}],\"inLanguage\":\"sv-SE\"},{\"@type\":\"Organization\",\"@id\":\"https:\/\/moderaterna.se\/stockholm\/#organization\",\"name\":\"Moderaterna\",\"url\":\"https:\/\/moderaterna.se\/stockholm\/\",\"logo\":{\"@type\":\"ImageObject\",\"inLanguage\":\"sv-SE\",\"@id\":\"https:\/\/moderaterna.se\/stockholm\/#\/schema\/logo\/image\/\",\"url\":\"https:\/\/moderaterna.se\/app\/uploads\/2021\/10\/logo-general@2x.png\",\"contentUrl\":\"https:\/\/moderaterna.se\/app\/uploads\/2021\/10\/logo-general@2x.png\",\"width\":122,\"height\":122,\"caption\":\"Moderaterna\"},\"image\":{\"@id\":\"https:\/\/moderaterna.se\/stockholm\/#\/schema\/logo\/image\/\"},\"sameAs\":[\"https:\/\/www.facebook.com\/ModeraternaSthlm\",\"https:\/\/x.com\/ModeratSthlm\",\"https:\/\/www.instagram.com\/moderatsthlm\/\",\"https:\/\/www.youtube.com\/user\/ModeraternaSthlm\"]}]}<\/script>\n<!-- \/ Yoast SEO Premium plugin. -->","yoast_head_json":{"title":"| Moderaterna i Stockholms stad och l\u00e4n","robots":{"index":"index","follow":"follow","max-snippet":"max-snippet:-1","max-image-preview":"max-image-preview:large","max-video-preview":"max-video-preview:-1"},"canonical":"https:\/\/moderaterna.se\/stockholm\/moderaterna-se-stockholm-vard\/","og_locale":"sv_SE","og_type":"article","og_url":"https:\/\/moderaterna.se\/stockholm\/moderaterna-se-stockholm-vard\/","og_site_name":"Moderaterna i Stockholms stad och l\u00e4n","article_publisher":"https:\/\/www.facebook.com\/ModeraternaSthlm","og_image":[{"width":1200,"height":628,"url":"https:\/\/moderaterna.se\/app\/uploads\/sites\/5\/2022\/01\/DELNINGSBILD_hemsida_fo\u0308rstasida.png","type":"image\/png"}],"twitter_card":"summary_large_image","twitter_site":"@ModeratSthlm","twitter_misc":{"Ber\u00e4knad l\u00e4stid":"3 minuter"},"schema":{"@context":"https:\/\/schema.org","@graph":[{"@type":"WebPage","@id":"https:\/\/moderaterna.se\/stockholm\/moderaterna-se-stockholm-vard\/","url":"https:\/\/moderaterna.se\/stockholm\/moderaterna-se-stockholm-vard\/","name":"| Moderaterna i Stockholms stad och l\u00e4n","isPartOf":{"@id":"https:\/\/moderaterna.se\/stockholm\/#website"},"datePublished":"2024-05-21T12:04:00+00:00","inLanguage":"sv-SE","potentialAction":[{"@type":"ReadAction","target":["https:\/\/moderaterna.se\/stockholm\/moderaterna-se-stockholm-vard\/"]}]},{"@type":"WebSite","@id":"https:\/\/moderaterna.se\/stockholm\/#website","url":"https:\/\/moderaterna.se\/stockholm\/","name":"Moderaterna i Stockholms stad och l\u00e4n","description":"Nu f\u00e5r vi ordning p\u00e5 Sverige","publisher":{"@id":"https:\/\/moderaterna.se\/stockholm\/#organization"},"potentialAction":[{"@type":"SearchAction","target":{"@type":"EntryPoint","urlTemplate":"https:\/\/moderaterna.se\/stockholm\/?s={search_term_string}"},"query-input":{"@type":"PropertyValueSpecification","valueRequired":true,"valueName":"search_term_string"}}],"inLanguage":"sv-SE"},{"@type":"Organization","@id":"https:\/\/moderaterna.se\/stockholm\/#organization","name":"Moderaterna","url":"https:\/\/moderaterna.se\/stockholm\/","logo":{"@type":"ImageObject","inLanguage":"sv-SE","@id":"https:\/\/moderaterna.se\/stockholm\/#\/schema\/logo\/image\/","url":"https:\/\/moderaterna.se\/app\/uploads\/2021\/10\/logo-general@2x.png","contentUrl":"https:\/\/moderaterna.se\/app\/uploads\/2021\/10\/logo-general@2x.png","width":122,"height":122,"caption":"Moderaterna"},"image":{"@id":"https:\/\/moderaterna.se\/stockholm\/#\/schema\/logo\/image\/"},"sameAs":["https:\/\/www.facebook.com\/ModeraternaSthlm","https:\/\/x.com\/ModeratSthlm","https:\/\/www.instagram.com\/moderatsthlm\/","https:\/\/www.youtube.com\/user\/ModeraternaSthlm"]}]}},"publishpress_future_action":{"enabled":false,"date":"2026-04-14 03:20:13","action":"change-status","newStatus":"draft","terms":[],"taxonomy":"subject"},"_links":{"self":[{"href":"https:\/\/moderaterna.se\/stockholm\/wp-json\/wp\/v2\/pages\/4090","targetHints":{"allow":["GET"]}}],"collection":[{"href":"https:\/\/moderaterna.se\/stockholm\/wp-json\/wp\/v2\/pages"}],"about":[{"href":"https:\/\/moderaterna.se\/stockholm\/wp-json\/wp\/v2\/types\/page"}],"author":[{"embeddable":true,"href":"https:\/\/moderaterna.se\/stockholm\/wp-json\/wp\/v2\/users\/55"}],"replies":[{"embeddable":true,"href":"https:\/\/moderaterna.se\/stockholm\/wp-json\/wp\/v2\/comments?post=4090"}],"version-history":[{"count":2,"href":"https:\/\/moderaterna.se\/stockholm\/wp-json\/wp\/v2\/pages\/4090\/revisions"}],"predecessor-version":[{"id":4098,"href":"https:\/\/moderaterna.se\/stockholm\/wp-json\/wp\/v2\/pages\/4090\/revisions\/4098"}],"wp:attachment":[{"href":"https:\/\/moderaterna.se\/stockholm\/wp-json\/wp\/v2\/media?parent=4090"}],"wp:term":[{"taxonomy":"subject","embeddable":true,"href":"https:\/\/moderaterna.se\/stockholm\/wp-json\/wp\/v2\/subject?post=4090"}],"curies":[{"name":"wp","href":"https:\/\/api.w.org\/{rel}","templated":true}]}}