{"id":39,"date":"2021-10-13T13:03:39","date_gmt":"2021-10-13T11:03:39","guid":{"rendered":"https:\/\/moderaterna.se\/?page_id=39"},"modified":"2026-02-02T13:30:56","modified_gmt":"2026-02-02T12:30:56","slug":"lokal-politik","status":"publish","type":"page","link":"https:\/\/moderaterna.se\/stockholm\/lokal-politik\/","title":{"rendered":"Lokal politik"},"content":{"rendered":"\n<p>Moderat politik skapar ett b\u00e4ttre liv eftersom vi \u00e4r garanten f\u00f6r frihet, ansvar och att str\u00e4vsamhet ska l\u00f6na sig. N\u00e4r andra erbjuder kravl\u00f6shet st\u00e5r vi upp f\u00f6r det som \u00e4r r\u00e4tt, oavsett om det handlar om brottsbek\u00e4mpning, arbetslinje eller kunskapsskola. Stockholm beh\u00f6ver en politik som bygger p\u00e5 m\u00e4nniskors egna val och f\u00f6rm\u00e5gor, inte p\u00e5 politikers centralstyrning. Vi tror p\u00e5 Stockholms m\u00f6jligheter och p\u00e5 m\u00e4nniskorna h\u00e4r.<\/p>\n\n\n\n<p><em>I v\u00e5rt Stockholm \u00e4r det viktiga inte var du kommer ifr\u00e5n, utan vad du g\u00f6r och vart du \u00e4r p\u00e5 v\u00e4g.<\/em><\/p>\n\n\n\n<h2 class=\"wp-block-heading\" id=\"h-vad-tycker-moderaterna-i-dina-hjartefragor\">Vad tycker Moderaterna i dina hj\u00e4rtefr\u00e5gor?<\/h2>\n\n\n\n<div class=\"wp-block-group\"><div class=\"wp-block-group__inner-container is-layout-constrained wp-block-group-is-layout-constrained\"><div id=\"search-subjects-block_acf_block_68ccf2b2dce11\" class=\"search-subjects custom-block\">\n    <div class=\"search-subjects__content\">\n        <div class=\"search-subjects__content--search\">\n            <form @submit.prevent=\"avoidRefresh\" role=\"search\" class=\"search-subjects__content--search__form\">\n                <label class=\"show-for-sr\" for=\"search-subjects-block_acf_block_68ccf2b2dce11__search\">S\u00f6k hj\u00e4rtefr\u00e5gor<\/label>\n                <input v-model=\"search\" type=\"text\" name=\"search\" autocomplete=\"off\" class=\"search-subjects__content--search__form--input\" id=\"search-subjects-block_acf_block_68ccf2b2dce11__search\">\n                <svg xmlns=\"http:\/\/www.w3.org\/2000\/svg\" width=\"30.621\" height=\"30.621\" viewBox=\"0 0 30.621 30.621\" aria-hidden=\"true\"><g data-name=\"Icon feather-search\" fill=\"none\" stroke=\"#213a8f\" stroke-linecap=\"round\" stroke-linejoin=\"round\" stroke-width=\"3\"><path data-name=\"Path 13\" d=\"M25.5 13.5a12 12 0 1 1-12-12 12 12 0 0 1 12 12z\"\/><path data-name=\"Path 14\" d=\"M28.5 28.5l-6.525-6.525\"\/><\/g><\/svg>                                    <button @click=\"changeListVisibility(true)\" type=\"button\" class=\"search-subjects__content--search__form--button\">\n                        <span class=\"show-for-sr\">Visa alla hj\u00e4rtefr\u00e5gor<\/span>\n                        <span><\/span>\n                        <span><\/span>\n                        <span><\/span>\n                        <span><\/span>\n                    <\/button>\n                    <div v-cloak v-show=\"isListVisible\" class=\"search-subjects__content--search__form--list\">\n                        <div class=\"search-subjects__content--search__form--list__heading\">\n                            <p class=\"p--dark-blue\">V\u00e4lj hj\u00e4rtefr\u00e5ga<\/p>\n                            <button @click=\"changeListVisibility(false)\" type=\"button\" class=\"search-subjects__content--search__form--list__heading--button\">\n                                <span class=\"show-for-sr\">D\u00f6lj alla hj\u00e4rtefr\u00e5gor<\/span>\n                                <span><\/span>\n                                <span><\/span>\n                            <\/button>\n                        <\/div>\n                        <div class=\"search-subjects__content--search__form--list__line\"><\/div>\n                        <div class=\"search-subjects__content--search__form--list__subjects\">\n                            <ul>\n                                                                    <li>\n                                        <a class=\"p--dark-grey\" href=\"https:\/\/moderaterna.se\/stockholm\/var-politik\/arbetslinjen-stockholm\/\">Arbetslinjen<\/a>\n                                    <\/li>\n                                                                    <li>\n                                        <a class=\"p--dark-grey\" href=\"https:\/\/moderaterna.se\/stockholm\/var-politik\/bostadspolitik\/\">Bostadspolitik<\/a>\n                                    <\/li>\n                                                                    <li>\n                                        <a class=\"p--dark-grey\" href=\"https:\/\/moderaterna.se\/stockholm\/var-politik\/ekonomi\/\">Ekonomi<\/a>\n                                    <\/li>\n                                                                    <li>\n                                        <a class=\"p--dark-grey\" href=\"https:\/\/moderaterna.se\/stockholm\/var-politik\/foretagsklimat-2\/\">F\u00f6retagsklimat<\/a>\n                                    <\/li>\n                                                                    <li>\n                                        <a class=\"p--dark-grey\" href=\"https:\/\/moderaterna.se\/stockholm\/var-politik\/forskola\/\">F\u00f6rskola<\/a>\n                                    <\/li>\n                                                                    <li>\n                                        <a class=\"p--dark-grey\" href=\"https:\/\/moderaterna.se\/stockholm\/var-politik\/gronomraden\/\">Gr\u00f6nomr\u00e5den<\/a>\n                                    <\/li>\n                                                                    <li>\n                                        <a class=\"p--dark-grey\" href=\"https:\/\/moderaterna.se\/stockholm\/var-politik\/hbtq\/\">HBTQ<\/a>\n                                    <\/li>\n                                                                    <li>\n                                        <a class=\"p--dark-grey\" href=\"https:\/\/moderaterna.se\/stockholm\/var-politik\/infrastruktur-2\/\">Infrastruktur<\/a>\n                                    <\/li>\n                                                                    <li>\n                                        <a class=\"p--dark-grey\" href=\"https:\/\/moderaterna.se\/stockholm\/var-politik\/integration-2\/\">Integration<\/a>\n                                    <\/li>\n                                                                    <li>\n                                        <a class=\"p--dark-grey\" href=\"https:\/\/moderaterna.se\/stockholm\/var-politik\/stockholms-kollektivtrafik\/\">Kollektivtrafik<\/a>\n                                    <\/li>\n                                                                    <li>\n                                        <a class=\"p--dark-grey\" href=\"https:\/\/moderaterna.se\/stockholm\/var-politik\/kultur-2\/\">Kultur<\/a>\n                                    <\/li>\n                                                                    <li>\n                                        <a class=\"p--dark-grey\" href=\"https:\/\/moderaterna.se\/stockholm\/var-politik\/miljo-och-klimat\/\">Milj\u00f6 och klimat<\/a>\n                                    <\/li>\n                                                                    <li>\n                                        <a class=\"p--dark-grey\" href=\"https:\/\/moderaterna.se\/stockholm\/var-politik\/skola-2\/\">Skola<\/a>\n                                    <\/li>\n                                                                    <li>\n                                        <a class=\"p--dark-grey\" href=\"https:\/\/moderaterna.se\/stockholm\/var-politik\/skargard\/\">Sk\u00e4rg\u00e5rd<\/a>\n                                    <\/li>\n                                                                    <li>\n                                        <a class=\"p--dark-grey\" href=\"https:\/\/moderaterna.se\/stockholm\/var-politik\/tillvaxt-2\/\">Tillv\u00e4xt<\/a>\n                                    <\/li>\n                                                                    <li>\n                                        <a class=\"p--dark-grey\" href=\"https:\/\/moderaterna.se\/stockholm\/var-politik\/trygghet\/\">Trygghet<\/a>\n                                    <\/li>\n                                                                    <li>\n                                        <a class=\"p--dark-grey\" href=\"https:\/\/moderaterna.se\/stockholm\/var-politik\/utbildning-och-forskning\/\">Utbildning och forskning<\/a>\n                                    <\/li>\n                                                                    <li>\n                                        <a class=\"p--dark-grey\" href=\"https:\/\/moderaterna.se\/stockholm\/var-politik\/vard-och-omsorg\/\">V\u00e5rd och omsorg<\/a>\n                                    <\/li>\n                                                                    <li>\n                                        <a class=\"p--dark-grey\" href=\"https:\/\/moderaterna.se\/stockholm\/var-politik\/aterbruk-och-cirkular-ekonomi\/\">\u00c5terbruk och cirkul\u00e4r ekonomi<\/a>\n                                    <\/li>\n                                                                    <li>\n                                        <a class=\"p--dark-grey\" href=\"https:\/\/moderaterna.se\/stockholm\/var-politik\/aldreomsorg-2\/\">\u00c4ldreomsorg<\/a>\n                                    <\/li>\n                                                            <\/ul>\n                        <\/div>\n                    <\/div>\n                            <\/form>\n        <\/div>\n        <div v-cloak class=\"search-subjects__content--results\" aria-live=\"polite\">\n            <p v-if=\"filteredSubjects.length === 0 &#038;&#038; search\">Inga s\u00f6kresultat<\/p>\n            <div v-else v-for=\"subject in filteredSubjects\" class=\"search-subjects__content--results__single\">\n                <div class=\"search-subjects__content--results__single--main\">\n                    <button :data-name=\"subject[0].name\" @click=\"toggleButton($event)\" :class=\"isCookieActive(subject[0].slug, 'moderaterna_voted_subjects') ?\n                    'active-heart vote-subject-button' : 'not-active-heart vote-subject-button'\" :value=\"subject[0].slug\">\n                        <span class=\"show-for-sr\">\n                            {{\n                                isCookieActive(subject[0].slug, `moderaterna_voted_subjects`) ?\n                                `Ta bort ${subject[0].name} fr\u00e5n dina hj\u00e4rtefr\u00e5gor` :\n                                `L\u00e4gg till ${subject[0].name} bland dina hj\u00e4rtefr\u00e5gor`\n                            }}\n                        <\/span>\n                        <svg xmlns=\"http:\/\/www.w3.org\/2000\/svg\" width=\"29.25\" height=\"28.125\" viewBox=\"0 0 29.25 28.125\" aria-hidden=\"true\"><path data-name=\"Icon ionic-ios-heart-empty\" d=\"M21.375 0h-.07a8 8 0 0 0-6.68 3.656A8 8 0 0 0 7.945 0h-.07A7.949 7.949 0 0 0 0 7.945a17.115 17.115 0 0 0 3.361 9.33c4.233 5.787 11.264 10.85 11.264 10.85s7.031-5.063 11.264-10.85a17.115 17.115 0 0 0 3.361-9.33A7.949 7.949 0 0 0 21.375 0zM24.3 16.116a53.929 53.929 0 0 1-9.675 9.533 54.01 54.01 0 0 1-9.675-9.541 15.169 15.169 0 0 1-2.981-8.163 5.966 5.966 0 0 1 5.92-5.97h.063a5.9 5.9 0 0 1 2.89.759 6.144 6.144 0 0 1 2.137 2 1.975 1.975 0 0 0 3.3 0 6.205 6.205 0 0 1 2.138-2 5.9 5.9 0 0 1 2.89-.759h.063a5.966 5.966 0 0 1 5.92 5.97 15.361 15.361 0 0 1-2.99 8.17z\" fill=\"#213a8f\"\/><\/svg>                        <svg xmlns=\"http:\/\/www.w3.org\/2000\/svg\" data-name=\"Icon ionic-ios-heart\" width=\"29.25\" height=\"28.125\" viewBox=\"0 0 29.25 28.125\" aria-hidden=\"true\" class=\"hidden-heart\"><path data-name=\"Icon ionic-ios-heart\" d=\"M21.375 0h-.07a8 8 0 0 0-6.68 3.656A8 8 0 0 0 7.945 0h-.07A7.949 7.949 0 0 0 0 7.945a17.115 17.115 0 0 0 3.361 9.33c4.233 5.787 11.264 10.85 11.264 10.85s7.031-5.063 11.264-10.85a17.115 17.115 0 0 0 3.361-9.33A7.949 7.949 0 0 0 21.375 0z\" fill=\"#213a8f\"\/><\/svg>                    <\/button>\n                    <h3 class=\"h6--dark-grey\"><a :href=\"subject[0].page_link\">{{ subject[0].name }}<\/a><\/h3>\n                <\/div>\n                <div v-if=\"subject[1]\" class=\"search-subjects__content--results__single--related\">\n                    <p>Relaterade hj\u00e4rtefr\u00e5gor<\/p>\n                    <div v-for=\"relatedSubjects in subject[1]\" class=\"search-subjects__content--results__single--related__single\">\n                        <button :data-name=\"relatedSubjects.name\" @:click=\"toggleButton($event)\" :class=\"isCookieActive(relatedSubjects.slug, 'moderaterna_voted_subjects') ?\n                        'active-heart vote-subject-button' : 'not-active-heart vote-subject-button'\" :value=\"relatedSubjects.slug\">\n                            <span class=\"show-for-sr\">\n                                {{\n                                    isCookieActive(relatedSubjects.slug, `moderaterna_voted_subjects`) ?\n                                    `Ta bort ${relatedSubjects.name} fr\u00e5n dina hj\u00e4rtefr\u00e5gor` :\n                                    `L\u00e4gg till ${relatedSubjects.name} bland dina hj\u00e4rtefr\u00e5gor`\n                                }}\n                            <\/span>\n                            <svg xmlns=\"http:\/\/www.w3.org\/2000\/svg\" width=\"29.25\" height=\"28.125\" viewBox=\"0 0 29.25 28.125\" aria-hidden=\"true\"><path data-name=\"Icon ionic-ios-heart-empty\" d=\"M21.375 0h-.07a8 8 0 0 0-6.68 3.656A8 8 0 0 0 7.945 0h-.07A7.949 7.949 0 0 0 0 7.945a17.115 17.115 0 0 0 3.361 9.33c4.233 5.787 11.264 10.85 11.264 10.85s7.031-5.063 11.264-10.85a17.115 17.115 0 0 0 3.361-9.33A7.949 7.949 0 0 0 21.375 0zM24.3 16.116a53.929 53.929 0 0 1-9.675 9.533 54.01 54.01 0 0 1-9.675-9.541 15.169 15.169 0 0 1-2.981-8.163 5.966 5.966 0 0 1 5.92-5.97h.063a5.9 5.9 0 0 1 2.89.759 6.144 6.144 0 0 1 2.137 2 1.975 1.975 0 0 0 3.3 0 6.205 6.205 0 0 1 2.138-2 5.9 5.9 0 0 1 2.89-.759h.063a5.966 5.966 0 0 1 5.92 5.97 15.361 15.361 0 0 1-2.99 8.17z\" fill=\"#213a8f\"\/><\/svg>                            <svg xmlns=\"http:\/\/www.w3.org\/2000\/svg\" data-name=\"Icon ionic-ios-heart\" width=\"29.25\" height=\"28.125\" viewBox=\"0 0 29.25 28.125\" aria-hidden=\"true\" class=\"hidden-heart\"><path data-name=\"Icon ionic-ios-heart\" d=\"M21.375 0h-.07a8 8 0 0 0-6.68 3.656A8 8 0 0 0 7.945 0h-.07A7.949 7.949 0 0 0 0 7.945a17.115 17.115 0 0 0 3.361 9.33c4.233 5.787 11.264 10.85 11.264 10.85s7.031-5.063 11.264-10.85a17.115 17.115 0 0 0 3.361-9.33A7.949 7.949 0 0 0 21.375 0z\" fill=\"#213a8f\"\/><\/svg>                        <\/button>\n                        <h3 class=\"h6--dark-grey\"><a :href=\"relatedSubjects.page_link\">{{ relatedSubjects.name }}<\/a><\/h3>\n                    <\/div>\n                <\/div>\n            <\/div>\n        <\/div>\n    <\/div>\n<\/div>\n<\/div><\/div>\n\n\n\n<div class=\"wp-block-columns is-layout-flex wp-container-core-columns-is-layout-9d6595d7 wp-block-columns-is-layout-flex\">\n<div class=\"wp-block-column is-layout-flow wp-block-column-is-layout-flow\"><\/div>\n<\/div>\n\n\n\n<p><\/p>\n","protected":false},"excerpt":{"rendered":"<p>Moderat politik skapar ett b\u00e4ttre liv eftersom vi \u00e4r garanten f\u00f6r frihet, ansvar och att str\u00e4vsamhet ska l\u00f6na sig. N\u00e4r andra erbjuder kravl\u00f6shet st\u00e5r vi upp f\u00f6r det som \u00e4r r\u00e4tt, oavsett om det handlar om brottsbek\u00e4mpning, arbetslinje eller kunskapsskola. Stockholm beh\u00f6ver en politik som bygger p\u00e5 m\u00e4nniskors egna val och f\u00f6rm\u00e5gor, inte p\u00e5 politikers [&hellip;]<\/p>\n","protected":false},"author":9,"featured_media":83,"parent":0,"menu_order":2,"comment_status":"closed","ping_status":"closed","template":"","meta":{"_acf_changed":false,"_relevanssi_hide_post":"","_relevanssi_hide_content":"","_relevanssi_pin_for_all":"","_relevanssi_pin_keywords":"","_relevanssi_unpin_keywords":"","_relevanssi_related_keywords":"","_relevanssi_related_include_ids":"","_relevanssi_related_exclude_ids":"","_relevanssi_related_no_append":"","_relevanssi_related_not_related":"","_relevanssi_related_posts":"526","_relevanssi_noindex_reason":"","footnotes":""},"subject":[],"class_list":["post-39","page","type-page","status-publish","has-post-thumbnail","hentry"],"acf":[],"yoast_head":"<!-- This site is optimized with the Yoast SEO Premium plugin v27.1 (Yoast SEO v27.1.1) - https:\/\/yoast.com\/product\/yoast-seo-premium-wordpress\/ -->\n<title>V\u00e5r politik bygger p\u00e5 gemensamt ansvar ger lika m\u00f6jligheter | Moderaterna i Stockholms stad och l\u00e4n<\/title>\n<meta name=\"description\" content=\"Den som jobbar och anstr\u00e4nger sig ska kunna f\u00f6rv\u00e4nta sig att staten garanterar medborgarnas trygghet och att v\u00e4lf\u00e4rden fungerar.\" \/>\n<meta name=\"robots\" content=\"index, follow, max-snippet:-1, max-image-preview:large, max-video-preview:-1\" \/>\n<link rel=\"canonical\" href=\"https:\/\/moderaterna.se\/stockholm\/lokal-politik\/\" \/>\n<meta property=\"og:locale\" content=\"sv_SE\" \/>\n<meta property=\"og:type\" content=\"article\" \/>\n<meta property=\"og:title\" content=\"Lokal politik\" \/>\n<meta property=\"og:description\" content=\"Den som jobbar och anstr\u00e4nger sig ska kunna f\u00f6rv\u00e4nta sig att staten garanterar medborgarnas trygghet och att v\u00e4lf\u00e4rden fungerar.\" \/>\n<meta property=\"og:url\" content=\"https:\/\/moderaterna.se\/stockholm\/lokal-politik\/\" \/>\n<meta property=\"og:site_name\" content=\"Moderaterna i Stockholms stad och l\u00e4n\" \/>\n<meta property=\"article:publisher\" content=\"https:\/\/www.facebook.com\/ModeraternaSthlm\" \/>\n<meta property=\"article:modified_time\" content=\"2026-02-02T12:30:56+00:00\" \/>\n<meta property=\"og:image\" content=\"https:\/\/moderaterna.se\/app\/uploads\/sites\/5\/2025\/05\/MicrosoftTeams-image-1024x683.jpg\" \/>\n\t<meta property=\"og:image:width\" content=\"1024\" \/>\n\t<meta property=\"og:image:height\" content=\"683\" \/>\n\t<meta property=\"og:image:type\" content=\"image\/jpeg\" \/>\n<meta name=\"twitter:card\" content=\"summary_large_image\" \/>\n<meta name=\"twitter:site\" content=\"@ModeratSthlm\" \/>\n<meta name=\"twitter:label1\" content=\"Ber\u00e4knad l\u00e4stid\" \/>\n\t<meta name=\"twitter:data1\" content=\"1 minut\" \/>\n<script type=\"application\/ld+json\" class=\"yoast-schema-graph\">{\"@context\":\"https:\/\/schema.org\",\"@graph\":[{\"@type\":\"WebPage\",\"@id\":\"https:\/\/moderaterna.se\/stockholm\/lokal-politik\/\",\"url\":\"https:\/\/moderaterna.se\/stockholm\/lokal-politik\/\",\"name\":\"V\u00e5r politik bygger p\u00e5 gemensamt ansvar ger lika m\u00f6jligheter | Moderaterna i Stockholms stad och l\u00e4n\",\"isPartOf\":{\"@id\":\"https:\/\/moderaterna.se\/stockholm\/#website\"},\"primaryImageOfPage\":{\"@id\":\"https:\/\/moderaterna.se\/stockholm\/lokal-politik\/#primaryimage\"},\"image\":{\"@id\":\"https:\/\/moderaterna.se\/stockholm\/lokal-politik\/#primaryimage\"},\"thumbnailUrl\":\"https:\/\/moderaterna.se\/app\/uploads\/sites\/5\/2021\/10\/ulf.jpg\",\"datePublished\":\"2021-10-13T11:03:39+00:00\",\"dateModified\":\"2026-02-02T12:30:56+00:00\",\"description\":\"Den som jobbar och anstr\u00e4nger sig ska kunna f\u00f6rv\u00e4nta sig att staten garanterar medborgarnas trygghet och att v\u00e4lf\u00e4rden fungerar.\",\"breadcrumb\":{\"@id\":\"https:\/\/moderaterna.se\/stockholm\/lokal-politik\/#breadcrumb\"},\"inLanguage\":\"sv-SE\",\"potentialAction\":[{\"@type\":\"ReadAction\",\"target\":[\"https:\/\/moderaterna.se\/stockholm\/lokal-politik\/\"]}]},{\"@type\":\"ImageObject\",\"inLanguage\":\"sv-SE\",\"@id\":\"https:\/\/moderaterna.se\/stockholm\/lokal-politik\/#primaryimage\",\"url\":\"https:\/\/moderaterna.se\/app\/uploads\/sites\/5\/2021\/10\/ulf.jpg\",\"contentUrl\":\"https:\/\/moderaterna.se\/app\/uploads\/sites\/5\/2021\/10\/ulf.jpg\",\"width\":2560,\"height\":1080},{\"@type\":\"BreadcrumbList\",\"@id\":\"https:\/\/moderaterna.se\/stockholm\/lokal-politik\/#breadcrumb\",\"itemListElement\":[{\"@type\":\"ListItem\",\"position\":1,\"name\":\"Hem\",\"item\":\"https:\/\/moderaterna.se\/stockholm\/\"},{\"@type\":\"ListItem\",\"position\":2,\"name\":\"Lokal politik\"}]},{\"@type\":\"WebSite\",\"@id\":\"https:\/\/moderaterna.se\/stockholm\/#website\",\"url\":\"https:\/\/moderaterna.se\/stockholm\/\",\"name\":\"Moderaterna i Stockholms stad och l\u00e4n\",\"description\":\"Nu f\u00e5r vi ordning p\u00e5 Sverige\",\"publisher\":{\"@id\":\"https:\/\/moderaterna.se\/stockholm\/#organization\"},\"potentialAction\":[{\"@type\":\"SearchAction\",\"target\":{\"@type\":\"EntryPoint\",\"urlTemplate\":\"https:\/\/moderaterna.se\/stockholm\/?s={search_term_string}\"},\"query-input\":{\"@type\":\"PropertyValueSpecification\",\"valueRequired\":true,\"valueName\":\"search_term_string\"}}],\"inLanguage\":\"sv-SE\"},{\"@type\":\"Organization\",\"@id\":\"https:\/\/moderaterna.se\/stockholm\/#organization\",\"name\":\"Moderaterna\",\"url\":\"https:\/\/moderaterna.se\/stockholm\/\",\"logo\":{\"@type\":\"ImageObject\",\"inLanguage\":\"sv-SE\",\"@id\":\"https:\/\/moderaterna.se\/stockholm\/#\/schema\/logo\/image\/\",\"url\":\"https:\/\/moderaterna.se\/app\/uploads\/2021\/10\/logo-general@2x.png\",\"contentUrl\":\"https:\/\/moderaterna.se\/app\/uploads\/2021\/10\/logo-general@2x.png\",\"width\":122,\"height\":122,\"caption\":\"Moderaterna\"},\"image\":{\"@id\":\"https:\/\/moderaterna.se\/stockholm\/#\/schema\/logo\/image\/\"},\"sameAs\":[\"https:\/\/www.facebook.com\/ModeraternaSthlm\",\"https:\/\/x.com\/ModeratSthlm\",\"https:\/\/www.instagram.com\/moderatsthlm\/\",\"https:\/\/www.youtube.com\/user\/ModeraternaSthlm\"]}]}<\/script>\n<!-- \/ Yoast SEO Premium plugin. -->","yoast_head_json":{"title":"V\u00e5r politik bygger p\u00e5 gemensamt ansvar ger lika m\u00f6jligheter | Moderaterna i Stockholms stad och l\u00e4n","description":"Den som jobbar och anstr\u00e4nger sig ska kunna f\u00f6rv\u00e4nta sig att staten garanterar medborgarnas trygghet och att v\u00e4lf\u00e4rden fungerar.","robots":{"index":"index","follow":"follow","max-snippet":"max-snippet:-1","max-image-preview":"max-image-preview:large","max-video-preview":"max-video-preview:-1"},"canonical":"https:\/\/moderaterna.se\/stockholm\/lokal-politik\/","og_locale":"sv_SE","og_type":"article","og_title":"Lokal politik","og_description":"Den som jobbar och anstr\u00e4nger sig ska kunna f\u00f6rv\u00e4nta sig att staten garanterar medborgarnas trygghet och att v\u00e4lf\u00e4rden fungerar.","og_url":"https:\/\/moderaterna.se\/stockholm\/lokal-politik\/","og_site_name":"Moderaterna i Stockholms stad och l\u00e4n","article_publisher":"https:\/\/www.facebook.com\/ModeraternaSthlm","article_modified_time":"2026-02-02T12:30:56+00:00","og_image":[{"width":1024,"height":683,"url":"https:\/\/moderaterna.se\/app\/uploads\/sites\/5\/2025\/05\/MicrosoftTeams-image-1024x683.jpg","type":"image\/jpeg"}],"twitter_card":"summary_large_image","twitter_site":"@ModeratSthlm","twitter_misc":{"Ber\u00e4knad l\u00e4stid":"1 minut"},"schema":{"@context":"https:\/\/schema.org","@graph":[{"@type":"WebPage","@id":"https:\/\/moderaterna.se\/stockholm\/lokal-politik\/","url":"https:\/\/moderaterna.se\/stockholm\/lokal-politik\/","name":"V\u00e5r politik bygger p\u00e5 gemensamt ansvar ger lika m\u00f6jligheter | Moderaterna i Stockholms stad och l\u00e4n","isPartOf":{"@id":"https:\/\/moderaterna.se\/stockholm\/#website"},"primaryImageOfPage":{"@id":"https:\/\/moderaterna.se\/stockholm\/lokal-politik\/#primaryimage"},"image":{"@id":"https:\/\/moderaterna.se\/stockholm\/lokal-politik\/#primaryimage"},"thumbnailUrl":"https:\/\/moderaterna.se\/app\/uploads\/sites\/5\/2021\/10\/ulf.jpg","datePublished":"2021-10-13T11:03:39+00:00","dateModified":"2026-02-02T12:30:56+00:00","description":"Den som jobbar och anstr\u00e4nger sig ska kunna f\u00f6rv\u00e4nta sig att staten garanterar medborgarnas trygghet och att v\u00e4lf\u00e4rden fungerar.","breadcrumb":{"@id":"https:\/\/moderaterna.se\/stockholm\/lokal-politik\/#breadcrumb"},"inLanguage":"sv-SE","potentialAction":[{"@type":"ReadAction","target":["https:\/\/moderaterna.se\/stockholm\/lokal-politik\/"]}]},{"@type":"ImageObject","inLanguage":"sv-SE","@id":"https:\/\/moderaterna.se\/stockholm\/lokal-politik\/#primaryimage","url":"https:\/\/moderaterna.se\/app\/uploads\/sites\/5\/2021\/10\/ulf.jpg","contentUrl":"https:\/\/moderaterna.se\/app\/uploads\/sites\/5\/2021\/10\/ulf.jpg","width":2560,"height":1080},{"@type":"BreadcrumbList","@id":"https:\/\/moderaterna.se\/stockholm\/lokal-politik\/#breadcrumb","itemListElement":[{"@type":"ListItem","position":1,"name":"Hem","item":"https:\/\/moderaterna.se\/stockholm\/"},{"@type":"ListItem","position":2,"name":"Lokal politik"}]},{"@type":"WebSite","@id":"https:\/\/moderaterna.se\/stockholm\/#website","url":"https:\/\/moderaterna.se\/stockholm\/","name":"Moderaterna i Stockholms stad och l\u00e4n","description":"Nu f\u00e5r vi ordning p\u00e5 Sverige","publisher":{"@id":"https:\/\/moderaterna.se\/stockholm\/#organization"},"potentialAction":[{"@type":"SearchAction","target":{"@type":"EntryPoint","urlTemplate":"https:\/\/moderaterna.se\/stockholm\/?s={search_term_string}"},"query-input":{"@type":"PropertyValueSpecification","valueRequired":true,"valueName":"search_term_string"}}],"inLanguage":"sv-SE"},{"@type":"Organization","@id":"https:\/\/moderaterna.se\/stockholm\/#organization","name":"Moderaterna","url":"https:\/\/moderaterna.se\/stockholm\/","logo":{"@type":"ImageObject","inLanguage":"sv-SE","@id":"https:\/\/moderaterna.se\/stockholm\/#\/schema\/logo\/image\/","url":"https:\/\/moderaterna.se\/app\/uploads\/2021\/10\/logo-general@2x.png","contentUrl":"https:\/\/moderaterna.se\/app\/uploads\/2021\/10\/logo-general@2x.png","width":122,"height":122,"caption":"Moderaterna"},"image":{"@id":"https:\/\/moderaterna.se\/stockholm\/#\/schema\/logo\/image\/"},"sameAs":["https:\/\/www.facebook.com\/ModeraternaSthlm","https:\/\/x.com\/ModeratSthlm","https:\/\/www.instagram.com\/moderatsthlm\/","https:\/\/www.youtube.com\/user\/ModeraternaSthlm"]}]}},"publishpress_future_action":{"enabled":false,"date":"2026-04-17 03:24:23","action":"change-status","newStatus":"draft","terms":[],"taxonomy":"subject"},"_links":{"self":[{"href":"https:\/\/moderaterna.se\/stockholm\/wp-json\/wp\/v2\/pages\/39","targetHints":{"allow":["GET"]}}],"collection":[{"href":"https:\/\/moderaterna.se\/stockholm\/wp-json\/wp\/v2\/pages"}],"about":[{"href":"https:\/\/moderaterna.se\/stockholm\/wp-json\/wp\/v2\/types\/page"}],"author":[{"embeddable":true,"href":"https:\/\/moderaterna.se\/stockholm\/wp-json\/wp\/v2\/users\/9"}],"replies":[{"embeddable":true,"href":"https:\/\/moderaterna.se\/stockholm\/wp-json\/wp\/v2\/comments?post=39"}],"version-history":[{"count":56,"href":"https:\/\/moderaterna.se\/stockholm\/wp-json\/wp\/v2\/pages\/39\/revisions"}],"predecessor-version":[{"id":7692,"href":"https:\/\/moderaterna.se\/stockholm\/wp-json\/wp\/v2\/pages\/39\/revisions\/7692"}],"wp:featuredmedia":[{"embeddable":true,"href":"https:\/\/moderaterna.se\/stockholm\/wp-json\/wp\/v2\/media\/83"}],"wp:attachment":[{"href":"https:\/\/moderaterna.se\/stockholm\/wp-json\/wp\/v2\/media?parent=39"}],"wp:term":[{"taxonomy":"subject","embeddable":true,"href":"https:\/\/moderaterna.se\/stockholm\/wp-json\/wp\/v2\/subject?post=39"}],"curies":[{"name":"wp","href":"https:\/\/api.w.org\/{rel}","templated":true}]}}