{"id":3455,"date":"2024-02-14T14:15:40","date_gmt":"2024-02-14T13:15:40","guid":{"rendered":"https:\/\/moderaterna.se\/stockholm\/?page_id=3455"},"modified":"2026-03-26T13:55:25","modified_gmt":"2026-03-26T12:55:25","slug":"foreningar-i-stockholms-stad-och-lan","status":"publish","type":"page","link":"https:\/\/moderaterna.se\/stockholm\/foreningar-i-stockholms-stad-och-lan\/","title":{"rendered":"F\u00f6reningar i Stockholms stad och l\u00e4n"},"content":{"rendered":"\n<h2 class=\"wp-block-heading\" id=\"h-moderaterna-i-stockholms-stad\"><strong>Moderaterna i Stockholms stad<\/strong><br><\/h2>\n\n\n\n<p><strong>Moderaterna Bromma<\/strong><br>Ordf\u00f6rande: Johan Paccamonti<br>E-post: <a href=\"mailto:johan.paccamonti@moderaterna.se\">johan.paccamonti@moderaterna.se<\/a><br>Mobilnummer: 073-372 04 96<\/p>\n\n\n\n<p><strong>Moderaterna Br\u00e4nnkyrka<\/strong><br>Ordf\u00f6rande: Johan Nilsson<br>E-post: <a href=\"mailto:jo.nilsson@telia.com\">jo.nilsson@telia.com<\/a><br>Mobilnummer: 070-864 10 00<\/p>\n\n\n\n<p><strong>Moderaterna<\/strong> <strong>Engelbrekt<\/strong><br>Ordf\u00f6rande: Per Rosencrantz<br>E-post: <a href=\"mailto:per.rosencrantz@gmail.com\">per.rosencrantz@gmail.com<\/a><br>Mobilnummer: 070-235 13 98<\/p>\n\n\n\n<p><strong>Moderaterna Enskede-\u00c5rsta<\/strong><br>Ordf\u00f6rande: Henrik Virro<br>E-post: <a href=\"mailto:henrikvirro@hotmail.com\">henrikvirro@hotmail.com<\/a><br>Mobilnummer: 072-158 13 64<\/p>\n\n\n\n<p><strong>Moderaterna Essingen<\/strong><br>Ordf\u00f6rande: Kjell Karlsson<br>E-post: <a href=\"mailto:kjell.karlsson531@gmail.com\">kjell.karlsson531@gmail.com<\/a><br>Mobilnummer: 070-067 91 69<\/p>\n\n\n\n<p><strong>Moderaterna Farsta<\/strong><br>Ordf\u00f6rande: Torbj\u00f6rn Eb\u00e9rus<br>E-post: <a href=\"mailto:torbjorn.eberus@gmail.com\">torbjorn.eberus@gmail.com<\/a><br>Mobilnummer: 076-100 92 08<\/p>\n\n\n\n<p><strong>Moderaterna G\u00e4rdet<\/strong><br>Ordf\u00f6rande: Tom Hedrup<br>E- post: <a href=\"mailto:tom@carbzone.se\">tom@carbzone.se<\/a><br>Mobilnummer: 073-256 41 32<\/p>\n\n\n\n<p><strong>Moderaterna Hammarby Sj\u00f6stad<\/strong><br>Ordf\u00f6rande: Therese Lindstr\u00f6m<br>E-post: <a href=\"mailto:therese.lindstroem@gmail.com\"><\/a><a href=\"mailto:hammarby-sjostad@moderaterna.se\">hammarby-sjostad@moderaterna.se<\/a><\/p>\n\n\n\n<p><strong>Moderaterna Hedvig Eleonora<\/strong><br>Ordf\u00f6rande: Johan Ekwall<br>E:post: <a href=\"mailto:johan.c.ekwall@gmail.com\">johan.c.ekwall@gmail.com<\/a><br>Mobilnummer: 070-607 92 69<\/p>\n\n\n\n<p><strong>Moderaterna H\u00e4gersten<\/strong><br>Ordf\u00f6rande: Susanne Sj\u00f6blom<br>E-post: <a href=\"mailto:susanne.sjoblom@moderaterna.se\">susanne.sjoblom@moderaterna.se<\/a><br>Mobilnummer: 070-205 79 27<\/p>\n\n\n\n<p><strong>Moderaterna H\u00e4sselby<\/strong><br>Ordf\u00f6rande: Louise Ajnesj\u00f6<br>E-post: <a href=\"mailto:louise_ajnesjo@yahoo.se\">louise_ajnesjo@yahoo.se<\/a><br>Mobilnummer: 070-303 55 25<\/p>\n\n\n\n<p><strong>Moderaterna H\u00f6galid<\/strong><br>Ordf\u00f6rande: Jens Ahl<br>E-post:&nbsp;<a href=\"mailto:jens.p.ahl@moderaterna.se\">jens.p.ahl@moderaterna.se<\/a><br><br><strong>Moderaterna Katarina<\/strong><br>Ordf\u00f6rande: Mikael Igelstr\u00f6m<br>E-post: <a href=\"mailto:mikael.igelstrom@telia.com\">mikael.igelstrom@telia.com<\/a><br>Mobilnummer: 070-669 77 96<\/p>\n\n\n\n<p><strong>Moderaterna Kista<\/strong><br>Ordf\u00f6rande: Leo Sutic<br>E-post: <a href=\"mailto:leo@sutic.nu\">leo@sutic.nu<\/a><br>Mobilnummer: 070-477 08 33<\/p>\n\n\n\n<p><strong>Moderaterna Kungsholmen<\/strong><br>Ordf\u00f6rande: Alicja Lindell<br>E-post: <a href=\"mailto:alicja.lindell@gmail.com\">alicja.lindell@gmail.com<\/a><br>Mobilnummer: 070-822 82 97<\/p>\n\n\n\n<p><strong>Moderaterna Maria<\/strong><br>Ordf\u00f6rande: Anna Roos<br>E-post: <a href=\"mailto:annacharlottaroos@gmail.com\" target=\"_blank\" rel=\"noreferrer noopener\">annacharlottaroos@gmail.com<\/a><br>Mobilnummer: 070-424 44 40<\/p>\n\n\n\n<p><strong>Moderaterna Norrmalm<\/strong><br>Ordf\u00f6rande: Hanna Werner<br>E-post: <a href=\"mailto:hanna.werner@live.se\">hanna.werner@live.se<\/a><br>Mobilnummer: 070-441 04 59<\/p>\n\n\n\n<p><strong>Moderaterna Oscars Norra<\/strong><br>Ordf\u00f6rande: Henrik Lundquist<br>E-post: <a href=\"mailto:henrik.fransjoakim.lundquist@gmail.com\">henrik.fransjoakim.lundquist@gmail.com<\/a><br>Mobilnummer: 070-564 13 02<\/p>\n\n\n\n<p><strong>Moderaterna Oscar S\u00f6dra<\/strong><br>Ordf\u00f6rande:  Amelie Langby<br>E-post: <a href=\"mailto:amelie.langby@gmail.com\" target=\"_blank\" rel=\"noreferrer noopener\">amelie.langby@gmail.com<\/a><br>Mobilnummer: 073-670 83 74<\/p>\n\n\n\n<p><strong>Moderaterna S:t G\u00f6ran<\/strong><br>Ordf\u00f6rande: Peter J\u00f6nsson<br>E-post: <a href=\"mailto:Peter.jonsson@stockholm.se\">peter.jonsson@stockholm.se<\/a><br>Mobilnummer: 070&nbsp;563 14 44<\/p>\n\n\n\n<p><strong>Moderaterna Hammarby-Skarpn\u00e4ck<\/strong><br>Ordf\u00f6rande: Henrik Appelqvist<br>E-post: <a href=\"mailto:henrik.appelqvist@gda.se\">henrik.appelqvist@gda.se<\/a><br>Mobilnummer: 073-415 26 73<\/p>\n\n\n\n<p><strong>Moderaterna Sk\u00e4rholmen<\/strong><br>Ordf\u00f6rande: Elisabeth Johnson<br>E-post: <a href=\"mailto:elisabeth.johnson@telia.com\">elisabeth.johnson@telia.com<\/a><br>Mobilnummer: 070-646 21 51<\/p>\n\n\n\n<p><strong>Moderaterna Sofia<\/strong><br>Ordf\u00f6rande: Kasper Gieldon<br>E-post: <a href=\"mailto:kasper.gieldon@moderaterna.se\" target=\"_blank\" rel=\"noreferrer noopener\">kasper.gieldon@moderaterna.se<\/a><br>Mobilnummer: 076-871 62 42<\/p>\n\n\n\n<p><strong>Moderaterna Sp\u00e5nga<\/strong><br>Ordf\u00f6rande: Jonas Jeppson<br>E-post: <a href=\"mailto:jonas_jeppson@hotmail.com\">jonas_jeppson@hotmail.com<\/a><br>Mobilnummer: 073-416 48 51<\/p>\n\n\n\n<p><strong>Moderaterna Tensta-Rinkeby<\/strong><br>Ordf\u00f6rande: Elisabeth Hellstr\u00f6m<br>E-post: <a href=\"mailto:elisabeth@hellstromkommunikation.se\">elisabeth@hellstromkommunikation.se<\/a><br>Mobilnummer: 076-016 49 93<\/p>\n\n\n\n<p><strong>Moderaterna Vant\u00f6r<\/strong><br>Ordf\u00f6rande: Peter Strandberg<br>E-post: <a href=\"mailto:peter.strandberg@moderaterna.se\" target=\"_blank\" rel=\"noreferrer noopener\">peter.strandberg@moderaterna.se<\/a><br>Mobilnummer: 070-990 10 72<\/p>\n\n\n\n<p><strong>Moderaterna V\u00e4llingby<\/strong><br>Ordf\u00f6rande: Anders S\u00e4tterberg<br>E-post: <a href=\"mailto:anders@satterberg.eu\" target=\"_blank\" rel=\"noreferrer noopener\">anders@satterberg.eu<\/a> <br>Mobilnummer: 070-815 05 46<\/p>\n\n\n\n<h2 class=\"wp-block-heading\" id=\"h-moderaterna-i-stockholms-lan\"><strong>Moderaterna i Stockholms l\u00e4n<\/strong><\/h2>\n\n\n\n<p><strong>Moderaterna Blid\u00f6<\/strong><br>Ordf\u00f6rande: Marie Egelin<br>E-post: <a href=\"mailto:marie.egelin@live.se\">marie.egelin@live.se<\/a><br>Mobilnummer: 073-650 80 51<\/p>\n\n\n\n<p><strong>Moderaterna Botkyrka<\/strong><br>Ordf\u00f6rande: G\u00fcl Alci Nouri<br>E-post: <a href=\"mailto:alci.g@live.se\">alci.g@live.se<\/a><br>Mobilnummer: 076-050 39 15<\/p>\n\n\n\n<p><strong>Moderaterna Danderyd<\/strong><br>Ordf\u00f6rande: Johan Gr\u00f6ndal<br>E-post: <a href=\"mailto:danderyd@moderaterna.se\">danderyd@moderaterna.se<\/a><br><br><strong>Moderaterna Eker\u00f6<\/strong><br>Ordf\u00f6rande: Arnulf Langlet<br>E-post: <a href=\"mailto:arnulf@langlet.se\">arnulf@langlet.se<\/a><br>Mobilnummer: 073-311 22 22<\/p>\n\n\n\n<p><strong>Moderaterna Haninge<\/strong><br>Ordf\u00f6rande: Veronica Kohlerich<br>E-post: <a href=\"mailto:veronica_pagard@hotmail.com\">veronica_pagard@hotmail.com<\/a><br>Mobilnummer: 070-499 23 66<\/p>\n\n\n\n<p><strong>Moderaterna Huddinge<\/strong><br>Ordf\u00f6rande: Hampus Holmgren<br>E-post: <a href=\"mailto:hampus.holmgren@huddinge.se\">hampus.holmgren@huddinge.se<\/a><br>Mobilnummer: 070-852 35 83<\/p>\n\n\n\n<p><strong>Moderaterna H\u00e4ver\u00f6-V\u00e4dd\u00f6<\/strong><br>Ordf\u00f6rande: Annette Tagesson<br>E-post: <a href=\"mailto:annette.tagesson@havero-vaddomoderaterna.se\">annette.tagesson@havero-vaddomoderaterna.se<\/a><br>Mobilnummer: 073-680 20 88<\/p>\n\n\n\n<p><strong>Moderaterna J\u00e4rf\u00e4lla<\/strong><br>Ordf\u00f6rande: Richard Lindforss<br>E-post: <a href=\"mailto:richard_lindforss@hotmail.com\"><\/a><a href=\"mailto:richard.lindforss@jarfalla.se\">richard.lindforss@jarfalla.se<\/a><\/p>\n\n\n\n<p><strong>Moderaterna Liding\u00f6<\/strong><br>Ordf\u00f6rande: Tobias Sj\u00f6<br>E-post: <a href=\"mailto:tobias.sjo@moderaterna.se\">tobias.sjo@moderaterna.se<\/a><br>Mobilnummer: 070-737 41 19<\/p>\n\n\n\n<p><strong>Moderaterna Nacka<\/strong><br>Ordf\u00f6rande: Magnus Gil\u00e9n<br>E-post: <a href=\"mailto:Magnus.gilen@nacka.se\">Magnus.gilen@nacka.se<\/a><br>Mobilnummer: 070-516 47 81<\/p>\n\n\n\n<p><strong>Moderaterna Norrt\u00e4lje krets<\/strong><br>Ordf\u00f6rande: G\u00f6ran Pettersson<br>E-post: <a href=\"mailto:goran.pettersson@tankegodset.se\">goran.pettersson@tankegodset.se<\/a><br>Telefon: 070-388 00 21&nbsp;<\/p>\n\n\n\n<p><strong>Moderaterna Norrt\u00e4lje<\/strong><br>Ordf\u00f6rande: Linda Hiort af Orn\u00e4s<br>E-post: <a href=\"mailto:linda.hiort@outlook.com\">linda.hiort@outlook.com<\/a><br>Mobilnummer: 070-244 64 22<\/p>\n\n\n\n<p><strong>Moderaterna Nykvarn<\/strong><br>Ordf\u00f6rande: Peter Olsson<br>E-post: <a href=\"mailto:peter@hjortron.com\">peter@hjortron.com<\/a><br>Mobilnummer: 070-568 00 58<\/p>\n\n\n\n<p><strong>Moderaterna Nyn\u00e4shamn<\/strong><br>Ordf\u00f6rande: Lars H\u00f6glund<br>E-post: <a href=\"mailto:lars21hg@gmail.com\">lars21hg@gmail.com<\/a><br>Mobilnummer: 073-699 81 29<\/p>\n\n\n\n<p><strong>Moderaterna Rimbo<\/strong><br>Ordf\u00f6rande: \u00c5sa Malmstr\u00f6m<br>E-post: <a href=\"mailto:asa@husiroslagen.se\">asa@husiroslagen.se<\/a><br>Mobilnummer: 070-878 88 20<\/p>\n\n\n\n<p><strong>Moderaterna Salem<\/strong><br>Ordf\u00f6rande: Delmon Haffo<br>E-post: <a href=\"mailto:haffo.delmon@gmail.com\">haffo.delmon@gmail.com<\/a><br>Mobilnummer: 070-730 60 33<\/p>\n\n\n\n<p><strong>Moderaterna Sigtuna<\/strong><br>Ordf\u00f6rande: Anna Malm Kelfve<br>E-post: <a href=\"mailto:annakelfve@icloud.com\">annakelfve@icloud.com<\/a><\/p>\n\n\n\n<p><strong>Moderaterna Sollentuna<\/strong><br>Ordf\u00f6rande: Benkt Kullgard<br>E-post: <a href=\"b.kullgard@gmail.com\">b.kullgard@gmail.com<\/a><br>Mobilnummer: 073-466 14 00<\/p>\n\n\n\n<p><strong>Moderaterna Solna<\/strong><br>Ordf\u00f6rande: Veronika De Jonge<br>E-post: <a href=\"mailto:veronika.deJonge@moderaterna.se\">veronika.deJonge@moderaterna.se<\/a><br>Mobilnummer: 076-325 36 15<\/p>\n\n\n\n<p><strong>Moderaterna Sundbyberg<\/strong><br>Ordf\u00f6rande: Josefin Malmqvist<br>E-post: <a href=\"mailto:josefin.malmqvist@moderaterna.se\">josefin.malmqvist@moderaterna.se<\/a><br>Mobilnummer: 073-694 79 74<\/p>\n\n\n\n<p><strong>Moderaterna S\u00f6dert\u00e4lje<\/strong><br>Ordf\u00f6rande: Daniel Thepper<br>E-post: <a href=\"mailto:danielthepper@hotmail.com\">danielthepper@hotmail.com<\/a><br>Mobilnummer: 073-984 85 91<\/p>\n\n\n\n<p><strong>Moderaterna Tyres\u00f6<\/strong><br>Ordf\u00f6rande: Fredrik Sawest\u00e5hl<br>E-post: <a href=\"mailto:fredrik.sawestahl@moderaterna.se\">fredrik.sawestahl@moderaterna.se<\/a><br>Mobilnummer: 079-336 14 12<\/p>\n\n\n\n<p><strong>Moderaterna T\u00e4by<\/strong><br>Ordf\u00f6rande: Stefan Oesman<br>E-post: <a href=\"mailto:carlmicael.so@gmail.com\">carlmicael.so@gmail.com<\/a><br>Mobilnummer: 070-728 69 59<\/p>\n\n\n\n<p><strong>Moderaterna Upplands V\u00e4sby<\/strong><br>Ordf\u00f6rande: Christine Hanefalk<br>E-post: <a href=\"mailto:christine.hanefalk@moderaterna.se\">christine.hanefalk@moderaterna.se<\/a><br>Mobilnummer: 073-420 96 42<\/p>\n\n\n\n<p><strong>Moderaterna Upplands-Bro<\/strong><br>Ordf\u00f6rande: Lina Linderson<br>E-post: <a href=\"mailto:lina.linderson@gmail.com\">lina.linderson@gmail.com<\/a><br>Mobilnummer: 072-310 69 27<\/p>\n\n\n\n<p><strong>Moderaterna Vallentuna<\/strong><br>Ordf\u00f6rande: Camilla Wallinsson<br>E-post: <a href=\"mailto:c.blacker.wallinsson@gmail.com\">c.blacker.wallinsson@gmail.com<\/a><br>Mobilnummer: 070-432 22 03<\/p>\n\n\n\n<p><strong>Moderaterna Vaxholm<\/strong><br>Ordf\u00f6rande: Catrin Grambo<br>E-post: <a href=\"mailto:catringrambo@gmail.com\">catringrambo@gmail.com<\/a><br>Mobilnummer: 076-891 88 55<\/p>\n\n\n\n<p><strong>Moderaterna V\u00e4rmd\u00f6<\/strong><br>Ordf\u00f6rande: Carin Wall<br>E-post: <a href=\"mailto:carin.wall@telia.com\">carin.wall@telia.com<\/a><br>Mobilnummer: 070-888 82 60<\/p>\n\n\n\n<p><strong>Moderaterna \u00d6ster\u00e5ker<\/strong><br>Ordf\u00f6rande: Jennie Norlin<br>E-post: <a href=\"mailto:jennie.norlin@politik.osteraker.se\">jennie.norlin@politik.osteraker.se<\/a><\/p>\n\n\n\n<p><br><\/p>\n","protected":false},"excerpt":{"rendered":"<p>Moderaterna i Stockholms stad Moderaterna BrommaOrdf\u00f6rande: Johan PaccamontiE-post: johan.paccamonti@moderaterna.seMobilnummer: 073-372 04 96 Moderaterna Br\u00e4nnkyrkaOrdf\u00f6rande: Johan NilssonE-post: jo.nilsson@telia.comMobilnummer: 070-864 10 00 Moderaterna EngelbrektOrdf\u00f6rande: Per RosencrantzE-post: per.rosencrantz@gmail.comMobilnummer: 070-235 13 98 Moderaterna Enskede-\u00c5rstaOrdf\u00f6rande: Henrik VirroE-post: henrikvirro@hotmail.comMobilnummer: 072-158 13 64 Moderaterna EssingenOrdf\u00f6rande: Kjell KarlssonE-post: kjell.karlsson531@gmail.comMobilnummer: 070-067 91 69 Moderaterna FarstaOrdf\u00f6rande: Torbj\u00f6rn Eb\u00e9rusE-post: torbjorn.eberus@gmail.comMobilnummer: 076-100 92 08 Moderaterna G\u00e4rdetOrdf\u00f6rande: Tom [&hellip;]<\/p>\n","protected":false},"author":55,"featured_media":0,"parent":0,"menu_order":0,"comment_status":"closed","ping_status":"closed","template":"","meta":{"_acf_changed":false,"_relevanssi_hide_post":"","_relevanssi_hide_content":"","_relevanssi_pin_for_all":"","_relevanssi_pin_keywords":"","_relevanssi_unpin_keywords":"","_relevanssi_related_keywords":"","_relevanssi_related_include_ids":"","_relevanssi_related_exclude_ids":"","_relevanssi_related_no_append":"","_relevanssi_related_not_related":"","_relevanssi_related_posts":"2096,987,999,2187,1005,981","_relevanssi_noindex_reason":"","footnotes":""},"subject":[],"class_list":["post-3455","page","type-page","status-publish","hentry"],"acf":[],"yoast_head":"<!-- This site is optimized with the Yoast SEO Premium plugin v27.1 (Yoast SEO v27.1.1) - https:\/\/yoast.com\/product\/yoast-seo-premium-wordpress\/ -->\n<title>F\u00f6reningar i Stockholms stad och l\u00e4n | Moderaterna i Stockholms stad och l\u00e4n<\/title>\n<meta name=\"robots\" content=\"index, follow, max-snippet:-1, max-image-preview:large, max-video-preview:-1\" \/>\n<link rel=\"canonical\" href=\"https:\/\/moderaterna.se\/stockholm\/foreningar-i-stockholms-stad-och-lan\/\" \/>\n<meta property=\"og:locale\" content=\"sv_SE\" \/>\n<meta property=\"og:type\" content=\"article\" \/>\n<meta property=\"og:title\" content=\"F\u00f6reningar i Stockholms stad och l\u00e4n\" \/>\n<meta property=\"og:url\" content=\"https:\/\/moderaterna.se\/stockholm\/foreningar-i-stockholms-stad-och-lan\/\" \/>\n<meta property=\"og:site_name\" content=\"Moderaterna i Stockholms stad och l\u00e4n\" \/>\n<meta property=\"article:publisher\" content=\"https:\/\/www.facebook.com\/ModeraternaSthlm\" \/>\n<meta property=\"article:modified_time\" content=\"2026-03-26T12:55:25+00:00\" \/>\n<meta property=\"og:image\" content=\"https:\/\/moderaterna.se\/app\/uploads\/sites\/5\/2022\/01\/DELNINGSBILD_hemsida_fo\u0308rstasida.png\" \/>\n\t<meta property=\"og:image:width\" content=\"1200\" \/>\n\t<meta property=\"og:image:height\" content=\"628\" \/>\n\t<meta property=\"og:image:type\" content=\"image\/png\" \/>\n<meta name=\"twitter:card\" content=\"summary_large_image\" \/>\n<meta name=\"twitter:site\" content=\"@ModeratSthlm\" \/>\n<meta name=\"twitter:label1\" content=\"Ber\u00e4knad l\u00e4stid\" \/>\n\t<meta name=\"twitter:data1\" content=\"4 minuter\" \/>\n<script type=\"application\/ld+json\" class=\"yoast-schema-graph\">{\"@context\":\"https:\/\/schema.org\",\"@graph\":[{\"@type\":\"WebPage\",\"@id\":\"https:\/\/moderaterna.se\/stockholm\/foreningar-i-stockholms-stad-och-lan\/\",\"url\":\"https:\/\/moderaterna.se\/stockholm\/foreningar-i-stockholms-stad-och-lan\/\",\"name\":\"F\u00f6reningar i Stockholms stad och l\u00e4n | Moderaterna i Stockholms stad och l\u00e4n\",\"isPartOf\":{\"@id\":\"https:\/\/moderaterna.se\/stockholm\/#website\"},\"datePublished\":\"2024-02-14T13:15:40+00:00\",\"dateModified\":\"2026-03-26T12:55:25+00:00\",\"breadcrumb\":{\"@id\":\"https:\/\/moderaterna.se\/stockholm\/foreningar-i-stockholms-stad-och-lan\/#breadcrumb\"},\"inLanguage\":\"sv-SE\",\"potentialAction\":[{\"@type\":\"ReadAction\",\"target\":[\"https:\/\/moderaterna.se\/stockholm\/foreningar-i-stockholms-stad-och-lan\/\"]}]},{\"@type\":\"BreadcrumbList\",\"@id\":\"https:\/\/moderaterna.se\/stockholm\/foreningar-i-stockholms-stad-och-lan\/#breadcrumb\",\"itemListElement\":[{\"@type\":\"ListItem\",\"position\":1,\"name\":\"Hem\",\"item\":\"https:\/\/moderaterna.se\/stockholm\/\"},{\"@type\":\"ListItem\",\"position\":2,\"name\":\"F\u00f6reningar i Stockholms stad och l\u00e4n\"}]},{\"@type\":\"WebSite\",\"@id\":\"https:\/\/moderaterna.se\/stockholm\/#website\",\"url\":\"https:\/\/moderaterna.se\/stockholm\/\",\"name\":\"Moderaterna i Stockholms stad och l\u00e4n\",\"description\":\"Nu f\u00e5r vi ordning p\u00e5 Sverige\",\"publisher\":{\"@id\":\"https:\/\/moderaterna.se\/stockholm\/#organization\"},\"potentialAction\":[{\"@type\":\"SearchAction\",\"target\":{\"@type\":\"EntryPoint\",\"urlTemplate\":\"https:\/\/moderaterna.se\/stockholm\/?s={search_term_string}\"},\"query-input\":{\"@type\":\"PropertyValueSpecification\",\"valueRequired\":true,\"valueName\":\"search_term_string\"}}],\"inLanguage\":\"sv-SE\"},{\"@type\":\"Organization\",\"@id\":\"https:\/\/moderaterna.se\/stockholm\/#organization\",\"name\":\"Moderaterna\",\"url\":\"https:\/\/moderaterna.se\/stockholm\/\",\"logo\":{\"@type\":\"ImageObject\",\"inLanguage\":\"sv-SE\",\"@id\":\"https:\/\/moderaterna.se\/stockholm\/#\/schema\/logo\/image\/\",\"url\":\"https:\/\/moderaterna.se\/app\/uploads\/2021\/10\/logo-general@2x.png\",\"contentUrl\":\"https:\/\/moderaterna.se\/app\/uploads\/2021\/10\/logo-general@2x.png\",\"width\":122,\"height\":122,\"caption\":\"Moderaterna\"},\"image\":{\"@id\":\"https:\/\/moderaterna.se\/stockholm\/#\/schema\/logo\/image\/\"},\"sameAs\":[\"https:\/\/www.facebook.com\/ModeraternaSthlm\",\"https:\/\/x.com\/ModeratSthlm\",\"https:\/\/www.instagram.com\/moderatsthlm\/\",\"https:\/\/www.youtube.com\/user\/ModeraternaSthlm\"]}]}<\/script>\n<!-- \/ Yoast SEO Premium plugin. -->","yoast_head_json":{"title":"F\u00f6reningar i Stockholms stad och l\u00e4n | Moderaterna i Stockholms stad och l\u00e4n","robots":{"index":"index","follow":"follow","max-snippet":"max-snippet:-1","max-image-preview":"max-image-preview:large","max-video-preview":"max-video-preview:-1"},"canonical":"https:\/\/moderaterna.se\/stockholm\/foreningar-i-stockholms-stad-och-lan\/","og_locale":"sv_SE","og_type":"article","og_title":"F\u00f6reningar i Stockholms stad och l\u00e4n","og_url":"https:\/\/moderaterna.se\/stockholm\/foreningar-i-stockholms-stad-och-lan\/","og_site_name":"Moderaterna i Stockholms stad och l\u00e4n","article_publisher":"https:\/\/www.facebook.com\/ModeraternaSthlm","article_modified_time":"2026-03-26T12:55:25+00:00","og_image":[{"width":1200,"height":628,"url":"https:\/\/moderaterna.se\/app\/uploads\/sites\/5\/2022\/01\/DELNINGSBILD_hemsida_fo\u0308rstasida.png","type":"image\/png"}],"twitter_card":"summary_large_image","twitter_site":"@ModeratSthlm","twitter_misc":{"Ber\u00e4knad l\u00e4stid":"4 minuter"},"schema":{"@context":"https:\/\/schema.org","@graph":[{"@type":"WebPage","@id":"https:\/\/moderaterna.se\/stockholm\/foreningar-i-stockholms-stad-och-lan\/","url":"https:\/\/moderaterna.se\/stockholm\/foreningar-i-stockholms-stad-och-lan\/","name":"F\u00f6reningar i Stockholms stad och l\u00e4n | Moderaterna i Stockholms stad och l\u00e4n","isPartOf":{"@id":"https:\/\/moderaterna.se\/stockholm\/#website"},"datePublished":"2024-02-14T13:15:40+00:00","dateModified":"2026-03-26T12:55:25+00:00","breadcrumb":{"@id":"https:\/\/moderaterna.se\/stockholm\/foreningar-i-stockholms-stad-och-lan\/#breadcrumb"},"inLanguage":"sv-SE","potentialAction":[{"@type":"ReadAction","target":["https:\/\/moderaterna.se\/stockholm\/foreningar-i-stockholms-stad-och-lan\/"]}]},{"@type":"BreadcrumbList","@id":"https:\/\/moderaterna.se\/stockholm\/foreningar-i-stockholms-stad-och-lan\/#breadcrumb","itemListElement":[{"@type":"ListItem","position":1,"name":"Hem","item":"https:\/\/moderaterna.se\/stockholm\/"},{"@type":"ListItem","position":2,"name":"F\u00f6reningar i Stockholms stad och l\u00e4n"}]},{"@type":"WebSite","@id":"https:\/\/moderaterna.se\/stockholm\/#website","url":"https:\/\/moderaterna.se\/stockholm\/","name":"Moderaterna i Stockholms stad och l\u00e4n","description":"Nu f\u00e5r vi ordning p\u00e5 Sverige","publisher":{"@id":"https:\/\/moderaterna.se\/stockholm\/#organization"},"potentialAction":[{"@type":"SearchAction","target":{"@type":"EntryPoint","urlTemplate":"https:\/\/moderaterna.se\/stockholm\/?s={search_term_string}"},"query-input":{"@type":"PropertyValueSpecification","valueRequired":true,"valueName":"search_term_string"}}],"inLanguage":"sv-SE"},{"@type":"Organization","@id":"https:\/\/moderaterna.se\/stockholm\/#organization","name":"Moderaterna","url":"https:\/\/moderaterna.se\/stockholm\/","logo":{"@type":"ImageObject","inLanguage":"sv-SE","@id":"https:\/\/moderaterna.se\/stockholm\/#\/schema\/logo\/image\/","url":"https:\/\/moderaterna.se\/app\/uploads\/2021\/10\/logo-general@2x.png","contentUrl":"https:\/\/moderaterna.se\/app\/uploads\/2021\/10\/logo-general@2x.png","width":122,"height":122,"caption":"Moderaterna"},"image":{"@id":"https:\/\/moderaterna.se\/stockholm\/#\/schema\/logo\/image\/"},"sameAs":["https:\/\/www.facebook.com\/ModeraternaSthlm","https:\/\/x.com\/ModeratSthlm","https:\/\/www.instagram.com\/moderatsthlm\/","https:\/\/www.youtube.com\/user\/ModeraternaSthlm"]}]}},"publishpress_future_action":{"enabled":false,"date":"2026-04-20 13:17:55","action":"change-status","newStatus":"draft","terms":[],"taxonomy":"subject"},"_links":{"self":[{"href":"https:\/\/moderaterna.se\/stockholm\/wp-json\/wp\/v2\/pages\/3455","targetHints":{"allow":["GET"]}}],"collection":[{"href":"https:\/\/moderaterna.se\/stockholm\/wp-json\/wp\/v2\/pages"}],"about":[{"href":"https:\/\/moderaterna.se\/stockholm\/wp-json\/wp\/v2\/types\/page"}],"author":[{"embeddable":true,"href":"https:\/\/moderaterna.se\/stockholm\/wp-json\/wp\/v2\/users\/55"}],"replies":[{"embeddable":true,"href":"https:\/\/moderaterna.se\/stockholm\/wp-json\/wp\/v2\/comments?post=3455"}],"version-history":[{"count":57,"href":"https:\/\/moderaterna.se\/stockholm\/wp-json\/wp\/v2\/pages\/3455\/revisions"}],"predecessor-version":[{"id":7889,"href":"https:\/\/moderaterna.se\/stockholm\/wp-json\/wp\/v2\/pages\/3455\/revisions\/7889"}],"wp:attachment":[{"href":"https:\/\/moderaterna.se\/stockholm\/wp-json\/wp\/v2\/media?parent=3455"}],"wp:term":[{"taxonomy":"subject","embeddable":true,"href":"https:\/\/moderaterna.se\/stockholm\/wp-json\/wp\/v2\/subject?post=3455"}],"curies":[{"name":"wp","href":"https:\/\/api.w.org\/{rel}","templated":true}]}}