{"id":2450,"date":"2023-01-23T10:41:33","date_gmt":"2023-01-23T09:41:33","guid":{"rendered":"https:\/\/moderaterna.se\/stockholm\/?page_id=2450"},"modified":"2025-12-10T15:23:04","modified_gmt":"2025-12-10T14:23:04","slug":"stadshuset","status":"publish","type":"page","link":"https:\/\/moderaterna.se\/stockholm\/stadshuset\/","title":{"rendered":"Stadshuset"},"content":{"rendered":"\n<p><strong>Christofer Fjellner<\/strong><br>Oppositionsborgarrr\u00e5d &amp; gruppledare<\/p>\n\n\n\n<p><strong>Dennis Wedin<\/strong><br>Oppositionsborgarrr\u00e5d &amp; vice gruppledare<\/p>\n\n\n\n<p><strong>Andr\u00e9a Hedin<\/strong><br>Oppositionsborgarrr\u00e5d<\/p>\n\n\n\n<p><strong>John Bergsten<\/strong><br>Kanslichef<br>E-post: <a href=\"mailto:john.Bergsten@stockholm.se\">john.bergsten@stockholm.se<\/a><br>Telefon: 076-122 99 51<\/p>\n\n\n\n<p><strong>Daniel Carlsson-M\u00e5rd<\/strong><br>Bitr\u00e4dande kanslichef<br>Ansvarsomr\u00e5de: Stadsbyggnads, fastighets- och idrottsfr\u00e5gor<br>E-post: <a href=\"mailto:daniel.carlsson.mard@stockholm.se\">daniel.carlsson.mard@stockholm.se<\/a><\/p>\n\n\n\n<p><strong>Claes Wers\u00e4ll<\/strong><br>Policyansvarig<br>E-post: <a href=\"mailto:claes.wersall@stockholm.se\">claes.wersall@stockholm.se<\/a><br>Telefon: 076-122 91 42<\/p>\n\n\n\n<p><strong>Nils Annink<\/strong><br>Borgarr\u00e5dssekreterare<br>Ansvarsomr\u00e5de: Skola, \u00f6vriga v\u00e4lf\u00e4rdsfr\u00e5gor och trygghetspolitik<br>E-post: <a href=\"mailto:nils.annink@stockholm.se\">nils.annink@stockholm.se<\/a><br>Telefon: 08-508 29 144<br>Mobiltel: 076-12 29 144<\/p>\n\n\n\n<p><strong>Greta Eulau<\/strong><br>Borgarr\u00e5dssekreterare<br>Ansvarsomr\u00e5de: Trafik, milj\u00f6, klimat, tillv\u00e4xt och kultur<br>E-post: <a href=\"mailto:greta.eulau@stockholm.se\">greta.eulau@stockholm.se<\/a><br>Telefon: 076- 122 91 48<\/p>\n\n\n\n<p><strong>Hugo Hegardt <\/strong><br>Bitr\u00e4dande borgarr\u00e5dssekreterare<br>Ansvarsomr\u00e5de: Kommunfullm\u00e4ktigegruppen<br>E-post:&nbsp;<a href=\"mailto:hugo.hegardt@stockholm.se\">hugo.hegardt@stockholm.se<\/a><br>Telefon: 08-508&nbsp;291 34<br>Mobilnr: 076-122 91 34<\/p>\n\n\n\n<p><strong>Nadja Jakobsson<\/strong><br>Bitr\u00e4dande borgarr\u00e5dssekreterare<br>E-post: <a href=\"mailto:nadja.jakobsson@stockholm.se\">nadja.jakobsson@stockholm.se<\/a><br>Telefon: 076-122 91 36<\/p>\n\n\n\n<p><strong>Susanne Pettersson <\/strong><br>Bitr\u00e4dande borgarr\u00e5dssekreterare<br>Ansvarsomr\u00e5de: Bokningar och engagemang Christofer Fjellner, kansliets administration, <br>E-post:&nbsp;<a href=\"mailto:susanne.e.pettersson@stockholm.se\">susanne.e.pettersson@stockholm.se<\/a><br>Telefon: 08-508&nbsp;291 26<br>Mobilnr: 076-122 91 26<\/p>\n\n\n\n<p><strong>Freya Sirk\u00e9n<\/strong><br>Bitr\u00e4dande borgarr\u00e5dssekreterare\u00a0<br>E-post: <a href=\"freya.sirken@stockholm.se\">freya.sirken@stockholm.se<\/a><br>Telefon: 076 122 91 41<\/p>\n\n\n\n<p><strong>Oili Stenbeck&nbsp;(deltid)<\/strong><br>Bitr\u00e4dande borgarr\u00e5dssekreterare<br>Ansvarsomr\u00e5de: Kansliets ekonomihantering. <br>E-post:&nbsp;<a href=\"mailto:oili.stenbeck@stockholm.se\">oili.stenbeck@stockholm.se<\/a><br>Telefon: 08-508 291 38<br>Mobilnr: 076-122 91 38<\/p>\n\n\n\n<p><strong>John Granqvist&nbsp;<\/strong><br>Pressekreterare<br>E-post:&nbsp;<a href=\"mailto:john.granqvist@stockholm.se\">john.granqvist@stockholm.se<\/a><br>Telefon: 076-122 91 31<\/p>\n\n\n\n<p><strong>Ruben Trossmark&nbsp;<\/strong><br>Pressekreterare<br>E-post:&nbsp;<a href=\"ruben.trossmark@stockholm.se\">ruben.trossmark@stockholm.se<\/a><br>Telefon: 076-122 91 39<\/p>\n","protected":false},"excerpt":{"rendered":"<p>Christofer FjellnerOppositionsborgarrr\u00e5d &amp; gruppledare Dennis WedinOppositionsborgarrr\u00e5d &amp; vice gruppledare Andr\u00e9a HedinOppositionsborgarrr\u00e5d John BergstenKanslichefE-post: john.bergsten@stockholm.seTelefon: 076-122 99 51 Daniel Carlsson-M\u00e5rdBitr\u00e4dande kanslichefAnsvarsomr\u00e5de: Stadsbyggnads, fastighets- och idrottsfr\u00e5gorE-post: daniel.carlsson.mard@stockholm.se Claes Wers\u00e4llPolicyansvarigE-post: claes.wersall@stockholm.seTelefon: 076-122 91 42 Nils AnninkBorgarr\u00e5dssekreterareAnsvarsomr\u00e5de: Skola, \u00f6vriga v\u00e4lf\u00e4rdsfr\u00e5gor och trygghetspolitikE-post: nils.annink@stockholm.seTelefon: 08-508 29 144Mobiltel: 076-12 29 144 Greta EulauBorgarr\u00e5dssekreterareAnsvarsomr\u00e5de: Trafik, milj\u00f6, klimat, tillv\u00e4xt och kulturE-post: greta.eulau@stockholm.seTelefon: 076- [&hellip;]<\/p>\n","protected":false},"author":55,"featured_media":0,"parent":0,"menu_order":0,"comment_status":"closed","ping_status":"closed","template":"","meta":{"_acf_changed":false,"_relevanssi_hide_post":"","_relevanssi_hide_content":"","_relevanssi_pin_for_all":"","_relevanssi_pin_keywords":"","_relevanssi_unpin_keywords":"","_relevanssi_related_keywords":"","_relevanssi_related_include_ids":"","_relevanssi_related_exclude_ids":"","_relevanssi_related_no_append":"","_relevanssi_related_not_related":"","_relevanssi_related_posts":"2219,2637,2498,2365,2171,1906","_relevanssi_noindex_reason":"","footnotes":""},"subject":[],"class_list":["post-2450","page","type-page","status-publish","hentry"],"acf":[],"yoast_head":"<!-- This site is optimized with the Yoast SEO Premium plugin v27.1 (Yoast SEO v27.1.1) - https:\/\/yoast.com\/product\/yoast-seo-premium-wordpress\/ -->\n<title>Stadshuset | Moderaterna i Stockholms stad och l\u00e4n<\/title>\n<meta name=\"robots\" content=\"index, follow, max-snippet:-1, max-image-preview:large, max-video-preview:-1\" \/>\n<link rel=\"canonical\" href=\"https:\/\/moderaterna.se\/stockholm\/stadshuset\/\" \/>\n<meta property=\"og:locale\" content=\"sv_SE\" \/>\n<meta property=\"og:type\" content=\"article\" \/>\n<meta property=\"og:title\" content=\"Stadshuset\" \/>\n<meta property=\"og:url\" content=\"https:\/\/moderaterna.se\/stockholm\/stadshuset\/\" \/>\n<meta property=\"og:site_name\" content=\"Moderaterna i Stockholms stad och l\u00e4n\" \/>\n<meta property=\"article:publisher\" content=\"https:\/\/www.facebook.com\/ModeraternaSthlm\" \/>\n<meta property=\"article:modified_time\" content=\"2025-12-10T14:23:04+00:00\" \/>\n<meta property=\"og:image\" content=\"https:\/\/moderaterna.se\/app\/uploads\/sites\/5\/2022\/01\/DELNINGSBILD_hemsida_fo\u0308rstasida.png\" \/>\n\t<meta property=\"og:image:width\" content=\"1200\" \/>\n\t<meta property=\"og:image:height\" content=\"628\" \/>\n\t<meta property=\"og:image:type\" content=\"image\/png\" \/>\n<meta name=\"twitter:card\" content=\"summary_large_image\" \/>\n<meta name=\"twitter:site\" content=\"@ModeratSthlm\" \/>\n<meta name=\"twitter:label1\" content=\"Ber\u00e4knad l\u00e4stid\" \/>\n\t<meta name=\"twitter:data1\" content=\"2 minuter\" \/>\n<script type=\"application\/ld+json\" class=\"yoast-schema-graph\">{\"@context\":\"https:\/\/schema.org\",\"@graph\":[{\"@type\":\"WebPage\",\"@id\":\"https:\/\/moderaterna.se\/stockholm\/stadshuset\/\",\"url\":\"https:\/\/moderaterna.se\/stockholm\/stadshuset\/\",\"name\":\"Stadshuset | Moderaterna i Stockholms stad och l\u00e4n\",\"isPartOf\":{\"@id\":\"https:\/\/moderaterna.se\/stockholm\/#website\"},\"datePublished\":\"2023-01-23T09:41:33+00:00\",\"dateModified\":\"2025-12-10T14:23:04+00:00\",\"breadcrumb\":{\"@id\":\"https:\/\/moderaterna.se\/stockholm\/stadshuset\/#breadcrumb\"},\"inLanguage\":\"sv-SE\",\"potentialAction\":[{\"@type\":\"ReadAction\",\"target\":[\"https:\/\/moderaterna.se\/stockholm\/stadshuset\/\"]}]},{\"@type\":\"BreadcrumbList\",\"@id\":\"https:\/\/moderaterna.se\/stockholm\/stadshuset\/#breadcrumb\",\"itemListElement\":[{\"@type\":\"ListItem\",\"position\":1,\"name\":\"Hem\",\"item\":\"https:\/\/moderaterna.se\/stockholm\/\"},{\"@type\":\"ListItem\",\"position\":2,\"name\":\"Stadshuset\"}]},{\"@type\":\"WebSite\",\"@id\":\"https:\/\/moderaterna.se\/stockholm\/#website\",\"url\":\"https:\/\/moderaterna.se\/stockholm\/\",\"name\":\"Moderaterna i Stockholms stad och l\u00e4n\",\"description\":\"Nu f\u00e5r vi ordning p\u00e5 Sverige\",\"publisher\":{\"@id\":\"https:\/\/moderaterna.se\/stockholm\/#organization\"},\"potentialAction\":[{\"@type\":\"SearchAction\",\"target\":{\"@type\":\"EntryPoint\",\"urlTemplate\":\"https:\/\/moderaterna.se\/stockholm\/?s={search_term_string}\"},\"query-input\":{\"@type\":\"PropertyValueSpecification\",\"valueRequired\":true,\"valueName\":\"search_term_string\"}}],\"inLanguage\":\"sv-SE\"},{\"@type\":\"Organization\",\"@id\":\"https:\/\/moderaterna.se\/stockholm\/#organization\",\"name\":\"Moderaterna\",\"url\":\"https:\/\/moderaterna.se\/stockholm\/\",\"logo\":{\"@type\":\"ImageObject\",\"inLanguage\":\"sv-SE\",\"@id\":\"https:\/\/moderaterna.se\/stockholm\/#\/schema\/logo\/image\/\",\"url\":\"https:\/\/moderaterna.se\/app\/uploads\/2021\/10\/logo-general@2x.png\",\"contentUrl\":\"https:\/\/moderaterna.se\/app\/uploads\/2021\/10\/logo-general@2x.png\",\"width\":122,\"height\":122,\"caption\":\"Moderaterna\"},\"image\":{\"@id\":\"https:\/\/moderaterna.se\/stockholm\/#\/schema\/logo\/image\/\"},\"sameAs\":[\"https:\/\/www.facebook.com\/ModeraternaSthlm\",\"https:\/\/x.com\/ModeratSthlm\",\"https:\/\/www.instagram.com\/moderatsthlm\/\",\"https:\/\/www.youtube.com\/user\/ModeraternaSthlm\"]}]}<\/script>\n<!-- \/ Yoast SEO Premium plugin. -->","yoast_head_json":{"title":"Stadshuset | Moderaterna i Stockholms stad och l\u00e4n","robots":{"index":"index","follow":"follow","max-snippet":"max-snippet:-1","max-image-preview":"max-image-preview:large","max-video-preview":"max-video-preview:-1"},"canonical":"https:\/\/moderaterna.se\/stockholm\/stadshuset\/","og_locale":"sv_SE","og_type":"article","og_title":"Stadshuset","og_url":"https:\/\/moderaterna.se\/stockholm\/stadshuset\/","og_site_name":"Moderaterna i Stockholms stad och l\u00e4n","article_publisher":"https:\/\/www.facebook.com\/ModeraternaSthlm","article_modified_time":"2025-12-10T14:23:04+00:00","og_image":[{"width":1200,"height":628,"url":"https:\/\/moderaterna.se\/app\/uploads\/sites\/5\/2022\/01\/DELNINGSBILD_hemsida_fo\u0308rstasida.png","type":"image\/png"}],"twitter_card":"summary_large_image","twitter_site":"@ModeratSthlm","twitter_misc":{"Ber\u00e4knad l\u00e4stid":"2 minuter"},"schema":{"@context":"https:\/\/schema.org","@graph":[{"@type":"WebPage","@id":"https:\/\/moderaterna.se\/stockholm\/stadshuset\/","url":"https:\/\/moderaterna.se\/stockholm\/stadshuset\/","name":"Stadshuset | Moderaterna i Stockholms stad och l\u00e4n","isPartOf":{"@id":"https:\/\/moderaterna.se\/stockholm\/#website"},"datePublished":"2023-01-23T09:41:33+00:00","dateModified":"2025-12-10T14:23:04+00:00","breadcrumb":{"@id":"https:\/\/moderaterna.se\/stockholm\/stadshuset\/#breadcrumb"},"inLanguage":"sv-SE","potentialAction":[{"@type":"ReadAction","target":["https:\/\/moderaterna.se\/stockholm\/stadshuset\/"]}]},{"@type":"BreadcrumbList","@id":"https:\/\/moderaterna.se\/stockholm\/stadshuset\/#breadcrumb","itemListElement":[{"@type":"ListItem","position":1,"name":"Hem","item":"https:\/\/moderaterna.se\/stockholm\/"},{"@type":"ListItem","position":2,"name":"Stadshuset"}]},{"@type":"WebSite","@id":"https:\/\/moderaterna.se\/stockholm\/#website","url":"https:\/\/moderaterna.se\/stockholm\/","name":"Moderaterna i Stockholms stad och l\u00e4n","description":"Nu f\u00e5r vi ordning p\u00e5 Sverige","publisher":{"@id":"https:\/\/moderaterna.se\/stockholm\/#organization"},"potentialAction":[{"@type":"SearchAction","target":{"@type":"EntryPoint","urlTemplate":"https:\/\/moderaterna.se\/stockholm\/?s={search_term_string}"},"query-input":{"@type":"PropertyValueSpecification","valueRequired":true,"valueName":"search_term_string"}}],"inLanguage":"sv-SE"},{"@type":"Organization","@id":"https:\/\/moderaterna.se\/stockholm\/#organization","name":"Moderaterna","url":"https:\/\/moderaterna.se\/stockholm\/","logo":{"@type":"ImageObject","inLanguage":"sv-SE","@id":"https:\/\/moderaterna.se\/stockholm\/#\/schema\/logo\/image\/","url":"https:\/\/moderaterna.se\/app\/uploads\/2021\/10\/logo-general@2x.png","contentUrl":"https:\/\/moderaterna.se\/app\/uploads\/2021\/10\/logo-general@2x.png","width":122,"height":122,"caption":"Moderaterna"},"image":{"@id":"https:\/\/moderaterna.se\/stockholm\/#\/schema\/logo\/image\/"},"sameAs":["https:\/\/www.facebook.com\/ModeraternaSthlm","https:\/\/x.com\/ModeratSthlm","https:\/\/www.instagram.com\/moderatsthlm\/","https:\/\/www.youtube.com\/user\/ModeraternaSthlm"]}]}},"publishpress_future_action":{"enabled":false,"date":"2026-04-11 07:02:35","action":"change-status","newStatus":"draft","terms":[],"taxonomy":"subject"},"_links":{"self":[{"href":"https:\/\/moderaterna.se\/stockholm\/wp-json\/wp\/v2\/pages\/2450","targetHints":{"allow":["GET"]}}],"collection":[{"href":"https:\/\/moderaterna.se\/stockholm\/wp-json\/wp\/v2\/pages"}],"about":[{"href":"https:\/\/moderaterna.se\/stockholm\/wp-json\/wp\/v2\/types\/page"}],"author":[{"embeddable":true,"href":"https:\/\/moderaterna.se\/stockholm\/wp-json\/wp\/v2\/users\/55"}],"replies":[{"embeddable":true,"href":"https:\/\/moderaterna.se\/stockholm\/wp-json\/wp\/v2\/comments?post=2450"}],"version-history":[{"count":35,"href":"https:\/\/moderaterna.se\/stockholm\/wp-json\/wp\/v2\/pages\/2450\/revisions"}],"predecessor-version":[{"id":7517,"href":"https:\/\/moderaterna.se\/stockholm\/wp-json\/wp\/v2\/pages\/2450\/revisions\/7517"}],"wp:attachment":[{"href":"https:\/\/moderaterna.se\/stockholm\/wp-json\/wp\/v2\/media?parent=2450"}],"wp:term":[{"taxonomy":"subject","embeddable":true,"href":"https:\/\/moderaterna.se\/stockholm\/wp-json\/wp\/v2\/subject?post=2450"}],"curies":[{"name":"wp","href":"https:\/\/api.w.org\/{rel}","templated":true}]}}