{"id":2122,"date":"2022-08-17T10:09:24","date_gmt":"2022-08-17T08:09:24","guid":{"rendered":"https:\/\/moderaterna.se\/stockholm\/?page_id=2122"},"modified":"2022-08-17T21:00:44","modified_gmt":"2022-08-17T19:00:44","slug":"regionen","status":"publish","type":"page","link":"https:\/\/moderaterna.se\/stockholm\/regionen\/","title":{"rendered":"K\u00f6fritt Stockholm"},"content":{"rendered":"\n<p><\/p>\n\n\n\n<h3 class=\"wp-block-heading\" id=\"h-vardkoerna-ska-bort\"><strong>V\u00e5rdk\u00f6erna ska bort<\/strong><\/h3>\n\n\n\n<p><\/p>\n\n\n\n<p>Sjukv\u00e5rden i Region Stockholm \u00e4r en av landets mest tillg\u00e4ngliga och h\u00f6gkvalitativa. H\u00e4r \u00e4r k\u00f6erna kortare, utbudet bredare och valfriheten st\u00f6rre.<\/p>\n\n\n\n<p>Tyv\u00e4rr vill Socialdemokraterna och V\u00e4nsterpartiet i Region Stockholm avveckla denna framg\u00e5ngsrika v\u00e5rdmodell genom att minska valfriheten och<br>sl\u00e5 undan benen f\u00f6r frist\u00e5ende v\u00e5rdgivare, vilket kommer att resultera i l\u00e4ngre v\u00e5rdk\u00f6er och minskad patientmakt.<\/p>\n\n\n\n<p>Vi moderater har en annan vision f\u00f6r v\u00e5rden i Region Stockholm. V\u00e5rt m\u00e5l \u00e4r att v\u00e5rden i Sveriges huvudstadsregion ska vara helt k\u00f6fri.<\/p>\n\n\n\n<p>D\u00e4rf\u00f6r lovar vi att satsa p\u00e5 200 fler v\u00e5rdplatser f\u00f6r att \u00f6ka kapaciteten p\u00e5 sjukhusen och v\u00e4rna valfriheten. Vi ska minska p\u00e5 byr\u00e5kratin, f\u00f6r att i st\u00e4llet satsa p\u00e5 fler v\u00e5rdanst\u00e4llda och en b\u00e4ttre arbetsmilj\u00f6. Samtidigt lovar vi att satsa mer p\u00e5 v\u00e5rdcentralerna s\u00e5 att de blir navet i sjukv\u00e5rden och f\u00f6r att det ska bli l\u00e4ttare att f\u00e5 en tid till l\u00e4kare.<\/p>\n\n\n\n<p><strong>Ta tillbaka Stockholm fr\u00e5n g\u00e4ngen<\/strong><\/p>\n\n\n\n<p>Regeringen har svikit stockholmarnas trygghet.<br>L\u00f6ftet om fler poliser har inte infriats, tv\u00e4rtom har poliserna blivit f\u00e4rre, samtidigt som skjutningarna<br>\u00f6kar i l\u00e4net. Skattepengar som skulle kunna g\u00e5 till cancerv\u00e5rd anv\u00e4nds i st\u00e4llet till att v\u00e5rda skottskadade g\u00e4ngmedlemmar.<\/p>\n\n\n\n<p>Moderaterna vill inf\u00f6ra en trygghetsmiljard i regionen som ska anv\u00e4ndas till bland annat fler ordningsvakter och fler trygghetskameror i kollektivtrafiken och i v\u00e5rden.<\/p>\n\n\n\n<p>N\u00e4r samh\u00e4llsklimatet h\u00e5rdnar tvingas v\u00e5rdens medarbetare m\u00f6ta en ny verklighet d\u00e4r hot och v\u00e5ld \u00e4r vardag. V\u00e5rt besked \u00e4r tydligt, den som r\u00e4ddar andras liv ska inte beh\u00f6va frukta f\u00f6r sitt eget.<\/p>\n\n\n\n<p><strong>Nya v\u00e4gar och en p\u00e5litlig kollektivtrafik<\/strong><\/p>\n\n\n\n<p>Restiderna i Stockholm beh\u00f6ver minska f\u00f6r att fler ska f\u00e5 mer tid till familj ist\u00e4llet f\u00f6r att sitta i bilk\u00f6er. Moderaterna vill d\u00e4rf\u00f6r att F\u00f6rbifart Stockholm f\u00e4rdigst\u00e4lls och att byggandet av \u00d6stlig f\u00f6rbindelse och Tv\u00e4rf\u00f6rbindelse S\u00f6dert\u00f6rn p\u00e5b\u00f6rjas.<\/p>\n\n\n\n<p>Vi vill \u00e4ven forts\u00e4tta den historiska utbyggnaden av kollektivtrafiken i form av tunnelbana, t\u00e5g och sp\u00e5rv\u00e4g med m\u00e5nga nya stationer och flera mil nya sp\u00e5r. D\u00e4rtill kommer vi satsa p\u00e5 att alla bussar och t\u00e5g \u00e4r moderna, rena och trygga.<\/p>\n\n\n\n<p><\/p>\n\n\n\n<p><\/p>\n\n\n<hr \/>\n<h3><strong>V\u00e5r politik i korthet<\/strong><\/h3>\n<p><strong>Fler va\u030ardplatser <\/strong><\/p>\n<p>Fo\u0308r att helt ta bort va\u030ardko\u0308erna beho\u0308ver sjukva\u030arden byggas ut. Da\u0308rfo\u0308r vill Moderaterna satsa pa\u030a va\u030ardcentralerna och 200 fler va\u030ardplatser pa\u030a va\u030ara sjukhus.<\/p>\n<p><strong>Va\u0308rna valfriheten <\/strong><\/p>\n<p>I Stockholm a\u0308r valfriheten inom va\u030arden sto\u0308rre och ko\u0308erna kortare a\u0308n i resten av landet. Sa\u030a vill Moderaterna att det ska fortsa\u0308tta vara.<\/p>\n<p><strong>En pa\u030alitlig kollektivtrafik <\/strong><\/p>\n<p>Vi vill fortsa\u0308tta modernisera och bygga ut Stockholms kollektivtrafik.<\/p>\n<p><strong>Ta tillbaka Stockholm fra\u030an ga\u0308ngen <\/strong><\/p>\n<p>Vi lovar en trygghetsmiljard i regionen som ska anva\u0308ndas till t.ex. fler ordningsvakter och trygghetskameror. Tillsammans med fler poliser tar vi tillbaka tryggheten.<\/p>\n<p><strong>Nya va\u0308gar <\/strong><\/p>\n<p>Moderaterna vill att Fo\u0308rbifart Stockholm fa\u0308rdigsta\u0308lls och att byggandet av<br \/>O\u0308stlig fo\u0308rbindelse och Tva\u0308rfo\u0308rbindelse So\u0308derto\u0308rn pa\u030abo\u0308rjas.<\/p>\n<p><strong>La\u0308ttare att tra\u0308ffa la\u0308karen <\/strong><\/p>\n<p>Va\u030ardcentralerna ska vara navet i sjukva\u030arden och da\u0308rfo\u0308r beho\u0308ver det bli enklare att fa\u030a kontakt med sin va\u030ardcentral och tra\u0308ffa sin la\u0308kare. Vi vill satsa mer resurser pa\u030a va\u030ardcentralerna.<\/p>\n<p><strong>Fa\u0308rre byra\u030akrater och fler va\u030ardansta\u0308llda<br \/><\/strong>Vi vill fa\u030a ut sa\u030a mycket va\u030ard som mo\u0308jligt av varje skattekrona. Da\u0308rfo\u0308r ska byra\u030akratin fortsa\u0308tta minska inom va\u030arden och resurserna ska satsas pa\u030a fler va\u030ardansta\u0308llda och en ba\u0308ttre arbetsmiljo\u0308.<\/p>\n<p><strong>Ingen ska beho\u0308va va\u0308nta fo\u0308r la\u0308nge <\/strong><\/p>\n<p>Alla som riskerar att va\u0308nta fo\u0308r la\u0308nge i Stockholm ska kontaktas och erbjudas plats hos en va\u030ardgivare som kan erbjuda va\u030ard snabbare.<\/p>\n<p>\u00a0<\/p>","protected":false},"excerpt":{"rendered":"<p>V\u00e5rdk\u00f6erna ska bort Sjukv\u00e5rden i Region Stockholm \u00e4r en av landets mest tillg\u00e4ngliga och h\u00f6gkvalitativa. H\u00e4r \u00e4r k\u00f6erna kortare, utbudet bredare och valfriheten st\u00f6rre. Tyv\u00e4rr vill Socialdemokraterna och V\u00e4nsterpartiet i Region Stockholm avveckla denna framg\u00e5ngsrika v\u00e5rdmodell genom att minska valfriheten ochsl\u00e5 undan benen f\u00f6r frist\u00e5ende v\u00e5rdgivare, vilket kommer att resultera i l\u00e4ngre v\u00e5rdk\u00f6er och minskad [&hellip;]<\/p>\n","protected":false},"author":57,"featured_media":0,"parent":0,"menu_order":0,"comment_status":"closed","ping_status":"closed","template":"","meta":{"_acf_changed":false,"_relevanssi_hide_post":"","_relevanssi_hide_content":"","_relevanssi_pin_for_all":"","_relevanssi_pin_keywords":"","_relevanssi_unpin_keywords":"","_relevanssi_related_keywords":"","_relevanssi_related_include_ids":"","_relevanssi_related_exclude_ids":"","_relevanssi_related_no_append":"","_relevanssi_related_not_related":"","_relevanssi_related_posts":"979,5504,3006,5080,2849,5611","_relevanssi_noindex_reason":"","footnotes":""},"subject":[],"class_list":["post-2122","page","type-page","status-publish","hentry"],"acf":[],"yoast_head":"<!-- This site is optimized with the Yoast SEO Premium plugin v27.1 (Yoast SEO v27.1.1) - https:\/\/yoast.com\/product\/yoast-seo-premium-wordpress\/ -->\n<title>K\u00f6fritt Stockholm | Moderaterna i Stockholms stad och l\u00e4n<\/title>\n<meta name=\"robots\" content=\"index, follow, max-snippet:-1, max-image-preview:large, max-video-preview:-1\" \/>\n<link rel=\"canonical\" href=\"https:\/\/moderaterna.se\/stockholm\/regionen\/\" \/>\n<meta property=\"og:locale\" content=\"sv_SE\" \/>\n<meta property=\"og:type\" content=\"article\" \/>\n<meta property=\"og:title\" content=\"K\u00f6fritt Stockholm\" \/>\n<meta property=\"og:url\" content=\"https:\/\/moderaterna.se\/stockholm\/regionen\/\" \/>\n<meta property=\"og:site_name\" content=\"Moderaterna i Stockholms stad och l\u00e4n\" \/>\n<meta property=\"article:publisher\" content=\"https:\/\/www.facebook.com\/ModeraternaSthlm\" \/>\n<meta property=\"article:modified_time\" content=\"2022-08-17T19:00:44+00:00\" \/>\n<meta property=\"og:image\" content=\"https:\/\/moderaterna.se\/app\/uploads\/sites\/5\/2022\/01\/DELNINGSBILD_hemsida_fo\u0308rstasida.png\" \/>\n\t<meta property=\"og:image:width\" content=\"1200\" \/>\n\t<meta property=\"og:image:height\" content=\"628\" \/>\n\t<meta property=\"og:image:type\" content=\"image\/png\" \/>\n<meta name=\"twitter:card\" content=\"summary_large_image\" \/>\n<meta name=\"twitter:site\" content=\"@ModeratSthlm\" \/>\n<meta name=\"twitter:label1\" content=\"Ber\u00e4knad l\u00e4stid\" \/>\n\t<meta name=\"twitter:data1\" content=\"3 minuter\" \/>\n<script type=\"application\/ld+json\" class=\"yoast-schema-graph\">{\"@context\":\"https:\/\/schema.org\",\"@graph\":[{\"@type\":\"WebPage\",\"@id\":\"https:\/\/moderaterna.se\/stockholm\/regionen\/\",\"url\":\"https:\/\/moderaterna.se\/stockholm\/regionen\/\",\"name\":\"K\u00f6fritt Stockholm | Moderaterna i Stockholms stad och l\u00e4n\",\"isPartOf\":{\"@id\":\"https:\/\/moderaterna.se\/stockholm\/#website\"},\"datePublished\":\"2022-08-17T08:09:24+00:00\",\"dateModified\":\"2022-08-17T19:00:44+00:00\",\"breadcrumb\":{\"@id\":\"https:\/\/moderaterna.se\/stockholm\/regionen\/#breadcrumb\"},\"inLanguage\":\"sv-SE\",\"potentialAction\":[{\"@type\":\"ReadAction\",\"target\":[\"https:\/\/moderaterna.se\/stockholm\/regionen\/\"]}]},{\"@type\":\"BreadcrumbList\",\"@id\":\"https:\/\/moderaterna.se\/stockholm\/regionen\/#breadcrumb\",\"itemListElement\":[{\"@type\":\"ListItem\",\"position\":1,\"name\":\"Hem\",\"item\":\"https:\/\/moderaterna.se\/stockholm\/\"},{\"@type\":\"ListItem\",\"position\":2,\"name\":\"K\u00f6fritt Stockholm\"}]},{\"@type\":\"WebSite\",\"@id\":\"https:\/\/moderaterna.se\/stockholm\/#website\",\"url\":\"https:\/\/moderaterna.se\/stockholm\/\",\"name\":\"Moderaterna i Stockholms stad och l\u00e4n\",\"description\":\"Nu f\u00e5r vi ordning p\u00e5 Sverige\",\"publisher\":{\"@id\":\"https:\/\/moderaterna.se\/stockholm\/#organization\"},\"potentialAction\":[{\"@type\":\"SearchAction\",\"target\":{\"@type\":\"EntryPoint\",\"urlTemplate\":\"https:\/\/moderaterna.se\/stockholm\/?s={search_term_string}\"},\"query-input\":{\"@type\":\"PropertyValueSpecification\",\"valueRequired\":true,\"valueName\":\"search_term_string\"}}],\"inLanguage\":\"sv-SE\"},{\"@type\":\"Organization\",\"@id\":\"https:\/\/moderaterna.se\/stockholm\/#organization\",\"name\":\"Moderaterna\",\"url\":\"https:\/\/moderaterna.se\/stockholm\/\",\"logo\":{\"@type\":\"ImageObject\",\"inLanguage\":\"sv-SE\",\"@id\":\"https:\/\/moderaterna.se\/stockholm\/#\/schema\/logo\/image\/\",\"url\":\"https:\/\/moderaterna.se\/app\/uploads\/2021\/10\/logo-general@2x.png\",\"contentUrl\":\"https:\/\/moderaterna.se\/app\/uploads\/2021\/10\/logo-general@2x.png\",\"width\":122,\"height\":122,\"caption\":\"Moderaterna\"},\"image\":{\"@id\":\"https:\/\/moderaterna.se\/stockholm\/#\/schema\/logo\/image\/\"},\"sameAs\":[\"https:\/\/www.facebook.com\/ModeraternaSthlm\",\"https:\/\/x.com\/ModeratSthlm\",\"https:\/\/www.instagram.com\/moderatsthlm\/\",\"https:\/\/www.youtube.com\/user\/ModeraternaSthlm\"]}]}<\/script>\n<!-- \/ Yoast SEO Premium plugin. -->","yoast_head_json":{"title":"K\u00f6fritt Stockholm | Moderaterna i Stockholms stad och l\u00e4n","robots":{"index":"index","follow":"follow","max-snippet":"max-snippet:-1","max-image-preview":"max-image-preview:large","max-video-preview":"max-video-preview:-1"},"canonical":"https:\/\/moderaterna.se\/stockholm\/regionen\/","og_locale":"sv_SE","og_type":"article","og_title":"K\u00f6fritt Stockholm","og_url":"https:\/\/moderaterna.se\/stockholm\/regionen\/","og_site_name":"Moderaterna i Stockholms stad och l\u00e4n","article_publisher":"https:\/\/www.facebook.com\/ModeraternaSthlm","article_modified_time":"2022-08-17T19:00:44+00:00","og_image":[{"width":1200,"height":628,"url":"https:\/\/moderaterna.se\/app\/uploads\/sites\/5\/2022\/01\/DELNINGSBILD_hemsida_fo\u0308rstasida.png","type":"image\/png"}],"twitter_card":"summary_large_image","twitter_site":"@ModeratSthlm","twitter_misc":{"Ber\u00e4knad l\u00e4stid":"3 minuter"},"schema":{"@context":"https:\/\/schema.org","@graph":[{"@type":"WebPage","@id":"https:\/\/moderaterna.se\/stockholm\/regionen\/","url":"https:\/\/moderaterna.se\/stockholm\/regionen\/","name":"K\u00f6fritt Stockholm | Moderaterna i Stockholms stad och l\u00e4n","isPartOf":{"@id":"https:\/\/moderaterna.se\/stockholm\/#website"},"datePublished":"2022-08-17T08:09:24+00:00","dateModified":"2022-08-17T19:00:44+00:00","breadcrumb":{"@id":"https:\/\/moderaterna.se\/stockholm\/regionen\/#breadcrumb"},"inLanguage":"sv-SE","potentialAction":[{"@type":"ReadAction","target":["https:\/\/moderaterna.se\/stockholm\/regionen\/"]}]},{"@type":"BreadcrumbList","@id":"https:\/\/moderaterna.se\/stockholm\/regionen\/#breadcrumb","itemListElement":[{"@type":"ListItem","position":1,"name":"Hem","item":"https:\/\/moderaterna.se\/stockholm\/"},{"@type":"ListItem","position":2,"name":"K\u00f6fritt Stockholm"}]},{"@type":"WebSite","@id":"https:\/\/moderaterna.se\/stockholm\/#website","url":"https:\/\/moderaterna.se\/stockholm\/","name":"Moderaterna i Stockholms stad och l\u00e4n","description":"Nu f\u00e5r vi ordning p\u00e5 Sverige","publisher":{"@id":"https:\/\/moderaterna.se\/stockholm\/#organization"},"potentialAction":[{"@type":"SearchAction","target":{"@type":"EntryPoint","urlTemplate":"https:\/\/moderaterna.se\/stockholm\/?s={search_term_string}"},"query-input":{"@type":"PropertyValueSpecification","valueRequired":true,"valueName":"search_term_string"}}],"inLanguage":"sv-SE"},{"@type":"Organization","@id":"https:\/\/moderaterna.se\/stockholm\/#organization","name":"Moderaterna","url":"https:\/\/moderaterna.se\/stockholm\/","logo":{"@type":"ImageObject","inLanguage":"sv-SE","@id":"https:\/\/moderaterna.se\/stockholm\/#\/schema\/logo\/image\/","url":"https:\/\/moderaterna.se\/app\/uploads\/2021\/10\/logo-general@2x.png","contentUrl":"https:\/\/moderaterna.se\/app\/uploads\/2021\/10\/logo-general@2x.png","width":122,"height":122,"caption":"Moderaterna"},"image":{"@id":"https:\/\/moderaterna.se\/stockholm\/#\/schema\/logo\/image\/"},"sameAs":["https:\/\/www.facebook.com\/ModeraternaSthlm","https:\/\/x.com\/ModeratSthlm","https:\/\/www.instagram.com\/moderatsthlm\/","https:\/\/www.youtube.com\/user\/ModeraternaSthlm"]}]}},"publishpress_future_action":{"enabled":false,"date":"2026-04-12 06:18:07","action":"change-status","newStatus":"draft","terms":[],"taxonomy":"subject"},"_links":{"self":[{"href":"https:\/\/moderaterna.se\/stockholm\/wp-json\/wp\/v2\/pages\/2122","targetHints":{"allow":["GET"]}}],"collection":[{"href":"https:\/\/moderaterna.se\/stockholm\/wp-json\/wp\/v2\/pages"}],"about":[{"href":"https:\/\/moderaterna.se\/stockholm\/wp-json\/wp\/v2\/types\/page"}],"author":[{"embeddable":true,"href":"https:\/\/moderaterna.se\/stockholm\/wp-json\/wp\/v2\/users\/57"}],"replies":[{"embeddable":true,"href":"https:\/\/moderaterna.se\/stockholm\/wp-json\/wp\/v2\/comments?post=2122"}],"version-history":[{"count":13,"href":"https:\/\/moderaterna.se\/stockholm\/wp-json\/wp\/v2\/pages\/2122\/revisions"}],"predecessor-version":[{"id":6631,"href":"https:\/\/moderaterna.se\/stockholm\/wp-json\/wp\/v2\/pages\/2122\/revisions\/6631"}],"wp:attachment":[{"href":"https:\/\/moderaterna.se\/stockholm\/wp-json\/wp\/v2\/media?parent=2122"}],"wp:term":[{"taxonomy":"subject","embeddable":true,"href":"https:\/\/moderaterna.se\/stockholm\/wp-json\/wp\/v2\/subject?post=2122"}],"curies":[{"name":"wp","href":"https:\/\/api.w.org\/{rel}","templated":true}]}}