{"id":1161,"date":"2022-01-15T16:31:34","date_gmt":"2022-01-15T15:31:34","guid":{"rendered":"https:\/\/moderaterna.se\/stockholm\/?page_id=1161"},"modified":"2024-09-04T13:25:40","modified_gmt":"2024-09-04T11:25:40","slug":"fyllnadsval-av-namndeman","status":"publish","type":"page","link":"https:\/\/moderaterna.se\/stockholm\/om-oss\/fyllnadsval-av-namndeman\/","title":{"rendered":"Fyllnadsval av n\u00e4mndem\u00e4n"},"content":{"rendered":"\n<p>De flesta n\u00e4mndemannauppdragen \u00e4r tillsatta och v\u00e4ljs om f\u00f6rst 2027. D\u00e4remot f\u00f6rekommer att n\u00e4mndem\u00e4n flyttar eller slutar vilket g\u00f6r att vi utser nya n\u00e4mndem\u00e4n l\u00f6pande f\u00f6r de lediga platser som uppst\u00e5r.<\/p>\n\n\n\n<p><strong>F\u00f6r att bli n\u00e4mndeman beh\u00f6ver du bli medlem i Moderaterna<\/strong><\/p>\n\n\n\n<p><strong>Var anm\u00e4ler man sig?<\/strong><\/p>\n\n\n\n<p>klicka in p\u00e5 <strong><a href=\"https:\/\/moderaterna.info\/\">moderaterna.info<\/a>&nbsp;-&gt; mitt medlemskap -&gt; Bli n\u00e4mndeman<\/strong><\/p>\n\n\n\n<p><strong>F\u00e5r man vara n\u00e4mndeman i tv\u00e5 r\u00e4tter samtidigt?<\/strong><\/p>\n\n\n\n<p>Svar: Inriktningen \u00e4r att man har ett n\u00e4mndemannauppdrag i taget.<\/p>\n\n\n\n<p>F\u00f6r fr\u00e5gor: s\u00e4nd e-post till&nbsp;<a href=\"mailto:stockholm@moderaterna.se\">stockholm@moderaterna.se&nbsp;<\/a><\/p>\n","protected":false},"excerpt":{"rendered":"<p>De flesta n\u00e4mndemannauppdragen \u00e4r tillsatta och v\u00e4ljs om f\u00f6rst 2027. D\u00e4remot f\u00f6rekommer att n\u00e4mndem\u00e4n flyttar eller slutar vilket g\u00f6r att vi utser nya n\u00e4mndem\u00e4n l\u00f6pande f\u00f6r de lediga platser som uppst\u00e5r. F\u00f6r att bli n\u00e4mndeman beh\u00f6ver du bli medlem i Moderaterna Var anm\u00e4ler man sig? klicka in p\u00e5 moderaterna.info&nbsp;-&gt; mitt medlemskap -&gt; Bli n\u00e4mndeman F\u00e5r [&hellip;]<\/p>\n","protected":false},"author":6,"featured_media":0,"parent":647,"menu_order":0,"comment_status":"closed","ping_status":"closed","template":"","meta":{"_acf_changed":false,"_relevanssi_hide_post":"","_relevanssi_hide_content":"","_relevanssi_pin_for_all":"","_relevanssi_pin_keywords":"","_relevanssi_unpin_keywords":"","_relevanssi_related_keywords":"","_relevanssi_related_include_ids":"","_relevanssi_related_exclude_ids":"","_relevanssi_related_no_append":"","_relevanssi_related_not_related":"","_relevanssi_related_posts":"1007,949,999,967,953,955","_relevanssi_noindex_reason":"","footnotes":""},"subject":[],"class_list":["post-1161","page","type-page","status-publish","hentry"],"acf":[],"yoast_head":"<!-- This site is optimized with the Yoast SEO Premium plugin v27.1 (Yoast SEO v27.1.1) - https:\/\/yoast.com\/product\/yoast-seo-premium-wordpress\/ -->\n<title>Fyllnadsval av n\u00e4mndem\u00e4n | Moderaterna i Stockholms stad och l\u00e4n<\/title>\n<meta name=\"robots\" content=\"index, follow, max-snippet:-1, max-image-preview:large, max-video-preview:-1\" \/>\n<link rel=\"canonical\" href=\"https:\/\/moderaterna.se\/stockholm\/om-oss\/fyllnadsval-av-namndeman\/\" \/>\n<meta property=\"og:locale\" content=\"sv_SE\" \/>\n<meta property=\"og:type\" content=\"article\" \/>\n<meta property=\"og:title\" content=\"Fyllnadsval av n\u00e4mndem\u00e4n\" \/>\n<meta property=\"og:url\" content=\"https:\/\/moderaterna.se\/stockholm\/om-oss\/fyllnadsval-av-namndeman\/\" \/>\n<meta property=\"og:site_name\" content=\"Moderaterna i Stockholms stad och l\u00e4n\" \/>\n<meta property=\"article:publisher\" content=\"https:\/\/www.facebook.com\/ModeraternaSthlm\" \/>\n<meta property=\"article:modified_time\" content=\"2024-09-04T11:25:40+00:00\" \/>\n<meta property=\"og:image\" content=\"https:\/\/moderaterna.se\/app\/uploads\/sites\/5\/2022\/01\/DELNINGSBILD_hemsida_fo\u0308rstasida.png\" \/>\n\t<meta property=\"og:image:width\" content=\"1200\" \/>\n\t<meta property=\"og:image:height\" content=\"628\" \/>\n\t<meta property=\"og:image:type\" content=\"image\/png\" \/>\n<meta name=\"twitter:card\" content=\"summary_large_image\" \/>\n<meta name=\"twitter:site\" content=\"@ModeratSthlm\" \/>\n<meta name=\"twitter:label1\" content=\"Ber\u00e4knad l\u00e4stid\" \/>\n\t<meta name=\"twitter:data1\" content=\"1 minut\" \/>\n<script type=\"application\/ld+json\" class=\"yoast-schema-graph\">{\"@context\":\"https:\/\/schema.org\",\"@graph\":[{\"@type\":\"WebPage\",\"@id\":\"https:\/\/moderaterna.se\/stockholm\/om-oss\/fyllnadsval-av-namndeman\/\",\"url\":\"https:\/\/moderaterna.se\/stockholm\/om-oss\/fyllnadsval-av-namndeman\/\",\"name\":\"Fyllnadsval av n\u00e4mndem\u00e4n | Moderaterna i Stockholms stad och l\u00e4n\",\"isPartOf\":{\"@id\":\"https:\/\/moderaterna.se\/stockholm\/#website\"},\"datePublished\":\"2022-01-15T15:31:34+00:00\",\"dateModified\":\"2024-09-04T11:25:40+00:00\",\"breadcrumb\":{\"@id\":\"https:\/\/moderaterna.se\/stockholm\/om-oss\/fyllnadsval-av-namndeman\/#breadcrumb\"},\"inLanguage\":\"sv-SE\",\"potentialAction\":[{\"@type\":\"ReadAction\",\"target\":[\"https:\/\/moderaterna.se\/stockholm\/om-oss\/fyllnadsval-av-namndeman\/\"]}]},{\"@type\":\"BreadcrumbList\",\"@id\":\"https:\/\/moderaterna.se\/stockholm\/om-oss\/fyllnadsval-av-namndeman\/#breadcrumb\",\"itemListElement\":[{\"@type\":\"ListItem\",\"position\":1,\"name\":\"Hem\",\"item\":\"https:\/\/moderaterna.se\/stockholm\/\"},{\"@type\":\"ListItem\",\"position\":2,\"name\":\"Om oss\",\"item\":\"https:\/\/moderaterna.se\/stockholm\/om-oss\/\"},{\"@type\":\"ListItem\",\"position\":3,\"name\":\"Fyllnadsval av n\u00e4mndem\u00e4n\"}]},{\"@type\":\"WebSite\",\"@id\":\"https:\/\/moderaterna.se\/stockholm\/#website\",\"url\":\"https:\/\/moderaterna.se\/stockholm\/\",\"name\":\"Moderaterna i Stockholms stad och l\u00e4n\",\"description\":\"Nu f\u00e5r vi ordning p\u00e5 Sverige\",\"publisher\":{\"@id\":\"https:\/\/moderaterna.se\/stockholm\/#organization\"},\"potentialAction\":[{\"@type\":\"SearchAction\",\"target\":{\"@type\":\"EntryPoint\",\"urlTemplate\":\"https:\/\/moderaterna.se\/stockholm\/?s={search_term_string}\"},\"query-input\":{\"@type\":\"PropertyValueSpecification\",\"valueRequired\":true,\"valueName\":\"search_term_string\"}}],\"inLanguage\":\"sv-SE\"},{\"@type\":\"Organization\",\"@id\":\"https:\/\/moderaterna.se\/stockholm\/#organization\",\"name\":\"Moderaterna\",\"url\":\"https:\/\/moderaterna.se\/stockholm\/\",\"logo\":{\"@type\":\"ImageObject\",\"inLanguage\":\"sv-SE\",\"@id\":\"https:\/\/moderaterna.se\/stockholm\/#\/schema\/logo\/image\/\",\"url\":\"https:\/\/moderaterna.se\/app\/uploads\/2021\/10\/logo-general@2x.png\",\"contentUrl\":\"https:\/\/moderaterna.se\/app\/uploads\/2021\/10\/logo-general@2x.png\",\"width\":122,\"height\":122,\"caption\":\"Moderaterna\"},\"image\":{\"@id\":\"https:\/\/moderaterna.se\/stockholm\/#\/schema\/logo\/image\/\"},\"sameAs\":[\"https:\/\/www.facebook.com\/ModeraternaSthlm\",\"https:\/\/x.com\/ModeratSthlm\",\"https:\/\/www.instagram.com\/moderatsthlm\/\",\"https:\/\/www.youtube.com\/user\/ModeraternaSthlm\"]}]}<\/script>\n<!-- \/ Yoast SEO Premium plugin. -->","yoast_head_json":{"title":"Fyllnadsval av n\u00e4mndem\u00e4n | Moderaterna i Stockholms stad och l\u00e4n","robots":{"index":"index","follow":"follow","max-snippet":"max-snippet:-1","max-image-preview":"max-image-preview:large","max-video-preview":"max-video-preview:-1"},"canonical":"https:\/\/moderaterna.se\/stockholm\/om-oss\/fyllnadsval-av-namndeman\/","og_locale":"sv_SE","og_type":"article","og_title":"Fyllnadsval av n\u00e4mndem\u00e4n","og_url":"https:\/\/moderaterna.se\/stockholm\/om-oss\/fyllnadsval-av-namndeman\/","og_site_name":"Moderaterna i Stockholms stad och l\u00e4n","article_publisher":"https:\/\/www.facebook.com\/ModeraternaSthlm","article_modified_time":"2024-09-04T11:25:40+00:00","og_image":[{"width":1200,"height":628,"url":"https:\/\/moderaterna.se\/app\/uploads\/sites\/5\/2022\/01\/DELNINGSBILD_hemsida_fo\u0308rstasida.png","type":"image\/png"}],"twitter_card":"summary_large_image","twitter_site":"@ModeratSthlm","twitter_misc":{"Ber\u00e4knad l\u00e4stid":"1 minut"},"schema":{"@context":"https:\/\/schema.org","@graph":[{"@type":"WebPage","@id":"https:\/\/moderaterna.se\/stockholm\/om-oss\/fyllnadsval-av-namndeman\/","url":"https:\/\/moderaterna.se\/stockholm\/om-oss\/fyllnadsval-av-namndeman\/","name":"Fyllnadsval av n\u00e4mndem\u00e4n | Moderaterna i Stockholms stad och l\u00e4n","isPartOf":{"@id":"https:\/\/moderaterna.se\/stockholm\/#website"},"datePublished":"2022-01-15T15:31:34+00:00","dateModified":"2024-09-04T11:25:40+00:00","breadcrumb":{"@id":"https:\/\/moderaterna.se\/stockholm\/om-oss\/fyllnadsval-av-namndeman\/#breadcrumb"},"inLanguage":"sv-SE","potentialAction":[{"@type":"ReadAction","target":["https:\/\/moderaterna.se\/stockholm\/om-oss\/fyllnadsval-av-namndeman\/"]}]},{"@type":"BreadcrumbList","@id":"https:\/\/moderaterna.se\/stockholm\/om-oss\/fyllnadsval-av-namndeman\/#breadcrumb","itemListElement":[{"@type":"ListItem","position":1,"name":"Hem","item":"https:\/\/moderaterna.se\/stockholm\/"},{"@type":"ListItem","position":2,"name":"Om oss","item":"https:\/\/moderaterna.se\/stockholm\/om-oss\/"},{"@type":"ListItem","position":3,"name":"Fyllnadsval av n\u00e4mndem\u00e4n"}]},{"@type":"WebSite","@id":"https:\/\/moderaterna.se\/stockholm\/#website","url":"https:\/\/moderaterna.se\/stockholm\/","name":"Moderaterna i Stockholms stad och l\u00e4n","description":"Nu f\u00e5r vi ordning p\u00e5 Sverige","publisher":{"@id":"https:\/\/moderaterna.se\/stockholm\/#organization"},"potentialAction":[{"@type":"SearchAction","target":{"@type":"EntryPoint","urlTemplate":"https:\/\/moderaterna.se\/stockholm\/?s={search_term_string}"},"query-input":{"@type":"PropertyValueSpecification","valueRequired":true,"valueName":"search_term_string"}}],"inLanguage":"sv-SE"},{"@type":"Organization","@id":"https:\/\/moderaterna.se\/stockholm\/#organization","name":"Moderaterna","url":"https:\/\/moderaterna.se\/stockholm\/","logo":{"@type":"ImageObject","inLanguage":"sv-SE","@id":"https:\/\/moderaterna.se\/stockholm\/#\/schema\/logo\/image\/","url":"https:\/\/moderaterna.se\/app\/uploads\/2021\/10\/logo-general@2x.png","contentUrl":"https:\/\/moderaterna.se\/app\/uploads\/2021\/10\/logo-general@2x.png","width":122,"height":122,"caption":"Moderaterna"},"image":{"@id":"https:\/\/moderaterna.se\/stockholm\/#\/schema\/logo\/image\/"},"sameAs":["https:\/\/www.facebook.com\/ModeraternaSthlm","https:\/\/x.com\/ModeratSthlm","https:\/\/www.instagram.com\/moderatsthlm\/","https:\/\/www.youtube.com\/user\/ModeraternaSthlm"]}]}},"publishpress_future_action":{"enabled":false,"date":"2026-05-03 05:51:26","action":"change-status","newStatus":"draft","terms":[],"taxonomy":"subject"},"_links":{"self":[{"href":"https:\/\/moderaterna.se\/stockholm\/wp-json\/wp\/v2\/pages\/1161","targetHints":{"allow":["GET"]}}],"collection":[{"href":"https:\/\/moderaterna.se\/stockholm\/wp-json\/wp\/v2\/pages"}],"about":[{"href":"https:\/\/moderaterna.se\/stockholm\/wp-json\/wp\/v2\/types\/page"}],"author":[{"embeddable":true,"href":"https:\/\/moderaterna.se\/stockholm\/wp-json\/wp\/v2\/users\/6"}],"replies":[{"embeddable":true,"href":"https:\/\/moderaterna.se\/stockholm\/wp-json\/wp\/v2\/comments?post=1161"}],"version-history":[{"count":4,"href":"https:\/\/moderaterna.se\/stockholm\/wp-json\/wp\/v2\/pages\/1161\/revisions"}],"predecessor-version":[{"id":4870,"href":"https:\/\/moderaterna.se\/stockholm\/wp-json\/wp\/v2\/pages\/1161\/revisions\/4870"}],"up":[{"embeddable":true,"href":"https:\/\/moderaterna.se\/stockholm\/wp-json\/wp\/v2\/pages\/647"}],"wp:attachment":[{"href":"https:\/\/moderaterna.se\/stockholm\/wp-json\/wp\/v2\/media?parent=1161"}],"wp:term":[{"taxonomy":"subject","embeddable":true,"href":"https:\/\/moderaterna.se\/stockholm\/wp-json\/wp\/v2\/subject?post=1161"}],"curies":[{"name":"wp","href":"https:\/\/api.w.org\/{rel}","templated":true}]}}