{"id":82,"date":"2021-10-13T14:29:52","date_gmt":"2021-10-13T12:29:52","guid":{"rendered":"https:\/\/moderaterna.se\/?page_id=82"},"modified":"2022-12-08T13:38:21","modified_gmt":"2022-12-08T12:38:21","slug":"moderaterna-nu-far-vi-ordning-pa-sverige","status":"publish","type":"page","link":"https:\/\/moderaterna.se\/sodermanland\/","title":{"rendered":"Moderaterna \u2013 Nu f\u00e5r vi ordning p\u00e5 S\u00f6dermanland"},"content":{"rendered":"<div id=\"current-block_619d051aef5b7\" class=\"current custom-block custom-block__full\">\n    <div class=\"current__content\">\n        <div class=\"current__content--heading\">\n                    <\/div>\n        <div class=\"current__content--recent\">\n                            <div class=\"current__content--recent__single\">\n                    \n<div class=\"article-puff\">\n            <a href=\"https:\/\/moderaterna.se\/sodermanland\/nyhet\/sodermanland-regionpolitiskt-program-sodermanland\/\">\n            <div class=\"article-puff__background theme__background--dark-blue\">\n                <img loading=\"lazy\" decoding=\"async\" width=\"512\" height=\"400\" src=\"https:\/\/moderaterna.se\/app\/uploads\/sites\/14\/2022\/01\/ARTIKEL_1280x1000px_logga_blue.jpg\" class=\"article-puff__image\" alt=\"\" srcset=\"https:\/\/moderaterna.se\/app\/uploads\/sites\/14\/2022\/01\/ARTIKEL_1280x1000px_logga_blue.jpg 1280w, https:\/\/moderaterna.se\/app\/uploads\/sites\/14\/2022\/01\/ARTIKEL_1280x1000px_logga_blue-300x234.jpg 300w, https:\/\/moderaterna.se\/app\/uploads\/sites\/14\/2022\/01\/ARTIKEL_1280x1000px_logga_blue-1024x800.jpg 1024w, https:\/\/moderaterna.se\/app\/uploads\/sites\/14\/2022\/01\/ARTIKEL_1280x1000px_logga_blue-768x600.jpg 768w\" sizes=\"auto, (max-width: 512px) 100vw, 512px\" \/>                    <span class=\"article-puff__background--popular\">Popul\u00e4r<\/span>\n                            <\/div>\n        <\/a>\n                    <div class=\"article-puff__info article-info\">\n                <p>29 augusti, 2022<\/p>\n                                <button class=\"subjects-expand\" title=\"Visa alla hj\u00e4rtefr\u00e5gor\">\n                    <span class=\"show-for-sr\">Visa alla hj\u00e4rtefr\u00e5gor<\/span>\n                    <span class=\"dot\"><\/span>\n                    <span class=\"dot\"><\/span>\n                    <span class=\"dot\"><\/span>\n                <\/button>\n            <\/div>\n                <h3 class=\"h4--dark-grey article-puff__heading\">\n        <a href=\"https:\/\/moderaterna.se\/sodermanland\/nyhet\/sodermanland-regionpolitiskt-program-sodermanland\/\" class=\"a--dark-grey\">Regionalpolitiskt program f\u00f6r S\u00f6dermanland<\/a>\n    <\/h3>\n<\/div>                <\/div>\n                    <\/div>\n    <\/div>\n<\/div>\n\n\n\n<div class=\"wp-block-columns has-pink-background-color has-background is-layout-flex wp-container-core-columns-is-layout-9d6595d7 wp-block-columns-is-layout-flex\">\n<div class=\"wp-block-column is-layout-flow wp-block-column-is-layout-flow\">\n<h2 class=\"wp-block-heading\" id=\"h-viktiga-politiska-fragor-som-far-ordning-pa-sverige\">Viktiga politiska fr\u00e5gor som f\u00e5r ordning p\u00e5 Sverige<\/h2>\n<\/div>\n<\/div>\n\n\n\n<div class=\"wp-block-columns has-pink-background-color has-background is-layout-flex wp-container-core-columns-is-layout-9d6595d7 wp-block-columns-is-layout-flex\">\n<div class=\"wp-block-column is-layout-flow wp-block-column-is-layout-flow\"><\/div>\n\n\n\n<div class=\"wp-block-column is-layout-flow wp-block-column-is-layout-flow\">\n\n\n<p><\/p>\n<\/div>\n\n\n\n<div class=\"wp-block-column is-layout-flow wp-block-column-is-layout-flow\"><\/div>\n<\/div>\n\n\n<div id=\"donation-membership-block_61bf5ed74856a\" class=\"donation-membership custom-block\">\n    <div class=\"donation-membership__content\">\n                    <div class=\"donation-membership__content--puffs swiper\">\n                <div class=\"donation-membership__content--puffs__wrapper swiper-wrapper\">\n                                            <div class=\"donation-membership__content--puffs__single swiper-slide highlighted theme__color--blue\">\n                            <p class=\"donation-membership__content--puffs__single--category\">Ta steget<\/p>\n                            <div class=\"donation-membership__content--puffs__single--line\"><\/div>\n                            <h3 class=\"donation-membership__content--puffs__single--title h4--blue\">\n                                Bli medlem i Moderaterna eller Moderata Ungdomsf\u00f6rbundet                            <\/h3>\n                            <p class=\"donation-membership__content--puffs__single--amount h3--blue\">\n                                100 kr                            <\/p>\n                            <ul>\n                                                                    <li>\n                                    <p>Fixa k\u00e4rnkraften<\/p> \n                                    <\/li>\n                                                                    <li>\n                                    <p>H\u00f6j straffen<\/p> \n                                    <\/li>\n                                                                    <li>\n                                    <p>Fixa jobben<\/p> \n                                    <\/li>\n                                                                    <li>\n                                    <p>S\u00e4nk skatten<\/p> \n                                    <\/li>\n                                                            <\/ul>\n                            <a class=\"membership-link  link-button highlighted link-button__blue link-button__blue--pink\"\n                                href=\"https:\/\/moderaterna.membersite.se\/Membership\/BuyMembership\"\n                                data-category=\"Ta steget\">\n                                <svg xmlns=\"http:\/\/www.w3.org\/2000\/svg\" data-name=\"Icon ionic-ios-arrow-round-forward\" width=\"17.168\" height=\"11.45\" viewBox=\"0 0 17.168 11.45\" aria-hidden=\"true\"><path data-name=\"Icon ionic-ios-arrow-round-forward\" d=\"M10.948.219a.779.779 0 0 0-.006 1.1l3.626 3.629H.769a.775.775 0 0 0 0 1.55h13.793l-3.626 3.632a.785.785 0 0 0 .006 1.1.772.772 0 0 0 1.091-.006l4.914-4.949a.871.871 0 0 0 .161-.244.74.74 0 0 0 .06-.3.777.777 0 0 0-.221-.543L12.033.239a.76.76 0 0 0-1.085-.02z\" fill=\"#213a8f\"\/><\/svg>                                Bli medlem                            <\/a>\n                        <\/div>\n                                    <\/div>\n                <div class=\"swiper-pagination\"><\/div>\n            <\/div>\n            <\/div>\n<\/div>\n\n","protected":false},"excerpt":{"rendered":"<p>Viktiga politiska fr\u00e5gor som f\u00e5r ordning p\u00e5 Sverige<\/p>\n","protected":false},"author":9,"featured_media":0,"parent":0,"menu_order":0,"comment_status":"closed","ping_status":"closed","template":"page-templates\/landing-page.php","meta":{"_acf_changed":false,"_relevanssi_hide_post":"","_relevanssi_hide_content":"","_relevanssi_pin_for_all":"","_relevanssi_pin_keywords":"","_relevanssi_unpin_keywords":"","_relevanssi_related_keywords":"","_relevanssi_related_include_ids":"","_relevanssi_related_exclude_ids":"","_relevanssi_related_no_append":"","_relevanssi_related_not_related":"","_relevanssi_related_posts":"526","_relevanssi_noindex_reason":"","footnotes":""},"subject":[],"class_list":["post-82","page","type-page","status-publish","hentry"],"acf":[],"publishpress_future_action":{"enabled":false,"date":"2026-04-10 21:55:21","action":"change-status","newStatus":"draft","terms":[],"taxonomy":"subject"},"_links":{"self":[{"href":"https:\/\/moderaterna.se\/sodermanland\/wp-json\/wp\/v2\/pages\/82","targetHints":{"allow":["GET"]}}],"collection":[{"href":"https:\/\/moderaterna.se\/sodermanland\/wp-json\/wp\/v2\/pages"}],"about":[{"href":"https:\/\/moderaterna.se\/sodermanland\/wp-json\/wp\/v2\/types\/page"}],"author":[{"embeddable":true,"href":"https:\/\/moderaterna.se\/sodermanland\/wp-json\/wp\/v2\/users\/9"}],"replies":[{"embeddable":true,"href":"https:\/\/moderaterna.se\/sodermanland\/wp-json\/wp\/v2\/comments?post=82"}],"version-history":[{"count":45,"href":"https:\/\/moderaterna.se\/sodermanland\/wp-json\/wp\/v2\/pages\/82\/revisions"}],"predecessor-version":[{"id":1210,"href":"https:\/\/moderaterna.se\/sodermanland\/wp-json\/wp\/v2\/pages\/82\/revisions\/1210"}],"wp:attachment":[{"href":"https:\/\/moderaterna.se\/sodermanland\/wp-json\/wp\/v2\/media?parent=82"}],"wp:term":[{"taxonomy":"subject","embeddable":true,"href":"https:\/\/moderaterna.se\/sodermanland\/wp-json\/wp\/v2\/subject?post=82"}],"curies":[{"name":"wp","href":"https:\/\/api.w.org\/{rel}","templated":true}]}}