{"id":82,"date":"2021-10-13T14:29:52","date_gmt":"2021-10-13T12:29:52","guid":{"rendered":"https:\/\/moderaterna.se\/?page_id=82"},"modified":"2026-04-09T16:20:38","modified_gmt":"2026-04-09T14:20:38","slug":"moderaterna-nu-far-vi-ordning-pa-sverige","status":"publish","type":"page","link":"https:\/\/moderaterna.se\/skane\/","title":{"rendered":""},"content":{"rendered":"\n<div class=\"wp-block-group\"><div class=\"wp-block-group__inner-container is-layout-constrained wp-block-group-is-layout-constrained\">\n<h2 class=\"wp-block-heading\" id=\"h-viktiga-politiska-fragor-som-far-ordning-pa-sverige\">Viktiga politiska fr\u00e5gor som f\u00e5r ordning p\u00e5 Sverige<\/h2>\n\n\n\n<p>Vi har konkreta l\u00f6sningar p\u00e5 de st\u00f6rsta samh\u00e4llsproblemen och reformer f\u00f6r framtiden. Vi \u00e4r partiet f\u00f6r ordning och reda, som ser att staten inte ska vara \u00f6verallt, men vara stark d\u00e4r den beh\u00f6vs som mest.<\/p>\n<\/div><\/div>\n","protected":false},"excerpt":{"rendered":"<p>Viktiga politiska fr\u00e5gor som f\u00e5r ordning p\u00e5 Sverige Vi har konkreta l\u00f6sningar p\u00e5 de st\u00f6rsta samh\u00e4llsproblemen och reformer f\u00f6r framtiden. Vi \u00e4r partiet f\u00f6r ordning och reda, som ser att staten inte ska vara \u00f6verallt, men vara stark d\u00e4r den beh\u00f6vs som mest.<\/p>\n","protected":false},"author":9,"featured_media":0,"parent":0,"menu_order":0,"comment_status":"closed","ping_status":"closed","template":"page-templates\/landing-page.php","meta":{"_acf_changed":false,"_relevanssi_hide_post":"","_relevanssi_hide_content":"","_relevanssi_pin_for_all":"","_relevanssi_pin_keywords":"","_relevanssi_unpin_keywords":"","_relevanssi_related_keywords":"","_relevanssi_related_include_ids":"","_relevanssi_related_exclude_ids":"","_relevanssi_related_no_append":"","_relevanssi_related_not_related":"","_relevanssi_related_posts":"526","_relevanssi_noindex_reason":"","footnotes":""},"subject":[],"class_list":["post-82","page","type-page","status-publish","hentry"],"acf":[],"publishpress_future_action":{"enabled":false,"date":"2026-04-23 01:42:28","action":"change-status","newStatus":"draft","terms":[],"taxonomy":"subject"},"_links":{"self":[{"href":"https:\/\/moderaterna.se\/skane\/wp-json\/wp\/v2\/pages\/82","targetHints":{"allow":["GET"]}}],"collection":[{"href":"https:\/\/moderaterna.se\/skane\/wp-json\/wp\/v2\/pages"}],"about":[{"href":"https:\/\/moderaterna.se\/skane\/wp-json\/wp\/v2\/types\/page"}],"author":[{"embeddable":true,"href":"https:\/\/moderaterna.se\/skane\/wp-json\/wp\/v2\/users\/9"}],"replies":[{"embeddable":true,"href":"https:\/\/moderaterna.se\/skane\/wp-json\/wp\/v2\/comments?post=82"}],"version-history":[{"count":52,"href":"https:\/\/moderaterna.se\/skane\/wp-json\/wp\/v2\/pages\/82\/revisions"}],"predecessor-version":[{"id":1717,"href":"https:\/\/moderaterna.se\/skane\/wp-json\/wp\/v2\/pages\/82\/revisions\/1717"}],"wp:attachment":[{"href":"https:\/\/moderaterna.se\/skane\/wp-json\/wp\/v2\/media?parent=82"}],"wp:term":[{"taxonomy":"subject","embeddable":true,"href":"https:\/\/moderaterna.se\/skane\/wp-json\/wp\/v2\/subject?post=82"}],"curies":[{"name":"wp","href":"https:\/\/api.w.org\/{rel}","templated":true}]}}