{"id":1525,"date":"2025-05-15T14:52:12","date_gmt":"2025-05-15T12:52:12","guid":{"rendered":"https:\/\/moderaterna.se\/skane\/?page_id=1525"},"modified":"2025-05-15T15:14:15","modified_gmt":"2025-05-15T13:14:15","slug":"fler-anstallda","status":"publish","type":"page","link":"https:\/\/moderaterna.se\/skane\/fler-anstallda\/","title":{"rendered":"Fler anst\u00e4llda"},"content":{"rendered":"\n<h1 class=\"wp-block-heading\" id=\"h-rekordstora-resurser-och-fler-hander-i-varden\">Rekordstora resurser och fler h\u00e4nder i v\u00e5rden<\/h1>\n\n\n\n<p>Trots flera tuffa \u00e5r i v\u00e4rldsekonomin med krig och inflationskris har Region Sk\u00e5nes moderatledda styre kunnat satsa p\u00e5 sjukv\u00e5rden. Sedan vi tog makten i Region Sk\u00e5ne har vi \u00f6kat sjukv\u00e5rdens resurser med \u00f6ver 14 miljarder kronor. Arbetet med att korta k\u00f6erna forts\u00e4tter, och i Sk\u00e5ne g\u00e5r det \u00e5t r\u00e4tt h\u00e5ll med 17&nbsp;000 f\u00e4rre sk\u00e5ningar som st\u00e5r i k\u00f6 i j\u00e4mf\u00f6relse med vid valet i september 2022 \u2013 till skillnad fr\u00e5n exempelvis socialdemokratiskt styrda Stockholm, d\u00e4r k\u00f6erna \u00f6kar.<\/p>\n\n\n\n<p>Tack vare satsningar och att vi har satt stopp f\u00f6r den extremt dyra inhyrningen av personal har det, precis som Moderaterna lovade i valet, ocks\u00e5 blivit fler h\u00e4nder i v\u00e5rden som bidrar till en bra och v\u00e4rdig sjukv\u00e5rd f\u00f6r oss sk\u00e5ningar. Sedan valet har v\u00e5rdpersonalen, med yrkesgrupper som sjuksk\u00f6terskor, l\u00e4kare, undersk\u00f6terskor och psykologer, \u00f6kat med mer \u00e4n 1 000 personer.<br><br>Moderaterna forts\u00e4tter v\u00e5rt arbete f\u00f6r en riktigt bra v\u00e5rd, d\u00e4r vi jobbar bort k\u00f6erna och ligger i framkant i omst\u00e4llningen till framtidens h\u00e4lso- och sjukv\u00e5rd!<\/p>\n\n\n\n<figure class=\"wp-block-image size-large\"><img loading=\"lazy\" decoding=\"async\" width=\"683\" height=\"1024\" src=\"https:\/\/moderaterna.se\/app\/uploads\/sites\/13\/2025\/05\/Carl-Johan-2021-683x1024.jpg\" alt=\"\" class=\"wp-image-1532\" srcset=\"https:\/\/moderaterna.se\/app\/uploads\/sites\/13\/2025\/05\/Carl-Johan-2021-683x1024.jpg 683w, https:\/\/moderaterna.se\/app\/uploads\/sites\/13\/2025\/05\/Carl-Johan-2021-200x300.jpg 200w, https:\/\/moderaterna.se\/app\/uploads\/sites\/13\/2025\/05\/Carl-Johan-2021-768x1152.jpg 768w, https:\/\/moderaterna.se\/app\/uploads\/sites\/13\/2025\/05\/Carl-Johan-2021-1024x1536.jpg 1024w, https:\/\/moderaterna.se\/app\/uploads\/sites\/13\/2025\/05\/Carl-Johan-2021-1365x2048.jpg 1365w, https:\/\/moderaterna.se\/app\/uploads\/sites\/13\/2025\/05\/Carl-Johan-2021-scaled.jpg 1707w\" sizes=\"auto, (max-width: 683px) 100vw, 683px\" \/><figcaption class=\"wp-element-caption\">Carl Johan Sonesson, regionstyrelsens ordf\u00f6rande i Sk\u00e5ne<\/figcaption><\/figure>\n","protected":false},"excerpt":{"rendered":"<p>Rekordstora resurser och fler h\u00e4nder i v\u00e5rden Trots flera tuffa \u00e5r i v\u00e4rldsekonomin med krig och inflationskris har Region Sk\u00e5nes moderatledda styre kunnat satsa p\u00e5 sjukv\u00e5rden. Sedan vi tog makten i Region Sk\u00e5ne har vi \u00f6kat sjukv\u00e5rdens resurser med \u00f6ver 14 miljarder kronor. Arbetet med att korta k\u00f6erna forts\u00e4tter, och i Sk\u00e5ne g\u00e5r det \u00e5t [&hellip;]<\/p>\n","protected":false},"author":36,"featured_media":0,"parent":0,"menu_order":0,"comment_status":"closed","ping_status":"closed","template":"","meta":{"_acf_changed":false,"_relevanssi_hide_post":"","_relevanssi_hide_content":"","_relevanssi_pin_for_all":"","_relevanssi_pin_keywords":"","_relevanssi_unpin_keywords":"","_relevanssi_related_keywords":"","_relevanssi_related_include_ids":"","_relevanssi_related_exclude_ids":"","_relevanssi_related_no_append":"","_relevanssi_related_not_related":"","_relevanssi_related_posts":"","_relevanssi_noindex_reason":"","footnotes":""},"subject":[],"class_list":["post-1525","page","type-page","status-publish","hentry"],"acf":[],"publishpress_future_action":{"enabled":false,"date":"2026-05-17 17:59:17","action":"change-status","newStatus":"draft","terms":[],"taxonomy":"subject"},"_links":{"self":[{"href":"https:\/\/moderaterna.se\/skane\/wp-json\/wp\/v2\/pages\/1525","targetHints":{"allow":["GET"]}}],"collection":[{"href":"https:\/\/moderaterna.se\/skane\/wp-json\/wp\/v2\/pages"}],"about":[{"href":"https:\/\/moderaterna.se\/skane\/wp-json\/wp\/v2\/types\/page"}],"author":[{"embeddable":true,"href":"https:\/\/moderaterna.se\/skane\/wp-json\/wp\/v2\/users\/36"}],"replies":[{"embeddable":true,"href":"https:\/\/moderaterna.se\/skane\/wp-json\/wp\/v2\/comments?post=1525"}],"version-history":[{"count":5,"href":"https:\/\/moderaterna.se\/skane\/wp-json\/wp\/v2\/pages\/1525\/revisions"}],"predecessor-version":[{"id":1538,"href":"https:\/\/moderaterna.se\/skane\/wp-json\/wp\/v2\/pages\/1525\/revisions\/1538"}],"wp:attachment":[{"href":"https:\/\/moderaterna.se\/skane\/wp-json\/wp\/v2\/media?parent=1525"}],"wp:term":[{"taxonomy":"subject","embeddable":true,"href":"https:\/\/moderaterna.se\/skane\/wp-json\/wp\/v2\/subject?post=1525"}],"curies":[{"name":"wp","href":"https:\/\/api.w.org\/{rel}","templated":true}]}}