{"id":1276,"date":"2022-04-11T10:07:26","date_gmt":"2022-04-11T08:07:26","guid":{"rendered":"https:\/\/moderaterna.se\/skane\/?page_id=1276"},"modified":"2024-02-09T11:14:51","modified_gmt":"2024-02-09T10:14:51","slug":"medlem","status":"publish","type":"page","link":"https:\/\/moderaterna.se\/skane\/medlem\/","title":{"rendered":"Bli medlem"},"content":{"rendered":"\n<figure class=\"wp-block-table is-style-regular\"><table><tbody><tr><td><img loading=\"lazy\" decoding=\"async\" width=\"600\" height=\"600\" class=\"wp-image-1277\" style=\"width: 500px\" src=\"https:\/\/moderaterna.se\/app\/uploads\/sites\/13\/2022\/04\/ditt-engagemang-ar-var-styrka.jpg\" alt=\"\" srcset=\"https:\/\/moderaterna.se\/app\/uploads\/sites\/13\/2022\/04\/ditt-engagemang-ar-var-styrka.jpg 600w, https:\/\/moderaterna.se\/app\/uploads\/sites\/13\/2022\/04\/ditt-engagemang-ar-var-styrka-300x300.jpg 300w, https:\/\/moderaterna.se\/app\/uploads\/sites\/13\/2022\/04\/ditt-engagemang-ar-var-styrka-150x150.jpg 150w\" sizes=\"auto, (max-width: 600px) 100vw, 600px\" \/><br><br><strong>Varf\u00f6r ska jag vara medlem i Moderaterna?<\/strong><br>Du brinner f\u00f6r samh\u00e4llsfr\u00e5gor och vill p\u00e5verka! Du delar moderata v\u00e4rderingar, visioner och m\u00e5l f\u00f6r hur landet, regionen och kommunen ska styras och organiseras.<br><br>Oavsett om du v\u00e4ljer att bli aktiv medlem eller st\u00f6djer oss med ditt medlemskap, s\u00e5 bidrar du till att f\u00f6rverkliga moderata visioner och ambitioner.<br><br>Ett medlemskap ger dig m\u00f6jlighet att sj\u00e4lv p\u00e5verka v\u00e5r politik men ocks\u00e5 vilka som ska f\u00f6retr\u00e4da oss i kommun, region och riksdag.<br><br><br><strong>Hur kan jag bidra utan att beh\u00f6va vara med p\u00e5 en massa m\u00f6ten?<\/strong><br>Det finns flera s\u00e4tt att bidra till v\u00e5r verksamhet \u2013 inte minst hj\u00e4lpa till att sprida det moderata budskapet.<br><br>Det kan ske antingen genom att hj\u00e4lpa till vid kampanjer p\u00e5 stan, d\u00f6rrknackning, flygbladsutdelning men ocks\u00e5 genom att prata moderat politik med v\u00e4nner, kollegor och bekanta.<br><br>Har du n\u00e5gon talang som du tror kan vara bra f\u00f6r oss s\u00e5 kan du ocks\u00e5 hj\u00e4lpa oss genom den.<br><br>Kom ocks\u00e5 ih\u00e5g att du genom att vara medlem hj\u00e4lper oss och v\u00e5r verksamhet.<\/td><td>_<\/td><td><strong>Du kan alltid g\u00f6ra skillnad!<\/strong><br><br>Som medlem i Moderaterna v\u00e4ljer du sj\u00e4lv mycket du vill engagera dig. <br><br>Oavsett om du v\u00e4ljer att bli politiskt aktiv eller om du med ditt medlemskap v\u00e4ljer att st\u00f6dja v\u00e5r politik blir du en del i att v\u00e4nda utvecklingen i Sverige. Du g\u00f6r alltid skillnad.<br><br>Ett medlemskap kostar 100 kronor under det f\u00f6rsta \u00e5ret. D\u00e4refter en \u00e5rsavgift p\u00e5 250 kr.<br><br>St\u00f6d v\u00e5rt arbete f\u00f6r att Sverige ska bli ett friare, tryggare och mer r\u00e4ttvist land.<br><br>Swisha 100 kronor till 123 336 0070 eller anv\u00e4nd QR-koden nedan med <strong>Swishappen<\/strong>, uppge ditt personnummer och e-postadress.<br><br><img loading=\"lazy\" decoding=\"async\" width=\"1080\" height=\"1080\" class=\"wp-image-1300\" style=\"width: 250px\" src=\"https:\/\/moderaterna.se\/app\/uploads\/sites\/13\/2022\/05\/Swish-M-Medl-qr1080.png\" alt=\"\" srcset=\"https:\/\/moderaterna.se\/app\/uploads\/sites\/13\/2022\/05\/Swish-M-Medl-qr1080.png 1080w, https:\/\/moderaterna.se\/app\/uploads\/sites\/13\/2022\/05\/Swish-M-Medl-qr1080-300x300.png 300w, https:\/\/moderaterna.se\/app\/uploads\/sites\/13\/2022\/05\/Swish-M-Medl-qr1080-1024x1024.png 1024w, https:\/\/moderaterna.se\/app\/uploads\/sites\/13\/2022\/05\/Swish-M-Medl-qr1080-150x150.png 150w, https:\/\/moderaterna.se\/app\/uploads\/sites\/13\/2022\/05\/Swish-M-Medl-qr1080-768x768.png 768w\" sizes=\"auto, (max-width: 1080px) 100vw, 1080px\" \/><br><br><br>Du kan givetvis v\u00e4lja andra betals\u00e4tt genom att g\u00e5 in p\u00e5\u00a0<br><em><strong><a href=\"https:\/\/moderaterna.membersite.se\/Membership\/BuyMembershipGetSparData\" target=\"_blank\" rel=\"noreferrer noopener\">Bli medlem<\/a><\/strong><\/em><br><br><br><br><strong>M\u00e5ste jag vara aktiv?<\/strong><br>\u00c4ven om vi vill bli fler aktiva medlemmar s\u00e5 v\u00e4ljer du sj\u00e4lv hur mycket du vill engagera dig.<br><br>Du v\u00e4ljer sj\u00e4lv om och hur pass aktiv du vill vara eller om du vill vara passiv st\u00f6dmedlem.<br><\/td><\/tr><\/tbody><\/table><\/figure>\n","protected":false},"excerpt":{"rendered":"<p>Varf\u00f6r ska jag vara medlem i Moderaterna?Du brinner f\u00f6r samh\u00e4llsfr\u00e5gor och vill p\u00e5verka! Du delar moderata v\u00e4rderingar, visioner och m\u00e5l f\u00f6r hur landet, regionen och kommunen ska styras och organiseras. Oavsett om du v\u00e4ljer att bli aktiv medlem eller st\u00f6djer oss med ditt medlemskap, s\u00e5 bidrar du till att f\u00f6rverkliga moderata visioner och ambitioner. Ett [&hellip;]<\/p>\n","protected":false},"author":36,"featured_media":0,"parent":0,"menu_order":0,"comment_status":"closed","ping_status":"closed","template":"","meta":{"_acf_changed":false,"_relevanssi_hide_post":"","_relevanssi_hide_content":"","_relevanssi_pin_for_all":"","_relevanssi_pin_keywords":"","_relevanssi_unpin_keywords":"","_relevanssi_related_keywords":"","_relevanssi_related_include_ids":"","_relevanssi_related_exclude_ids":"","_relevanssi_related_no_append":"","_relevanssi_related_not_related":"","_relevanssi_related_posts":"","_relevanssi_noindex_reason":"","footnotes":""},"subject":[],"class_list":["post-1276","page","type-page","status-publish","hentry"],"acf":[],"publishpress_future_action":{"enabled":false,"date":"2026-04-30 02:01:18","action":"change-status","newStatus":"draft","terms":[],"taxonomy":"subject"},"_links":{"self":[{"href":"https:\/\/moderaterna.se\/skane\/wp-json\/wp\/v2\/pages\/1276","targetHints":{"allow":["GET"]}}],"collection":[{"href":"https:\/\/moderaterna.se\/skane\/wp-json\/wp\/v2\/pages"}],"about":[{"href":"https:\/\/moderaterna.se\/skane\/wp-json\/wp\/v2\/types\/page"}],"author":[{"embeddable":true,"href":"https:\/\/moderaterna.se\/skane\/wp-json\/wp\/v2\/users\/36"}],"replies":[{"embeddable":true,"href":"https:\/\/moderaterna.se\/skane\/wp-json\/wp\/v2\/comments?post=1276"}],"version-history":[{"count":12,"href":"https:\/\/moderaterna.se\/skane\/wp-json\/wp\/v2\/pages\/1276\/revisions"}],"predecessor-version":[{"id":1444,"href":"https:\/\/moderaterna.se\/skane\/wp-json\/wp\/v2\/pages\/1276\/revisions\/1444"}],"wp:attachment":[{"href":"https:\/\/moderaterna.se\/skane\/wp-json\/wp\/v2\/media?parent=1276"}],"wp:term":[{"taxonomy":"subject","embeddable":true,"href":"https:\/\/moderaterna.se\/skane\/wp-json\/wp\/v2\/subject?post=1276"}],"curies":[{"name":"wp","href":"https:\/\/api.w.org\/{rel}","templated":true}]}}