{"id":912,"date":"2022-01-04T17:46:13","date_gmt":"2022-01-04T16:46:13","guid":{"rendered":"https:\/\/moderaterna.se\/ostergotland\/?page_id=912"},"modified":"2022-08-09T14:54:02","modified_gmt":"2022-08-09T12:54:02","slug":"region-ostergotland","status":"publish","type":"page","link":"https:\/\/moderaterna.se\/ostergotland\/region-ostergotland\/","title":{"rendered":"Moderaterna i Region \u00d6sterg\u00f6tland"},"content":{"rendered":"\n<p><\/p>\n\n\n\n<p><strong>L\u00e4nkar:<\/strong><\/p>\n\n\n\n<p><a href=\"http:\/\/www.regionostergotland.se\/\">Region \u00d6sterg\u00f6tlands hemsida<\/a><\/p>\n\n\n\n<p><a href=\"https:\/\/www.facebook.com\/ModeraternaRegionOstergotland\/\">Moderaterna i Region \u00d6sterg\u00f6tland p\u00e5 Facebook<\/a><\/p>\n","protected":false},"excerpt":{"rendered":"<p>L\u00e4nkar: Region \u00d6sterg\u00f6tlands hemsida Moderaterna i Region \u00d6sterg\u00f6tland p\u00e5 Facebook<\/p>\n","protected":false},"author":9,"featured_media":0,"parent":0,"menu_order":3,"comment_status":"closed","ping_status":"closed","template":"","meta":{"_acf_changed":false,"_relevanssi_hide_post":"","_relevanssi_hide_content":"","_relevanssi_pin_for_all":"","_relevanssi_pin_keywords":"","_relevanssi_unpin_keywords":"","_relevanssi_related_keywords":"","_relevanssi_related_include_ids":"","_relevanssi_related_exclude_ids":"","_relevanssi_related_no_append":"","_relevanssi_related_not_related":"","_relevanssi_related_posts":"925","_relevanssi_noindex_reason":"","footnotes":""},"subject":[],"class_list":["post-912","page","type-page","status-publish","hentry"],"acf":[],"publishpress_future_action":{"enabled":false,"date":"2026-04-19 23:42:30","action":"change-status","newStatus":"draft","terms":[],"taxonomy":"subject"},"_links":{"self":[{"href":"https:\/\/moderaterna.se\/ostergotland\/wp-json\/wp\/v2\/pages\/912","targetHints":{"allow":["GET"]}}],"collection":[{"href":"https:\/\/moderaterna.se\/ostergotland\/wp-json\/wp\/v2\/pages"}],"about":[{"href":"https:\/\/moderaterna.se\/ostergotland\/wp-json\/wp\/v2\/types\/page"}],"author":[{"embeddable":true,"href":"https:\/\/moderaterna.se\/ostergotland\/wp-json\/wp\/v2\/users\/9"}],"replies":[{"embeddable":true,"href":"https:\/\/moderaterna.se\/ostergotland\/wp-json\/wp\/v2\/comments?post=912"}],"version-history":[{"count":7,"href":"https:\/\/moderaterna.se\/ostergotland\/wp-json\/wp\/v2\/pages\/912\/revisions"}],"predecessor-version":[{"id":1641,"href":"https:\/\/moderaterna.se\/ostergotland\/wp-json\/wp\/v2\/pages\/912\/revisions\/1641"}],"wp:attachment":[{"href":"https:\/\/moderaterna.se\/ostergotland\/wp-json\/wp\/v2\/media?parent=912"}],"wp:term":[{"taxonomy":"subject","embeddable":true,"href":"https:\/\/moderaterna.se\/ostergotland\/wp-json\/wp\/v2\/subject?post=912"}],"curies":[{"name":"wp","href":"https:\/\/api.w.org\/{rel}","templated":true}]}}