{"id":27,"date":"2021-10-13T13:02:18","date_gmt":"2021-10-13T11:02:18","guid":{"rendered":"https:\/\/moderaterna.se\/?page_id=27"},"modified":"2022-11-04T09:06:33","modified_gmt":"2022-11-04T08:06:33","slug":"kontakta-oss","status":"publish","type":"page","link":"https:\/\/moderaterna.se\/ostergotland\/kontakta-oss\/","title":{"rendered":"Om oss"},"content":{"rendered":"\n<div id=\"contact-form-block_619cfdff87915\" class=\"contact-form custom-block custom-block__full theme__background--blue theme__color--dark-blue\"\n    >\n    <div class=\"contact-form__content\">\n        <h2 class=\"contact-form__heading\">\n            Kontakta Moderaterna i \u00d6sterg\u00f6tland        <\/h2>\n                    <div class=\"contact-form__info\">\n                                    <div class=\"contact-form__info--block\">\n                        <svg xmlns=\"http:\/\/www.w3.org\/2000\/svg\" width=\"48\" height=\"48\" viewBox=\"0 0 48 48\" aria-hidden=\"true\" class=\"contact-form__info--block__icon\"><rect data-name=\"Area [SIZE:MEDIUM][STATE:DEFAULT][STYLE:STYLE3]\" width=\"48\" height=\"48\" rx=\"24\" fill=\"#213a8f\"\/><path d=\"M32.333 28.1v2.5a1.667 1.667 0 0 1-1.816 1.667 16.488 16.488 0 0 1-7.192-2.559 16.24 16.24 0 0 1-5-5 16.488 16.488 0 0 1-2.558-7.225 1.667 1.667 0 0 1 1.658-1.816h2.5a1.666 1.666 0 0 1 1.667 1.433 10.68 10.68 0 0 0 .583 2.342A1.665 1.665 0 0 1 21.8 21.2l-1.058 1.058a13.319 13.319 0 0 0 5 5L26.8 26.2a1.665 1.665 0 0 1 1.758-.375 10.68 10.68 0 0 0 2.342.583 1.667 1.667 0 0 1 1.433 1.692z\" fill=\"#93d5f6\" data-name=\"Icon\"\/><\/svg>                        <p class=\"contact-form__info--block__label\">\n                            V\u00e4xel:\n                        <\/p>\n                        <p class=\"contact-form__info--block__value\">\n                                                            <a href=\"tel:013315045\">013315045<\/a>\n                                                    <\/p>\n                    <\/div>\n                                    <div class=\"contact-form__info--block\">\n                        <svg xmlns=\"http:\/\/www.w3.org\/2000\/svg\" width=\"48\" height=\"48\" viewBox=\"0 0 48 48\" aria-hidden=\"true\" class=\"contact-form__info--block__icon\"><rect data-name=\"Area [SIZE:MEDIUM][STATE:DEFAULT][STYLE:STYLE3]\" width=\"48\" height=\"48\" rx=\"24\" fill=\"#213a8f\"\/><path data-name=\"Icon ionic-md-mail\" d=\"M31.388 16.829H16.612a1.743 1.743 0 0 0-1.738 1.738v10.865a1.743 1.743 0 0 0 1.738 1.738h14.776a1.743 1.743 0 0 0 1.736-1.738V18.567a1.743 1.743 0 0 0-1.736-1.738zm-.217 3.694L24 25.304l-7.17-4.781v-1.738l7.171 4.781 7.171-4.781z\" fill=\"#93d5f6\"\/><\/svg>                        <p class=\"contact-form__info--block__label\">\n                            Postadress:\n                        <\/p>\n                        <p class=\"contact-form__info--block__value\">\n                            S:t Larsgatan 41<br \/>\r\n582 24 Link\u00f6ping                        <\/p>\n                    <\/div>\n                                    <div class=\"contact-form__info--block\">\n                        <svg xmlns=\"http:\/\/www.w3.org\/2000\/svg\" width=\"48\" height=\"48\" viewBox=\"0 0 48 48\" aria-hidden=\"true\" class=\"contact-form__info--block__icon\"><rect data-name=\"Area [SIZE:MEDIUM][STATE:DEFAULT][STYLE:STYLE3]\" width=\"48\" height=\"48\" rx=\"24\" fill=\"#213a8f\"\/><path data-name=\"Icon material-location-on\" d=\"M24 14a7 7 0 0 0-7 7c0 5.25 7 13 7 13s7-7.75 7-13a7 7 0 0 0-7-7zm0 9.5a2.5 2.5 0 1 1 2.5-2.5 2.5 2.5 0 0 1-2.5 2.5z\" fill=\"#93d5f6\"\/><\/svg>                        <p class=\"contact-form__info--block__label\">\n                            Bes\u00f6ksadress:\n                        <\/p>\n                        <p class=\"contact-form__info--block__value\">\n                            S:t Larsgatan 41<br \/>\r\n582 24 Link\u00f6ping                        <\/p>\n                    <\/div>\n                            <\/div>\n                <div class=\"contact-form__form--wrapper\">\n            <h3 class=\"contact-form__form--heading\">Har du fr\u00e5gor till oss? Vars\u00e5god att anv\u00e4nda formul\u00e4ret.<\/h3>\n            <form @submit.prevent=\"handleSubmit\" class=\"contact-form__form\" method=\"POST\">\n                <label class=\"show-for-sr\" for=\"contact-form-block_619cfdff87915__first-name\">\n                    F\u00f6rnamn\n                <\/label>\n                <input v-model=\"firstName\" class=\"half\" type=\"text\" name=\"firstName\" id=\"contact-form-block_619cfdff87915__first-name\"\n                    placeholder=\"F\u00f6rnamn\" autocomplete=\"given-name\" required>\n\n                <label class=\"show-for-sr\" for=\"contact-form-block_619cfdff87915__last-name\">\n                    Efternamn\n                <\/label>\n                <input v-model=\"lastName\" class=\"half\" type=\"text\" name=\"lastName\" id=\"contact-form-block_619cfdff87915__last-name\"\n                    placeholder=\"Efternamn\" autocomplete=\"family-name\" required>\n\n                <label class=\"show-for-sr\" for=\"contact-form-block_619cfdff87915__email\">\n                    E-post\n                <\/label>\n                <input v-model=\"email\" type=\"email\" name=\"email\" id=\"contact-form-block_619cfdff87915__email\" \n                    placeholder=\"E-post\" autocomplete=\"email\" required>\n\n                                    <radio-list \n                    @setSelectedSubject=\"setSelectedSubject\" \n                    :subjects='[{\"ID\":703,\"post_author\":\"2\",\"post_date\":\"2021-12-19 12:31:49\",\"post_date_gmt\":\"2021-12-19 11:31:49\",\"post_content\":\"\",\"post_title\":\"Annat \\\/ \\u00f6vrigt\",\"post_excerpt\":\"\",\"post_status\":\"publish\",\"comment_status\":\"closed\",\"ping_status\":\"closed\",\"post_password\":\"\",\"post_name\":\"annat-ovrigt\",\"to_ping\":\"\",\"pinged\":\"\",\"post_modified\":\"2022-01-04 18:08:29\",\"post_modified_gmt\":\"2022-01-04 17:08:29\",\"post_content_filtered\":\"\",\"post_parent\":0,\"guid\":\"https:\\\/\\\/moderaterna.se\\\/ostergotland\\\/?post_type=contact-subject&#038;p=703\",\"menu_order\":0,\"post_type\":\"contact-subject\",\"post_mime_type\":\"\",\"comment_count\":\"0\",\"filter\":\"raw\"},{\"ID\":203,\"post_author\":\"1\",\"post_date\":\"2021-11-23 15:54:40\",\"post_date_gmt\":\"2021-11-23 14:54:40\",\"post_content\":\"\",\"post_title\":\"Skolarbete\",\"post_excerpt\":\"\",\"post_status\":\"publish\",\"comment_status\":\"closed\",\"ping_status\":\"closed\",\"post_password\":\"\",\"post_name\":\"skolarbete\",\"to_ping\":\"\",\"pinged\":\"\",\"post_modified\":\"2022-01-04 18:08:05\",\"post_modified_gmt\":\"2022-01-04 17:08:05\",\"post_content_filtered\":\"\",\"post_parent\":0,\"guid\":\"https:\\\/\\\/moderaterna.se\\\/?post_type=contact-subject&#038;p=203\",\"menu_order\":0,\"post_type\":\"contact-subject\",\"post_mime_type\":\"\",\"comment_count\":\"0\",\"filter\":\"raw\"},{\"ID\":202,\"post_author\":\"1\",\"post_date\":\"2021-11-23 15:54:22\",\"post_date_gmt\":\"2021-11-23 14:54:22\",\"post_content\":\"\",\"post_title\":\"Medlemskap\",\"post_excerpt\":\"\",\"post_status\":\"publish\",\"comment_status\":\"closed\",\"ping_status\":\"closed\",\"post_password\":\"\",\"post_name\":\"medlemskap\",\"to_ping\":\"\",\"pinged\":\"\",\"post_modified\":\"2022-01-04 18:08:15\",\"post_modified_gmt\":\"2022-01-04 17:08:15\",\"post_content_filtered\":\"\",\"post_parent\":0,\"guid\":\"https:\\\/\\\/moderaterna.se\\\/?post_type=contact-subject&#038;p=202\",\"menu_order\":0,\"post_type\":\"contact-subject\",\"post_mime_type\":\"\",\"comment_count\":\"0\",\"filter\":\"raw\"},{\"ID\":201,\"post_author\":\"1\",\"post_date\":\"2021-11-23 15:54:05\",\"post_date_gmt\":\"2021-11-23 14:54:05\",\"post_content\":\"\",\"post_title\":\"Talarf\\u00f6rfr\\u00e5gningar\",\"post_excerpt\":\"\",\"post_status\":\"publish\",\"comment_status\":\"closed\",\"ping_status\":\"closed\",\"post_password\":\"\",\"post_name\":\"talarforfragningar\",\"to_ping\":\"\",\"pinged\":\"\",\"post_modified\":\"2022-01-04 18:08:42\",\"post_modified_gmt\":\"2022-01-04 17:08:42\",\"post_content_filtered\":\"\",\"post_parent\":0,\"guid\":\"https:\\\/\\\/moderaterna.se\\\/?post_type=contact-subject&#038;p=201\",\"menu_order\":0,\"post_type\":\"contact-subject\",\"post_mime_type\":\"\",\"comment_count\":\"0\",\"filter\":\"raw\"},{\"ID\":200,\"post_author\":\"1\",\"post_date\":\"2021-11-23 15:53:28\",\"post_date_gmt\":\"2021-11-23 14:53:28\",\"post_content\":\"\",\"post_title\":\"Paneldebatter\",\"post_excerpt\":\"\",\"post_status\":\"publish\",\"comment_status\":\"closed\",\"ping_status\":\"closed\",\"post_password\":\"\",\"post_name\":\"paneldebatter\",\"to_ping\":\"\",\"pinged\":\"\",\"post_modified\":\"2022-01-04 18:08:51\",\"post_modified_gmt\":\"2022-01-04 17:08:51\",\"post_content_filtered\":\"\",\"post_parent\":0,\"guid\":\"https:\\\/\\\/moderaterna.se\\\/?post_type=contact-subject&#038;p=200\",\"menu_order\":0,\"post_type\":\"contact-subject\",\"post_mime_type\":\"\",\"comment_count\":\"0\",\"filter\":\"raw\"},{\"ID\":199,\"post_author\":\"1\",\"post_date\":\"2021-11-23 15:52:41\",\"post_date_gmt\":\"2021-11-23 14:52:41\",\"post_content\":\"\",\"post_title\":\"V\\u00e5r politik\",\"post_excerpt\":\"\",\"post_status\":\"publish\",\"comment_status\":\"closed\",\"ping_status\":\"closed\",\"post_password\":\"\",\"post_name\":\"var-politik\",\"to_ping\":\"\",\"pinged\":\"\",\"post_modified\":\"2022-01-04 18:08:59\",\"post_modified_gmt\":\"2022-01-04 17:08:59\",\"post_content_filtered\":\"\",\"post_parent\":0,\"guid\":\"https:\\\/\\\/moderaterna.se\\\/?post_type=contact-subject&#038;p=199\",\"menu_order\":0,\"post_type\":\"contact-subject\",\"post_mime_type\":\"\",\"comment_count\":\"0\",\"filter\":\"raw\"}]' \n                    :listid='\"contact-form-block_619cfdff87915\"' \n                    :baseclass='\"contact-form\"' \n                    :placeholder='\"Vad g\u00e4ller fr\u00e5gan?\"'>\n                    <\/radio-list>\n                \n                <label class=\"show-for-sr\" for=\"contact-form-block_619cfdff87915__question\">\n                    Din fr\u00e5ga\n                <\/label>\n                <textarea v-model=\"question\" rows=\"5\" name=\"question\" id=\"contact-form-block_619cfdff87915__question\" placeholder=\"Din fr\u00e5ga\" required><\/textarea>\n\n                <label class=\"contact-form__checkbox checkbox\" for=\"contact-form-block_619cfdff87915__terms\">\n                    <input v-model=\"terms\" class=\"show-for-sr\" type=\"checkbox\" name=\"terms\" id=\"contact-form-block_619cfdff87915__terms\" required\/>\n                    <span aria-hidden=\"true\" class=\"checkbox__checkmark\">\n                        <svg xmlns=\"http:\/\/www.w3.org\/2000\/svg\" width=\"13.203\" height=\"9.547\" viewBox=\"0 0 13.203 9.547\" aria-hidden=\"true\"><path data-name=\"Icon feather-check\" d=\"M11.789 1.414L4.656 8.547 1.414 5.305\" fill=\"none\" stroke=\"#93d5f6\" stroke-linecap=\"round\" stroke-linejoin=\"round\" stroke-width=\"2\"\/><\/svg>                    <\/span>\n                    Jag godk\u00e4nner att Moderaterna sparar mina personuppgifter\n                                            <a class=\"checkbox__link\" href=\"https:\/\/moderaterna.se\/ostergotland\/integritetspolicy\/\">L\u00e4s mer om hur vi hanterar dina personuppgifter<\/a>\n                                    <\/label>\n\n                <button type=\"submit\">\n                    <svg xmlns=\"http:\/\/www.w3.org\/2000\/svg\" data-name=\"Icon ionic-ios-arrow-round-forward\" width=\"17.168\" height=\"11.45\" viewBox=\"0 0 17.168 11.45\" aria-hidden=\"true\"><path data-name=\"Icon ionic-ios-arrow-round-forward\" d=\"M10.948.219a.779.779 0 0 0-.006 1.1l3.626 3.629H.769a.775.775 0 0 0 0 1.55h13.793l-3.626 3.632a.785.785 0 0 0 .006 1.1.772.772 0 0 0 1.091-.006l4.914-4.949a.871.871 0 0 0 .161-.244.74.74 0 0 0 .06-.3.777.777 0 0 0-.221-.543L12.033.239a.76.76 0 0 0-1.085-.02z\" fill=\"#213a8f\"\/><\/svg>                    Skicka fr\u00e5ga\n                <\/button>\n\n                <p v-show=\"messageActive\" style=\"display:none;\" aria-live=\"polite\" class=\"contact-form__message\" :class=\"error ? 'error' : ''\">\n                    {{message}}\n                <\/p>\n            <\/form>\n        <\/div>\n    <\/div>\n<\/div>\n\n\n<div id=\"find-contacts-block_622f06a116d38\" class=\"find-contacts custom-block\">\n    <div class=\"find-contacts__content\">\n        <h2 class=\"find-contacts__heading\">\n            Hitta r\u00e4tt kontaktperson        <\/h2>\n                <div>\n            <radio-list \n            :subjects='[{\"term_id\":86,\"name\":\"F\\u00f6rbundskansliet\",\"slug\":\"forbundskansliet\",\"term_group\":0,\"term_taxonomy_id\":86,\"taxonomy\":\"department\",\"description\":\"\",\"parent\":0,\"count\":3,\"filter\":\"raw\"},{\"term_id\":85,\"name\":\"Region \\u00d6sterg\\u00f6tland\",\"slug\":\"region-ostergotland\",\"term_group\":0,\"term_taxonomy_id\":85,\"taxonomy\":\"department\",\"description\":\"\",\"parent\":0,\"count\":2,\"filter\":\"raw\"}]' \n            @setSelectedSubject=\"setSelectedSubject\" \n            :baseclass='\"find-contacts\"' \n            :listid='\"find-contacts-block_622f06a116d38\"' \n            :placeholder=\"'V\u00e4lj avdelning'\">\n            <\/radio-list>\n                        <p class=\"find-contacts__billing\">\n                Fakturor skickas till <a href=\"mailto:ostergotland@moderaterna.se\">ostergotland@moderaterna.se<\/a>\n            <\/p>\n                        <div v-show=\"contacts.length\" style=\"display:none\" class=\"find-contacts__result\">\n                <ul>\n                    <li v-for=\"contact in contacts\">\n                        <img v-if=\"contact.image\" :src=\"contact.image\">\n                        <div v-else><svg xmlns=\"http:\/\/www.w3.org\/2000\/svg\" width=\"48\" height=\"48\" viewBox=\"0 0 48 48\" aria-hidden=\"true\"><rect data-name=\"Area [SIZE:MEDIUM][STATE:DEFAULT][STYLE:STYLE3]\" width=\"48\" height=\"48\" rx=\"24\" fill=\"#213a8f\"\/><path data-name=\"Icon awesome-user\" d=\"M24 24a5.547 5.547 0 1 0-5.547-5.547A5.546 5.546 0 0 0 24 24zm3.883 1.386h-.724a7.544 7.544 0 0 1-6.318 0h-.724a5.826 5.826 0 0 0-5.824 5.82v1.8a2.081 2.081 0 0 0 2.08 2.08h15.254a2.081 2.081 0 0 0 2.08-2.08v-1.8a5.826 5.826 0 0 0-5.824-5.82z\" fill=\"#93d5f6\"\/><\/svg><\/div>\n                        <a :href=\"contact.link\">{{contact.first_name}} {{contact.last_name}}<\/a>\n                        <p v-if=\"contact.title\">{{contact.title}}<\/p>\n                    <\/li>\n                <\/ul>\n            <\/div>\n        <\/div>\n    <\/div>\n<\/div>\n\n\n<h2 class=\"wp-block-heading\" id=\"h-jobba-hos-oss\">Jobba hos oss? <\/h2>\n\n\n\n<p><em>Nedan hittar du vilka tj\u00e4nster som vi just nu s\u00f6ker personal f\u00f6r<\/em> <em>och kan l\u00e4sa mer om varje tj\u00e4nst och hur du s\u00f6ker genom att klicka p\u00e5 den tj\u00e4nsten du \u00e4r intresserad av<\/em>. <\/p>\n\n\n\n<p>Just nu \u00e4r det inga tj\u00e4nster som ligger ute.<\/p>\n\n\n\n<p><\/p>\n\n\n<div id=\"listing-block_61bf216a50e65\" class=\"listing custom-block custom-block__full theme__background--pink\">\n    <div class=\"listing__content\">\n                    <h2 class=\"listing__content--title theme__color--purple\">F\u00f6reningar i Moderaterna i \u00d6sterg\u00f6tland<\/h2>\n                        <div class=\"listing__content--list\">\n                                <ul class=\"listing__content--list__standard\">\n                                                    <li>\n                                <a class=\"p--purple\" href=\"https:\/\/moderaterna.se\/ostergotland\/foreningar\/boxholm\/\">Boxholm<\/a>\n                            <\/li>\n                                                    <li>\n                                <a class=\"p--purple\" href=\"https:\/\/moderaterna.se\/ostergotland\/foreningar\/finspang\/\">Finsp\u00e5ng<\/a>\n                            <\/li>\n                                                    <li>\n                                <a class=\"p--purple\" href=\"https:\/\/moderaterna.se\/ostergotland\/foreningar\/kinda\/\">Kinda<\/a>\n                            <\/li>\n                                                    <li>\n                                <a class=\"p--purple\" href=\"https:\/\/moderaterna.se\/ostergotland\/foreningar\/linkoping-valkebo\/\">Link\u00f6ping \u2013 Link\u00f6ping Norra<\/a>\n                            <\/li>\n                                                    <li>\n                                <a class=\"p--purple\" href=\"https:\/\/moderaterna.se\/ostergotland\/foreningar\/linkoping-berga-johannelund\/\">Link\u00f6ping \u2013 Link\u00f6ping S\u00f6dra<\/a>\n                            <\/li>\n                                                    <li>\n                                <a class=\"p--purple\" href=\"https:\/\/moderaterna.se\/ostergotland\/foreningar\/linkoping-landeryd\/\">Link\u00f6ping \u2013 Link\u00f6ping \u00d6stra<\/a>\n                            <\/li>\n                                                    <li>\n                                <a class=\"p--purple\" href=\"https:\/\/moderaterna.se\/ostergotland\/foreningar\/linkopings-krets\/\">Link\u00f6pings krets<\/a>\n                            <\/li>\n                                                    <li>\n                                <a class=\"p--purple\" href=\"https:\/\/moderaterna.se\/ostergotland\/foreningar\/mjolby\/\">Mj\u00f6lby<\/a>\n                            <\/li>\n                                                    <li>\n                                <a class=\"p--purple\" href=\"https:\/\/moderaterna.se\/ostergotland\/foreningar\/mss-moderata-seniorer-ostergotland\/\">Moderata Seniorer \u00d6sterg\u00f6tland<\/a>\n                            <\/li>\n                                                    <li>\n                                <a class=\"p--purple\" href=\"https:\/\/moderaterna.se\/ostergotland\/foreningar\/moderatkvinnorna-ostergotland\/\">Moderatkvinnorna \u00d6sterg\u00f6tland<\/a>\n                            <\/li>\n                                                    <li>\n                                <a class=\"p--purple\" href=\"https:\/\/moderaterna.se\/ostergotland\/foreningar\/motala\/\">Motala-Borensberg<\/a>\n                            <\/li>\n                                                    <li>\n                                <a class=\"p--purple\" href=\"https:\/\/moderaterna.se\/ostergotland\/foreningar\/muf-ostergotland\/\">MUF \u00d6sterg\u00f6tland<\/a>\n                            <\/li>\n                                                    <li>\n                                <a class=\"p--purple\" href=\"https:\/\/moderaterna.se\/ostergotland\/foreningar\/norrkoping-borg\/\">Norrk\u00f6ping \u2013 Borg<\/a>\n                            <\/li>\n                                                    <li>\n                                <a class=\"p--purple\" href=\"https:\/\/moderaterna.se\/ostergotland\/foreningar\/norrkoping-eneby-svartinge\/\">Norrk\u00f6ping \u2013 Eneby-Sv\u00e4rtinge<\/a>\n                            <\/li>\n                                                    <li>\n                                <a class=\"p--purple\" href=\"https:\/\/moderaterna.se\/ostergotland\/foreningar\/norrkoping-lindo\/\">Norrk\u00f6ping \u2013 Lind\u00f6<\/a>\n                            <\/li>\n                                                    <li>\n                                <a class=\"p--purple\" href=\"https:\/\/moderaterna.se\/ostergotland\/foreningar\/norrkoping-stadsforeningen\/\">Norrk\u00f6ping \u2013 Stadsf\u00f6reningen<\/a>\n                            <\/li>\n                                                    <li>\n                                <a class=\"p--purple\" href=\"https:\/\/moderaterna.se\/ostergotland\/foreningar\/norrkoping-vikbolandet\/\">Norrk\u00f6ping \u2013 Vikbolandet<\/a>\n                            <\/li>\n                                                    <li>\n                                <a class=\"p--purple\" href=\"https:\/\/moderaterna.se\/ostergotland\/foreningar\/norrkoping-aby-kolmarden\/\">Norrk\u00f6ping \u2013 \u00c5by-Kolm\u00e5rden<\/a>\n                            <\/li>\n                                                    <li>\n                                <a class=\"p--purple\" href=\"https:\/\/moderaterna.se\/ostergotland\/foreningar\/norrkopings-krets\/\">Norrk\u00f6pings krets<\/a>\n                            <\/li>\n                                                    <li>\n                                <a class=\"p--purple\" href=\"https:\/\/moderaterna.se\/ostergotland\/foreningar\/soderkoping\/\">S\u00f6derk\u00f6ping<\/a>\n                            <\/li>\n                                                    <li>\n                                <a class=\"p--purple\" href=\"https:\/\/moderaterna.se\/ostergotland\/foreningar\/vadstena\/\">Vadstena<\/a>\n                            <\/li>\n                                                    <li>\n                                <a class=\"p--purple\" href=\"https:\/\/moderaterna.se\/ostergotland\/foreningar\/valdemarsvik\/\">Valdemarsvik<\/a>\n                            <\/li>\n                                                    <li>\n                                <a class=\"p--purple\" href=\"https:\/\/moderaterna.se\/ostergotland\/foreningar\/ydre\/\">Ydre<\/a>\n                            <\/li>\n                                                    <li>\n                                <a class=\"p--purple\" href=\"https:\/\/moderaterna.se\/ostergotland\/foreningar\/atvidaberg\/\">\u00c5tvidaberg<\/a>\n                            <\/li>\n                                                    <li>\n                                <a class=\"p--purple\" href=\"https:\/\/moderaterna.se\/ostergotland\/foreningar\/odeshog\/\">\u00d6desh\u00f6g<\/a>\n                            <\/li>\n                                            <\/ul>\n                        <\/div>\n    <\/div>\n<\/div>\n","protected":false},"excerpt":{"rendered":"<p>Jobba hos oss? Nedan hittar du vilka tj\u00e4nster som vi just nu s\u00f6ker personal f\u00f6r och kan l\u00e4sa mer om varje tj\u00e4nst och hur du s\u00f6ker genom att klicka p\u00e5 den tj\u00e4nsten du \u00e4r intresserad av. Just nu \u00e4r det inga tj\u00e4nster som ligger ute.<\/p>\n","protected":false},"author":9,"featured_media":0,"parent":0,"menu_order":9,"comment_status":"closed","ping_status":"closed","template":"","meta":{"_acf_changed":false,"_relevanssi_hide_post":"","_relevanssi_hide_content":"","_relevanssi_pin_for_all":"","_relevanssi_pin_keywords":"","_relevanssi_unpin_keywords":"","_relevanssi_related_keywords":"","_relevanssi_related_include_ids":"","_relevanssi_related_exclude_ids":"","_relevanssi_related_no_append":"","_relevanssi_related_not_related":"","_relevanssi_related_posts":"526","_relevanssi_noindex_reason":"","footnotes":""},"subject":[],"class_list":["post-27","page","type-page","status-publish","hentry"],"acf":[],"publishpress_future_action":{"enabled":false,"date":"2026-04-15 08:36:46","action":"change-status","newStatus":"draft","terms":[],"taxonomy":"subject"},"_links":{"self":[{"href":"https:\/\/moderaterna.se\/ostergotland\/wp-json\/wp\/v2\/pages\/27","targetHints":{"allow":["GET"]}}],"collection":[{"href":"https:\/\/moderaterna.se\/ostergotland\/wp-json\/wp\/v2\/pages"}],"about":[{"href":"https:\/\/moderaterna.se\/ostergotland\/wp-json\/wp\/v2\/types\/page"}],"author":[{"embeddable":true,"href":"https:\/\/moderaterna.se\/ostergotland\/wp-json\/wp\/v2\/users\/9"}],"replies":[{"embeddable":true,"href":"https:\/\/moderaterna.se\/ostergotland\/wp-json\/wp\/v2\/comments?post=27"}],"version-history":[{"count":25,"href":"https:\/\/moderaterna.se\/ostergotland\/wp-json\/wp\/v2\/pages\/27\/revisions"}],"predecessor-version":[{"id":1724,"href":"https:\/\/moderaterna.se\/ostergotland\/wp-json\/wp\/v2\/pages\/27\/revisions\/1724"}],"wp:attachment":[{"href":"https:\/\/moderaterna.se\/ostergotland\/wp-json\/wp\/v2\/media?parent=27"}],"wp:term":[{"taxonomy":"subject","embeddable":true,"href":"https:\/\/moderaterna.se\/ostergotland\/wp-json\/wp\/v2\/subject?post=27"}],"curies":[{"name":"wp","href":"https:\/\/api.w.org\/{rel}","templated":true}]}}