{"id":1393,"date":"2022-04-26T11:22:59","date_gmt":"2022-04-26T09:22:59","guid":{"rendered":"https:\/\/moderaterna.se\/ostergotland\/?page_id=1393"},"modified":"2022-04-26T13:38:57","modified_gmt":"2022-04-26T11:38:57","slug":"jobba-hos-oss","status":"publish","type":"page","link":"https:\/\/moderaterna.se\/ostergotland\/kontakta-oss\/jobba-hos-oss\/","title":{"rendered":"Jobba hos oss"},"content":{"rendered":"\n<p>Vill du vara med och jobba f\u00f6r valvinst i \u00d6sterg\u00f6tland? D\u00e5 har du kommit r\u00e4tt! <\/p>\n\n\n\n<p><\/p>\n\n\n\n<p><em>Nedan hittar du vilka tj\u00e4nster som vi just nu s\u00f6ker personal f\u00f6r. <\/em><\/p>\n\n\n\n<div class=\"wp-block-buttons is-layout-flex wp-block-buttons-is-layout-flex\">\n<div class=\"wp-block-button\"><a class=\"wp-block-button__link\" href=\"https:\/\/moderaterna.se\/ostergotland\/moderaterna-i-ostergotland-soker-ny-politisk-sekreterare\/\" target=\"_blank\" rel=\"noreferrer noopener\">Moderaterna i \u00d6sterg\u00f6tland s\u00f6ker politisk sekreterare<\/a><\/div>\n\n\n\n<div class=\"wp-block-button\"><a class=\"wp-block-button__link\" href=\"https:\/\/moderaterna.se\/ostergotland\/kontakta-oss\/jobba-hos-oss\/moderata-ungdomsforbundet-i-ostergotland-soker-en-valombudsman\/\" target=\"_blank\" rel=\"noreferrer noopener\">MUF \u00d6sterg\u00f6tland s\u00f6ker valombudsman<\/a><\/div>\n<\/div>\n\n\n\n<p><\/p>\n","protected":false},"excerpt":{"rendered":"<p>Vill du vara med och jobba f\u00f6r valvinst i \u00d6sterg\u00f6tland? D\u00e5 har du kommit r\u00e4tt! Nedan hittar du vilka tj\u00e4nster som vi just nu s\u00f6ker personal f\u00f6r.<\/p>\n","protected":false},"author":38,"featured_media":1168,"parent":27,"menu_order":1,"comment_status":"closed","ping_status":"closed","template":"","meta":{"_acf_changed":false,"_relevanssi_hide_post":"","_relevanssi_hide_content":"","_relevanssi_pin_for_all":"","_relevanssi_pin_keywords":"","_relevanssi_unpin_keywords":"","_relevanssi_related_keywords":"","_relevanssi_related_include_ids":"","_relevanssi_related_exclude_ids":"","_relevanssi_related_no_append":"","_relevanssi_related_not_related":"","_relevanssi_related_posts":"","_relevanssi_noindex_reason":"","footnotes":""},"subject":[],"class_list":["post-1393","page","type-page","status-publish","has-post-thumbnail","hentry"],"acf":[],"publishpress_future_action":{"enabled":false,"date":"2026-04-12 16:57:15","action":"change-status","newStatus":"draft","terms":[],"taxonomy":"subject"},"_links":{"self":[{"href":"https:\/\/moderaterna.se\/ostergotland\/wp-json\/wp\/v2\/pages\/1393","targetHints":{"allow":["GET"]}}],"collection":[{"href":"https:\/\/moderaterna.se\/ostergotland\/wp-json\/wp\/v2\/pages"}],"about":[{"href":"https:\/\/moderaterna.se\/ostergotland\/wp-json\/wp\/v2\/types\/page"}],"author":[{"embeddable":true,"href":"https:\/\/moderaterna.se\/ostergotland\/wp-json\/wp\/v2\/users\/38"}],"replies":[{"embeddable":true,"href":"https:\/\/moderaterna.se\/ostergotland\/wp-json\/wp\/v2\/comments?post=1393"}],"version-history":[{"count":4,"href":"https:\/\/moderaterna.se\/ostergotland\/wp-json\/wp\/v2\/pages\/1393\/revisions"}],"predecessor-version":[{"id":1408,"href":"https:\/\/moderaterna.se\/ostergotland\/wp-json\/wp\/v2\/pages\/1393\/revisions\/1408"}],"up":[{"embeddable":true,"href":"https:\/\/moderaterna.se\/ostergotland\/wp-json\/wp\/v2\/pages\/27"}],"wp:featuredmedia":[{"embeddable":true,"href":"https:\/\/moderaterna.se\/ostergotland\/wp-json\/wp\/v2\/media\/1168"}],"wp:attachment":[{"href":"https:\/\/moderaterna.se\/ostergotland\/wp-json\/wp\/v2\/media?parent=1393"}],"wp:term":[{"taxonomy":"subject","embeddable":true,"href":"https:\/\/moderaterna.se\/ostergotland\/wp-json\/wp\/v2\/subject?post=1393"}],"curies":[{"name":"wp","href":"https:\/\/api.w.org\/{rel}","templated":true}]}}