{"id":1386,"date":"2022-04-21T16:30:37","date_gmt":"2022-04-21T14:30:37","guid":{"rendered":"https:\/\/moderaterna.se\/ostergotland\/?page_id=1386"},"modified":"2022-06-10T10:14:04","modified_gmt":"2022-06-10T08:14:04","slug":"vaxande-landsbygd","status":"publish","type":"page","link":"https:\/\/moderaterna.se\/ostergotland\/vaxande-landsbygd\/","title":{"rendered":"V\u00e4xande landsbygd"},"content":{"rendered":"\n<h2 class=\"wp-block-heading\" id=\"h-grona-och-bla-naringar\"><strong>Gr\u00f6na och bl\u00e5 n\u00e4ringar<\/strong><\/h2>\n\n\n\n<p>De gr\u00f6na och bl\u00e5 n\u00e4ringarna handlar om att skapa tillv\u00e4xt p\u00e5 vad naturen har i samarbete med naturen. Sm\u00e5skaligt fiske har varit en framg\u00e5ngsrik metod f\u00f6r att dryga ut inkomsten p\u00e5 fiske och f\u00f6r att skapa turistattraktioner i \u00d6sterg\u00f6tland. F\u00f6r att det ska vara mer l\u00e5ngsiktigt m\u00f6jligt beh\u00f6ver det beviljas f\u00e4rre dispenser f\u00f6r tr\u00e5lfiske innanf\u00f6r tr\u00e5lgr\u00e4nsen. F\u00f6r att ytterligare st\u00e4rka fiskbest\u00e5nden beh\u00f6ver det till\u00e5tas mer jakt p\u00e5 s\u00e4l och skarv. Skogen \u00e4r en av Sveriges viktigaste sektorer. N\u00e4r en v\u00e4xande landsbygd ska bli m\u00f6jlig beh\u00f6ver det ocks\u00e5 bli m\u00f6jligt att anv\u00e4nda mer av den skog som finns i Sverige till r\u00e5varuproduktion. Den administrativa b\u00f6rdan som drabbar skogsbrukarna \u00e4r idag alldeles f\u00f6r omfattande och beh\u00f6ver minskas. Det \u00e4r med den bakgrunden som det \u00e4r n\u00f6dv\u00e4ndigt att ompr\u00f6va existensen av de naturreservat som finns idag.&nbsp;<\/p>\n\n\n\n<ul class=\"wp-block-list\"><li><strong>F\u00e4rre dispenser<\/strong> <strong>ska beviljas f\u00f6r att bedriva fiske innanf\u00f6r tr\u00e5lgr\u00e4nsen<\/strong><\/li><li><strong>Jakten p\u00e5 s\u00e4l och skarv ska ut\u00f6kas f\u00f6r att s\u00e4kra fiskbest\u00e5nden<\/strong><\/li><li><strong>Naturreservat ska \u00e5terinventeras f\u00f6r att s\u00e4kerst\u00e4lla att de uppfyller sina syften<\/strong><\/li><\/ul>\n\n\n\n<hr class=\"wp-block-separator\" \/>\n\n\n\n<h2 class=\"wp-block-heading\" id=\"h-utveckla-forbattra-dagens-skogs-jordbruk\"><strong>Utveckla &amp; f\u00f6rb\u00e4ttra dagens skogs- &amp; jordbruk<\/strong><\/h2>\n\n\n\n<p id=\"h-sverige-med-ostergotland-inkluderat-har-en-omfattande-gron-rikedom-i-skogen-och-en\">Sverige, med \u00d6sterg\u00f6tland inkluderat, har en omfattande gr\u00f6n rikedom i skogen och en b\u00f6rdig \u00e5kermark som beh\u00f6ver v\u00e4rnas och tas hand om, f\u00f6r framtida generationer och klimatomst\u00e4llningen. Vi beh\u00f6ver ett aktivt och h\u00e5llbart brukande av skogen f\u00f6r detta. Dessutom skapar f\u00f6rs\u00e4ljning av statligt \u00e4gda skogstillg\u00e5ngar fler skogs\u00e4gare och fler som intresserar sig f\u00f6r v\u00e5r rikedom i Sverige, vilket \u00e4r positivt!<\/p>\n\n\n\n<ul class=\"wp-block-list\"><li><strong>\u00d6ka tillv\u00e4xten och produktionen i skogen<\/strong> &#8211;<em> Ett aktivt och h\u00e5llbart skogsbruk beh\u00f6vs f\u00f6r klimatomst\u00e4llningens skull.<\/em><\/li><li><strong>Fler ska kunna \u00e4ga skog<\/strong><\/li><li><strong>V\u00e4rna v\u00e4rdefull \u00e5kermark<\/strong><\/li><li><strong>Minska den administrativa b\u00f6rdan<\/strong> &#8211;<em> L\u00e5t f\u00f6retagare f\u00e5 vara f\u00f6retagare, \u00e4ven p\u00e5 landsbygden, inte administrat\u00f6rer.<\/em> <\/li><\/ul>\n\n\n\n<h2 class=\"wp-block-heading\"><strong>Jakt, vilt och rovdjur<\/strong><\/h2>\n\n\n\n<p>De stora kl\u00f6vstammarna runt om i Sverige har inneburit att stammarnas storlek har \u00f6verstigit vad som \u00e4r h\u00e5llbart i Sverige. F\u00f6r att g\u00f6ra det l\u00e4ttare att h\u00e5lla stammarna p\u00e5 en mer h\u00e5llbar niv\u00e5 beh\u00f6ver det bli mer l\u00f6nsamt att jaga kl\u00f6vdjur i Sverige. Det skulle till exempel kunna ske genom att kommunerna ser till att anv\u00e4nda mer viltk\u00f6tt inom bespisningen. \u00c4ven vargen har en v\u00e4xande stam i Sverige, vilket f\u00f6r med sig allt st\u00f6rre skador p\u00e5 boskap. F\u00f6r att begr\u00e4nsa skadorna och h\u00e5lla vargpopulationen till en kontrollerbar storlek b\u00f6r det bedrivas jakt f\u00f6r att vargstammens m\u00e5l ska vara n\u00e4ra bottenniv\u00e5n av riksdagens m\u00e5l.<\/p>\n\n\n\n<ul class=\"wp-block-list\"><li><strong>Korta licenshanteringstiderna f\u00f6r j\u00e4gare<\/strong><\/li><li><strong>Jakttiderna ska bli mer gener\u00f6sa \u00e4n idag<\/strong><\/li><li><strong>M\u00e5let ska vara att den svenska vargstammen best\u00e5r av 170 individer<\/strong><\/li><\/ul>\n\n\n\n<hr class=\"wp-block-separator\" \/>\n\n\n\n<h2 class=\"wp-block-heading\"><strong>Leva, bo och verka p\u00e5 landsbygden<\/strong><\/h2>\n\n\n\n<p>Dagens strandskydd g\u00f6r det idag alldeles f\u00f6r begr\u00e4nsande att bygga bost\u00e4der och \u00e4ga mark p\u00e5 landsbygden. Det generella strandskyddet b\u00f6r d\u00e4rf\u00f6r avvecklas f\u00f6r att m\u00f6jligg\u00f6ra f\u00f6r en tydligare prioritering av de viktigaste omr\u00e5dena. Om landsbygden ska v\u00e4xa s\u00e5 \u00e4r det genom alla n\u00e4ringsidkare p\u00e5 landsbygden. F\u00f6r att gynna dem beh\u00f6vs det b\u00e4ttre f\u00f6ruts\u00e4ttningar att verka p\u00e5 landsbygden. Det beh\u00f6ver bli l\u00e4ttare f\u00f6r producenter att s\u00e4lja sina p\u00e5 sin g\u00e5rd, oavsett om det r\u00f6r sig om gr\u00f6nsaker, vin eller ostkaka.<\/p>\n\n\n\n<ul class=\"wp-block-list\"><li><strong>G\u00f6r det m\u00f6jligt f\u00f6r fler g\u00e5rdsproducenter att s\u00e4lja sina produkter<\/strong><\/li><li><strong>Reformera strandskyddet f\u00f6r att m\u00f6jligg\u00f6ra fler bost\u00e4der<\/strong><\/li><li><strong>H\u00f6j prioriteringen f\u00f6r brott beg\u00e5ngna mot n\u00e4ringsidkare p\u00e5 landsbygden&nbsp;<\/strong><\/li><\/ul>\n","protected":false},"excerpt":{"rendered":"<p>Gr\u00f6na och bl\u00e5 n\u00e4ringar De gr\u00f6na och bl\u00e5 n\u00e4ringarna handlar om att skapa tillv\u00e4xt p\u00e5 vad naturen har i samarbete med naturen. Sm\u00e5skaligt fiske har varit en framg\u00e5ngsrik metod f\u00f6r att dryga ut inkomsten p\u00e5 fiske och f\u00f6r att skapa turistattraktioner i \u00d6sterg\u00f6tland. F\u00f6r att det ska vara mer l\u00e5ngsiktigt m\u00f6jligt beh\u00f6ver det beviljas f\u00e4rre [&hellip;]<\/p>\n","protected":false},"author":38,"featured_media":0,"parent":0,"menu_order":0,"comment_status":"closed","ping_status":"closed","template":"","meta":{"_acf_changed":false,"_relevanssi_hide_post":"","_relevanssi_hide_content":"","_relevanssi_pin_for_all":"","_relevanssi_pin_keywords":"","_relevanssi_unpin_keywords":"","_relevanssi_related_keywords":"","_relevanssi_related_include_ids":"","_relevanssi_related_exclude_ids":"","_relevanssi_related_no_append":"","_relevanssi_related_not_related":"","_relevanssi_related_posts":"1341,1585,1751,1773,1040,925","_relevanssi_noindex_reason":"","footnotes":""},"subject":[],"class_list":["post-1386","page","type-page","status-publish","hentry"],"acf":[],"publishpress_future_action":{"enabled":false,"date":"2026-04-17 15:54:42","action":"change-status","newStatus":"draft","terms":[],"taxonomy":"subject"},"_links":{"self":[{"href":"https:\/\/moderaterna.se\/ostergotland\/wp-json\/wp\/v2\/pages\/1386","targetHints":{"allow":["GET"]}}],"collection":[{"href":"https:\/\/moderaterna.se\/ostergotland\/wp-json\/wp\/v2\/pages"}],"about":[{"href":"https:\/\/moderaterna.se\/ostergotland\/wp-json\/wp\/v2\/types\/page"}],"author":[{"embeddable":true,"href":"https:\/\/moderaterna.se\/ostergotland\/wp-json\/wp\/v2\/users\/38"}],"replies":[{"embeddable":true,"href":"https:\/\/moderaterna.se\/ostergotland\/wp-json\/wp\/v2\/comments?post=1386"}],"version-history":[{"count":5,"href":"https:\/\/moderaterna.se\/ostergotland\/wp-json\/wp\/v2\/pages\/1386\/revisions"}],"predecessor-version":[{"id":1552,"href":"https:\/\/moderaterna.se\/ostergotland\/wp-json\/wp\/v2\/pages\/1386\/revisions\/1552"}],"wp:attachment":[{"href":"https:\/\/moderaterna.se\/ostergotland\/wp-json\/wp\/v2\/media?parent=1386"}],"wp:term":[{"taxonomy":"subject","embeddable":true,"href":"https:\/\/moderaterna.se\/ostergotland\/wp-json\/wp\/v2\/subject?post=1386"}],"curies":[{"name":"wp","href":"https:\/\/api.w.org\/{rel}","templated":true}]}}