{"id":1380,"date":"2022-04-21T16:27:25","date_gmt":"2022-04-21T14:27:25","guid":{"rendered":"https:\/\/moderaterna.se\/ostergotland\/?page_id=1380"},"modified":"2022-06-10T10:10:12","modified_gmt":"2022-06-10T08:10:12","slug":"miljo-klimat-energi","status":"publish","type":"page","link":"https:\/\/moderaterna.se\/ostergotland\/miljo-klimat-energi\/","title":{"rendered":"Milj\u00f6, klimat &amp; energi"},"content":{"rendered":"\n<p id=\"h-klimat-och-miljopolitik-kan-rora-sig-om-allt-mellan-sma-lokala-fragor-och-stora-globala-de-perspektiven-behover-samspela-och-visa-upp-att-det-inte-finns-nagon-motsattning-mellan-hallbar-miljo-och-klimatpolitik-och-ekonomisk-tillvaxt-det-finns-manga-politiska-hinder-att-undanroja-for-att-skapa-en-hallbar-framtid-med-fortsatt-tillvaxt-elektrifierade-transporter-kommer-krava-okad-metallbrytning-industrier-som-staller-om-far-inte-fastna-i-langa-tillstandsprocesser-med-de-insikterna-kan-det-ocksa-vara-mojligt-att-bedriva-en-miljo-och-klimatpolitik-som-bade-minskar-utslapp-och-skapar-forutsattningar-for-att-framtida-teknikutvecklingar-sker-i-sverige\">Klimat- och milj\u00f6politik kan r\u00f6ra sig om allt mellan sm\u00e5 lokala fr\u00e5gor och stora globala. De perspektiven beh\u00f6ver samspela och visa upp att det inte finns n\u00e5gon mots\u00e4ttning mellan h\u00e5llbar milj\u00f6- och klimatpolitik och ekonomisk tillv\u00e4xt. Det finns m\u00e5nga politiska hinder att undanr\u00f6ja f\u00f6r att skapa en h\u00e5llbar framtid med fortsatt tillv\u00e4xt. Elektrifierade transporter kommer kr\u00e4va \u00f6kad metallbrytning. Industrier som st\u00e4ller om f\u00e5r inte fastna i l\u00e5nga tillst\u00e5ndsprocesser. Med de insikterna kan det ocks\u00e5 vara m\u00f6jligt att bedriva en milj\u00f6- och klimatpolitik som b\u00e5de minskar utsl\u00e4pp och skapar f\u00f6ruts\u00e4ttningar f\u00f6r att framtida teknikutvecklingar sker i Sverige.<\/p>\n\n\n\n<hr class=\"wp-block-separator\" \/>\n\n\n\n<h2 class=\"wp-block-heading\" id=\"h-energi\">Energi<\/h2>\n\n\n\n<p>Sveriges energif\u00f6rs\u00f6rjning fungerar inte som den ska. Bristen p\u00e5 el har varit stor och priset har skjutit i h\u00f6jden som en f\u00f6ljd av det. Elbehovet i Sverige kommer dessutom att \u00f6ka under en l\u00e5ng tid fram\u00f6ver. Den \u00f6kningen sker n\u00e4r kol och olja ska ers\u00e4ttas av el i tunga industrier. Det kommer i sin tur st\u00e4lla krav p\u00e5 att framst\u00e4lla koldioxidfri el genom teknikutveckling och fler samt f\u00f6rnyade k\u00e4rnkraftsreaktorer. F\u00f6r att kunna skapa ett elsystem med h\u00f6g tillf\u00f6rlitlighet beh\u00f6vs det energik\u00e4llor d\u00e4r produktionen \u00e4r l\u00e4tt att styra. Ett bra exempel p\u00e5 en s\u00e5dan energik\u00e4lla \u00e4r den fossilfria k\u00e4rnkraften. Andra energik\u00e4llor som kan fungera bra i \u00d6sterg\u00f6tland \u00e4r biogas, tack vare sin natur har \u00d6sterg\u00f6tland m\u00f6jlighet att vara en stark producent av biogas och det \u00e4r n\u00e5got som ska v\u00e4rnas.<\/p>\n\n\n\n<ul class=\"wp-block-list\"><li>Priset p\u00e5 el ska vara mer stabilt och f\u00f6ruts\u00e4gbart.<\/li><li>\u00d6sterg\u00f6tlands unika f\u00f6rm\u00e5ga att producera biogas ska v\u00e4rnas.<\/li><li>K\u00e4rnkraften ska ha en stor plats i den svenska elproduktionen.<\/li><\/ul>\n\n\n\n<hr class=\"wp-block-separator\" \/>\n\n\n\n<h2 class=\"wp-block-heading\" id=\"h-tillsyn\"><strong>Tillsyn<\/strong><\/h2>\n\n\n\n<p>Kommunerna har det stora ansvaret f\u00f6r tillsynen hos f\u00f6retag och privatpersoner. Den tillsynen g\u00f6rs med syftet att minimera risker f\u00f6r m\u00e4nniskors h\u00e4lsa och s\u00e4kerhet. Tillsynen b\u00f6r d\u00e4rf\u00f6r ha som syfte att komma \u00e5t de som missk\u00f6ter sig och organiserad brottslighet. Ett bra s\u00e4tt att g\u00f6ra det \u00e4r med lokal operativ myndighetssamverkan (LOS). Milj\u00f6myndigheternas roll ska vara att fr\u00e4mja en h\u00e5llbar tillv\u00e4xt och industriers utveckling samtidigt som milj\u00f6n v\u00e4rnas. Alldeles f\u00f6r m\u00e5nga f\u00f6retag upplever att milj\u00f6tillst\u00e5ndsprocesserna \u00e4r f\u00f6r l\u00e5nga och utdragna. De l\u00e5nga processerna skadar samh\u00e4llets klimatomst\u00e4llning genom att h\u00f6ja investeringskostnaderna, vilket leder till att flera klimatsmarta \u00e5tg\u00e4rder inte blir ekonomiskt l\u00f6nsamma. Parallellt med den utvecklingen har det ocks\u00e5 st\u00e4llts allt h\u00f6gre utredningskrav f\u00f6r att f\u00e5 tillst\u00e5nd med tveksam nytta.<\/p>\n\n\n\n<ul class=\"wp-block-list\"><li>Myndigheters tillsyn ska i h\u00f6gre grad samordnas.<\/li><li>Som f\u00f6retagare ska det vara l\u00e4tt att f\u00e5 en \u00f6versyn av sina kostnader<\/li><li>Tillsynen ska aldrig kosta mer f\u00f6r f\u00f6retaget \u00e4n sj\u00e4lvkostnadspris.<\/li><\/ul>\n\n\n\n<hr class=\"wp-block-separator\" \/>\n\n\n\n<h2 class=\"wp-block-heading\" id=\"h-resurser\"><strong>Resurser<\/strong><\/h2>\n\n\n\n<p>Den \u00f6stg\u00f6tska skogen \u00e4r en viktig resurs f\u00f6r \u00d6sterg\u00f6tland med de vackra milj\u00f6erna, rekreationsytorna och r\u00e5varor den ger. Skogs\u00e4gande \u00e4r ett ansvarstagande som sp\u00e4nner \u00f6ver flera generationer, vilket st\u00e4ller stora krav p\u00e5 l\u00e5ngsiktighet. Skogen skapar ocks\u00e5 m\u00f6jligheter f\u00f6r h\u00e5llbara produkter inom m\u00e5nga olika sektorer. Samtidigt som skogen \u00e4r en viktig produktionsk\u00e4lla kan det ibland beh\u00f6vas att skogsomr\u00e5den tas ur bruk f\u00f6r att kunna bevara naturv\u00e4rden. Likt skogen har sitt kretslopp har alla andra varor och produkter ocks\u00e5 sitt kretslopp. F\u00f6r att kunna s\u00e4kerst\u00e4lla en h\u00e5llbar framtid beh\u00f6ver det d\u00e4rf\u00f6r g\u00f6ras l\u00e4ttare att \u00e5terbruka och \u00e5tervinna gamla varor och produkter.<\/p>\n\n\n\n<p>Vattent\u00e4kternas tillst\u00e5nd beh\u00f6ver v\u00e4rnas f\u00f6r att kunna uppr\u00e4tth\u00e5lla en h\u00f6g kvalitet p\u00e5 dricksvattnet. Det kr\u00e4ver i sin tur att nya \u00e5tg\u00e4rder ska vidtas f\u00f6r att s\u00e4kerst\u00e4lla det. Lokala vattenv\u00e5rdsprojekt ska st\u00f6ttas f\u00f6r att minska \u00f6verg\u00f6dningen. Tillst\u00e5ndsgivningen av vattenhotande verksamhet ska vara restriktiv. Samtidigt beh\u00f6ver det vara m\u00f6jligt att introducera nya tekniker f\u00f6r att \u00e5stadkomma ett effektivt renande av vattnet. Fisket \u00e4r en annan viktig del i v\u00e4rnandet av vattenlivet. Tr\u00e5lgr\u00e4nsen borde ut\u00f6kas i hela \u00d6stersj\u00f6n och jakten p\u00e5 s\u00e4l och skarv ska intensifieras f\u00f6r att s\u00e4kra upp fiskbest\u00e5nden i \u00d6stersj\u00f6n&nbsp;<\/p>\n\n\n\n<ul class=\"wp-block-list\"><li>Naturreservat ska \u00e5terinventeras f\u00f6r att s\u00e4kerst\u00e4lla att de uppfyller sina syften.<\/li><li>Underl\u00e4tta f\u00f6r att avfall ska kunna anv\u00e4ndas som en resurs.&nbsp;<\/li><li>S\u00e4kra fiskbest\u00e5ndet genom ut\u00f6kad jakt p\u00e5 s\u00e4l och skarv<\/li><\/ul>\n","protected":false},"excerpt":{"rendered":"<p>Klimat- och milj\u00f6politik kan r\u00f6ra sig om allt mellan sm\u00e5 lokala fr\u00e5gor och stora globala. De perspektiven beh\u00f6ver samspela och visa upp att det inte finns n\u00e5gon mots\u00e4ttning mellan h\u00e5llbar milj\u00f6- och klimatpolitik och ekonomisk tillv\u00e4xt. Det finns m\u00e5nga politiska hinder att undanr\u00f6ja f\u00f6r att skapa en h\u00e5llbar framtid med fortsatt tillv\u00e4xt. Elektrifierade transporter kommer [&hellip;]<\/p>\n","protected":false},"author":38,"featured_media":0,"parent":0,"menu_order":0,"comment_status":"closed","ping_status":"closed","template":"","meta":{"_acf_changed":false,"_relevanssi_hide_post":"","_relevanssi_hide_content":"","_relevanssi_pin_for_all":"","_relevanssi_pin_keywords":"","_relevanssi_unpin_keywords":"","_relevanssi_related_keywords":"","_relevanssi_related_include_ids":"","_relevanssi_related_exclude_ids":"","_relevanssi_related_no_append":"","_relevanssi_related_not_related":"","_relevanssi_related_posts":"","_relevanssi_noindex_reason":"","footnotes":""},"subject":[],"class_list":["post-1380","page","type-page","status-publish","hentry"],"acf":[],"publishpress_future_action":{"enabled":false,"date":"2026-04-12 20:36:01","action":"change-status","newStatus":"draft","terms":[],"taxonomy":"subject"},"_links":{"self":[{"href":"https:\/\/moderaterna.se\/ostergotland\/wp-json\/wp\/v2\/pages\/1380","targetHints":{"allow":["GET"]}}],"collection":[{"href":"https:\/\/moderaterna.se\/ostergotland\/wp-json\/wp\/v2\/pages"}],"about":[{"href":"https:\/\/moderaterna.se\/ostergotland\/wp-json\/wp\/v2\/types\/page"}],"author":[{"embeddable":true,"href":"https:\/\/moderaterna.se\/ostergotland\/wp-json\/wp\/v2\/users\/38"}],"replies":[{"embeddable":true,"href":"https:\/\/moderaterna.se\/ostergotland\/wp-json\/wp\/v2\/comments?post=1380"}],"version-history":[{"count":4,"href":"https:\/\/moderaterna.se\/ostergotland\/wp-json\/wp\/v2\/pages\/1380\/revisions"}],"predecessor-version":[{"id":1550,"href":"https:\/\/moderaterna.se\/ostergotland\/wp-json\/wp\/v2\/pages\/1380\/revisions\/1550"}],"wp:attachment":[{"href":"https:\/\/moderaterna.se\/ostergotland\/wp-json\/wp\/v2\/media?parent=1380"}],"wp:term":[{"taxonomy":"subject","embeddable":true,"href":"https:\/\/moderaterna.se\/ostergotland\/wp-json\/wp\/v2\/subject?post=1380"}],"curies":[{"name":"wp","href":"https:\/\/api.w.org\/{rel}","templated":true}]}}