{"id":1378,"date":"2022-04-21T16:25:25","date_gmt":"2022-04-21T14:25:25","guid":{"rendered":"https:\/\/moderaterna.se\/ostergotland\/?page_id=1378"},"modified":"2022-06-10T10:04:51","modified_gmt":"2022-06-10T08:04:51","slug":"lag-ordning-migration","status":"publish","type":"page","link":"https:\/\/moderaterna.se\/ostergotland\/lag-ordning-migration\/","title":{"rendered":"Lag, ordning &amp; migration"},"content":{"rendered":"\n<h2 class=\"wp-block-heading\" id=\"h-lag-ordning\">Lag &amp; ordning &nbsp;<\/h2>\n\n\n\n<p>Moderaterna i \u00d6sterg\u00f6tland tror p\u00e5 Sverige,&nbsp;men&nbsp;vi t\u00e4nker inte acceptera den utveckling vi sett i Sverige p\u00e5&nbsp;senare tid. Att aktivt&nbsp;motarbeta&nbsp;moderna former av kriminalitet kr\u00e4ver helt nya \u00e5tg\u00e4rder.&nbsp;Ska&nbsp;ett samh\u00e4lle&nbsp;utvecklas&nbsp;beh\u00f6ver vi \u00e4ven \u00f6verge f\u00f6r\u00e5ldrade tillv\u00e4gag\u00e5ngss\u00e4tt, \u00e4ven om dessa tillv\u00e4gag\u00e5ngss\u00e4tt fungerade mycket bra en g\u00e5ng i tiden.&nbsp;<\/p>\n\n\n\n<p>Den grundl\u00e4ggande tryggheten har satts ur spel och d\u00e5 m\u00e5ste politiska f\u00f6r\u00e4ndringar och konkret agerande ske f\u00f6r att m\u00f6ta samh\u00e4llets nya utmaningar. Syftet \u00e4r att skapa ett tryggt samh\u00e4lle, d\u00e4r lag och ordning r\u00e5der \u00f6ver hela landet oavsett geografiskt omr\u00e5de. D\u00e4r alla personer som jobbar f\u00f6r att uppr\u00e4tth\u00e5lla tryggheten, inte kan hotas och inte hindras fr\u00e5n att utr\u00e4tta&nbsp;sitt&nbsp;dagliga&nbsp;arbete<em>.<\/em><\/p>\n\n\n\n<h3 class=\"wp-block-heading\">&#8211; B\u00e4ttre f\u00f6ruts\u00e4ttningar f\u00f6r polisen &amp; tullen <\/h3>\n\n\n\n<p>Vi m\u00e5ste ha handlingskraft och agerande i ett samh\u00e4lle vars trygghetsgrunder rubbas. Den handlingskraften st\u00e5r bland annat r\u00e4ttsv\u00e4sendet men framf\u00f6r allt polisen f\u00f6r. F\u00f6r att kunna agera kr\u00e4ver det&nbsp;att&nbsp;polisen ges f\u00f6ruts\u00e4ttningar att kunna g\u00f6ra sitt jobb. Att kunna fokusera p\u00e5&nbsp;k\u00e4rnuppgiften. Det kr\u00e4vs&nbsp;\u00f6kade&nbsp;resurser till&nbsp;polisorganisationen. Det \u00e4r viktigt att utbildade poliser inte l\u00e4mnar yrket.<\/p>\n\n\n\n<h3 class=\"wp-block-heading\" id=\"h-kraftsamling-mot-kriminalitet\">&#8211; Kraftsamling mot kriminalitet <\/h3>\n\n\n\n<p id=\"h-den-vaxande-kriminaliteten-i-sverige-men-aven-ostergotland-visar-ett-stort-behov-av-ett\">Den v\u00e4xande kriminaliteten i Sverige men \u00e4ven&nbsp;i&nbsp;\u00d6sterg\u00f6tland visar ett stort behov av ett samlat krafttag. Det kan inte och ska inte l\u00f6na sig att vara kriminell i dagens samh\u00e4lle,&nbsp;men det kr\u00e4ver en rad reformer. F\u00f6rutom b\u00e4ttre f\u00f6ruts\u00e4ttningar f\u00f6r polisen kr\u00e4vs ocks\u00e5 straffsk\u00e4rpningar inom en rad olika omr\u00e5den tillsammans&nbsp;och&nbsp;fler verktyg f\u00f6r polisen att anv\u00e4nda emot kriminella. <\/p>\n\n\n\n<h3 class=\"wp-block-heading\" id=\"h-ett-rattsvasende-att-rakna-med\">&#8211; Ett r\u00e4ttsv\u00e4sende att r\u00e4kna med<\/h3>\n\n\n\n<p id=\"h-utover-polisens-bestar-rattsvasendet-ocksa-av-aklagare-domstol-och-kriminalvard-det-ar\">Brottsbek\u00e4mpande myndigheters verktyg beh\u00f6ver blir allt vassare och domstolarna beh\u00f6ver f\u00e5 goda f\u00f6ruts\u00e4ttningar. Det inneb\u00e4r bland annat att vi&nbsp;Moderater&nbsp;vill se&nbsp;en h\u00f6gre&nbsp;ers\u00e4ttning till brottsoffer. Ett brottsoffers skadest\u00e5nd ska kompensera f\u00f6r den skada som uppst\u00e5tt&nbsp;\u2013&nbsp;b\u00e5de ekonomisk och icke-ekonomisk&nbsp;\u2013&nbsp;i samband med brottet.&nbsp;Det \u00e4r \u00e4ven viktigt&nbsp;att domstolarna st\u00e4rks i sitt arbete. Domstolarnas roll i samh\u00e4llet&nbsp;\u00e4r&nbsp;att skipa r\u00e4ttvisa, vilket skiljer sig fr\u00e5n polis och \u00c5klagarmyndigheten som arbetar f\u00f6r att f\u00f6rebygga, utreda och lagf\u00f6ra brott. Men dessa olika insatser h\u00e4nger ihop.&nbsp;Ger&nbsp;man mer resurser till polis och \u00c5klagarmyndigheten f\u00f6r att uppn\u00e5 ett mer effektivt arbete, kommer det ocks\u00e5 kr\u00e4va att man tillf\u00f6r resurser till domstolarna f\u00f6r att&nbsp;r\u00e4ttskedjan ska h\u00e4nga ihop. F\u00f6r att domstolarna ska kunna genomf\u00f6ra sitt arbete med ett \u00f6kat tryck r\u00e4ttss\u00e4kert, r\u00e4ttvist och effektivt.&nbsp; <\/p>\n\n\n\n<hr class=\"wp-block-separator\" \/>\n\n\n\n<h2 class=\"wp-block-heading\" id=\"h-migration\">Migration <\/h2>\n\n\n\n<p>F\u00f6rm\u00e5gan att integrera personer i samh\u00e4llet m\u00e5ste ocks\u00e5 f\u00e5 styra migrationspolitikens utfall. Den integrationsskuld som idag byggts upp talar f\u00f6r en stram migrationspolitik f\u00f6r att kunna komma ifatt och ta ansvar \u00f6ver situationen i Sverige. F\u00f6r att m\u00e4nniskor ska kunna komma till Sverige och stanna h\u00e4r beh\u00f6vs ordning och reda i asylsystemet, ett ja ska vara ett ja men ett nej \u00e4r ocks\u00e5 ett&nbsp;nej.&nbsp;<\/p>\n\n\n\n<p>Det beh\u00f6vs \u00e4ven en f\u00f6r\u00e4ndring kring Sveriges bidragssystem i m\u00e5nga aspekter, men n\u00e5gra f\u00f6r\u00e4ndringar som Moderaterna i \u00d6sterg\u00f6tland vill se \u00e4r att man som nykommen till Sverige har en l\u00e5g och enhetlig statlig ers\u00e4ttning. Ers\u00e4ttningen begr\u00e4nsas till ett ers\u00e4ttningssystem och etableringsers\u00e4ttningen ut\u00f6kas fr\u00e5n tv\u00e5 till fem \u00e5r. Ut\u00f6ver det b\u00f6r man \u00e4ven&nbsp;kvalificera&nbsp;sig in till v\u00e4lf\u00e4rden, vilken inneb\u00e4r en f\u00f6r\u00e4ndring fr\u00e5n dagens bos\u00e4ttningsbaserade system till&nbsp;ett arbetsbaserat.<\/p>\n\n\n\n<ul class=\"wp-block-list\"><li><em><strong>En stram, genomt\u00e4nkt och l\u00e5ngsiktigt h\u00e5llbar migrationspolitik.<\/strong><\/em><\/li><\/ul>\n\n\n\n<ul class=\"wp-block-list\"><li><strong><em>Ordning och reda i asylsystemet<\/em><\/strong><br><\/li><li><strong><em>En f\u00f6r\u00e4ndrad bidragspolitik<\/em><\/strong><\/li><\/ul>\n","protected":false},"excerpt":{"rendered":"<p>Lag &amp; ordning &nbsp; Moderaterna i \u00d6sterg\u00f6tland tror p\u00e5 Sverige,&nbsp;men&nbsp;vi t\u00e4nker inte acceptera den utveckling vi sett i Sverige p\u00e5&nbsp;senare tid. Att aktivt&nbsp;motarbeta&nbsp;moderna former av kriminalitet kr\u00e4ver helt nya \u00e5tg\u00e4rder.&nbsp;Ska&nbsp;ett samh\u00e4lle&nbsp;utvecklas&nbsp;beh\u00f6ver vi \u00e4ven \u00f6verge f\u00f6r\u00e5ldrade tillv\u00e4gag\u00e5ngss\u00e4tt, \u00e4ven om dessa tillv\u00e4gag\u00e5ngss\u00e4tt fungerade mycket bra en g\u00e5ng i tiden.&nbsp; Den grundl\u00e4ggande tryggheten har satts ur spel och [&hellip;]<\/p>\n","protected":false},"author":38,"featured_media":1523,"parent":0,"menu_order":0,"comment_status":"closed","ping_status":"closed","template":"","meta":{"_acf_changed":false,"_relevanssi_hide_post":"","_relevanssi_hide_content":"","_relevanssi_pin_for_all":"","_relevanssi_pin_keywords":"","_relevanssi_unpin_keywords":"","_relevanssi_related_keywords":"","_relevanssi_related_include_ids":"","_relevanssi_related_exclude_ids":"","_relevanssi_related_no_append":"","_relevanssi_related_not_related":"","_relevanssi_related_posts":"","_relevanssi_noindex_reason":"","footnotes":""},"subject":[],"class_list":["post-1378","page","type-page","status-publish","has-post-thumbnail","hentry"],"acf":[],"publishpress_future_action":{"enabled":false,"date":"2026-04-11 08:01:14","action":"change-status","newStatus":"draft","terms":[],"taxonomy":"subject"},"_links":{"self":[{"href":"https:\/\/moderaterna.se\/ostergotland\/wp-json\/wp\/v2\/pages\/1378","targetHints":{"allow":["GET"]}}],"collection":[{"href":"https:\/\/moderaterna.se\/ostergotland\/wp-json\/wp\/v2\/pages"}],"about":[{"href":"https:\/\/moderaterna.se\/ostergotland\/wp-json\/wp\/v2\/types\/page"}],"author":[{"embeddable":true,"href":"https:\/\/moderaterna.se\/ostergotland\/wp-json\/wp\/v2\/users\/38"}],"replies":[{"embeddable":true,"href":"https:\/\/moderaterna.se\/ostergotland\/wp-json\/wp\/v2\/comments?post=1378"}],"version-history":[{"count":10,"href":"https:\/\/moderaterna.se\/ostergotland\/wp-json\/wp\/v2\/pages\/1378\/revisions"}],"predecessor-version":[{"id":1548,"href":"https:\/\/moderaterna.se\/ostergotland\/wp-json\/wp\/v2\/pages\/1378\/revisions\/1548"}],"wp:featuredmedia":[{"embeddable":true,"href":"https:\/\/moderaterna.se\/ostergotland\/wp-json\/wp\/v2\/media\/1523"}],"wp:attachment":[{"href":"https:\/\/moderaterna.se\/ostergotland\/wp-json\/wp\/v2\/media?parent=1378"}],"wp:term":[{"taxonomy":"subject","embeddable":true,"href":"https:\/\/moderaterna.se\/ostergotland\/wp-json\/wp\/v2\/subject?post=1378"}],"curies":[{"name":"wp","href":"https:\/\/api.w.org\/{rel}","templated":true}]}}