{"id":1374,"date":"2022-04-21T15:10:53","date_gmt":"2022-04-21T13:10:53","guid":{"rendered":"https:\/\/moderaterna.se\/ostergotland\/?page_id=1374"},"modified":"2022-06-10T10:00:36","modified_gmt":"2022-06-10T08:00:36","slug":"krisberedskap","status":"publish","type":"page","link":"https:\/\/moderaterna.se\/ostergotland\/krisberedskap\/","title":{"rendered":"Krisberedskap"},"content":{"rendered":"\n<p>V\u00e5r krisberedskap omfattar de strukturer och resurser vi i f\u00f6rv\u00e4g etablerar f\u00f6r att uppr\u00e4tth\u00e5lla v\u00e5r uth\u00e5llighet vid eventuell kris eller krig. V\u00e5rt samh\u00e4lles krisberedskap utg\u00f6r en kritisk del av Sveriges civila f\u00f6rsvar som i sin tur tillsammans med det milit\u00e4ra f\u00f6rsvaret utg\u00f6r v\u00e5rt totalf\u00f6rsvar. Det \u00e4r den enskilda individens&nbsp;eget ansvar att&nbsp;f\u00f6r sig sj\u00e4lv tillsammans med kommuners, regioners och myndigheters insikt och f\u00f6rberedelser som utg\u00f6r Sveriges beredskap och f\u00f6ruts\u00e4ttningar att hantera kriser eller f\u00f6rsvara oss i krig.&nbsp;<\/p>\n\n\n\n<p><em>V\u00e5r utmaning \u00e4r att hantera gr\u00e5zonen som kallas grundberedskap, allts\u00e5 den innan h\u00f6jd beredskap intr\u00e4der och&nbsp;d\u00e4r lagstiftning&nbsp;och \u00f6verenskommelser med avg\u00f6rande prioriteringar p\u00e5 m\u00e5nga omr\u00e5den \u00e4r bristf\u00e4lliga eller saknas helt. H\u00e4r \u00e4r v\u00e5r beredskap bristf\u00e4llig.<\/em><\/p>\n\n\n\n<p>Det enda s\u00e4ttet att n\u00e5gorlunda s\u00e4kert veta vad var och en ska g\u00f6ra i h\u00e4ndelse av kris utan att veta hur n\u00e4sta kommer att se ut, det \u00e4r att&nbsp;\u00f6va&nbsp;f\u00f6r kris s\u00e5 vi v\u00e4njer oss vid tanken och skapar b\u00e5de en mental beredskap och planer med verklighetsf\u00f6rankring d\u00e4r&nbsp;kontakten mellan&nbsp;alla parter fungerar \u00e4ven i den stressigaste av kriser. I gr\u00e5zonen kan vi hastigt f\u00f6rflytta oss till en kris.&nbsp;I dagsl\u00e4get \u00e4r samh\u00e4llsstrukturen s\u00e5rbar eftersom kunskap om befintliga krigsplaceringar&nbsp;\u00e4r mycket liten.&nbsp;Detta beh\u00f6ver inventeras och kommuniceras i f\u00f6rv\u00e4g f\u00f6r att skapa mental beredskap hos b\u00e5de medarbetare och chefer. Vi vill skyndsamt inventera krigsplaceringar b\u00e5de inom offentlig och privat verksamhet. Vi beh\u00f6ver \u00e4ven finna ett s\u00e4tt att f\u00e5nga upp alla som efter hand fyller 18, samt alla dem som befinner sig utanf\u00f6r arbetsmarknaden i krisplaceringssyfte. Vi vill ocks\u00e5 utreda hur en modern och l\u00e5ngsiktigt h\u00e5llbar beredskapsmodell i samarbete med n\u00e4ringslivet ska utformas i syfte att \u00e5stadkomma effektivare krisberedskap genom att nyttja den inneboende drivkraften och kunskapen i n\u00e4ringslivet. I denna ska det klarl\u00e4ggas hur vi kan underl\u00e4tta f\u00f6r b\u00e4gge&nbsp;parter&nbsp;att komma till h\u00e5llbara avtal \u00e4ven lokalt och regionalt. De resurser som vi ser snabbt blir kritiska i h\u00e4ndelse av kris eller krig \u00e4r drivmedel, livsmedel, l\u00e4kemedel och sjukv\u00e5rdsmateriel, m\u00e4nskliga resurser, samt elektricitet och v\u00e4rme. Genom att g\u00f6ra beroendet transparant kan vi anv\u00e4nda kunskapen till att hitta l\u00f6sningar.<\/p>\n\n\n\n<p><\/p>\n\n\n\n<h2 class=\"wp-block-heading\" id=\"h-dar-med-behover-vi\">D\u00e4r med beh\u00f6ver vi: <\/h2>\n\n\n\n<ul class=\"wp-block-list\"><li><strong>Arbetet med krisberedskap i samverkan med n\u00e4ringslivet<\/strong><br>Vi ska utforma en modern och l\u00e5ngsiktigt h\u00e5llbar beredskapsmodell tillsammans med n\u00e4ringslivet i syfte att \u00e5stadkomma effektivare krisberedskap genom att nyttja den inneboende drivkraften och kunskapen i n\u00e4ringslivet. I denna ska det klarl\u00e4ggas hur vi kan underl\u00e4tta f\u00f6r b\u00e4gge partner att komma till h\u00e5llbara avtal med varandra, \u00e4ven p\u00e5 kommunal och regional niv\u00e5. Vi vill skapa f\u00f6ruts\u00e4ttningar f\u00f6r att mer aktivt involvera \u00e4ven privata f\u00f6retag i Sverige i \u00e5teruppbyggnaden av v\u00e5r krisberedskap&nbsp;\u2013&nbsp;och g\u00f6ra det h\u00e4r och nu. Det offentliga och n\u00e4ringslivet ges b\u00e4ttre f\u00f6ruts\u00e4ttningar f\u00f6r att tillsammans bygga upp och s\u00e4kra en l\u00e5ngsiktigt h\u00e5llbar och modern krisberedskap.<\/li><\/ul>\n\n\n\n<ul class=\"wp-block-list\"><li><strong>Se \u00f6ver och dokumentera vem finns kvar att g\u00f6ra jobbet om kriget kommer<\/strong><br>Vet du p\u00e5 st\u00e5ende fot vilka av dina kollegor som f\u00f6rsvinner \u201dom kriget kommer\u201d? Om du \u00e4r f\u00f6retags\u00e4gare&nbsp;\u2013&nbsp;vet du vilka kommer till jobbet den dagen? Vi menar att det \u00e4r av st\u00f6rsta vikt och intresse f\u00f6r samh\u00e4llet i stort och f\u00f6r alla organisationer, s\u00e5v\u00e4l privata som offentliga, att veta vilken personal som i h\u00e4ndelse av kris eller krig kommer att kvarst\u00e5 p\u00e5 arbetsplatsen och hur beredskapen i den egna organisationen ser ut f\u00f6r att t\u00e4cka manfallet. Ansvaret faller s\u00e4rskilt&nbsp;tungt p\u00e5 de kommunala arbetsgivarna som har att s\u00f6rja f\u00f6r b\u00e5de unga och \u00e4ldres omsorg.<\/li><\/ul>\n\n\n\n<ul class=\"wp-block-list\"><li><strong>\u00d6va s\u00e5 som det ska g\u00f6ras<\/strong><br>Hur mycket vi \u00e4n l\u00e4r och planerar kommer det alltid att uppst\u00e5 kriser. Om det \u00e4r n\u00e5got vi vet om kriser, s\u00e5 \u00e4r det att vi inte vet exakt hur n\u00e4sta kommer att se ut. Att vara krisberedd handlar allts\u00e5 om att f\u00f6rbereda sig p\u00e5 att hantera det helt ov\u00e4ntade&nbsp;\u2013&nbsp;att skapa strukturer som h\u00e5ller &#8211; oavsett vad som h\u00e4nder. Det enda s\u00e4ttet att n\u00e5gorlunda s\u00e4kert veta vad vi ska g\u00f6ra utan att veta vad n\u00e4sta kris handlar om, det \u00e4r att \u00f6va.<br><br>Det inneb\u00e4r att man b\u00f6r f\u00f6rbereda och \u00f6va tillsammans med n\u00e4rliggande kommuner\/regioner, \u00f6va kommunikation utan mobiler och internet och se \u00f6ver resurser och f\u00f6rm\u00e5gor fr\u00e5n civilsamh\u00e4llet. <br><\/li><li><strong>Se \u00f6ver och f\u00f6rb\u00e4ttra beredskapen f\u00f6r kritiska kompenter i samh\u00e4llet <\/strong><br><em>Exempelvis: Drivmedel, l\u00e4kemedel, livsmedel, v\u00e4rme och elektricitet<\/em><\/li><\/ul>\n","protected":false},"excerpt":{"rendered":"<p>V\u00e5r krisberedskap omfattar de strukturer och resurser vi i f\u00f6rv\u00e4g etablerar f\u00f6r att uppr\u00e4tth\u00e5lla v\u00e5r uth\u00e5llighet vid eventuell kris eller krig. V\u00e5rt samh\u00e4lles krisberedskap utg\u00f6r en kritisk del av Sveriges civila f\u00f6rsvar som i sin tur tillsammans med det milit\u00e4ra f\u00f6rsvaret utg\u00f6r v\u00e5rt totalf\u00f6rsvar. Det \u00e4r den enskilda individens&nbsp;eget ansvar att&nbsp;f\u00f6r sig sj\u00e4lv tillsammans med [&hellip;]<\/p>\n","protected":false},"author":38,"featured_media":0,"parent":0,"menu_order":0,"comment_status":"closed","ping_status":"closed","template":"","meta":{"_acf_changed":false,"_relevanssi_hide_post":"","_relevanssi_hide_content":"","_relevanssi_pin_for_all":"","_relevanssi_pin_keywords":"","_relevanssi_unpin_keywords":"","_relevanssi_related_keywords":"","_relevanssi_related_include_ids":"","_relevanssi_related_exclude_ids":"","_relevanssi_related_no_append":"","_relevanssi_related_not_related":"","_relevanssi_related_posts":"","_relevanssi_noindex_reason":"","footnotes":""},"subject":[],"class_list":["post-1374","page","type-page","status-publish","hentry"],"acf":[],"publishpress_future_action":{"enabled":false,"date":"2026-04-15 02:12:14","action":"change-status","newStatus":"draft","terms":[],"taxonomy":"subject"},"_links":{"self":[{"href":"https:\/\/moderaterna.se\/ostergotland\/wp-json\/wp\/v2\/pages\/1374","targetHints":{"allow":["GET"]}}],"collection":[{"href":"https:\/\/moderaterna.se\/ostergotland\/wp-json\/wp\/v2\/pages"}],"about":[{"href":"https:\/\/moderaterna.se\/ostergotland\/wp-json\/wp\/v2\/types\/page"}],"author":[{"embeddable":true,"href":"https:\/\/moderaterna.se\/ostergotland\/wp-json\/wp\/v2\/users\/38"}],"replies":[{"embeddable":true,"href":"https:\/\/moderaterna.se\/ostergotland\/wp-json\/wp\/v2\/comments?post=1374"}],"version-history":[{"count":6,"href":"https:\/\/moderaterna.se\/ostergotland\/wp-json\/wp\/v2\/pages\/1374\/revisions"}],"predecessor-version":[{"id":1546,"href":"https:\/\/moderaterna.se\/ostergotland\/wp-json\/wp\/v2\/pages\/1374\/revisions\/1546"}],"wp:attachment":[{"href":"https:\/\/moderaterna.se\/ostergotland\/wp-json\/wp\/v2\/media?parent=1374"}],"wp:term":[{"taxonomy":"subject","embeddable":true,"href":"https:\/\/moderaterna.se\/ostergotland\/wp-json\/wp\/v2\/subject?post=1374"}],"curies":[{"name":"wp","href":"https:\/\/api.w.org\/{rel}","templated":true}]}}