{"id":1358,"date":"2022-04-20T14:03:47","date_gmt":"2022-04-20T12:03:47","guid":{"rendered":"https:\/\/moderaterna.se\/ostergotland\/?page_id=1358"},"modified":"2022-06-10T09:58:00","modified_gmt":"2022-06-10T07:58:00","slug":"jobb-foretagande","status":"publish","type":"page","link":"https:\/\/moderaterna.se\/ostergotland\/jobb-foretagande\/","title":{"rendered":"Jobb, f\u00f6retagande &amp; integration"},"content":{"rendered":"\n<h2 class=\"wp-block-heading\" id=\"h-jobb-foretagande\">Jobb &amp; f\u00f6retagande <\/h2>\n\n\n\n<p>Moderaterna i \u00d6sterg\u00f6tland f\u00f6rst\u00e5r f\u00f6retagens villkor och inser vikten av att entrepren\u00f6rerna ges m\u00f6jlighet att utveckla sina id\u00e9er och f\u00f6retag. F\u00f6retag och f\u00f6retagsamhet \u00e4r grunden till att vi kan ha det v\u00e4lf\u00e4rdssamh\u00e4lle som byggts upp under generationer. Det \u00e4r f\u00f6retagen som skapar arbete och d\u00e4rmed skatteinkomster f\u00f6r stat, region och kommun. Vi tycker att det ska vara enkelt att anst\u00e4lla och driva f\u00f6retag och det kr\u00e4ver ett b\u00e4ttre klimat f\u00f6r f\u00f6retagare i Sverige och i \u00d6sterg\u00f6tland. Moderaterna i \u00d6sterg\u00f6tland tror p\u00e5 individens egen f\u00f6rm\u00e5ga att skapa och f\u00f6r\u00e4ndra, det vill vi att v\u00e5r politik ska bidra till. En politik som f\u00f6rverkligar och f\u00f6renklar m\u00e4nniskors dr\u00f6mmar och visioner. Vi vill skapa b\u00e4ttre f\u00f6ruts\u00e4ttningar f\u00f6r att fler ska g\u00e5 fr\u00e5n att vara beroende av bidrag till ett arbete.&nbsp;<\/p>\n\n\n\n<h3 class=\"wp-block-heading\" id=\"h-sverige-ar-ett-land-dar-alla-bidrar-till-det-gemensamma\"><strong>Sverige \u00e4r ett land d\u00e4r alla bidrar till det gemensamma<\/strong><\/h3>\n\n\n\n<p id=\"h-vikten-av-att-ha-ett-arbete-gar-inte-att-forringa-att-ha-ett-arbete-ar-nyckeln-in-i-det-svenska\">Vikten av att ha ett arbete g\u00e5r inte att f\u00f6rringa. Att ha ett arbete \u00e4r nyckeln in i det svenska samh\u00e4llet, b\u00e5de f\u00f6r nyinvandrade och f\u00f6r medborgare som har bott l\u00e4nge i Sverige och som st\u00e5r utanf\u00f6r den gemenskap som ett arbete faktiskt inneb\u00e4r. Att st\u00e5 utanf\u00f6r arbetsmarknaden skapar negativa effekter, b\u00e5de f\u00f6r individen och f\u00f6r samh\u00e4llet.&nbsp;<\/p>\n\n\n\n<p id=\"h-vikten-av-att-ha-ett-arbete-gar-inte-att-forringa-att-ha-ett-arbete-ar-nyckeln-in-i-det-svenska\">Vi vill att: <\/p>\n\n\n\n<ul class=\"wp-block-list\"><li><em>Arbete m\u00e5ste alltid l\u00f6na sig<\/em><\/li><li><em>Heltidssyssels\u00e4ttningen ska vara norm och leda till arbete<\/em><\/li><li><em>Instegsjobb och enklare jobb ska vara en naturlig del av arbetsmarknaden <\/em><\/li><li><em>Arbetskraftsinvandring \u00e4r viktigt f\u00f6r \u00d6sterg\u00f6tland och ska v\u00e4rnas<\/em><\/li><li><em>Kommuners arbetsmarknadsansvar m\u00e5ste f\u00f6rtydligas<\/em><\/li><li><em>F\u00f6rb\u00e4ttrad vuxenutbildning\/yrkesh\u00f6gskola och matchning till arbetslivet<\/em><strong> <\/strong><\/li><\/ul>\n\n\n\n<p><\/p>\n\n\n\n<h3 class=\"wp-block-heading\" id=\"h-mer-foretagande-for-valfardens-skull\">Mer f\u00f6retagande f\u00f6r v\u00e4lf\u00e4rdens skull <\/h3>\n\n\n\n<p>Satsningar p\u00e5 f\u00f6retagande \u00e4r viktigt f\u00f6r att det ska kunna satsas n\u00e5gra offentliga medel \u00f6verhuvudtaget, att den offentligt finansierade v\u00e4lf\u00e4rden ska kunna f\u00f6rb\u00e4ttras och att fler m\u00e4nniskor ska ha ett jobb att g\u00e5 till. N\u00e4stan en halv miljon svenskar \u00e4r egenf\u00f6retagare och ungef\u00e4r var tredje anst\u00e4lld i Sverige jobbar i ett sm\u00e5f\u00f6retag. Det visar med tydlighet hur viktigt det \u00e4r att vi ger goda f\u00f6ruts\u00e4ttningar f\u00f6r f\u00f6retagen att v\u00e4xa, eftersom det \u00e4r d\u00e4r den st\u00f6rsta potentialen finns f\u00f6r att skapa jobb och tillv\u00e4xt som kommer hela samh\u00e4llet till del. Det \u00e4r genom att skapa goda f\u00f6ruts\u00e4ttningar f\u00f6r n\u00e4ringslivet vi f\u00e5r nya jobb, minskar utanf\u00f6rskapet, kan satsa p\u00e5 v\u00e4lf\u00e4rdens k\u00e4rna och minska skattetrycket. Genom att frig\u00f6ra kraften i m\u00e4nniskor&nbsp;\u2013&nbsp;entrepren\u00f6rer och innovat\u00f6rer&nbsp;\u2013&nbsp;kan Moderaterna i \u00d6sterg\u00f6tland bidra till fler v\u00e4xande f\u00f6retag i \u00d6sterg\u00f6tland. N\u00e4r f\u00f6retag v\u00e4xer, v\u00e4xer \u00d6sterg\u00f6tland.<\/p>\n\n\n\n<p>Vi vill att: <\/p>\n\n\n\n<ul class=\"wp-block-list\"><li><strong><strong>Det ska vara l\u00e4tt att g\u00f6ra r\u00e4tt<\/strong><\/strong> <strong>&#8211; Minska regelkr\u00e5nglet, p\u00e5 m\u00e5nga plan! <\/strong><\/li><li><strong>Nolltolerans mot brott<\/strong><\/li><li><strong>F\u00f6retagande bidrar till den gr\u00f6na omst\u00e4llningen<\/strong><\/li><li><strong>Fler f\u00f6retag i framtiden<\/strong><\/li><\/ul>\n\n\n\n<h3 class=\"wp-block-heading\" id=\"h-konkurrenskraftigt-foretagande-i-ostergotland\"><strong>Konkurrenskraftigt f\u00f6retagande i \u00d6sterg\u00f6tland<\/strong><\/h3>\n\n\n\n<p>Sveriges f\u00f6retagare driver sina f\u00f6retag oavsett vem som styr i kommun, region eller i riksdagen. De l\u00f6ser samh\u00e4llsproblem, skapar skatteinkomster och anst\u00e4ller m\u00e4nniskor i ur och skur, f\u00f6r det \u00e4r det som k\u00e4nnetecknar f\u00f6retagare. Samtidigt vore det fel att p\u00e5st\u00e5 att det inte spelar n\u00e5gon roll vilken politik som f\u00f6rs. Det \u00e4r precis tv\u00e4rtom. Hur bra politiken \u00e4r visar sig i hur bra det g\u00e5r f\u00f6r f\u00f6retagen och ytterst i hur m\u00e5nga som vill vara f\u00f6retagare och bidra till att utveckla eller f\u00f6rfina varor och tj\u00e4nster. En viktig f\u00f6ruts\u00e4ttning \u00e4r det lokala f\u00f6retagsklimatet. Ett bra klimat bidrar till att f\u00f6retagen kan v\u00e4xa och skapa fler jobb s\u00e5 fler individer kan g\u00e5 till jobbet.<\/p>\n\n\n\n<p>Vi vill: <\/p>\n\n\n\n<ul class=\"wp-block-list\"><li>Arbeta f\u00f6r en sund konkurrens i \u00d6sterg\u00f6tland<\/li><li>F\u00f6rb\u00e4ttra upphandlingsarbetet <\/li><li>Fr\u00e4mja framtida utveckling i \u00d6sterg\u00f6tland <\/li><\/ul>\n\n\n\n<hr class=\"wp-block-separator\" \/>\n\n\n\n<h2 class=\"wp-block-heading\" id=\"h-integration\">Integration <\/h2>\n\n\n\n<p>Det \u00e4r viktigt att man som m\u00e4nniska k\u00e4nner sig delaktig i samh\u00e4llet, ett samh\u00e4lle d\u00e4r r\u00e4ttigheter ocks\u00e5 ger skyldigheter men \u00e4ven m\u00f6jligheter. F\u00f6r att lyckas med det \u00e4r ett jobb en central del i det och tillr\u00e4ckliga kunskaper i det svenska spr\u00e5ket f\u00f6r jobbet. Vad som \u00e4r tillr\u00e4ckligt kommer att definieras av respektive arbetsgivare och beror p\u00e5 m\u00e5nga olika saker. Individer har olika erfarenheter som \u00e4r viktiga att ta till vara p\u00e5, man b\u00f6r d\u00e4rf\u00f6r utg\u00e5 fr\u00e5n varje enskild individ f\u00f6r att skapa s\u00e5 goda f\u00f6ruts\u00e4ttningar som m\u00f6jligt att etablera sig i Sverige.&nbsp;<\/p>\n\n\n\n<p><strong><strong>Moderaterna i \u00d6sterg\u00f6tland vill d\u00e4r med verka f\u00f6r att:&nbsp;<\/strong><\/strong><\/p>\n\n\n\n<ul class=\"wp-block-list\"><li>SFI ska vara p\u00e5 heltid<\/li><li>F\u00f6retag som erbjuder utbildning i svenska p\u00e5 jobbet skall f\u00e5 ekonomiskt st\u00f6d<\/li><li>F\u00e5 fler i arbete&nbsp;<\/li><li>Inget bidrag utan motprestation &amp; ett bidragstak&nbsp;<\/li><li>Individen i centrum i processen&nbsp;<\/li><li>Ett statligt ansvar f\u00f6r en statligt beslutad politik&nbsp;<\/li><li>Samarbete med civilsamh\u00e4llet<\/li><\/ul>\n","protected":false},"excerpt":{"rendered":"<p>Jobb &amp; f\u00f6retagande Moderaterna i \u00d6sterg\u00f6tland f\u00f6rst\u00e5r f\u00f6retagens villkor och inser vikten av att entrepren\u00f6rerna ges m\u00f6jlighet att utveckla sina id\u00e9er och f\u00f6retag. F\u00f6retag och f\u00f6retagsamhet \u00e4r grunden till att vi kan ha det v\u00e4lf\u00e4rdssamh\u00e4lle som byggts upp under generationer. Det \u00e4r f\u00f6retagen som skapar arbete och d\u00e4rmed skatteinkomster f\u00f6r stat, region och kommun. Vi [&hellip;]<\/p>\n","protected":false},"author":38,"featured_media":0,"parent":0,"menu_order":0,"comment_status":"closed","ping_status":"closed","template":"","meta":{"_acf_changed":false,"_relevanssi_hide_post":"","_relevanssi_hide_content":"","_relevanssi_pin_for_all":"","_relevanssi_pin_keywords":"","_relevanssi_unpin_keywords":"","_relevanssi_related_keywords":"","_relevanssi_related_include_ids":"","_relevanssi_related_exclude_ids":"","_relevanssi_related_no_append":"","_relevanssi_related_not_related":"","_relevanssi_related_posts":"","_relevanssi_noindex_reason":"","footnotes":""},"subject":[],"class_list":["post-1358","page","type-page","status-publish","hentry"],"acf":[],"publishpress_future_action":{"enabled":false,"date":"2026-05-03 04:40:17","action":"change-status","newStatus":"draft","terms":[],"taxonomy":"subject"},"_links":{"self":[{"href":"https:\/\/moderaterna.se\/ostergotland\/wp-json\/wp\/v2\/pages\/1358","targetHints":{"allow":["GET"]}}],"collection":[{"href":"https:\/\/moderaterna.se\/ostergotland\/wp-json\/wp\/v2\/pages"}],"about":[{"href":"https:\/\/moderaterna.se\/ostergotland\/wp-json\/wp\/v2\/types\/page"}],"author":[{"embeddable":true,"href":"https:\/\/moderaterna.se\/ostergotland\/wp-json\/wp\/v2\/users\/38"}],"replies":[{"embeddable":true,"href":"https:\/\/moderaterna.se\/ostergotland\/wp-json\/wp\/v2\/comments?post=1358"}],"version-history":[{"count":11,"href":"https:\/\/moderaterna.se\/ostergotland\/wp-json\/wp\/v2\/pages\/1358\/revisions"}],"predecessor-version":[{"id":1544,"href":"https:\/\/moderaterna.se\/ostergotland\/wp-json\/wp\/v2\/pages\/1358\/revisions\/1544"}],"wp:attachment":[{"href":"https:\/\/moderaterna.se\/ostergotland\/wp-json\/wp\/v2\/media?parent=1358"}],"wp:term":[{"taxonomy":"subject","embeddable":true,"href":"https:\/\/moderaterna.se\/ostergotland\/wp-json\/wp\/v2\/subject?post=1358"}],"curies":[{"name":"wp","href":"https:\/\/api.w.org\/{rel}","templated":true}]}}