{"id":1034,"date":"2022-01-19T20:04:06","date_gmt":"2022-01-19T19:04:06","guid":{"rendered":"https:\/\/moderaterna.se\/ostergotland\/?page_id=1034"},"modified":"2022-04-26T10:55:46","modified_gmt":"2022-04-26T08:55:46","slug":"kontakta-oss-2","status":"publish","type":"page","link":"https:\/\/moderaterna.se\/ostergotland\/region-ostergotland\/kontakta-oss-2\/","title":{"rendered":"Kontakta oss!"},"content":{"rendered":"\n<p><strong>I Regionhuset kan du tr\u00e4ffa Moderaternas oppositionsr\u00e5d eller politiska sekreterare. Det \u00e4r b\u00e4st att kontakta oss per telefon eller e-post i f\u00f6rv\u00e4g f\u00f6r att best\u00e4mma tid f\u00f6r bes\u00f6k.<\/strong><\/p>\n\n\n\n<div id=\"find-contacts-block_61e860624c3c7\" class=\"find-contacts custom-block\">\n    <div class=\"find-contacts__content\">\n        <h2 class=\"find-contacts__heading\">\n            Hitta r\u00e4tt kontaktperson        <\/h2>\n                <div>\n            <radio-list \n            :subjects='[{\"term_id\":86,\"name\":\"F\\u00f6rbundskansliet\",\"slug\":\"forbundskansliet\",\"term_group\":0,\"term_taxonomy_id\":86,\"taxonomy\":\"department\",\"description\":\"\",\"parent\":0,\"count\":3,\"filter\":\"raw\"},{\"term_id\":85,\"name\":\"Region \\u00d6sterg\\u00f6tland\",\"slug\":\"region-ostergotland\",\"term_group\":0,\"term_taxonomy_id\":85,\"taxonomy\":\"department\",\"description\":\"\",\"parent\":0,\"count\":2,\"filter\":\"raw\"}]' \n            @setSelectedSubject=\"setSelectedSubject\" \n            :baseclass='\"find-contacts\"' \n            :listid='\"find-contacts-block_61e860624c3c7\"' \n            :placeholder=\"'V\u00e4lj avdelning'\">\n            <\/radio-list>\n                        <p class=\"find-contacts__billing\">\n                Fakturor skickas till <a href=\"mailto:ostergotland@moderaterna.se\">ostergotland@moderaterna.se<\/a>\n            <\/p>\n                        <div v-show=\"contacts.length\" style=\"display:none\" class=\"find-contacts__result\">\n                <ul>\n                    <li v-for=\"contact in contacts\">\n                        <img v-if=\"contact.image\" :src=\"contact.image\">\n                        <div v-else><svg xmlns=\"http:\/\/www.w3.org\/2000\/svg\" width=\"48\" height=\"48\" viewBox=\"0 0 48 48\" aria-hidden=\"true\"><rect data-name=\"Area [SIZE:MEDIUM][STATE:DEFAULT][STYLE:STYLE3]\" width=\"48\" height=\"48\" rx=\"24\" fill=\"#213a8f\"\/><path data-name=\"Icon awesome-user\" d=\"M24 24a5.547 5.547 0 1 0-5.547-5.547A5.546 5.546 0 0 0 24 24zm3.883 1.386h-.724a7.544 7.544 0 0 1-6.318 0h-.724a5.826 5.826 0 0 0-5.824 5.82v1.8a2.081 2.081 0 0 0 2.08 2.08h15.254a2.081 2.081 0 0 0 2.08-2.08v-1.8a5.826 5.826 0 0 0-5.824-5.82z\" fill=\"#93d5f6\"\/><\/svg><\/div>\n                        <a :href=\"contact.link\">{{contact.first_name}} {{contact.last_name}}<\/a>\n                        <p v-if=\"contact.title\">{{contact.title}}<\/p>\n                    <\/li>\n                <\/ul>\n            <\/div>\n        <\/div>\n    <\/div>\n<\/div>","protected":false},"excerpt":{"rendered":"<p>I Regionhuset kan du tr\u00e4ffa Moderaternas oppositionsr\u00e5d eller politiska sekreterare. Det \u00e4r b\u00e4st att kontakta oss per telefon eller e-post i f\u00f6rv\u00e4g f\u00f6r att best\u00e4mma tid f\u00f6r bes\u00f6k.<\/p>\n","protected":false},"author":6,"featured_media":0,"parent":912,"menu_order":0,"comment_status":"closed","ping_status":"closed","template":"","meta":{"_acf_changed":false,"_relevanssi_hide_post":"","_relevanssi_hide_content":"","_relevanssi_pin_for_all":"","_relevanssi_pin_keywords":"","_relevanssi_unpin_keywords":"","_relevanssi_related_keywords":"","_relevanssi_related_include_ids":"","_relevanssi_related_exclude_ids":"","_relevanssi_related_no_append":"","_relevanssi_related_not_related":"","_relevanssi_related_posts":"925","_relevanssi_noindex_reason":"","footnotes":""},"subject":[],"class_list":["post-1034","page","type-page","status-publish","hentry"],"acf":[],"publishpress_future_action":{"enabled":false,"date":"2026-04-12 19:18:09","action":"change-status","newStatus":"draft","terms":[],"taxonomy":"subject"},"_links":{"self":[{"href":"https:\/\/moderaterna.se\/ostergotland\/wp-json\/wp\/v2\/pages\/1034","targetHints":{"allow":["GET"]}}],"collection":[{"href":"https:\/\/moderaterna.se\/ostergotland\/wp-json\/wp\/v2\/pages"}],"about":[{"href":"https:\/\/moderaterna.se\/ostergotland\/wp-json\/wp\/v2\/types\/page"}],"author":[{"embeddable":true,"href":"https:\/\/moderaterna.se\/ostergotland\/wp-json\/wp\/v2\/users\/6"}],"replies":[{"embeddable":true,"href":"https:\/\/moderaterna.se\/ostergotland\/wp-json\/wp\/v2\/comments?post=1034"}],"version-history":[{"count":1,"href":"https:\/\/moderaterna.se\/ostergotland\/wp-json\/wp\/v2\/pages\/1034\/revisions"}],"predecessor-version":[{"id":1035,"href":"https:\/\/moderaterna.se\/ostergotland\/wp-json\/wp\/v2\/pages\/1034\/revisions\/1035"}],"up":[{"embeddable":true,"href":"https:\/\/moderaterna.se\/ostergotland\/wp-json\/wp\/v2\/pages\/912"}],"wp:attachment":[{"href":"https:\/\/moderaterna.se\/ostergotland\/wp-json\/wp\/v2\/media?parent=1034"}],"wp:term":[{"taxonomy":"subject","embeddable":true,"href":"https:\/\/moderaterna.se\/ostergotland\/wp-json\/wp\/v2\/subject?post=1034"}],"curies":[{"name":"wp","href":"https:\/\/api.w.org\/{rel}","templated":true}]}}