{"id":1025,"date":"2022-01-19T19:57:49","date_gmt":"2022-01-19T18:57:49","guid":{"rendered":"https:\/\/moderaterna.se\/ostergotland\/?page_id=1025"},"modified":"2022-08-22T15:03:57","modified_gmt":"2022-08-22T13:03:57","slug":"budget-finansplan","status":"publish","type":"page","link":"https:\/\/moderaterna.se\/ostergotland\/budget-finansplan\/","title":{"rendered":"Budget"},"content":{"rendered":"\n<p><\/p>\n\n\n\n<p>Redan innan pandemin hade v\u00e5rdk\u00f6erna vuxit sig l\u00e5nga i Region \u00d6sterg\u00f6tland. Alldeles f\u00f6r l\u00e5nga. M\u00e5nga \u00f6stg\u00f6tar har d\u00e4rf\u00f6r f\u00e5tt v\u00e4nta l\u00e4nge p\u00e5 den v\u00e5rd som de har r\u00e4tt till och beh\u00f6ver, vilket i sig kan ge allvarliga f\u00f6ljder. Vi h\u00f6r ocks\u00e5 otaliga vittnesm\u00e5l fr\u00e5n v\u00e5rdens medarbetare om en oh\u00e5llbar arbetssituation, d\u00e4r man inte l\u00e4ngre kan garantera patients\u00e4kerheten.<\/p>\n\n\n\n<p><br>F\u00f6r att komma till r\u00e4tta med detta beh\u00f6ver vi framf\u00f6r allt satsa p\u00e5 v\u00e5rdens viktigaste resurs \u2013 medarbetarna. Regionens attraktivitet som arbetsgivare \u00e4r av avg\u00f6rande betydelse f\u00f6r att m\u00f6ta behovet av kompetens i dag och fram\u00f6ver. I v\u00e5rt budgetf\u00f6rslag presenterar vi ett batteri av \u00e5tg\u00e4r-der f\u00f6r att beh\u00e5lla och rekrytera medarbetare till v\u00e5rden.<\/p>\n\n\n\n<p><br>Regionens ansvar \u00e4r bredare \u00e4n bara sjukv\u00e5rd. Grunden f\u00f6r en bra v\u00e4lf\u00e4rd byggs av f\u00f6retag och m\u00e4nniskor som tillsammans skapar de resurser som beh\u00f6vs f\u00f6r att bygga en trygg h\u00e4lso- och sjukv\u00e5rd f\u00f6r alla. Vi vill utveckla hela Region \u00d6sterg\u00f6tlands attraktivitet, tillvarata dess innovat-ionskraft och skapa en modern region. \u00d6sterg\u00f6tland ska vara attraktivt f\u00f6r boende, bes\u00f6kare och investerare.<\/p>\n\n\n\n<p><br>Regionen ska ha en forskning i framkant som bidrar till att utveckla nya metoder och id\u00e9er. Nya tekniska l\u00f6sningar ska anv\u00e4ndas f\u00f6r att p\u00e5 ett b\u00e4ttre s\u00e4tt kunna m\u00f6ta m\u00e4nniskors behov av in-formation och kommunikation inom olika verksamhetsomr\u00e5den, men \u00e4ven f\u00f6r att utveckla v\u00e5r-den. Region \u00d6sterg\u00f6tland kan bidra till \u00f6kad utvecklingskraft genom en v\u00e4l fungerande infra-struktur och goda resm\u00f6jligheter med kollektivtrafiken.<\/p>\n\n\n\n<p><br>Vi vill forma ett l\u00e4n som skapar goda livsvillkor f\u00f6r de som bor och verkar h\u00e4r, skapa m\u00f6jligheter till en h\u00e4lsosam uppv\u00e4xt och ge m\u00f6jligheten att p\u00e5verka och vara delaktig i sitt eget liv. Goda livs-villkor skapas till st\u00f6rsta del av en bra utbildning, fler m\u00e4nniskor i arbete och \u00f6kad m\u00f6jlighet att p\u00e5verka sin egen vardag. \u00c4ven m\u00f6jligheter till kultur och ett aktivt friluftsliv \u00e4r viktiga faktorer.<br><\/p>\n\n\n\n<p>Vi tror p\u00e5 \u00d6sterg\u00f6tland, men v\u00e5r region beh\u00f6ver en nystart och f\u00f6r det kr\u00e4vs ett ledarskap med mod att f\u00f6r\u00e4ndra och med f\u00f6rm\u00e5ga att ta ansvar.<br><\/p>\n\n\n\n<p>Moderaterna och Kristdemokraterna \u00e4r redo att f\u00e5 ordning p\u00e5 Region \u00d6sterg\u00f6tland.<\/p>\n\n\n<!DOCTYPE html PUBLIC \"-\/\/W3C\/\/DTD HTML 4.0 Transitional\/\/EN\" \"http:\/\/www.w3.org\/TR\/REC-html40\/loose.dtd\">\n<?xml encoding=\"utf-8\" ?><html><body><div class=\"wp-block-file\"><a href=\"https:\/\/moderaterna.se\/app\/uploads\/sites\/22\/2022\/08\/Trearsbudget-M-och-KD-2023-2025-1.pdf\">Trearsbudget-M-och-KD-2023-2025-1<\/a><a href=\"https:\/\/moderaterna.se\/app\/uploads\/sites\/22\/2022\/08\/Trearsbudget-M-och-KD-2023-2025-1.pdf\" class=\"wp-block-file__button\" download><span class=\"show-for-sr\">Ladda ner<\/span><svg xmlns=\"http:\/\/www.w3.org\/2000\/svg\" data-name=\"Icon metro-file-pdf\" width=\"26.442\" height=\"30.849\" viewBox=\"0 0 26.442 30.849\"><path data-name=\"Icon metro-file-pdf\" d=\"M25.271 6.542a4.006 4.006 0 0 1 .826 1.308 3.973 3.973 0 0 1 .344 1.515v19.832a1.646 1.646 0 0 1-1.653 1.653H1.652A1.646 1.646 0 0 1 0 29.197V1.653A1.646 1.646 0 0 1 1.652-.003h15.425a3.974 3.974 0 0 1 1.515.344 4.006 4.006 0 0 1 1.308.826zm-7.642-4.2v6.473h6.473a1.881 1.881 0 0 0-.379-.706L18.329 2.72a1.88 1.88 0 0 0-.706-.379zm6.61 26.3V11.018h-7.162a1.646 1.646 0 0 1-1.653-1.653V2.204H2.203v26.442h22.035zM15.39 18.437a13.1 13.1 0 0 0 1.446.964 17.082 17.082 0 0 1 2.014-.121q2.531 0 3.047.844a.832.832 0 0 1 .034.9.05.05 0 0 1-.017.034l-.034.034v.017q-.1.654-1.222.654a7.1 7.1 0 0 1-1.98-.344 12.552 12.552 0 0 1-2.238-.912 31 31 0 0 0-6.748 1.429q-2.634 4.51-4.166 4.51a1 1 0 0 1-.482-.121l-.415-.21q-.017-.017-.1-.086a.711.711 0 0 1-.1-.62 3.738 3.738 0 0 1 .964-1.575 8.319 8.319 0 0 1 2.272-1.661.251.251 0 0 1 .4.1.1.1 0 0 1 .034.069q.9-1.463 1.842-3.391a26.274 26.274 0 0 0 1.79-4.51 13.916 13.916 0 0 1-.525-2.746 6.693 6.693 0 0 1 .112-2.195q.189-.689.723-.689h.379a.726.726 0 0 1 .6.258 1.375 1.375 0 0 1 .155 1.171.373.373 0 0 1-.069.138.448.448 0 0 1 .017.138v.516a22.542 22.542 0 0 1-.241 3.305 8.709 8.709 0 0 0 2.513 4.1zm-9.916 7.075a7.6 7.6 0 0 0 2.355-2.715 9.813 9.813 0 0 0-1.5 1.442 5.722 5.722 0 0 0-.855 1.273zm6.855-15.837a5.119 5.119 0 0 0-.034 2.272q.017-.121.121-.757 0-.052.121-.74a.387.387 0 0 1 .069-.138.05.05 0 0 1-.017-.034.035.035 0 0 0-.009-.026.035.035 0 0 1-.009-.026.991.991 0 0 0-.224-.62.05.05 0 0 1-.017.034v.034zm-2.138 11.379a25.25 25.25 0 0 1 4.889-1.394 2.6 2.6 0 0 1-.224-.164 3.083 3.083 0 0 1-.275-.232 9.119 9.119 0 0 1-2.186-3.03 23 23 0 0 1-1.429 3.391q-.516.964-.775 1.429zm11.121-.275a4.12 4.12 0 0 0-2.41-.413 6.511 6.511 0 0 0 2.135.482 1.67 1.67 0 0 0 .31-.017q0-.017-.034-.052z\" fill=\"#213a8f\"><\/path><\/svg><\/a><\/div>\n<\/body><\/html>\n\n\n\n<div class=\"wp-block-group\"><div class=\"wp-block-group__inner-container is-layout-flow wp-block-group-is-layout-flow\"><!DOCTYPE html PUBLIC \"-\/\/W3C\/\/DTD HTML 4.0 Transitional\/\/EN\" \"http:\/\/www.w3.org\/TR\/REC-html40\/loose.dtd\">\n<?xml encoding=\"utf-8\" ?><html><body><div class=\"wp-block-file\"><a href=\"https:\/\/moderaterna.se\/app\/uploads\/sites\/22\/2022\/01\/M-KD-Trearsbudget-2021-2023-samt-Strategiprogram.pdf\">M-KD-Trearsbudget-2021-2023-samt-Strategiprogram<\/a><a href=\"https:\/\/moderaterna.se\/app\/uploads\/sites\/22\/2022\/01\/M-KD-Trearsbudget-2021-2023-samt-Strategiprogram.pdf\" class=\"wp-block-file__button\" download><span class=\"show-for-sr\">Ladda ner<\/span><svg xmlns=\"http:\/\/www.w3.org\/2000\/svg\" data-name=\"Icon metro-file-pdf\" width=\"26.442\" height=\"30.849\" viewBox=\"0 0 26.442 30.849\"><path data-name=\"Icon metro-file-pdf\" d=\"M25.271 6.542a4.006 4.006 0 0 1 .826 1.308 3.973 3.973 0 0 1 .344 1.515v19.832a1.646 1.646 0 0 1-1.653 1.653H1.652A1.646 1.646 0 0 1 0 29.197V1.653A1.646 1.646 0 0 1 1.652-.003h15.425a3.974 3.974 0 0 1 1.515.344 4.006 4.006 0 0 1 1.308.826zm-7.642-4.2v6.473h6.473a1.881 1.881 0 0 0-.379-.706L18.329 2.72a1.88 1.88 0 0 0-.706-.379zm6.61 26.3V11.018h-7.162a1.646 1.646 0 0 1-1.653-1.653V2.204H2.203v26.442h22.035zM15.39 18.437a13.1 13.1 0 0 0 1.446.964 17.082 17.082 0 0 1 2.014-.121q2.531 0 3.047.844a.832.832 0 0 1 .034.9.05.05 0 0 1-.017.034l-.034.034v.017q-.1.654-1.222.654a7.1 7.1 0 0 1-1.98-.344 12.552 12.552 0 0 1-2.238-.912 31 31 0 0 0-6.748 1.429q-2.634 4.51-4.166 4.51a1 1 0 0 1-.482-.121l-.415-.21q-.017-.017-.1-.086a.711.711 0 0 1-.1-.62 3.738 3.738 0 0 1 .964-1.575 8.319 8.319 0 0 1 2.272-1.661.251.251 0 0 1 .4.1.1.1 0 0 1 .034.069q.9-1.463 1.842-3.391a26.274 26.274 0 0 0 1.79-4.51 13.916 13.916 0 0 1-.525-2.746 6.693 6.693 0 0 1 .112-2.195q.189-.689.723-.689h.379a.726.726 0 0 1 .6.258 1.375 1.375 0 0 1 .155 1.171.373.373 0 0 1-.069.138.448.448 0 0 1 .017.138v.516a22.542 22.542 0 0 1-.241 3.305 8.709 8.709 0 0 0 2.513 4.1zm-9.916 7.075a7.6 7.6 0 0 0 2.355-2.715 9.813 9.813 0 0 0-1.5 1.442 5.722 5.722 0 0 0-.855 1.273zm6.855-15.837a5.119 5.119 0 0 0-.034 2.272q.017-.121.121-.757 0-.052.121-.74a.387.387 0 0 1 .069-.138.05.05 0 0 1-.017-.034.035.035 0 0 0-.009-.026.035.035 0 0 1-.009-.026.991.991 0 0 0-.224-.62.05.05 0 0 1-.017.034v.034zm-2.138 11.379a25.25 25.25 0 0 1 4.889-1.394 2.6 2.6 0 0 1-.224-.164 3.083 3.083 0 0 1-.275-.232 9.119 9.119 0 0 1-2.186-3.03 23 23 0 0 1-1.429 3.391q-.516.964-.775 1.429zm11.121-.275a4.12 4.12 0 0 0-2.41-.413 6.511 6.511 0 0 0 2.135.482 1.67 1.67 0 0 0 .31-.017q0-.017-.034-.052z\" fill=\"#213a8f\"><\/path><\/svg><\/a><\/div>\n<\/body><\/html>\n\n\n<!DOCTYPE html PUBLIC \"-\/\/W3C\/\/DTD HTML 4.0 Transitional\/\/EN\" \"http:\/\/www.w3.org\/TR\/REC-html40\/loose.dtd\">\n<?xml encoding=\"utf-8\" ?><html><body><div class=\"wp-block-file\"><a href=\"https:\/\/moderaterna.se\/app\/uploads\/sites\/22\/2022\/01\/MASTER-FINANSPLAN-MKD-2020-2022.pdf\">Finansplan M\/KD 2020-2022<br><\/a><a href=\"https:\/\/moderaterna.se\/app\/uploads\/sites\/22\/2022\/01\/MASTER-FINANSPLAN-MKD-2020-2022.pdf\" class=\"wp-block-file__button\" download><span class=\"show-for-sr\">Ladda ner<\/span><svg xmlns=\"http:\/\/www.w3.org\/2000\/svg\" data-name=\"Icon metro-file-pdf\" width=\"26.442\" height=\"30.849\" viewBox=\"0 0 26.442 30.849\"><path data-name=\"Icon metro-file-pdf\" d=\"M25.271 6.542a4.006 4.006 0 0 1 .826 1.308 3.973 3.973 0 0 1 .344 1.515v19.832a1.646 1.646 0 0 1-1.653 1.653H1.652A1.646 1.646 0 0 1 0 29.197V1.653A1.646 1.646 0 0 1 1.652-.003h15.425a3.974 3.974 0 0 1 1.515.344 4.006 4.006 0 0 1 1.308.826zm-7.642-4.2v6.473h6.473a1.881 1.881 0 0 0-.379-.706L18.329 2.72a1.88 1.88 0 0 0-.706-.379zm6.61 26.3V11.018h-7.162a1.646 1.646 0 0 1-1.653-1.653V2.204H2.203v26.442h22.035zM15.39 18.437a13.1 13.1 0 0 0 1.446.964 17.082 17.082 0 0 1 2.014-.121q2.531 0 3.047.844a.832.832 0 0 1 .034.9.05.05 0 0 1-.017.034l-.034.034v.017q-.1.654-1.222.654a7.1 7.1 0 0 1-1.98-.344 12.552 12.552 0 0 1-2.238-.912 31 31 0 0 0-6.748 1.429q-2.634 4.51-4.166 4.51a1 1 0 0 1-.482-.121l-.415-.21q-.017-.017-.1-.086a.711.711 0 0 1-.1-.62 3.738 3.738 0 0 1 .964-1.575 8.319 8.319 0 0 1 2.272-1.661.251.251 0 0 1 .4.1.1.1 0 0 1 .034.069q.9-1.463 1.842-3.391a26.274 26.274 0 0 0 1.79-4.51 13.916 13.916 0 0 1-.525-2.746 6.693 6.693 0 0 1 .112-2.195q.189-.689.723-.689h.379a.726.726 0 0 1 .6.258 1.375 1.375 0 0 1 .155 1.171.373.373 0 0 1-.069.138.448.448 0 0 1 .017.138v.516a22.542 22.542 0 0 1-.241 3.305 8.709 8.709 0 0 0 2.513 4.1zm-9.916 7.075a7.6 7.6 0 0 0 2.355-2.715 9.813 9.813 0 0 0-1.5 1.442 5.722 5.722 0 0 0-.855 1.273zm6.855-15.837a5.119 5.119 0 0 0-.034 2.272q.017-.121.121-.757 0-.052.121-.74a.387.387 0 0 1 .069-.138.05.05 0 0 1-.017-.034.035.035 0 0 0-.009-.026.035.035 0 0 1-.009-.026.991.991 0 0 0-.224-.62.05.05 0 0 1-.017.034v.034zm-2.138 11.379a25.25 25.25 0 0 1 4.889-1.394 2.6 2.6 0 0 1-.224-.164 3.083 3.083 0 0 1-.275-.232 9.119 9.119 0 0 1-2.186-3.03 23 23 0 0 1-1.429 3.391q-.516.964-.775 1.429zm11.121-.275a4.12 4.12 0 0 0-2.41-.413 6.511 6.511 0 0 0 2.135.482 1.67 1.67 0 0 0 .31-.017q0-.017-.034-.052z\" fill=\"#213a8f\"><\/path><\/svg><\/a><\/div>\n<\/body><\/html>\n\n\n<!DOCTYPE html PUBLIC \"-\/\/W3C\/\/DTD HTML 4.0 Transitional\/\/EN\" \"http:\/\/www.w3.org\/TR\/REC-html40\/loose.dtd\">\n<?xml encoding=\"utf-8\" ?><html><body><div class=\"wp-block-file\"><a href=\"https:\/\/moderaterna.se\/app\/uploads\/sites\/22\/2022\/01\/STAB-M_KD_2020-2022_FINALbilagor.pdf\">Strategisk plan med tre&aring;rsbudget<\/a><a href=\"https:\/\/moderaterna.se\/app\/uploads\/sites\/22\/2022\/01\/STAB-M_KD_2020-2022_FINALbilagor.pdf\" class=\"wp-block-file__button\" download><span class=\"show-for-sr\">Ladda ner<\/span><svg xmlns=\"http:\/\/www.w3.org\/2000\/svg\" data-name=\"Icon metro-file-pdf\" width=\"26.442\" height=\"30.849\" viewBox=\"0 0 26.442 30.849\"><path data-name=\"Icon metro-file-pdf\" d=\"M25.271 6.542a4.006 4.006 0 0 1 .826 1.308 3.973 3.973 0 0 1 .344 1.515v19.832a1.646 1.646 0 0 1-1.653 1.653H1.652A1.646 1.646 0 0 1 0 29.197V1.653A1.646 1.646 0 0 1 1.652-.003h15.425a3.974 3.974 0 0 1 1.515.344 4.006 4.006 0 0 1 1.308.826zm-7.642-4.2v6.473h6.473a1.881 1.881 0 0 0-.379-.706L18.329 2.72a1.88 1.88 0 0 0-.706-.379zm6.61 26.3V11.018h-7.162a1.646 1.646 0 0 1-1.653-1.653V2.204H2.203v26.442h22.035zM15.39 18.437a13.1 13.1 0 0 0 1.446.964 17.082 17.082 0 0 1 2.014-.121q2.531 0 3.047.844a.832.832 0 0 1 .034.9.05.05 0 0 1-.017.034l-.034.034v.017q-.1.654-1.222.654a7.1 7.1 0 0 1-1.98-.344 12.552 12.552 0 0 1-2.238-.912 31 31 0 0 0-6.748 1.429q-2.634 4.51-4.166 4.51a1 1 0 0 1-.482-.121l-.415-.21q-.017-.017-.1-.086a.711.711 0 0 1-.1-.62 3.738 3.738 0 0 1 .964-1.575 8.319 8.319 0 0 1 2.272-1.661.251.251 0 0 1 .4.1.1.1 0 0 1 .034.069q.9-1.463 1.842-3.391a26.274 26.274 0 0 0 1.79-4.51 13.916 13.916 0 0 1-.525-2.746 6.693 6.693 0 0 1 .112-2.195q.189-.689.723-.689h.379a.726.726 0 0 1 .6.258 1.375 1.375 0 0 1 .155 1.171.373.373 0 0 1-.069.138.448.448 0 0 1 .017.138v.516a22.542 22.542 0 0 1-.241 3.305 8.709 8.709 0 0 0 2.513 4.1zm-9.916 7.075a7.6 7.6 0 0 0 2.355-2.715 9.813 9.813 0 0 0-1.5 1.442 5.722 5.722 0 0 0-.855 1.273zm6.855-15.837a5.119 5.119 0 0 0-.034 2.272q.017-.121.121-.757 0-.052.121-.74a.387.387 0 0 1 .069-.138.05.05 0 0 1-.017-.034.035.035 0 0 0-.009-.026.035.035 0 0 1-.009-.026.991.991 0 0 0-.224-.62.05.05 0 0 1-.017.034v.034zm-2.138 11.379a25.25 25.25 0 0 1 4.889-1.394 2.6 2.6 0 0 1-.224-.164 3.083 3.083 0 0 1-.275-.232 9.119 9.119 0 0 1-2.186-3.03 23 23 0 0 1-1.429 3.391q-.516.964-.775 1.429zm11.121-.275a4.12 4.12 0 0 0-2.41-.413 6.511 6.511 0 0 0 2.135.482 1.67 1.67 0 0 0 .31-.017q0-.017-.034-.052z\" fill=\"#213a8f\"><\/path><\/svg><\/a><\/div>\n<\/body><\/html>\n\n\n<!DOCTYPE html PUBLIC \"-\/\/W3C\/\/DTD HTML 4.0 Transitional\/\/EN\" \"http:\/\/www.w3.org\/TR\/REC-html40\/loose.dtd\">\n<?xml encoding=\"utf-8\" ?><html><body><div class=\"wp-block-file\"><a href=\"https:\/\/moderaterna.se\/app\/uploads\/sites\/22\/2022\/01\/SLUTVERSION_Finansplan_MKD_181105.pdf\">Finansplan 2019-2021<\/a><a href=\"https:\/\/moderaterna.se\/app\/uploads\/sites\/22\/2022\/01\/SLUTVERSION_Finansplan_MKD_181105.pdf\" class=\"wp-block-file__button\" download><span class=\"show-for-sr\">Ladda ner<\/span><svg xmlns=\"http:\/\/www.w3.org\/2000\/svg\" data-name=\"Icon metro-file-pdf\" width=\"26.442\" height=\"30.849\" viewBox=\"0 0 26.442 30.849\"><path data-name=\"Icon metro-file-pdf\" d=\"M25.271 6.542a4.006 4.006 0 0 1 .826 1.308 3.973 3.973 0 0 1 .344 1.515v19.832a1.646 1.646 0 0 1-1.653 1.653H1.652A1.646 1.646 0 0 1 0 29.197V1.653A1.646 1.646 0 0 1 1.652-.003h15.425a3.974 3.974 0 0 1 1.515.344 4.006 4.006 0 0 1 1.308.826zm-7.642-4.2v6.473h6.473a1.881 1.881 0 0 0-.379-.706L18.329 2.72a1.88 1.88 0 0 0-.706-.379zm6.61 26.3V11.018h-7.162a1.646 1.646 0 0 1-1.653-1.653V2.204H2.203v26.442h22.035zM15.39 18.437a13.1 13.1 0 0 0 1.446.964 17.082 17.082 0 0 1 2.014-.121q2.531 0 3.047.844a.832.832 0 0 1 .034.9.05.05 0 0 1-.017.034l-.034.034v.017q-.1.654-1.222.654a7.1 7.1 0 0 1-1.98-.344 12.552 12.552 0 0 1-2.238-.912 31 31 0 0 0-6.748 1.429q-2.634 4.51-4.166 4.51a1 1 0 0 1-.482-.121l-.415-.21q-.017-.017-.1-.086a.711.711 0 0 1-.1-.62 3.738 3.738 0 0 1 .964-1.575 8.319 8.319 0 0 1 2.272-1.661.251.251 0 0 1 .4.1.1.1 0 0 1 .034.069q.9-1.463 1.842-3.391a26.274 26.274 0 0 0 1.79-4.51 13.916 13.916 0 0 1-.525-2.746 6.693 6.693 0 0 1 .112-2.195q.189-.689.723-.689h.379a.726.726 0 0 1 .6.258 1.375 1.375 0 0 1 .155 1.171.373.373 0 0 1-.069.138.448.448 0 0 1 .017.138v.516a22.542 22.542 0 0 1-.241 3.305 8.709 8.709 0 0 0 2.513 4.1zm-9.916 7.075a7.6 7.6 0 0 0 2.355-2.715 9.813 9.813 0 0 0-1.5 1.442 5.722 5.722 0 0 0-.855 1.273zm6.855-15.837a5.119 5.119 0 0 0-.034 2.272q.017-.121.121-.757 0-.052.121-.74a.387.387 0 0 1 .069-.138.05.05 0 0 1-.017-.034.035.035 0 0 0-.009-.026.035.035 0 0 1-.009-.026.991.991 0 0 0-.224-.62.05.05 0 0 1-.017.034v.034zm-2.138 11.379a25.25 25.25 0 0 1 4.889-1.394 2.6 2.6 0 0 1-.224-.164 3.083 3.083 0 0 1-.275-.232 9.119 9.119 0 0 1-2.186-3.03 23 23 0 0 1-1.429 3.391q-.516.964-.775 1.429zm11.121-.275a4.12 4.12 0 0 0-2.41-.413 6.511 6.511 0 0 0 2.135.482 1.67 1.67 0 0 0 .31-.017q0-.017-.034-.052z\" fill=\"#213a8f\"><\/path><\/svg><\/a><\/div>\n<\/body><\/html>\n<\/div><\/div>\n","protected":false},"excerpt":{"rendered":"<p>Redan innan pandemin hade v\u00e5rdk\u00f6erna vuxit sig l\u00e5nga i Region \u00d6sterg\u00f6tland. Alldeles f\u00f6r l\u00e5nga. M\u00e5nga \u00f6stg\u00f6tar har d\u00e4rf\u00f6r f\u00e5tt v\u00e4nta l\u00e4nge p\u00e5 den v\u00e5rd som de har r\u00e4tt till och beh\u00f6ver, vilket i sig kan ge allvarliga f\u00f6ljder. Vi h\u00f6r ocks\u00e5 otaliga vittnesm\u00e5l fr\u00e5n v\u00e5rdens medarbetare om en oh\u00e5llbar arbetssituation, d\u00e4r man inte l\u00e4ngre kan [&hellip;]<\/p>\n","protected":false},"author":6,"featured_media":0,"parent":0,"menu_order":3,"comment_status":"closed","ping_status":"closed","template":"","meta":{"_acf_changed":false,"_relevanssi_hide_post":"","_relevanssi_hide_content":"","_relevanssi_pin_for_all":"","_relevanssi_pin_keywords":"","_relevanssi_unpin_keywords":"","_relevanssi_related_keywords":"","_relevanssi_related_include_ids":"","_relevanssi_related_exclude_ids":"","_relevanssi_related_no_append":"","_relevanssi_related_not_related":"","_relevanssi_related_posts":"925","_relevanssi_noindex_reason":"","footnotes":""},"subject":[],"class_list":["post-1025","page","type-page","status-publish","hentry"],"acf":[],"publishpress_future_action":{"enabled":false,"date":"2026-04-14 18:44:14","action":"change-status","newStatus":"draft","terms":[],"taxonomy":"subject"},"_links":{"self":[{"href":"https:\/\/moderaterna.se\/ostergotland\/wp-json\/wp\/v2\/pages\/1025","targetHints":{"allow":["GET"]}}],"collection":[{"href":"https:\/\/moderaterna.se\/ostergotland\/wp-json\/wp\/v2\/pages"}],"about":[{"href":"https:\/\/moderaterna.se\/ostergotland\/wp-json\/wp\/v2\/types\/page"}],"author":[{"embeddable":true,"href":"https:\/\/moderaterna.se\/ostergotland\/wp-json\/wp\/v2\/users\/6"}],"replies":[{"embeddable":true,"href":"https:\/\/moderaterna.se\/ostergotland\/wp-json\/wp\/v2\/comments?post=1025"}],"version-history":[{"count":8,"href":"https:\/\/moderaterna.se\/ostergotland\/wp-json\/wp\/v2\/pages\/1025\/revisions"}],"predecessor-version":[{"id":1668,"href":"https:\/\/moderaterna.se\/ostergotland\/wp-json\/wp\/v2\/pages\/1025\/revisions\/1668"}],"wp:attachment":[{"href":"https:\/\/moderaterna.se\/ostergotland\/wp-json\/wp\/v2\/media?parent=1025"}],"wp:term":[{"taxonomy":"subject","embeddable":true,"href":"https:\/\/moderaterna.se\/ostergotland\/wp-json\/wp\/v2\/subject?post=1025"}],"curies":[{"name":"wp","href":"https:\/\/api.w.org\/{rel}","templated":true}]}}