{"id":993,"date":"2022-01-16T15:45:56","date_gmt":"2022-01-16T14:45:56","guid":{"rendered":"https:\/\/moderaterna.se\/orebro\/?page_id=993"},"modified":"2026-03-11T12:41:54","modified_gmt":"2026-03-11T11:41:54","slug":"regionen","status":"publish","type":"page","link":"https:\/\/moderaterna.se\/orebro\/regionen\/","title":{"rendered":"Regionen"},"content":{"rendered":"\n<h3 class=\"wp-block-heading\"><strong>Regionkansliet<\/strong><\/h3>\n\n\n\n<p>Sebastian Cehlin oppositionsr\u00e5d och gruppledare<\/p>\n\n\n\n<p>sebastian.cehlin@moderaterna.se 073-679 74 65<\/p>\n\n\n\n<div style=\"height:20px\" aria-hidden=\"true\" class=\"wp-block-spacer\"><\/div>\n\n\n\n<p>Anna Nordqvist oppositionsr\u00e5d och vice gruppledare<\/p>\n\n\n\n<p>anna.nordqvist@moderaterna.se 072-320 08 88<\/p>\n\n\n\n<div style=\"height:20px\" aria-hidden=\"true\" class=\"wp-block-spacer\"><\/div>\n\n\n\n<p>Mohsen Akbari politisk sekreterare<\/p>\n\n\n\n<p>mohsen.akbari@moderaterna.se 076-698 36 48<\/p>\n\n\n\n<div style=\"height:20px\" aria-hidden=\"true\" class=\"wp-block-spacer\"><\/div>\n\n\n\n<p><a href=\"https:\/\/www.facebook.com\/moderaternaiorebrolan\/\">https:\/\/www.facebook.com\/moderaternaiorebrolan\/<\/a><\/p>\n\n\n\n<p><a href=\"https:\/\/www.instagram.com\/moderaternaorebrolan\/\">https:\/\/www.instagram.com\/moderaternaorebrolan\/<\/a><\/p>\n\n\n\n<p><\/p>\n\n\n\n<p><strong>Adress:<\/strong><\/p>\n\n\n\n<p>Moderaterna i Region \u00d6rebro l\u00e4n<\/p>\n\n\n\n<p>Bes\u00f6ksadress:&nbsp; Klostergatan 23, \u00d6rebro&nbsp; V\u00e5n 6.&nbsp;<\/p>\n\n\n\n<p>Postadress:&nbsp;Moderaterna, Region \u00d6rebro l\u00e4n, Politisk ledning, Box 1613, 70161 \u00d6rebro<\/p>\n\n\n\n<p><\/p>\n\n\n\n<h3 class=\"wp-block-heading has-large-font-size\" id=\"h-sjukvard-i-tid-utan-langa-koer\"><a><\/a><strong>Sjukv\u00e5rd i tid \u2013 utan l\u00e5nga k\u00f6er<\/strong><\/h3>\n\n\n\n<p>Ingen ska beh\u00f6va v\u00e4nta orimligt l\u00e4nge p\u00e5 v\u00e5rd. I dag \u00e4r k\u00f6erna i Region \u00d6rebro l\u00e4n f\u00f6r l\u00e5nga och m\u00e5nga patienter upplever att det \u00e4r sv\u00e5rt att f\u00e5 kontakt med v\u00e5rden. Moderaterna vill korta k\u00f6erna, st\u00e4rka prim\u00e4rv\u00e5rden och ge v\u00e5rdens medarbetare b\u00e4ttre f\u00f6ruts\u00e4ttningar att g\u00f6ra sitt jobb.<\/p>\n\n\n\n<p><strong>Vi vill:<\/strong><\/p>\n\n\n\n<p>\u2022 S\u00e4kerst\u00e4lla fast l\u00e4karkontakt p\u00e5 v\u00e5rdcentralerna<br>&nbsp;\u2022 St\u00e4rka prim\u00e4rv\u00e5rden s\u00e5 att fler f\u00e5r hj\u00e4lp i tid<br>&nbsp;\u2022 Minska administrationen s\u00e5 att mer tid g\u00e5r till patienter<br>&nbsp;\u2022 G\u00f6ra det enklare f\u00f6r fler v\u00e5rdgivare att etablera sig i l\u00e4net<br>&nbsp;\u2022 Utveckla digitala tj\u00e4nster som g\u00f6r det l\u00e4ttare att komma i kontakt med v\u00e5rden<\/p>\n\n\n\n<h1 class=\"wp-block-heading\"><a><\/a><strong>Trygg v\u00e5rd f\u00f6r barn och unga<\/strong><\/h1>\n\n\n\n<p>Den psykiska oh\u00e4lsan bland barn och unga \u00f6kar och m\u00e5nga familjer m\u00f6ter i dag l\u00e5nga v\u00e4ntetider. Ingen ung m\u00e4nniska ska beh\u00f6va v\u00e4nta l\u00e4nge p\u00e5 hj\u00e4lp n\u00e4r man m\u00e5r d\u00e5ligt.<\/p>\n\n\n\n<p><strong>Vi vill:<\/strong><\/p>\n\n\n\n<p>\u2022 Inf\u00f6ra v\u00e5rdval inom barn- och ungdomspsykiatrin f\u00f6r att korta k\u00f6er och \u00f6ka tillg\u00e4ngligheten<br>&nbsp;\u2022 St\u00e4rka den f\u00f6rsta linjens psykiska h\u00e4lsa i prim\u00e4rv\u00e5rden<br>&nbsp;\u2022 \u00d6ka samarbetet mellan skola, elevh\u00e4lsa och v\u00e5rd<br>&nbsp;\u2022 Ge fler barn och unga snabbare utredning och behandling<\/p>\n\n\n\n<h1 class=\"wp-block-heading\"><a><\/a><strong>B\u00e4ttre villkor f\u00f6r v\u00e5rdpersonalen<\/strong><\/h1>\n\n\n\n<p>V\u00e5rdens medarbetare \u00e4r sjukv\u00e5rdens viktigaste resurs. F\u00f6r att fler ska vilja arbeta kvar i v\u00e5rden beh\u00f6vs b\u00e4ttre arbetsmilj\u00f6, tydligare ledarskap och b\u00e4ttre m\u00f6jligheter att utvecklas i yrket.<\/p>\n\n\n\n<p><strong>Vi vill:<\/strong><\/p>\n\n\n\n<p>\u2022 Minska administrationen s\u00e5 att mer tid g\u00e5r till patienter<br>&nbsp;\u2022 Inf\u00f6ra en erfarenhetsbonus f\u00f6r medarbetare som stannar kvar i v\u00e5rden<br>&nbsp;\u2022 Satsa mer p\u00e5 vidareutbildning och specialistutbildning<br>&nbsp;\u2022 Starta en intensivv\u00e5rdsutbildning i Region \u00d6rebro l\u00e4n<br>&nbsp;\u2022 \u00c5terinf\u00f6ra frukostf\u00f6rm\u00e5nen f\u00f6r v\u00e5rdpersonal f\u00f6r att st\u00e4rka arbetsmilj\u00f6 och gemenskap<\/p>\n\n\n\n<h1 class=\"wp-block-heading\"><a><\/a><strong>B\u00e4ttre v\u00e5rd f\u00f6r sjuka \u00e4ldre<\/strong><\/h1>\n\n\n\n<p>Fler lever l\u00e4ngre vilket \u00e4r positivt. Samtidigt beh\u00f6ver v\u00e5rden bli b\u00e4ttre p\u00e5 att m\u00f6ta \u00e4ldre med stora och komplexa v\u00e5rdbehov. V\u00e5rden m\u00e5ste h\u00e4nga ihop b\u00e4ttre mellan region och kommun.<\/p>\n\n\n\n<p><strong>Vi vill:<\/strong><\/p>\n\n\n\n<p>\u2022 Inf\u00f6ra ett seniorh\u00e4lsoprogram med f\u00f6rebyggande h\u00e4lsosamtal<br>&nbsp;\u2022 Ge \u00e4ldre patienter en fast kontakt i v\u00e5rden<br>&nbsp;\u2022 Utveckla v\u00e5rd i hemmet och mobila v\u00e5rdteam<br>&nbsp;\u2022 F\u00f6rb\u00e4ttra samarbetet mellan sjukv\u00e5rd och \u00e4ldreomsorg<\/p>\n\n\n\n<h1 class=\"wp-block-heading\"><a><\/a><strong>Tre sjukhus i l\u00e4net<\/strong><\/h1>\n\n\n\n<p>Tre sjukhus \u00e4r en styrka f\u00f6r hela l\u00e4net. Universitetssjukhuset i \u00d6rebro, Karlskoga lasarett och Lindesbergs lasarett ska tillsammans skapa en stark och trygg sjukv\u00e5rd f\u00f6r hela regionen.<\/p>\n\n\n\n<p><strong>Vi vill:<\/strong><\/p>\n\n\n\n<p>\u2022 Utveckla alla tre sjukhusen och st\u00e4rka deras uppdrag<br>&nbsp;\u2022 V\u00e4rna akutsjukv\u00e5rden i hela l\u00e4net<br>&nbsp;\u2022 St\u00e4rka specialistsjukv\u00e5rden och korta v\u00e4ntetiderna<br>&nbsp;\u2022 Ge sjukhusen st\u00f6rre lokalt ansvar och tydligare ledarskap<\/p>\n\n\n\n<h1 class=\"wp-block-heading\"><a><\/a><strong>Ett starkt och v\u00e4xande \u00d6rebro l\u00e4n<\/strong><\/h1>\n\n\n\n<p>En stark region handlar inte bara om sjukv\u00e5rd. F\u00f6r att m\u00e4nniskor ska kunna bo, arbeta och leva i hela l\u00e4net beh\u00f6vs fungerande infrastruktur, kollektivtrafik och ett starkt n\u00e4ringsliv.<\/p>\n\n\n\n<p><strong>Vi vill:<\/strong><\/p>\n\n\n\n<p>\u2022 Ha en kollektivtrafik som fungerar f\u00f6r arbete och studier<\/p>\n\n\n\n<p>\u2022 Inf\u00f6ra ett seniorkort i kollektivtrafiken<\/p>\n\n\n\n<p>\u2022 Inf\u00f6ra en tretimmarsbiljett under l\u00e5gtrafik<\/p>\n\n\n\n<p id=\"h-\">\u2022 Inf\u00f6ra ett studentkort f\u00f6r studenter i l\u00e4net<br>&nbsp;\u2022 Satsa p\u00e5 innovationer och f\u00f6retagande i regionen<br>&nbsp;\u2022 St\u00e4rka infrastrukturen och regionens tillg\u00e4nglighet<br>&nbsp;\u2022 Skapa b\u00e4ttre f\u00f6ruts\u00e4ttningar f\u00f6r jobb och tillv\u00e4xt i hela l\u00e4net<\/p>\n\n\n\n<h3 class=\"wp-block-heading\" id=\"h-\"><\/h3>\n\n\n\n<p><\/p>\n\n\n\n<p>Vi vill:<\/p>\n\n\n\n<ul class=\"wp-block-list\">\n<li><\/li>\n<\/ul>\n\n\n\n<h3 class=\"wp-block-heading\" id=\"h-\"><\/h3>\n\n\n\n<p>Vi vill:<\/p>\n\n\n\n<ul class=\"wp-block-list\">\n<li><\/li>\n<\/ul>\n\n\n\n<h3 class=\"wp-block-heading\" id=\"h-\"><\/h3>\n\n\n\n<p><\/p>\n\n\n\n<p><\/p>\n\n\n\n<p><\/p>\n\n\n\n<p><\/p>\n\n\n\n<p><\/p>\n","protected":false},"excerpt":{"rendered":"<p>Regionkansliet Sebastian Cehlin oppositionsr\u00e5d och gruppledare sebastian.cehlin@moderaterna.se 073-679 74 65 Anna Nordqvist oppositionsr\u00e5d och vice gruppledare anna.nordqvist@moderaterna.se 072-320 08 88 Mohsen Akbari politisk sekreterare mohsen.akbari@moderaterna.se 076-698 36 48 https:\/\/www.facebook.com\/moderaternaiorebrolan\/ https:\/\/www.instagram.com\/moderaternaorebrolan\/ Adress: Moderaterna i Region \u00d6rebro l\u00e4n Bes\u00f6ksadress:&nbsp; Klostergatan 23, \u00d6rebro&nbsp; V\u00e5n 6.&nbsp; Postadress:&nbsp;Moderaterna, Region \u00d6rebro l\u00e4n, Politisk ledning, Box 1613, 70161 \u00d6rebro Sjukv\u00e5rd i tid [&hellip;]<\/p>\n","protected":false},"author":9,"featured_media":1192,"parent":0,"menu_order":0,"comment_status":"closed","ping_status":"closed","template":"","meta":{"_acf_changed":false,"_relevanssi_hide_post":"","_relevanssi_hide_content":"","_relevanssi_pin_for_all":"","_relevanssi_pin_keywords":"","_relevanssi_unpin_keywords":"","_relevanssi_related_keywords":"","_relevanssi_related_include_ids":"","_relevanssi_related_exclude_ids":"","_relevanssi_related_no_append":"","_relevanssi_related_not_related":"","_relevanssi_related_posts":"1634,2124,1909,1946,2085,890","_relevanssi_noindex_reason":"","footnotes":""},"subject":[],"class_list":["post-993","page","type-page","status-publish","has-post-thumbnail","hentry"],"acf":[],"publishpress_future_action":{"enabled":false,"date":"2026-04-27 11:40:18","action":"change-status","newStatus":"draft","terms":[],"taxonomy":"subject"},"_links":{"self":[{"href":"https:\/\/moderaterna.se\/orebro\/wp-json\/wp\/v2\/pages\/993","targetHints":{"allow":["GET"]}}],"collection":[{"href":"https:\/\/moderaterna.se\/orebro\/wp-json\/wp\/v2\/pages"}],"about":[{"href":"https:\/\/moderaterna.se\/orebro\/wp-json\/wp\/v2\/types\/page"}],"author":[{"embeddable":true,"href":"https:\/\/moderaterna.se\/orebro\/wp-json\/wp\/v2\/users\/9"}],"replies":[{"embeddable":true,"href":"https:\/\/moderaterna.se\/orebro\/wp-json\/wp\/v2\/comments?post=993"}],"version-history":[{"count":27,"href":"https:\/\/moderaterna.se\/orebro\/wp-json\/wp\/v2\/pages\/993\/revisions"}],"predecessor-version":[{"id":2299,"href":"https:\/\/moderaterna.se\/orebro\/wp-json\/wp\/v2\/pages\/993\/revisions\/2299"}],"wp:featuredmedia":[{"embeddable":true,"href":"https:\/\/moderaterna.se\/orebro\/wp-json\/wp\/v2\/media\/1192"}],"wp:attachment":[{"href":"https:\/\/moderaterna.se\/orebro\/wp-json\/wp\/v2\/media?parent=993"}],"wp:term":[{"taxonomy":"subject","embeddable":true,"href":"https:\/\/moderaterna.se\/orebro\/wp-json\/wp\/v2\/subject?post=993"}],"curies":[{"name":"wp","href":"https:\/\/api.w.org\/{rel}","templated":true}]}}