{"id":1595,"date":"2022-05-05T10:13:25","date_gmt":"2022-05-05T08:13:25","guid":{"rendered":"https:\/\/moderaterna.se\/orebro\/?page_id=1595"},"modified":"2022-05-05T10:13:31","modified_gmt":"2022-05-05T08:13:31","slug":"oka-tryggheten-for-lanets-fodande-kvinnor-ateroppna-forlossningen-i-karlskoga","status":"publish","type":"page","link":"https:\/\/moderaterna.se\/orebro\/oka-tryggheten-for-lanets-fodande-kvinnor-ateroppna-forlossningen-i-karlskoga\/","title":{"rendered":"\u00d6ka tryggheten f\u00f6r l\u00e4nets f\u00f6dande kvinnor &#8211; \u00c5ter\u00f6ppna f\u00f6rlossningen i Karlskoga!"},"content":{"rendered":"\n<p>F\u00f6rlossningsv\u00e5rden i region \u00d6rebro l\u00e4n ska vara n\u00e4ra, j\u00e4mlik, trygg och framf\u00f6rallt patients\u00e4ker b\u00e5de f\u00f6r kvinnor och barn.&nbsp;Kvinnorna i v\u00e5rt l\u00e4n har r\u00e4tt till valfrihet och att i m\u00f6jligaste m\u00e5n planera hur de vill ha sin f\u00f6rlossning. Sveriges f\u00f6rlossningskris \u00e4r ett faktum och fler v\u00e5rdplatser beh\u00f6vs, s\u00e5 \u00e4ven i v\u00e5rt l\u00e4n.&nbsp;I v\u00e5r region har kvinnor med partner tidigare haft f\u00f6rm\u00e5nen att tryggt v\u00e4lja mellan tv\u00e5 f\u00f6rlossningsavdelningar tills Socialdemokraterna st\u00e4ngde Karlskoga BB. Vi Moderater t\u00e4nker s\u00e4kerst\u00e4lla att l\u00e4net har tv\u00e5 f\u00f6rlossningsavdelningar \u00f6ppna dygnet runt, \u00e5ret om. Alla kvinnor har r\u00e4tt till en trygg f\u00f6rlossning. Ingen kvinna ska k\u00e4nna oro f\u00f6r att bli hemskickad eller ut p\u00e5 v\u00e4garna p.g.a. platsbrist.&nbsp;<\/p>\n\n\n\n<p>Centraliseringen som skett i v\u00e5rt l\u00e4n&nbsp;har&nbsp;drabbat Karlskoga lasarett&nbsp;h\u00e5rt och&nbsp;orsakat personalflykt, s\u00e4mre arbetsmilj\u00f6 och en st\u00e4ndig oro f\u00f6r lasarettets \u00f6verlevnad. I en tid n\u00e4r det beh\u00f6vs fler v\u00e5rdplatser inom f\u00f6rlossningsv\u00e5rden \u00e4r det helt fel v\u00e4g att g\u00e5 att st\u00e4nga en v\u00e4lfungerande mycket omtyckt f\u00f6rlossningsavdelning, kvinnoklinik&nbsp;och BB.<\/p>\n\n\n\n<p>F\u00f6r att skapa en trygg och s\u00e4ker f\u00f6rlossningsv\u00e5rd i l\u00e4net beh\u00f6vs b\u00e5da f\u00f6rlossningsavdelningar \u00f6ppna dygnet runt, \u00e5ret&nbsp;om. Vi beh\u00f6ver s\u00e4kerst\u00e4lla att&nbsp;rekrytering sker av de yrkesgrupper som kr\u00e4vs f\u00f6r att \u00f6ppna upp f\u00f6rlossningen i Karlskoga och anv\u00e4nda oss av de statliga medel som finns \u00f6ronm\u00e4rkta f\u00f6r f\u00f6rlossningsv\u00e5rden. Moderaterna har viljan och modet att genomf\u00f6ra en \u00e5ter\u00f6ppning av f\u00f6rlossningen i Karlskoga&nbsp;snarast.<\/p>\n\n\n\n<p>M\u00e5nga kvinnor vittnar om att deras f\u00f6rlossningsskador inte har tagits p\u00e5 allvar och att det tagit flera \u00e5r innan de f\u00e5tt r\u00e4tt behandling. En viktig del f\u00f6r att ge kvinnor med dessa skador en fullgod v\u00e5rd \u00e4r att det finns specialistv\u00e5rd att tillg\u00e5 med kompetens f\u00f6r f\u00f6rlossningsskador och som kan hantera b\u00e5de vanliga och ovanliga skador.&nbsp;Generellt blir resultatet mycket b\u00e4ttre om skadorna behandlas direkt och inte efter flera \u00e5r. D\u00e4rf\u00f6r \u00e4r det viktigt att f\u00f6rlossningsskador b\u00e5de uppm\u00e4rksammas och behandlas tidigt. Region \u00d6rebro l\u00e4n ska arbeta f\u00f6r att minimera f\u00f6rlossningsskador och en framtida inkontinens f\u00f6r de som \u00e4nd\u00e5 drabbas av f\u00f6rlossningsskador. Varje nyf\u00f6rl\u00f6st kvinna ska f\u00e5 m\u00f6jligheten att bed\u00f6mas och behandlas av kompetent kirurg avseende eventuell skada p\u00e5 slutmuskeln.<\/p>\n\n\n\n<p>Barnmorskorna i f\u00f6rlossningsv\u00e5rden i region \u00d6rebro l\u00e4n arbetar under h\u00f6gt tryck och ofta stressade situationer.&nbsp;Att satsa p\u00e5 en betald specialistutbildning till barnmorska f\u00f6r sjuksk\u00f6terskor skulle \u00f6ka m\u00f6jligheterna&nbsp;till att s\u00e4kra kompetensf\u00f6rs\u00f6rjningen till m\u00f6dra- och f\u00f6rlossningsv\u00e5rden som i sin tur bidrar till minskad arbetsbelastning f\u00f6r l\u00e4nets barnmorskor.&nbsp;Region \u00d6rebro l\u00e4n b\u00f6r ocks\u00e5 f\u00f6ra samtal med \u00d6rebro universitet f\u00f6r att se \u00f6ver m\u00f6jligheten till en barnmorskeutbildning i \u00d6rebro.<\/p>\n\n\n\n<p>Moderaterna vill<\/p>\n\n\n\n<ul class=\"wp-block-list\"><li>Att det ska finnas tv\u00e5 f\u00f6rlossningsmottagningar i l\u00e4net<\/li><li>Att f\u00f6rlossningsskador tidigt uppm\u00e4rksammas och behandlas<\/li><li>Se \u00f6ver m\u00f6jligheterna till barnmorskeutbildning vid \u00d6rebro universitet<\/li><\/ul>\n\n\n\n<p>Vill du veta mer om v\u00e5r politik f\u00f6r Region \u00d6rebro l\u00e4n kan du l\u00e4sa v\u00e5rt Regionpolitiska program <a href=\"https:\/\/moderaterna.se\/orebro\/var-politik\/\">h\u00e4r<\/a><\/p>\n","protected":false},"excerpt":{"rendered":"<p>F\u00f6rlossningsv\u00e5rden i region \u00d6rebro l\u00e4n ska vara n\u00e4ra, j\u00e4mlik, trygg och framf\u00f6rallt patients\u00e4ker b\u00e5de f\u00f6r kvinnor och barn.&nbsp;Kvinnorna i v\u00e5rt l\u00e4n har r\u00e4tt till valfrihet och att i m\u00f6jligaste m\u00e5n planera hur de vill ha sin f\u00f6rlossning. Sveriges f\u00f6rlossningskris \u00e4r ett faktum och fler v\u00e5rdplatser beh\u00f6vs, s\u00e5 \u00e4ven i v\u00e5rt l\u00e4n.&nbsp;I v\u00e5r region har kvinnor [&hellip;]<\/p>\n","protected":false},"author":19,"featured_media":0,"parent":0,"menu_order":0,"comment_status":"closed","ping_status":"closed","template":"","meta":{"_acf_changed":false,"_relevanssi_hide_post":"","_relevanssi_hide_content":"","_relevanssi_pin_for_all":"","_relevanssi_pin_keywords":"","_relevanssi_unpin_keywords":"","_relevanssi_related_keywords":"","_relevanssi_related_include_ids":"","_relevanssi_related_exclude_ids":"","_relevanssi_related_no_append":"","_relevanssi_related_not_related":"","_relevanssi_related_posts":"","_relevanssi_noindex_reason":"","footnotes":""},"subject":[],"class_list":["post-1595","page","type-page","status-publish","hentry"],"acf":[],"publishpress_future_action":{"enabled":false,"date":"2026-04-11 06:29:22","action":"change-status","newStatus":"draft","terms":[],"taxonomy":"subject"},"_links":{"self":[{"href":"https:\/\/moderaterna.se\/orebro\/wp-json\/wp\/v2\/pages\/1595","targetHints":{"allow":["GET"]}}],"collection":[{"href":"https:\/\/moderaterna.se\/orebro\/wp-json\/wp\/v2\/pages"}],"about":[{"href":"https:\/\/moderaterna.se\/orebro\/wp-json\/wp\/v2\/types\/page"}],"author":[{"embeddable":true,"href":"https:\/\/moderaterna.se\/orebro\/wp-json\/wp\/v2\/users\/19"}],"replies":[{"embeddable":true,"href":"https:\/\/moderaterna.se\/orebro\/wp-json\/wp\/v2\/comments?post=1595"}],"version-history":[{"count":1,"href":"https:\/\/moderaterna.se\/orebro\/wp-json\/wp\/v2\/pages\/1595\/revisions"}],"predecessor-version":[{"id":1596,"href":"https:\/\/moderaterna.se\/orebro\/wp-json\/wp\/v2\/pages\/1595\/revisions\/1596"}],"wp:attachment":[{"href":"https:\/\/moderaterna.se\/orebro\/wp-json\/wp\/v2\/media?parent=1595"}],"wp:term":[{"taxonomy":"subject","embeddable":true,"href":"https:\/\/moderaterna.se\/orebro\/wp-json\/wp\/v2\/subject?post=1595"}],"curies":[{"name":"wp","href":"https:\/\/api.w.org\/{rel}","templated":true}]}}