{"id":1591,"date":"2022-05-05T10:08:13","date_gmt":"2022-05-05T08:08:13","guid":{"rendered":"https:\/\/moderaterna.se\/orebro\/?page_id=1591"},"modified":"2022-05-05T10:08:14","modified_gmt":"2022-05-05T08:08:14","slug":"oka-tillgangligheten-till-vardcentralerna-en-trygghet-for-dig-som-patient","status":"publish","type":"page","link":"https:\/\/moderaterna.se\/orebro\/oka-tillgangligheten-till-vardcentralerna-en-trygghet-for-dig-som-patient\/","title":{"rendered":"\u00d6ka tillg\u00e4ngligheten till v\u00e5rdcentralerna \u2013 en trygghet f\u00f6r dig som patient"},"content":{"rendered":"\n<p>V\u00e5rdcentralerna \u00e4r grunden i den n\u00e4ra v\u00e5rden och de ska finnas n\u00e4ra patienterna oavsett om du bor i staden eller p\u00e5 landsbygden. Som patient ska man k\u00e4nna sig trygg med att v\u00e5rdcentralen \u00e4r tillg\u00e4nglig och erbjuder v\u00e5rd samma dag som man s\u00f6ker den, oavsett om du har en fysisk eller psykisk \u00e5komma. Det ska finnas v\u00e5rdcentraler som erbjuder varierade \u00f6ppettider och som \u00e4r tillg\u00e4ngliga \u00e4ven p\u00e5 kv\u00e4llar och helger.<\/p>\n\n\n\n<p>Vi vill st\u00e4rka banden mellan prim\u00e4rv\u00e5rd och specialistv\u00e5rd f\u00f6r att \u00f6ka tillg\u00e4ngligheten och f\u00f6r att ge r\u00e4tt v\u00e5rd i tid. Det g\u00f6r vi bland annat genom anv\u00e4ndning av effektiva digitala verktyg i interaktionen mellan prim\u00e4rv\u00e5rd och den specialistv\u00e5rden. V\u00e5rdk\u00f6er var redan innan corona-pandemin ett stort problem men under pandemin byggdes en \u00e4nnu st\u00f6rre v\u00e5rdskuld upp. V\u00e5rdskulden och k\u00f6erna m\u00e5ste systematiskt arbetas bort.<\/p>\n\n\n\n<p>Telefontillg\u00e4ngligheten m\u00e5ste f\u00f6rb\u00e4ttras och vara likv\u00e4rdig i hela l\u00e4net. Som patient ska man inte m\u00f6tas av en telefonsvarare som s\u00e4ger att tiderna \u00e4r slut och ber patienten ringa igen n\u00e4sta dag. M\u00f6jligheterna att boka tid p\u00e5 din v\u00e5rdcentral under hela dagen ska ut\u00f6kas och \u00e4ven tidsbokning via n\u00e4tet ska vara m\u00f6jligt p\u00e5 alla l\u00e4nets v\u00e5rdcentraler.<\/p>\n\n\n\n<p>Det psykosociala uppdraget ska tydligg\u00f6ras och omfatta m\u00e4nniskan genom hela livet. Den psykosociala kompetensen inom prim\u00e4rv\u00e5rden ska st\u00e4rkas i hela l\u00e4net. Det inneb\u00e4r att du som patient ska kunna s\u00f6ka v\u00e5rd f\u00f6r psykiska \u00e5kommor p\u00e5 din v\u00e5rdcentral och m\u00f6tas av r\u00e4tt kompetens. Det ska exempelvis finnas kuratorer och psykologer p\u00e5 v\u00e5rdcentralerna f\u00f6r att b\u00e4ttre klara och tidigt se, behandla och hantera lindrig psykisk problematik.<\/p>\n\n\n\n<p>D\u00e5 det saknas specialiserad akutverksamhet i s\u00f6dra l\u00e4nsdelen b\u00f6r en n\u00e4rakut inr\u00e4ttas. Dit ska patienter med mer akuta v\u00e5rdbehov \u00e4n vad den vanliga v\u00e5rdcentralen kan behandla kunna v\u00e4nda sig f\u00f6r hj\u00e4lp, t.ex. vid misst\u00e4nkta frakturer, hj\u00e4rnskakning, misst\u00e4nkt propp i ben, st\u00f6rre s\u00e5rskador och vid akuta allergiska problem.<\/p>\n\n\n\n<p>Moderaterna vill:<\/p>\n\n\n\n<ul class=\"wp-block-list\"><li>Garantera patienterna kontakt med v\u00e5rdcentralen samma dag<\/li><li>Satsa p\u00e5 kv\u00e4lls- och helg\u00f6ppna v\u00e5rdcentraler<\/li><li>Att det ska finnas fasta l\u00e4kare p\u00e5 alla v\u00e5rdcentraler<\/li><li>Satsa p\u00e5 fler kuratorer och psykologer p\u00e5 alla v\u00e5rdcentraler<\/li><li>Skapa s\u00e4rskilda \u00e4ldrev\u00e5rdsmottagningar i varje l\u00e4nsdel<\/li><li>Inf\u00f6ra en sjuksk\u00f6terskemottagning f\u00f6r mer personcentrerad v\u00e5rd<\/li><li>Starta en n\u00e4rakut i s\u00f6dra l\u00e4nsdelen<\/li><\/ul>\n\n\n\n<p>Vill du veta mer om v\u00e5r politik f\u00f6r Region \u00d6rebro l\u00e4n kan du l\u00e4sa v\u00e5rt Regionpolitiska program <a href=\"https:\/\/moderaterna.se\/orebro\/var-politik\/\">h\u00e4r<\/a><\/p>\n","protected":false},"excerpt":{"rendered":"<p>V\u00e5rdcentralerna \u00e4r grunden i den n\u00e4ra v\u00e5rden och de ska finnas n\u00e4ra patienterna oavsett om du bor i staden eller p\u00e5 landsbygden. Som patient ska man k\u00e4nna sig trygg med att v\u00e5rdcentralen \u00e4r tillg\u00e4nglig och erbjuder v\u00e5rd samma dag som man s\u00f6ker den, oavsett om du har en fysisk eller psykisk \u00e5komma. Det ska finnas [&hellip;]<\/p>\n","protected":false},"author":19,"featured_media":0,"parent":0,"menu_order":0,"comment_status":"closed","ping_status":"closed","template":"","meta":{"_acf_changed":false,"_relevanssi_hide_post":"","_relevanssi_hide_content":"","_relevanssi_pin_for_all":"","_relevanssi_pin_keywords":"","_relevanssi_unpin_keywords":"","_relevanssi_related_keywords":"","_relevanssi_related_include_ids":"","_relevanssi_related_exclude_ids":"","_relevanssi_related_no_append":"","_relevanssi_related_not_related":"","_relevanssi_related_posts":"","_relevanssi_noindex_reason":"","footnotes":""},"subject":[],"class_list":["post-1591","page","type-page","status-publish","hentry"],"acf":[],"publishpress_future_action":{"enabled":false,"date":"2026-04-11 06:28:39","action":"change-status","newStatus":"draft","terms":[],"taxonomy":"subject"},"_links":{"self":[{"href":"https:\/\/moderaterna.se\/orebro\/wp-json\/wp\/v2\/pages\/1591","targetHints":{"allow":["GET"]}}],"collection":[{"href":"https:\/\/moderaterna.se\/orebro\/wp-json\/wp\/v2\/pages"}],"about":[{"href":"https:\/\/moderaterna.se\/orebro\/wp-json\/wp\/v2\/types\/page"}],"author":[{"embeddable":true,"href":"https:\/\/moderaterna.se\/orebro\/wp-json\/wp\/v2\/users\/19"}],"replies":[{"embeddable":true,"href":"https:\/\/moderaterna.se\/orebro\/wp-json\/wp\/v2\/comments?post=1591"}],"version-history":[{"count":1,"href":"https:\/\/moderaterna.se\/orebro\/wp-json\/wp\/v2\/pages\/1591\/revisions"}],"predecessor-version":[{"id":1592,"href":"https:\/\/moderaterna.se\/orebro\/wp-json\/wp\/v2\/pages\/1591\/revisions\/1592"}],"wp:attachment":[{"href":"https:\/\/moderaterna.se\/orebro\/wp-json\/wp\/v2\/media?parent=1591"}],"wp:term":[{"taxonomy":"subject","embeddable":true,"href":"https:\/\/moderaterna.se\/orebro\/wp-json\/wp\/v2\/subject?post=1591"}],"curies":[{"name":"wp","href":"https:\/\/api.w.org\/{rel}","templated":true}]}}