{"id":1578,"date":"2022-05-05T09:35:49","date_gmt":"2022-05-05T07:35:49","guid":{"rendered":"https:\/\/moderaterna.se\/orebro\/?page_id=1578"},"modified":"2022-05-05T10:00:52","modified_gmt":"2022-05-05T08:00:52","slug":"aktuellt","status":"publish","type":"page","link":"https:\/\/moderaterna.se\/orebro\/aktuellt\/","title":{"rendered":"\u00d6ka tryggheten f\u00f6r v\u00e5rdens medarbetare \u2013 nolltolerans mot hot och v\u00e5ld"},"content":{"rendered":"\n<p><\/p>\n\n\n\n<p>Alla medarbetare ska garanteras en trygg och s\u00e4ker arbetsmilj\u00f6 utan r\u00e4dsla f\u00f6r hot och v\u00e5ld. Region \u00d6rebro l\u00e4n ska regelbundet se \u00f6ver och f\u00f6rb\u00e4ttra rutinerna f\u00f6r att s\u00e4kerst\u00e4lla en trygg och s\u00e4ker arbetsmilj\u00f6 f\u00f6r medarbetarna. Detta f\u00f6ruts\u00e4tter ett st\u00e4ndigt p\u00e5g\u00e5ende beredskaps- och s\u00e4kerhetsarbete som tar h\u00e4nsyn till olika typer av hotbilder och situationer.<\/p>\n\n\n\n<p>Hot och v\u00e5ld mot v\u00e5rdens medarbetare \u00f6kar. Allt fr\u00e5n stenkastning mot ambulanser, verbala hot p\u00e5 akutmottagningen och till och med fysiskt v\u00e5ld mot personalen \u00e4r typiska exempel. H\u00e5rdast utsatta \u00e4r medarbetare inom&nbsp;akutv\u00e5rden och psykiatrin men det \u00e4r \u00e4ven vanligt inom prim\u00e4rv\u00e5rden. Enligt Region \u00d6rebro l\u00e4ns avvikelserapportering har regionens v\u00e5rdpersonal de senaste \u00e5ren rapporterat \u00f6ver 200 avvikelser per \u00e5r som g\u00e4ller hot och v\u00e5ld p\u00e5 arbetstid. F\u00f6r akutsjukv\u00e5rden i stort har uppdragen \u00f6kat markant och medborgarna har h\u00f6gt st\u00e4llda krav p\u00e5 vad sjukv\u00e5rden ska leverera. Dessutom har samh\u00e4llsklimatet f\u00f6r\u00e4ndrats de senaste \u00e5ren, vilket bland annat m\u00e4rks i en f\u00f6r\u00e4ndrad attityd till v\u00e5rdpersonalen. Det f\u00e5r aldrig bli vardag att bli utsatt f\u00f6r verbala hot eller fysiskt v\u00e5ld, s\u00e4rskilt inte n\u00e4r man arbetar med personer i utsatta situationer. Region \u00d6rebro l\u00e4n \u00e4r en av l\u00e4nets st\u00f6rsta arbetsgivare och personalens trygghet och s\u00e4kerhet \u00e4r en av v\u00e5ra mest prioriterade fr\u00e5gor.<\/p>\n\n\n\n<p>Moderaterna vill:<\/p>\n\n\n\n<ul class=\"wp-block-list\"><li>Se \u00f6ver m\u00f6jligheten till ut\u00f6kad kamera\u00f6vervakning vid akutmottagningarna<\/li><li>Ge ambulanspersonal m\u00f6jligheten att anv\u00e4nda skyddsv\u00e4st vid utryckning<\/li><li>Till\u00e5ta ordningsvakter att b\u00e4ra kroppskamera<\/li><\/ul>\n\n\n\n<p>Vill du veta mer om v\u00e5r politik f\u00f6r Region \u00d6rebro l\u00e4n kan du l\u00e4sa v\u00e5rt Regionpolitiska program <a href=\"https:\/\/moderaterna.se\/orebro\/var-politik\/\">h\u00e4r<\/a><\/p>\n","protected":false},"excerpt":{"rendered":"<p>Alla medarbetare ska garanteras en trygg och s\u00e4ker arbetsmilj\u00f6 utan r\u00e4dsla f\u00f6r hot och v\u00e5ld. Region \u00d6rebro l\u00e4n ska regelbundet se \u00f6ver och f\u00f6rb\u00e4ttra rutinerna f\u00f6r att s\u00e4kerst\u00e4lla en trygg och s\u00e4ker arbetsmilj\u00f6 f\u00f6r medarbetarna. Detta f\u00f6ruts\u00e4tter ett st\u00e4ndigt p\u00e5g\u00e5ende beredskaps- och s\u00e4kerhetsarbete som tar h\u00e4nsyn till olika typer av hotbilder och situationer. Hot och [&hellip;]<\/p>\n","protected":false},"author":19,"featured_media":0,"parent":0,"menu_order":0,"comment_status":"closed","ping_status":"closed","template":"","meta":{"_acf_changed":false,"_relevanssi_hide_post":"","_relevanssi_hide_content":"","_relevanssi_pin_for_all":"","_relevanssi_pin_keywords":"","_relevanssi_unpin_keywords":"","_relevanssi_related_keywords":"","_relevanssi_related_include_ids":"","_relevanssi_related_exclude_ids":"","_relevanssi_related_no_append":"","_relevanssi_related_not_related":"","_relevanssi_related_posts":"","_relevanssi_noindex_reason":"","footnotes":""},"subject":[],"class_list":["post-1578","page","type-page","status-publish","hentry"],"acf":[],"publishpress_future_action":{"enabled":false,"date":"2026-04-24 11:37:33","action":"change-status","newStatus":"draft","terms":[],"taxonomy":"subject"},"_links":{"self":[{"href":"https:\/\/moderaterna.se\/orebro\/wp-json\/wp\/v2\/pages\/1578","targetHints":{"allow":["GET"]}}],"collection":[{"href":"https:\/\/moderaterna.se\/orebro\/wp-json\/wp\/v2\/pages"}],"about":[{"href":"https:\/\/moderaterna.se\/orebro\/wp-json\/wp\/v2\/types\/page"}],"author":[{"embeddable":true,"href":"https:\/\/moderaterna.se\/orebro\/wp-json\/wp\/v2\/users\/19"}],"replies":[{"embeddable":true,"href":"https:\/\/moderaterna.se\/orebro\/wp-json\/wp\/v2\/comments?post=1578"}],"version-history":[{"count":3,"href":"https:\/\/moderaterna.se\/orebro\/wp-json\/wp\/v2\/pages\/1578\/revisions"}],"predecessor-version":[{"id":1587,"href":"https:\/\/moderaterna.se\/orebro\/wp-json\/wp\/v2\/pages\/1578\/revisions\/1587"}],"wp:attachment":[{"href":"https:\/\/moderaterna.se\/orebro\/wp-json\/wp\/v2\/media?parent=1578"}],"wp:term":[{"taxonomy":"subject","embeddable":true,"href":"https:\/\/moderaterna.se\/orebro\/wp-json\/wp\/v2\/subject?post=1578"}],"curies":[{"name":"wp","href":"https:\/\/api.w.org\/{rel}","templated":true}]}}