{"id":1056,"date":"2022-01-16T16:19:06","date_gmt":"2022-01-16T15:19:06","guid":{"rendered":"https:\/\/moderaterna.se\/orebro\/?page_id=1056"},"modified":"2022-05-06T10:31:25","modified_gmt":"2022-05-06T08:31:25","slug":"oppna-moderater","status":"publish","type":"page","link":"https:\/\/moderaterna.se\/orebro\/oppna-moderater\/","title":{"rendered":"\u00d6ppna Moderater"},"content":{"rendered":"\n<p>\u00d6ppna Moderater \u00e4r Moderaternas hbt-f\u00f6rbund. Vi v\u00e4nder oss till alla som delar den moderata grundsynen och som tycker att det \u00e4r viktigt att jobba med fr\u00e5gor som r\u00f6r homo-, bisexuella, queera och transpersoner ur ett liberalt och frihetligt perspektiv.<\/p>\n\n\n\n<p>Ordf\u00f6rande f\u00f6r \u00f6ppna moderater i \u00d6rebro l\u00e4n \u00e4r Lucas Holmberg. lucas.holmberg00@gmail.com 072-311 14 35<\/p>\n\n\n\n<ul class=\"wp-block-list\"><li><\/li><\/ul>\n\n\n\n<p><a href=\"https:\/\/www.facebook.com\/%C3%96ppna-Moderater-%C3%96rebro-236764046737240\/?fref=ts\">https:\/\/www.facebook.com\/%C3%96ppna-Moderater-%C3%96rebro-236764046737240\/?fref=ts<\/a><\/p>\n","protected":false},"excerpt":{"rendered":"<p>\u00d6ppna Moderater \u00e4r Moderaternas hbt-f\u00f6rbund. Vi v\u00e4nder oss till alla som delar den moderata grundsynen och som tycker att det \u00e4r viktigt att jobba med fr\u00e5gor som r\u00f6r homo-, bisexuella, queera och transpersoner ur ett liberalt och frihetligt perspektiv. Ordf\u00f6rande f\u00f6r \u00f6ppna moderater i \u00d6rebro l\u00e4n \u00e4r Lucas Holmberg. lucas.holmberg00@gmail.com 072-311 14 35 https:\/\/www.facebook.com\/%C3%96ppna-Moderater-%C3%96rebro-236764046737240\/?fref=ts<\/p>\n","protected":false},"author":9,"featured_media":0,"parent":0,"menu_order":0,"comment_status":"closed","ping_status":"closed","template":"","meta":{"_acf_changed":false,"_relevanssi_hide_post":"","_relevanssi_hide_content":"","_relevanssi_pin_for_all":"","_relevanssi_pin_keywords":"","_relevanssi_unpin_keywords":"","_relevanssi_related_keywords":"","_relevanssi_related_include_ids":"","_relevanssi_related_exclude_ids":"","_relevanssi_related_no_append":"","_relevanssi_related_not_related":"","_relevanssi_related_posts":"884,882","_relevanssi_noindex_reason":"","footnotes":""},"subject":[],"class_list":["post-1056","page","type-page","status-publish","hentry"],"acf":[],"publishpress_future_action":{"enabled":false,"date":"2026-04-20 08:42:37","action":"change-status","newStatus":"draft","terms":[],"taxonomy":"subject"},"_links":{"self":[{"href":"https:\/\/moderaterna.se\/orebro\/wp-json\/wp\/v2\/pages\/1056","targetHints":{"allow":["GET"]}}],"collection":[{"href":"https:\/\/moderaterna.se\/orebro\/wp-json\/wp\/v2\/pages"}],"about":[{"href":"https:\/\/moderaterna.se\/orebro\/wp-json\/wp\/v2\/types\/page"}],"author":[{"embeddable":true,"href":"https:\/\/moderaterna.se\/orebro\/wp-json\/wp\/v2\/users\/9"}],"replies":[{"embeddable":true,"href":"https:\/\/moderaterna.se\/orebro\/wp-json\/wp\/v2\/comments?post=1056"}],"version-history":[{"count":3,"href":"https:\/\/moderaterna.se\/orebro\/wp-json\/wp\/v2\/pages\/1056\/revisions"}],"predecessor-version":[{"id":1608,"href":"https:\/\/moderaterna.se\/orebro\/wp-json\/wp\/v2\/pages\/1056\/revisions\/1608"}],"wp:attachment":[{"href":"https:\/\/moderaterna.se\/orebro\/wp-json\/wp\/v2\/media?parent=1056"}],"wp:term":[{"taxonomy":"subject","embeddable":true,"href":"https:\/\/moderaterna.se\/orebro\/wp-json\/wp\/v2\/subject?post=1056"}],"curies":[{"name":"wp","href":"https:\/\/api.w.org\/{rel}","templated":true}]}}