{"id":1055,"date":"2022-01-16T16:18:33","date_gmt":"2022-01-16T15:18:33","guid":{"rendered":"https:\/\/moderaterna.se\/orebro\/?page_id=1055"},"modified":"2025-11-12T15:28:36","modified_gmt":"2025-11-12T14:28:36","slug":"moderata-ungdomsforbundet","status":"publish","type":"page","link":"https:\/\/moderaterna.se\/orebro\/moderata-ungdomsforbundet\/","title":{"rendered":"Moderata ungdomsf\u00f6rbundet"},"content":{"rendered":"\n<p>Moderata ungdomsf\u00f6rbundet \u00e4r, precis som det l\u00e5ter, Moderaternas ungdomsf\u00f6rbund. Det \u00e4r Sveriges st\u00f6rsta politiska ungdomsf\u00f6rbund.<\/p>\n\n\n\n<p>Ungdomsf\u00f6rbundets ordf\u00f6rande i \u00d6rebro l\u00e4n heter Oscar Lundmark. Du n\u00e5r honom p\u00e5 <a href=\"mailto:oscarlundmark@yahoo.se\">oscarlundmark@yahoo.se<\/a>  alt 072-3188852<\/p>\n\n\n\n<p>Du kan se vad som h\u00e4nder inom MUF i l\u00e4net p\u00e5 deras facebooksida eller instagramsida.<\/p>\n\n\n\n<p><a href=\"https:\/\/www.facebook.com\/MUF-%C3%96rebro-L%C3%A4n-1968426370116436\/\">https:\/\/www.facebook.com\/MUF-%C3%96rebro-L%C3%A4n-1968426370116436\/<\/a><\/p>\n\n\n\n<p><a href=\"https:\/\/www.instagram.com\/muf_orebrolan\/\">https:\/\/www.instagram.com\/muf_orebrolan\/<\/a><\/p>\n","protected":false},"excerpt":{"rendered":"<p>Moderata ungdomsf\u00f6rbundet \u00e4r, precis som det l\u00e5ter, Moderaternas ungdomsf\u00f6rbund. Det \u00e4r Sveriges st\u00f6rsta politiska ungdomsf\u00f6rbund. Ungdomsf\u00f6rbundets ordf\u00f6rande i \u00d6rebro l\u00e4n heter Oscar Lundmark. Du n\u00e5r honom p\u00e5 oscarlundmark@yahoo.se alt 072-3188852 Du kan se vad som h\u00e4nder inom MUF i l\u00e4net p\u00e5 deras facebooksida eller instagramsida. https:\/\/www.facebook.com\/MUF-%C3%96rebro-L%C3%A4n-1968426370116436\/ https:\/\/www.instagram.com\/muf_orebrolan\/<\/p>\n","protected":false},"author":9,"featured_media":0,"parent":0,"menu_order":0,"comment_status":"closed","ping_status":"closed","template":"","meta":{"_acf_changed":false,"_relevanssi_hide_post":"","_relevanssi_hide_content":"","_relevanssi_pin_for_all":"","_relevanssi_pin_keywords":"","_relevanssi_unpin_keywords":"","_relevanssi_related_keywords":"","_relevanssi_related_include_ids":"","_relevanssi_related_exclude_ids":"","_relevanssi_related_no_append":"","_relevanssi_related_not_related":"","_relevanssi_related_posts":"882,884","_relevanssi_noindex_reason":"","footnotes":""},"subject":[],"class_list":["post-1055","page","type-page","status-publish","hentry"],"acf":[],"publishpress_future_action":{"enabled":false,"date":"2026-04-29 20:18:09","action":"change-status","newStatus":"draft","terms":[],"taxonomy":"subject"},"_links":{"self":[{"href":"https:\/\/moderaterna.se\/orebro\/wp-json\/wp\/v2\/pages\/1055","targetHints":{"allow":["GET"]}}],"collection":[{"href":"https:\/\/moderaterna.se\/orebro\/wp-json\/wp\/v2\/pages"}],"about":[{"href":"https:\/\/moderaterna.se\/orebro\/wp-json\/wp\/v2\/types\/page"}],"author":[{"embeddable":true,"href":"https:\/\/moderaterna.se\/orebro\/wp-json\/wp\/v2\/users\/9"}],"replies":[{"embeddable":true,"href":"https:\/\/moderaterna.se\/orebro\/wp-json\/wp\/v2\/comments?post=1055"}],"version-history":[{"count":5,"href":"https:\/\/moderaterna.se\/orebro\/wp-json\/wp\/v2\/pages\/1055\/revisions"}],"predecessor-version":[{"id":2251,"href":"https:\/\/moderaterna.se\/orebro\/wp-json\/wp\/v2\/pages\/1055\/revisions\/2251"}],"wp:attachment":[{"href":"https:\/\/moderaterna.se\/orebro\/wp-json\/wp\/v2\/media?parent=1055"}],"wp:term":[{"taxonomy":"subject","embeddable":true,"href":"https:\/\/moderaterna.se\/orebro\/wp-json\/wp\/v2\/subject?post=1055"}],"curies":[{"name":"wp","href":"https:\/\/api.w.org\/{rel}","templated":true}]}}