{"id":1054,"date":"2022-01-16T16:17:41","date_gmt":"2022-01-16T15:17:41","guid":{"rendered":"https:\/\/moderaterna.se\/orebro\/?page_id=1054"},"modified":"2022-01-24T20:27:12","modified_gmt":"2022-01-24T19:27:12","slug":"moderata-seniorer","status":"publish","type":"page","link":"https:\/\/moderaterna.se\/orebro\/moderata-seniorer\/","title":{"rendered":"Moderata seniorer"},"content":{"rendered":"\n<p>Moderata seniorer \u00e4r ett liberalt n\u00e4tverk n\u00e4ra dig<\/p>\n\n\n\n<p>V\u00e5r m\u00e5ls\u00e4ttning \u00e4r att vi tillsammans kan skapa ett socialt n\u00e4tverk d\u00e4r du genom din medverkan kan bidra till att g\u00f6ra Moderata seniorer \u00d6rebro l\u00e4n till en framg\u00e5ngsrik, initativrik och social f\u00f6rening.<\/p>\n\n\n\n<p>Med f\u00f6redrag, kurser, samkv\u00e4m och utflykter skapar vi den sociala gemenskap som bygger upp en stark organisation.<\/p>\n\n\n\n<p>Vi \u00e4r en p\u00e5drivande kraft inom utvecklingsarbetet i partiet och vi hoppas att du vill vara en del av detta arbete<\/p>\n\n\n\n<p>Ordf\u00f6rande i Moderata seniorer \u00d6rebro l\u00e4n \u00e4r G\u00f6ran Gustavsson, du n\u00e5r honom p\u00e5 <a href=\"mailto:goran915@gmail.com\"><meta charset=\"utf-8\">goran915@gmail.com<\/a> eller tel. 070-359 23 22. L\u00e4s mer om L\u00e4nets seniorer p\u00e5 deras facebooksida eller hemsida.<\/p>\n\n\n\n<p><a href=\"https:\/\/www.facebook.com\/moderataseniorerorebrolan\/?fref=ts\">https:\/\/www.facebook.com\/moderataseniorerorebrolan\/?fref=ts<\/a><\/p>\n","protected":false},"excerpt":{"rendered":"<p>Moderata seniorer \u00e4r ett liberalt n\u00e4tverk n\u00e4ra dig V\u00e5r m\u00e5ls\u00e4ttning \u00e4r att vi tillsammans kan skapa ett socialt n\u00e4tverk d\u00e4r du genom din medverkan kan bidra till att g\u00f6ra Moderata seniorer \u00d6rebro l\u00e4n till en framg\u00e5ngsrik, initativrik och social f\u00f6rening. Med f\u00f6redrag, kurser, samkv\u00e4m och utflykter skapar vi den sociala gemenskap som bygger upp en [&hellip;]<\/p>\n","protected":false},"author":9,"featured_media":0,"parent":0,"menu_order":0,"comment_status":"closed","ping_status":"closed","template":"","meta":{"_acf_changed":false,"_relevanssi_hide_post":"","_relevanssi_hide_content":"","_relevanssi_pin_for_all":"","_relevanssi_pin_keywords":"","_relevanssi_unpin_keywords":"","_relevanssi_related_keywords":"","_relevanssi_related_include_ids":"","_relevanssi_related_exclude_ids":"","_relevanssi_related_no_append":"","_relevanssi_related_not_related":"","_relevanssi_related_posts":"882,884","_relevanssi_noindex_reason":"","footnotes":""},"subject":[],"class_list":["post-1054","page","type-page","status-publish","hentry"],"acf":[],"publishpress_future_action":{"enabled":false,"date":"2026-04-19 19:52:37","action":"change-status","newStatus":"draft","terms":[],"taxonomy":"subject"},"_links":{"self":[{"href":"https:\/\/moderaterna.se\/orebro\/wp-json\/wp\/v2\/pages\/1054","targetHints":{"allow":["GET"]}}],"collection":[{"href":"https:\/\/moderaterna.se\/orebro\/wp-json\/wp\/v2\/pages"}],"about":[{"href":"https:\/\/moderaterna.se\/orebro\/wp-json\/wp\/v2\/types\/page"}],"author":[{"embeddable":true,"href":"https:\/\/moderaterna.se\/orebro\/wp-json\/wp\/v2\/users\/9"}],"replies":[{"embeddable":true,"href":"https:\/\/moderaterna.se\/orebro\/wp-json\/wp\/v2\/comments?post=1054"}],"version-history":[{"count":2,"href":"https:\/\/moderaterna.se\/orebro\/wp-json\/wp\/v2\/pages\/1054\/revisions"}],"predecessor-version":[{"id":1304,"href":"https:\/\/moderaterna.se\/orebro\/wp-json\/wp\/v2\/pages\/1054\/revisions\/1304"}],"wp:attachment":[{"href":"https:\/\/moderaterna.se\/orebro\/wp-json\/wp\/v2\/media?parent=1054"}],"wp:term":[{"taxonomy":"subject","embeddable":true,"href":"https:\/\/moderaterna.se\/orebro\/wp-json\/wp\/v2\/subject?post=1054"}],"curies":[{"name":"wp","href":"https:\/\/api.w.org\/{rel}","templated":true}]}}