{"id":647,"date":"2021-12-08T10:12:33","date_gmt":"2021-12-08T09:12:33","guid":{"rendered":"https:\/\/moderaterna.se\/norrbotten\/?page_id=647"},"modified":"2022-01-05T22:35:32","modified_gmt":"2022-01-05T21:35:32","slug":"om-oss","status":"publish","type":"page","link":"https:\/\/moderaterna.se\/norrbotten\/om-oss\/","title":{"rendered":"Om oss"},"content":{"rendered":"\n<p><strong>Moderaterna i Norrbotten best\u00e5r av 12 f\u00f6reningar f\u00f6rdelade \u00f6ver Sveriges st\u00f6rsta l\u00e4n.<\/strong><\/p>\n\n\n\n<p>Vid \u00e5rets l\u00e4nsf\u00f6rbundsst\u00e4mma omvaldes Linda Frohm till ordf\u00f6rande, henne n\u00e5r du via telefon 070-336 97 96 eller via e-post: linda.frohm@moderaterna.se.<br><br>Partiombudsman \u00e4r Fredrik Lundstr\u00f6m, honom n\u00e5r du via telefon 070-660 46 57 eller via e-post: fredrik.lundstrom@moderaterna.se<\/p>\n\n\n<div id=\"listing-block_61bf55e6040a8\" class=\"listing custom-block custom-block__full theme__background--pink\">\n    <div class=\"listing__content\">\n                    <h2 class=\"listing__content--title theme__color--purple\">Moderata partif\u00f6reningar i Norrbotten<\/h2>\n                        <div class=\"listing__content--list\">\n                                <ul class=\"listing__content--list__standard\">\n                                                    <li>\n                                <a class=\"p--purple\" href=\"https:\/\/moderaterna.se\/norrbotten\/foreningar\/arvidsjaur\/\">Arvidsjaur<\/a>\n                            <\/li>\n                                                    <li>\n                                <a class=\"p--purple\" href=\"https:\/\/moderaterna.se\/norrbotten\/foreningar\/boden\/\">Boden<\/a>\n                            <\/li>\n                                                    <li>\n                                <a class=\"p--purple\" href=\"https:\/\/moderaterna.se\/norrbotten\/foreningar\/gallivare\/\">G\u00e4llivare<\/a>\n                            <\/li>\n                                                    <li>\n                                <a class=\"p--purple\" href=\"https:\/\/moderaterna.se\/norrbotten\/foreningar\/haparanda\/\">Haparanda<\/a>\n                            <\/li>\n                                                    <li>\n                                <a class=\"p--purple\" href=\"https:\/\/moderaterna.se\/norrbotten\/foreningar\/jokkmokk\/\">Jokkmokk<\/a>\n                            <\/li>\n                                                    <li>\n                                <a class=\"p--purple\" href=\"https:\/\/moderaterna.se\/norrbotten\/foreningar\/kalix\/\">Kalix<\/a>\n                            <\/li>\n                                                    <li>\n                                <a class=\"p--purple\" href=\"https:\/\/moderaterna.se\/norrbotten\/foreningar\/kiruna\/\">Kiruna<\/a>\n                            <\/li>\n                                                    <li>\n                                <a class=\"p--purple\" href=\"https:\/\/moderaterna.se\/norrbotten\/foreningar\/lulea\/\">Lule\u00e5<\/a>\n                            <\/li>\n                                                    <li>\n                                <a class=\"p--purple\" href=\"https:\/\/moderaterna.se\/norrbotten\/foreningar\/pajala\/\">Pajala<\/a>\n                            <\/li>\n                                                    <li>\n                                <a class=\"p--purple\" href=\"https:\/\/moderaterna.se\/norrbotten\/foreningar\/pitea\/\">Pite\u00e5<\/a>\n                            <\/li>\n                                                    <li>\n                                <a class=\"p--purple\" href=\"https:\/\/moderaterna.se\/norrbotten\/foreningar\/alvsbyn\/\">\u00c4lvsbyn<\/a>\n                            <\/li>\n                                                    <li>\n                                <a class=\"p--purple\" href=\"https:\/\/moderaterna.se\/norrbotten\/foreningar\/overkalix\/\">\u00d6verkalix<\/a>\n                            <\/li>\n                                            <\/ul>\n                        <\/div>\n    <\/div>\n<\/div>\n","protected":false},"excerpt":{"rendered":"<p>Moderaterna i Norrbotten best\u00e5r av 12 f\u00f6reningar f\u00f6rdelade \u00f6ver Sveriges st\u00f6rsta l\u00e4n. Vid \u00e5rets l\u00e4nsf\u00f6rbundsst\u00e4mma omvaldes Linda Frohm till ordf\u00f6rande, henne n\u00e5r du via telefon 070-336 97 96 eller via e-post: linda.frohm@moderaterna.se. Partiombudsman \u00e4r Fredrik Lundstr\u00f6m, honom n\u00e5r du via telefon 070-660 46 57 eller via e-post: fredrik.lundstrom@moderaterna.se<\/p>\n","protected":false},"author":9,"featured_media":0,"parent":0,"menu_order":0,"comment_status":"closed","ping_status":"closed","template":"","meta":{"_acf_changed":false,"_relevanssi_hide_post":"","_relevanssi_hide_content":"","_relevanssi_pin_for_all":"","_relevanssi_pin_keywords":"","_relevanssi_unpin_keywords":"","_relevanssi_related_keywords":"","_relevanssi_related_include_ids":"","_relevanssi_related_exclude_ids":"","_relevanssi_related_no_append":"","_relevanssi_related_not_related":"","_relevanssi_related_posts":"640,526,642","_relevanssi_noindex_reason":"","footnotes":""},"subject":[],"class_list":["post-647","page","type-page","status-publish","hentry"],"acf":[],"publishpress_future_action":{"enabled":false,"date":"2026-04-23 21:25:16","action":"change-status","newStatus":"draft","terms":[],"taxonomy":"subject"},"_links":{"self":[{"href":"https:\/\/moderaterna.se\/norrbotten\/wp-json\/wp\/v2\/pages\/647","targetHints":{"allow":["GET"]}}],"collection":[{"href":"https:\/\/moderaterna.se\/norrbotten\/wp-json\/wp\/v2\/pages"}],"about":[{"href":"https:\/\/moderaterna.se\/norrbotten\/wp-json\/wp\/v2\/types\/page"}],"author":[{"embeddable":true,"href":"https:\/\/moderaterna.se\/norrbotten\/wp-json\/wp\/v2\/users\/9"}],"replies":[{"embeddable":true,"href":"https:\/\/moderaterna.se\/norrbotten\/wp-json\/wp\/v2\/comments?post=647"}],"version-history":[{"count":19,"href":"https:\/\/moderaterna.se\/norrbotten\/wp-json\/wp\/v2\/pages\/647\/revisions"}],"predecessor-version":[{"id":868,"href":"https:\/\/moderaterna.se\/norrbotten\/wp-json\/wp\/v2\/pages\/647\/revisions\/868"}],"wp:attachment":[{"href":"https:\/\/moderaterna.se\/norrbotten\/wp-json\/wp\/v2\/media?parent=647"}],"wp:term":[{"taxonomy":"subject","embeddable":true,"href":"https:\/\/moderaterna.se\/norrbotten\/wp-json\/wp\/v2\/subject?post=647"}],"curies":[{"name":"wp","href":"https:\/\/api.w.org\/{rel}","templated":true}]}}