{"id":632,"date":"2021-12-08T09:52:53","date_gmt":"2021-12-08T08:52:53","guid":{"rendered":"https:\/\/moderaterna.se\/norrbotten\/?page_id=632"},"modified":"2021-12-19T12:16:48","modified_gmt":"2021-12-19T11:16:48","slug":"forbundsstyrelsen","status":"publish","type":"page","link":"https:\/\/moderaterna.se\/norrbotten\/forbundsstyrelsen\/","title":{"rendered":"F\u00f6rbundsstyrelsen"},"content":{"rendered":"\n<h2 class=\"wp-block-heading\"><strong>Ordf\u00f6rande<\/strong> <\/h2>\n\n\n\n<p>Carl-Oskar Bohlin, carl-oskar.bohlin(@)moderaterna.se<\/p>\n\n\n\n<h2 class=\"wp-block-heading\"><strong>1:e vice ordf\u00f6rande<\/strong> <\/h2>\n\n\n\n<p>Malin H\u00f6glund, Mora<\/p>\n\n\n\n<h2 class=\"wp-block-heading\"><strong>2:e vice ordf\u00f6rande<\/strong> <\/h2>\n\n\n\n<p>Christer Carlsson, Falun<\/p>\n\n\n\n<div style=\"height:36px\" aria-hidden=\"true\" class=\"wp-block-spacer\"><\/div>\n\n\n\n<h2 class=\"wp-block-heading\" id=\"h-ledamoter\"><strong>Ledam\u00f6ter:<\/strong><\/h2>\n\n\n\n<p>Ulrik Bergman, Borl\u00e4nge<\/p>\n\n\n\n<p>Sebastian Larsson, Leksand<\/p>\n\n\n\n<p>Carolin Willfox, S\u00e4ter<\/p>\n\n\n\n<p>Hugo Abrahamsson, MUF<\/p>\n\n\n\n<p>Veronica Zetterberg, MQ<\/p>\n\n\n\n<p>Andreas Johansson, \u00d6ppna Moderater<\/p>\n\n\n\n<p>Ulf Berg, adjungerad<\/p>\n\n\n\n<p>Ann-Britt \u00c5sebol, adjungerad<\/p>\n","protected":false},"excerpt":{"rendered":"<p>Ordf\u00f6rande Carl-Oskar Bohlin, carl-oskar.bohlin(@)moderaterna.se 1:e vice ordf\u00f6rande Malin H\u00f6glund, Mora 2:e vice ordf\u00f6rande Christer Carlsson, Falun Ledam\u00f6ter: Ulrik Bergman, Borl\u00e4nge Sebastian Larsson, Leksand Carolin Willfox, S\u00e4ter Hugo Abrahamsson, MUF Veronica Zetterberg, MQ Andreas Johansson, \u00d6ppna Moderater Ulf Berg, adjungerad Ann-Britt \u00c5sebol, adjungerad<\/p>\n","protected":false},"author":9,"featured_media":0,"parent":0,"menu_order":0,"comment_status":"closed","ping_status":"closed","template":"","meta":{"_acf_changed":false,"_relevanssi_hide_post":"","_relevanssi_hide_content":"","_relevanssi_pin_for_all":"","_relevanssi_pin_keywords":"","_relevanssi_unpin_keywords":"","_relevanssi_related_keywords":"","_relevanssi_related_include_ids":"","_relevanssi_related_exclude_ids":"","_relevanssi_related_no_append":"","_relevanssi_related_not_related":"","_relevanssi_related_posts":"526","_relevanssi_noindex_reason":"","footnotes":""},"subject":[],"class_list":["post-632","page","type-page","status-publish","hentry"],"acf":[],"publishpress_future_action":{"enabled":false,"date":"2026-05-14 01:41:12","action":"change-status","newStatus":"draft","terms":[],"taxonomy":"subject"},"_links":{"self":[{"href":"https:\/\/moderaterna.se\/norrbotten\/wp-json\/wp\/v2\/pages\/632","targetHints":{"allow":["GET"]}}],"collection":[{"href":"https:\/\/moderaterna.se\/norrbotten\/wp-json\/wp\/v2\/pages"}],"about":[{"href":"https:\/\/moderaterna.se\/norrbotten\/wp-json\/wp\/v2\/types\/page"}],"author":[{"embeddable":true,"href":"https:\/\/moderaterna.se\/norrbotten\/wp-json\/wp\/v2\/users\/9"}],"replies":[{"embeddable":true,"href":"https:\/\/moderaterna.se\/norrbotten\/wp-json\/wp\/v2\/comments?post=632"}],"version-history":[{"count":5,"href":"https:\/\/moderaterna.se\/norrbotten\/wp-json\/wp\/v2\/pages\/632\/revisions"}],"predecessor-version":[{"id":694,"href":"https:\/\/moderaterna.se\/norrbotten\/wp-json\/wp\/v2\/pages\/632\/revisions\/694"}],"wp:attachment":[{"href":"https:\/\/moderaterna.se\/norrbotten\/wp-json\/wp\/v2\/media?parent=632"}],"wp:term":[{"taxonomy":"subject","embeddable":true,"href":"https:\/\/moderaterna.se\/norrbotten\/wp-json\/wp\/v2\/subject?post=632"}],"curies":[{"name":"wp","href":"https:\/\/api.w.org\/{rel}","templated":true}]}}