{"id":1274,"date":"2023-04-20T23:15:17","date_gmt":"2023-04-20T21:15:17","guid":{"rendered":"https:\/\/moderaterna.se\/norrbotten\/?page_id=1274"},"modified":"2023-04-20T23:15:18","modified_gmt":"2023-04-20T21:15:18","slug":"kvinnors-halsa-bor-vara-en-prioriterad-jamstalldhetsfraga","status":"publish","type":"page","link":"https:\/\/moderaterna.se\/norrbotten\/kvinnors-halsa-bor-vara-en-prioriterad-jamstalldhetsfraga\/","title":{"rendered":"Kvinnors h\u00e4lsa b\u00f6r vara en prioriterad j\u00e4mst\u00e4lldhetsfr\u00e5ga"},"content":{"rendered":"\n<p>J\u00e4mst\u00e4lldhet handlar om att kvinnor och m\u00e4n ska ha samma makt att forma samh\u00e4llet och sina egna liv. En viktig del av detta \u00e4r r\u00e4tten till j\u00e4mst\u00e4lld v\u00e5rd.<\/p>\n\n\n\n<p>Tyv\u00e4rr \u00e4r v\u00e5rden inte j\u00e4mst\u00e4lld idag. Vi ser exempelvis betydande omotiverade k\u00f6nsskillnader i b\u00e5de v\u00e5rdtillg\u00e5ng och v\u00e5rdkvalitet. Rapporter fr\u00e5n Sveriges kommuner och regioner (SKR) visar ocks\u00e5 att flickor och kvinnor har sv\u00e5rt att hitta r\u00e4tt i h\u00e4lso- och sjukv\u00e5rden.<\/p>\n\n\n\n<p>V\u00e5rden har \u00e4ven sv\u00e5rt att v\u00e4gleda till r\u00e4tt instans n\u00e4r det g\u00e4ller tillst\u00e5nd och sjukdomar som drabbar flickor och kvinnor. Det saknas tydliga, kommunicerade v\u00e5rdkedjor och kompetens f\u00f6r att st\u00e4lla r\u00e4tt diagnos eller remittera r\u00e4tt. Vi moderater v\u00e4grar acceptera att kvinnor f\u00e5r s\u00e4mre tillg\u00e5ng till v\u00e5rd och behandling och har d\u00e4rf\u00f6r envist drivit p\u00e5 f\u00f6r att skapa en mer j\u00e4mst\u00e4lld h\u00e4lso- och sjukv\u00e5rd. Nu \u00e4r vi stolta \u00f6ver att Tid\u00f6avtalet, som ligger till grund f\u00f6r regeringens arbete, inneh\u00e5ller en rad viktiga f\u00f6rslag f\u00f6r att s\u00e4kerst\u00e4lla detta.<\/p>\n\n\n\n<p>Konkret handlar det bland annat om forskning om kvinnors sjukdomar och h\u00e4lsa, om att modernisera abortlagstiftningen i syfte att st\u00e4rka kvinnors sj\u00e4lvbest\u00e4mmande och g\u00f6ra det m\u00f6jligt f\u00f6r de kvinnor som vill att, efter konsultation, g\u00f6ra en hemabort. Ett annat viktigt omr\u00e5de handlar om att st\u00e4rka f\u00f6rlossningsv\u00e5rden och g\u00f6ra den mer tillg\u00e4nglig, personcentrerad samt j\u00e4mlik. Det finns v\u00e4sentliga skillnader n\u00e4r det g\u00e4ller v\u00e5rd f\u00f6r olika grupper av kvinnor, fr\u00e4mst mellan l\u00e5g- och h\u00f6gutbildade kvinnor och mellan kvinnor f\u00f6da i Sverige och kvinnor f\u00f6dda utanf\u00f6r Europa. Inom ramen f\u00f6r Tid\u00f6avtalet kommer d\u00e4rf\u00f6r en nationell f\u00f6rlossningsplan att arbetas fram.<\/p>\n\n\n\n<p>Under 2023 g\u00f6r regeringen en satsning p\u00e5 f\u00f6rlossningsv\u00e5rden p\u00e5 hela 1,6 miljarder kronor. Pengarna ska bland annat anv\u00e4ndas f\u00f6r s\u00e4rskilda insatser f\u00f6r att st\u00e4rka tillg\u00e4ngligheten till m\u00f6drah\u00e4lsov\u00e5rden och f\u00f6rlossningsv\u00e5rden p\u00e5 landsbygden. Regeringen har \u00e4ven slutit avtal med Sveriges kommuner och regioner, SKR, inom omr\u00e5det f\u00f6rlossningsv\u00e5rd och kvinnors h\u00e4lsa. Det handlar om utveckling av h\u00e4lso-och sjukv\u00e5rden som r\u00f6r flickors och kvinnors h\u00e4lsa i stort och sjukdomar som i h\u00f6gre grad drabbar flickor och kvinnor.&nbsp;<\/p>\n\n\n\n<h4 class=\"wp-block-heading\" id=\"h-de-nationella-satsningarna-racker-inte-regionerna-maste-ocksa-steppa-upp-vi-moderater-utgar-darfor-ifran-att-nuvarande-majoritet-i-region-norrbotten-bifaller-vara-motioner-som-handlar-om-kunskapshojande-aktiviteter-om-forklimakteriebesvar-och-klimakteriebesvar-och-en-fodande-en-barnmorska\">De nationella satsningarna r\u00e4cker inte, regionerna m\u00e5ste ocks\u00e5 steppa upp. Vi moderater utg\u00e5r d\u00e4rf\u00f6r ifr\u00e5n att nuvarande majoritet i Region Norrbotten bifaller v\u00e5ra motioner som handlar om&nbsp;Kunskapsh\u00f6jande aktiviteter om f\u00f6rklimakteriebesv\u00e4r och klimakteriebesv\u00e4r och En f\u00f6dande &#8211; en barnmorska<\/h4>\n\n\n\n<p>Linda Frohm (M)<br>Regionr\u00e5d i opposition&nbsp;<\/p>\n","protected":false},"excerpt":{"rendered":"<p>J\u00e4mst\u00e4lldhet handlar om att kvinnor och m\u00e4n ska ha samma makt att forma samh\u00e4llet och sina egna liv. En viktig del av detta \u00e4r r\u00e4tten till j\u00e4mst\u00e4lld v\u00e5rd. Tyv\u00e4rr \u00e4r v\u00e5rden inte j\u00e4mst\u00e4lld idag. Vi ser exempelvis betydande omotiverade k\u00f6nsskillnader i b\u00e5de v\u00e5rdtillg\u00e5ng och v\u00e5rdkvalitet. Rapporter fr\u00e5n Sveriges kommuner och regioner (SKR) visar ocks\u00e5 att [&hellip;]<\/p>\n","protected":false},"author":30,"featured_media":0,"parent":0,"menu_order":0,"comment_status":"closed","ping_status":"closed","template":"","meta":{"_acf_changed":false,"_relevanssi_hide_post":"","_relevanssi_hide_content":"","_relevanssi_pin_for_all":"","_relevanssi_pin_keywords":"","_relevanssi_unpin_keywords":"","_relevanssi_related_keywords":"","_relevanssi_related_include_ids":"","_relevanssi_related_exclude_ids":"","_relevanssi_related_no_append":"","_relevanssi_related_not_related":"","_relevanssi_related_posts":"","_relevanssi_noindex_reason":"","footnotes":""},"subject":[],"class_list":["post-1274","page","type-page","status-publish","hentry"],"acf":[],"publishpress_future_action":{"enabled":false,"date":"2026-04-12 03:06:26","action":"change-status","newStatus":"draft","terms":[],"taxonomy":"subject"},"_links":{"self":[{"href":"https:\/\/moderaterna.se\/norrbotten\/wp-json\/wp\/v2\/pages\/1274","targetHints":{"allow":["GET"]}}],"collection":[{"href":"https:\/\/moderaterna.se\/norrbotten\/wp-json\/wp\/v2\/pages"}],"about":[{"href":"https:\/\/moderaterna.se\/norrbotten\/wp-json\/wp\/v2\/types\/page"}],"author":[{"embeddable":true,"href":"https:\/\/moderaterna.se\/norrbotten\/wp-json\/wp\/v2\/users\/30"}],"replies":[{"embeddable":true,"href":"https:\/\/moderaterna.se\/norrbotten\/wp-json\/wp\/v2\/comments?post=1274"}],"version-history":[{"count":1,"href":"https:\/\/moderaterna.se\/norrbotten\/wp-json\/wp\/v2\/pages\/1274\/revisions"}],"predecessor-version":[{"id":1275,"href":"https:\/\/moderaterna.se\/norrbotten\/wp-json\/wp\/v2\/pages\/1274\/revisions\/1275"}],"wp:attachment":[{"href":"https:\/\/moderaterna.se\/norrbotten\/wp-json\/wp\/v2\/media?parent=1274"}],"wp:term":[{"taxonomy":"subject","embeddable":true,"href":"https:\/\/moderaterna.se\/norrbotten\/wp-json\/wp\/v2\/subject?post=1274"}],"curies":[{"name":"wp","href":"https:\/\/api.w.org\/{rel}","templated":true}]}}