{"id":1240,"date":"2022-08-26T09:21:33","date_gmt":"2022-08-26T07:21:33","guid":{"rendered":"https:\/\/moderaterna.se\/norrbotten\/?page_id=1240"},"modified":"2022-08-26T09:21:34","modified_gmt":"2022-08-26T07:21:34","slug":"fyra-valloften-for-en-tillgangligare-halso-och-sjukvard","status":"publish","type":"page","link":"https:\/\/moderaterna.se\/norrbotten\/fyra-valloften-for-en-tillgangligare-halso-och-sjukvard\/","title":{"rendered":"Fyra vall\u00f6ften f\u00f6r en tillg\u00e4ngligare h\u00e4lso- och sjukv\u00e5rd"},"content":{"rendered":"\n<p><strong>V\u00e5rdgarantin ska h\u00e5llas och tillg\u00e4ngligheten m\u00e5ste bli b\u00e4ttre.<\/strong><br><strong>Nedan presenteras fyra (4) vall\u00f6ften f\u00f6r att p\u00e5b\u00f6rja resan dit.<\/strong><\/p>\n\n\n\n<p><strong>H\u00e4lso- och sjukv\u00e5rd &#8211; N\u00e4ra i Lule\u00e5<\/strong><br>Tillg\u00e4ngligheten i Lule\u00e5 \u00e4r inte tillr\u00e4cklig och trycket p\u00e5 akuten i Sunderbyn \u00e4r alltf\u00f6r h\u00f6gt. S\u00e5 kan vi inte ha det. Vi lovar d\u00e4rf\u00f6r medborgarna i Lule\u00e5 en prim\u00e4rv\u00e5rd med gener\u00f6sare \u00f6ppettider, komplett familjecentral och viss specialistv\u00e5rd f\u00f6r att ytterligare \u00f6ka kvaliteten och tillg\u00e4ngligheten. Ett minskat tryck p\u00e5 Sunderbyn kommer att vara till f\u00f6rdel f\u00f6r tillg\u00e4ngligheten i hela l\u00e4net.<\/p>\n\n\n\n<p><strong>V\u00e5rdgarantin skall h\u00e5llas<\/strong><br>Patienter ska inte beh\u00f6va v\u00e4nta p\u00e5 v\u00e5rd. Om regionen inte klarar av att h\u00e5lla v\u00e5rdgarantin f\u00f6r en individ i Norrbotten, d\u00e5 ska de sj\u00e4lva kunna s\u00f6ka sig till en annan region eller till Finland eller Norge och regionen ska st\u00e5 f\u00f6r kostnaderna. Alla akt\u00f6rer, b\u00e5de privata och offentliga ska till\u00e5tas vara med och bidra till att beta av k\u00f6er och h\u00e5lla v\u00e5rdgarantin.<\/p>\n\n\n\n<p><strong>Tandv\u00e5rdshus i Lule\u00e5<\/strong><br>Skyndsamt se till att det byggs ett Tandv\u00e5rdshus i Lule\u00e5, d\u00e4r vi kan samla allm\u00e4ntandv\u00e5rd, specialiteter och tandteknik. P\u00e5 s\u00e5 s\u00e4tt kan vi b\u00e4ttre m\u00f6jligheter f\u00f6r samordning, rekrytering och \u00f6kad tillg\u00e4nglighet. Vi kommer ocks\u00e5 forts\u00e4tta med de satsningar som vi redan har gjort vad g\u00e4ller att vara l\u00f6neledande f\u00f6r tandl\u00e4kare och tandhygienister. V\u00e4ntetiderna i tandv\u00e5rden m\u00e5ste kortas.<\/p>\n\n\n\n<p><strong>Regionen skall ha ansvaret f\u00f6r hemsjukv\u00e5rden<br><\/strong>Det kr\u00e4vs h\u00f6gre medicinsk kompetens och kontinuitet i kontakterna mellan patienten och v\u00e5rden och det beh\u00f6vs sammanh\u00e5llna v\u00e5rdkedjor, men d\u00e5 \u00e4r det en f\u00f6ruts\u00e4ttning att hemsjukv\u00e5rden tillh\u00f6r regionen. Region Norrbotten ska ha ansvaret f\u00f6r all sjukv\u00e5rd och sedan jobbar man tillsammans med kommunerna med h\u00e4lsan och omsorgen.<\/p>\n\n\n\n<p><\/p>\n","protected":false},"excerpt":{"rendered":"<p>V\u00e5rdgarantin ska h\u00e5llas och tillg\u00e4ngligheten m\u00e5ste bli b\u00e4ttre.Nedan presenteras fyra (4) vall\u00f6ften f\u00f6r att p\u00e5b\u00f6rja resan dit. H\u00e4lso- och sjukv\u00e5rd &#8211; N\u00e4ra i Lule\u00e5Tillg\u00e4ngligheten i Lule\u00e5 \u00e4r inte tillr\u00e4cklig och trycket p\u00e5 akuten i Sunderbyn \u00e4r alltf\u00f6r h\u00f6gt. S\u00e5 kan vi inte ha det. Vi lovar d\u00e4rf\u00f6r medborgarna i Lule\u00e5 en prim\u00e4rv\u00e5rd med gener\u00f6sare \u00f6ppettider, [&hellip;]<\/p>\n","protected":false},"author":30,"featured_media":0,"parent":0,"menu_order":0,"comment_status":"closed","ping_status":"closed","template":"","meta":{"_acf_changed":false,"_relevanssi_hide_post":"","_relevanssi_hide_content":"","_relevanssi_pin_for_all":"","_relevanssi_pin_keywords":"","_relevanssi_unpin_keywords":"","_relevanssi_related_keywords":"","_relevanssi_related_include_ids":"","_relevanssi_related_exclude_ids":"","_relevanssi_related_no_append":"","_relevanssi_related_not_related":"","_relevanssi_related_posts":"","_relevanssi_noindex_reason":"","footnotes":""},"subject":[],"class_list":["post-1240","page","type-page","status-publish","hentry"],"acf":[],"publishpress_future_action":{"enabled":false,"date":"2026-04-21 23:37:28","action":"change-status","newStatus":"draft","terms":[],"taxonomy":"subject"},"_links":{"self":[{"href":"https:\/\/moderaterna.se\/norrbotten\/wp-json\/wp\/v2\/pages\/1240","targetHints":{"allow":["GET"]}}],"collection":[{"href":"https:\/\/moderaterna.se\/norrbotten\/wp-json\/wp\/v2\/pages"}],"about":[{"href":"https:\/\/moderaterna.se\/norrbotten\/wp-json\/wp\/v2\/types\/page"}],"author":[{"embeddable":true,"href":"https:\/\/moderaterna.se\/norrbotten\/wp-json\/wp\/v2\/users\/30"}],"replies":[{"embeddable":true,"href":"https:\/\/moderaterna.se\/norrbotten\/wp-json\/wp\/v2\/comments?post=1240"}],"version-history":[{"count":2,"href":"https:\/\/moderaterna.se\/norrbotten\/wp-json\/wp\/v2\/pages\/1240\/revisions"}],"predecessor-version":[{"id":1242,"href":"https:\/\/moderaterna.se\/norrbotten\/wp-json\/wp\/v2\/pages\/1240\/revisions\/1242"}],"wp:attachment":[{"href":"https:\/\/moderaterna.se\/norrbotten\/wp-json\/wp\/v2\/media?parent=1240"}],"wp:term":[{"taxonomy":"subject","embeddable":true,"href":"https:\/\/moderaterna.se\/norrbotten\/wp-json\/wp\/v2\/subject?post=1240"}],"curies":[{"name":"wp","href":"https:\/\/api.w.org\/{rel}","templated":true}]}}