{"id":1231,"date":"2022-07-26T17:43:06","date_gmt":"2022-07-26T15:43:06","guid":{"rendered":"https:\/\/moderaterna.se\/norrbotten\/?page_id=1231"},"modified":"2022-07-26T17:43:06","modified_gmt":"2022-07-26T15:43:06","slug":"det-har-blivit-dyrt-att-vara-norrbottning","status":"publish","type":"page","link":"https:\/\/moderaterna.se\/norrbotten\/det-har-blivit-dyrt-att-vara-norrbottning\/","title":{"rendered":"Det har blivit dyrt att vara norrbottning"},"content":{"rendered":"\n<p>L\u00e4gst tillv\u00e4xt inom EU. Fj\u00e4rde h\u00f6gst arbetsl\u00f6shet. Och 700 000 utrikes f\u00f6dda, som inte \u00e4r sj\u00e4lvf\u00f6rs\u00f6rjande, vilket kostar 132 miljarder kronor varje \u00e5r. Det \u00e4r resultatet efter \u00e5tta \u00e5r med Magdalena Andersson som finans- och statsminister. Ett facit som i sig \u00e4r tillr\u00e4ckligt sk\u00e4l f\u00f6r att byta regering i h\u00f6stens val. Socialdemokraterna saknar svar p\u00e5 hur utvecklingen ska v\u00e4ndas.<\/p>\n\n\n\n<p>Vi h\u00f6r hela tiden olika S-ministrar skylla Sveriges alla problem p\u00e5 omv\u00e4rldsfaktorer, inte minst kriget i Ukraina. Det \u00e4r f\u00f6rst\u00e5s riktigt att det sp\u00e4r p\u00e5 inflationen. Men det var inte Putin som s\u00e5g till att vi hade v\u00e4rldens dyraste diesel redan f\u00f6re invasionen. Inte Putin som lade ner fullt fungerande svensk k\u00e4rnkraft. Och det var inte Putin som bildade regering med Milj\u00f6partiet, och h\u00f6jde 46 skatter p\u00e5 \u00e5tta \u00e5r.<\/p>\n\n\n\n<p><strong>18 000 kronor per \u00e5r<\/strong><\/p>\n\n\n\n<p>Det handlar om sossepriser, inte Putinpriser &#8211; hemkokta p\u00e5lagor som k\u00e4nns i pl\u00e5nboken. N\u00e4stan 18 000 kronor per \u00e5r har Socialdemokraternas skatteh\u00f6jningar kostat en vanlig tv\u00e5barnsfamilj. 28 000 per \u00e5r, om man l\u00e4gger till notan f\u00f6r h\u00f6jda elpriser, p\u00e5 grund av den misslyckade energipolitiken. Resor, plastp\u00e5sar, kl\u00e4der, boende och elektronik har avsiktligen gjorts dyrare.<\/p>\n\n\n\n<p>Socialdemokraterna har \u00e4gnat \u00e5tta \u00e5r \u00e5t att systematiskt avveckla arbetslinjen, och att f\u00f6rs\u00e4mra konkurrenskraften f\u00f6r svenska f\u00f6retag &#8211; inte minst genom den enormt kostsamma f\u00f6rtidsavvecklingen av k\u00e4rnkraften. De har passivt l\u00e5tit utanf\u00f6rskapet v\u00e4xa, och kostnaderna f\u00f6r detsamma skena. Nu ser vi de f\u00f6r\u00f6dande konsekvenserna.<\/p>\n\n\n\n<p>Det gl\u00e4djande beskedet \u00e4r att det g\u00e5r att v\u00e4nda utvecklingen, om vi bara l\u00e4gger om kursen:&nbsp;<\/p>\n\n\n\n<p>En tydlig arbetslinje med ett bidragstak som alltid g\u00f6r det l\u00f6nsammare att jobba \u00e4n att g\u00e5 p\u00e5 bidrag. Ett skatteh\u00f6jarstopp som inneb\u00e4r att inga nya skatter f\u00e5r inf\u00f6ras och det samlade skattetrycket inte ska \u00f6ka &#8211; f\u00f6rst m\u00e5ste vi veta att alla de skatter vi redan betalar in g\u00e5r till r\u00e4tt saker. Sverige beh\u00f6ver ocks\u00e5 s\u00e5 goda villkor som m\u00f6jligt f\u00f6r f\u00f6retagande och entrepren\u00f6rskap s\u00e5 att jobben bli fler. Dessutom kr\u00e4vs en ny energipolitik som g\u00f6r det m\u00f6jligt att bygga ny k\u00e4rnkraft med ren och billig el till hush\u00e5ll och f\u00f6retag.<\/p>\n\n\n\n<p>Men allt detta f\u00f6ruts\u00e4tter regeringsskifte. Inte fyra \u00e5r till av samma. Socialdemokraterna har redan visat att de misslyckas \u00e4ven i h\u00f6gkonjunktur. Och hur ska Magdalena Andersson efter valet klara ekonomin och arbetslinjen med V\u00e4nsterpartiet i regeringen? Eller k\u00e4rnkraften och industrins villkor med Milj\u00f6partiet?<\/p>\n\n\n\n<p>Valet den 11 september inneb\u00e4r en stor m\u00f6jlighet &#8211; att r\u00f6sta f\u00f6r en ny regering som kan f\u00e5 ordning p\u00e5 Sverige. En regering som l\u00e4ttar trycket p\u00e5 hush\u00e5llen, f\u00e5r fart p\u00e5 tillv\u00e4xten, s\u00e4tter m\u00e4nniskor i arbete och s\u00e4krar int\u00e4kterna till framtidens v\u00e4lf\u00e4rd.<\/p>\n","protected":false},"excerpt":{"rendered":"<p>L\u00e4gst tillv\u00e4xt inom EU. Fj\u00e4rde h\u00f6gst arbetsl\u00f6shet. Och 700 000 utrikes f\u00f6dda, som inte \u00e4r sj\u00e4lvf\u00f6rs\u00f6rjande, vilket kostar 132 miljarder kronor varje \u00e5r. Det \u00e4r resultatet efter \u00e5tta \u00e5r med Magdalena Andersson som finans- och statsminister. Ett facit som i sig \u00e4r tillr\u00e4ckligt sk\u00e4l f\u00f6r att byta regering i h\u00f6stens val. Socialdemokraterna saknar svar p\u00e5 [&hellip;]<\/p>\n","protected":false},"author":30,"featured_media":0,"parent":0,"menu_order":0,"comment_status":"closed","ping_status":"closed","template":"","meta":{"_acf_changed":false,"_relevanssi_hide_post":"","_relevanssi_hide_content":"","_relevanssi_pin_for_all":"","_relevanssi_pin_keywords":"","_relevanssi_unpin_keywords":"","_relevanssi_related_keywords":"","_relevanssi_related_include_ids":"","_relevanssi_related_exclude_ids":"","_relevanssi_related_no_append":"","_relevanssi_related_not_related":"","_relevanssi_related_posts":"","_relevanssi_noindex_reason":"","footnotes":""},"subject":[],"class_list":["post-1231","page","type-page","status-publish","hentry"],"acf":[],"publishpress_future_action":{"enabled":false,"date":"2026-04-24 05:16:50","action":"change-status","newStatus":"draft","terms":[],"taxonomy":"subject"},"_links":{"self":[{"href":"https:\/\/moderaterna.se\/norrbotten\/wp-json\/wp\/v2\/pages\/1231","targetHints":{"allow":["GET"]}}],"collection":[{"href":"https:\/\/moderaterna.se\/norrbotten\/wp-json\/wp\/v2\/pages"}],"about":[{"href":"https:\/\/moderaterna.se\/norrbotten\/wp-json\/wp\/v2\/types\/page"}],"author":[{"embeddable":true,"href":"https:\/\/moderaterna.se\/norrbotten\/wp-json\/wp\/v2\/users\/30"}],"replies":[{"embeddable":true,"href":"https:\/\/moderaterna.se\/norrbotten\/wp-json\/wp\/v2\/comments?post=1231"}],"version-history":[{"count":6,"href":"https:\/\/moderaterna.se\/norrbotten\/wp-json\/wp\/v2\/pages\/1231\/revisions"}],"predecessor-version":[{"id":1237,"href":"https:\/\/moderaterna.se\/norrbotten\/wp-json\/wp\/v2\/pages\/1231\/revisions\/1237"}],"wp:attachment":[{"href":"https:\/\/moderaterna.se\/norrbotten\/wp-json\/wp\/v2\/media?parent=1231"}],"wp:term":[{"taxonomy":"subject","embeddable":true,"href":"https:\/\/moderaterna.se\/norrbotten\/wp-json\/wp\/v2\/subject?post=1231"}],"curies":[{"name":"wp","href":"https:\/\/api.w.org\/{rel}","templated":true}]}}