{"id":1149,"date":"2022-04-29T12:30:44","date_gmt":"2022-04-29T10:30:44","guid":{"rendered":"https:\/\/moderaterna.se\/norrbotten\/?page_id=1149"},"modified":"2022-05-02T10:21:07","modified_gmt":"2022-05-02T08:21:07","slug":"antligen-sanks-drivmedelsskatten","status":"publish","type":"page","link":"https:\/\/moderaterna.se\/norrbotten\/antligen-sanks-drivmedelsskatten\/","title":{"rendered":"\u00c4ntligen s\u00e4nks drivmedelsskatten!"},"content":{"rendered":"\n<p><strong>Bensinskatten inneb\u00e4r en tung b\u00f6rda f\u00f6r privatpersoner och f\u00f6retagare som \u00e4r beroende av bilen f\u00f6r att f\u00e5 vardagen att g\u00e5 runt. Det \u00e4r inte r\u00e4ttvist att den som bor p\u00e5 landsbygden ska dra ett tyngre lass f\u00f6r klimatomst\u00e4llningen \u00e4n den som bor i storstan. Moderaterna har d\u00e4rf\u00f6r s\u00e4nkt och vill forts\u00e4tta att s\u00e4nka b\u00e5de bensinskatten och dieselskatten.<\/strong><\/p>\n\n\n\n<p><\/p>\n\n\n\n<p>I m\u00e5nga delar av landet \u00e4r bilen det enda m\u00f6jliga f\u00e4rdmedlet f\u00f6r att kunna ta sig till arbetet, skjutsa barnen till fotbollstr\u00e4ningen eller bes\u00f6ka f\u00f6r\u00e4ldrarna p\u00e5 \u00e4ldreboendet. Det \u00e4r varken r\u00e4tt eller r\u00e4ttvist att den som \u00e4r beroende av bilen, genom h\u00f6ga skatter p\u00e5 drivmedel, ska beh\u00f6va dra det tyngsta lasset. <\/p>\n\n\n\n<p>Den 1 maj togs ett viktigt f\u00f6rsta steg d\u00e5 priset p\u00e5 bensin och diesel vid landets mackar s\u00e4nks med n\u00e4stan tv\u00e5 kronor per liter. Det \u00e4r bra f\u00f6r hush\u00e5llen, f\u00f6r n\u00e4ringslivet och f\u00f6r Sverige. S\u00e4nkningen \u00e4r ett resultat av att en majoritet i riksdagen &#8211; <strong>mot S-regeringens vilja<\/strong> &#8211; st\u00e4llde sig bakom Moderaternas f\u00f6rslag i tre delar f\u00f6r att f\u00e5 ner literpriset med fem kronor:<br><br>*F\u00f6rst ska energiskatten p\u00e5 diesel s\u00e4nkas till EU:s miniminiv\u00e5 i tre m\u00e5nader.<br>*Regeringen m\u00e5ste d\u00e4refter beg\u00e4ra undantag fr\u00e5n EU:s miniminiv\u00e5er f\u00f6r br\u00e4nsleskatterna f\u00f6r att helt kunna ta bort energiskatten under tre m\u00e5nader<br>*Och s\u00e5 ska reduktionsplikten justeras tillf\u00e4lligt f\u00f6r att minska de kostnader som iblandningskravet av biodrivmedel f\u00f6r med sig.<br><br>Moderaterna f\u00e5r jobbet gjort redan i opposition &#8211; men tills vi bytt regering i h\u00f6st m\u00e5ste S-regeringen g\u00f6ra sitt om vi ska h\u00e4mta hem hela den m\u00f6jliga s\u00e4nkningen.<\/p>\n\n\n\n<p>Moderaterna \u00e4r \u00f6vertygad om att de allra flesta vill hj\u00e4lpa till med klimatomst\u00e4llningen. Men f\u00f6r m\u00e5nga m\u00e4nniskor i Sverige finns det inget alternativ till att k\u00f6ra en bensin- eller dieselbil. L\u00e5ngt ifr\u00e5n alla har r\u00e5d att k\u00f6pa en dyr elbil och p\u00e5 m\u00e5nga platser i landet finns det d\u00e5liga m\u00f6jligheter till laddning. Klimatpolitiken m\u00e5ste helt enkelt vara r\u00e4ttvis. D\u00e5 kan vi inte genom h\u00f6ga skatter p\u00e5 bensin och diesel straffa den som beh\u00f6ver bilen f\u00f6r att transportera sig till jobb, familj, v\u00e4nner och fritidsaktiviteter. I statsbudgeten 2022 m\u00f6jliggjorde vi att bensinskatten s\u00e4nktes. Men mer m\u00e5ste g\u00f6ras f\u00f6r att alla ska ha r\u00e5d att transportera sig. Moderaterna vill d\u00e4rf\u00f6r forts\u00e4tta att s\u00e4nka bensinskatten och ta bort den \u00f6verbeskattning p\u00e5 bensin och diesel som den r\u00f6dgr\u00f6na regeringen har inf\u00f6rt.<\/p>\n","protected":false},"excerpt":{"rendered":"<p>Bensinskatten inneb\u00e4r en tung b\u00f6rda f\u00f6r privatpersoner och f\u00f6retagare som \u00e4r beroende av bilen f\u00f6r att f\u00e5 vardagen att g\u00e5 runt. Det \u00e4r inte r\u00e4ttvist att den som bor p\u00e5 landsbygden ska dra ett tyngre lass f\u00f6r klimatomst\u00e4llningen \u00e4n den som bor i storstan. Moderaterna har d\u00e4rf\u00f6r s\u00e4nkt och vill forts\u00e4tta att s\u00e4nka b\u00e5de bensinskatten [&hellip;]<\/p>\n","protected":false},"author":30,"featured_media":0,"parent":0,"menu_order":0,"comment_status":"closed","ping_status":"closed","template":"","meta":{"_acf_changed":false,"_relevanssi_hide_post":"","_relevanssi_hide_content":"","_relevanssi_pin_for_all":"","_relevanssi_pin_keywords":"","_relevanssi_unpin_keywords":"","_relevanssi_related_keywords":"","_relevanssi_related_include_ids":"","_relevanssi_related_exclude_ids":"","_relevanssi_related_no_append":"","_relevanssi_related_not_related":"","_relevanssi_related_posts":"","_relevanssi_noindex_reason":"","footnotes":""},"subject":[],"class_list":["post-1149","page","type-page","status-publish","hentry"],"acf":[],"publishpress_future_action":{"enabled":false,"date":"2026-04-11 02:30:48","action":"change-status","newStatus":"draft","terms":[],"taxonomy":"subject"},"_links":{"self":[{"href":"https:\/\/moderaterna.se\/norrbotten\/wp-json\/wp\/v2\/pages\/1149","targetHints":{"allow":["GET"]}}],"collection":[{"href":"https:\/\/moderaterna.se\/norrbotten\/wp-json\/wp\/v2\/pages"}],"about":[{"href":"https:\/\/moderaterna.se\/norrbotten\/wp-json\/wp\/v2\/types\/page"}],"author":[{"embeddable":true,"href":"https:\/\/moderaterna.se\/norrbotten\/wp-json\/wp\/v2\/users\/30"}],"replies":[{"embeddable":true,"href":"https:\/\/moderaterna.se\/norrbotten\/wp-json\/wp\/v2\/comments?post=1149"}],"version-history":[{"count":9,"href":"https:\/\/moderaterna.se\/norrbotten\/wp-json\/wp\/v2\/pages\/1149\/revisions"}],"predecessor-version":[{"id":1167,"href":"https:\/\/moderaterna.se\/norrbotten\/wp-json\/wp\/v2\/pages\/1149\/revisions\/1167"}],"wp:attachment":[{"href":"https:\/\/moderaterna.se\/norrbotten\/wp-json\/wp\/v2\/media?parent=1149"}],"wp:term":[{"taxonomy":"subject","embeddable":true,"href":"https:\/\/moderaterna.se\/norrbotten\/wp-json\/wp\/v2\/subject?post=1149"}],"curies":[{"name":"wp","href":"https:\/\/api.w.org\/{rel}","templated":true}]}}