{"id":881,"date":"2022-01-03T18:22:16","date_gmt":"2022-01-03T17:22:16","guid":{"rendered":"https:\/\/moderaterna.se\/moderatkvinnorna\/?page_id=881"},"modified":"2026-01-21T12:06:20","modified_gmt":"2026-01-21T11:06:20","slug":"kontaktpersoner-i-landet","status":"publish","type":"page","link":"https:\/\/moderaterna.se\/moderatkvinnorna\/kontaktpersoner-i-landet\/","title":{"rendered":"Kontaktpersoner i landet."},"content":{"rendered":"\n<p><\/p>\n\n\n\n<p><strong>Stockholm stad&nbsp;<\/strong><br>Moderatkvinnoordf\u00f6rande: Ther\u00e9z Randquist<br>tx4paws@gmail.com<\/p>\n\n\n\n<p>Partiombudsman: Lars-Peter Sw\u00e4rdh&nbsp;<br>lars-peter.swardh@moderaterna.se<\/p>\n\n\n\n<div style=\"height:32px\" aria-hidden=\"true\" class=\"wp-block-spacer\"><\/div>\n\n\n\n<p><strong>Stockholms l\u00e4n<\/strong><br>Moderatkvinnoordf\u00f6rande: Ida Drougge<br>ida.drougge@riksdagen.se<\/p>\n\n\n\n<p>Partiombudsman: Lars-Peter Sw\u00e4rdh&nbsp;<br>lars-peter.swardh@moderaterna.se<\/p>\n\n\n\n<div style=\"height:32px\" aria-hidden=\"true\" class=\"wp-block-spacer\"><\/div>\n\n\n\n<p><strong>Uppsala l\u00e4n<\/strong><br>Moderatkvinnoordf\u00f6rande: Sofia Andersson<br>sofia.andersson2@uppsala.se<\/p>\n\n\n\n<p>Partiombudsman: Johan Carlsson<br>johan.carlsson@moderaterna.se<\/p>\n\n\n\n<div style=\"height:32px\" aria-hidden=\"true\" class=\"wp-block-spacer\"><\/div>\n\n\n\n<p><strong>S\u00f6dermanland<\/strong>&nbsp;<br>Moderatkvinnoordf\u00f6rande: Ann-Sofie Lifvenhage<br>ann-sofie.lifvenhage@riksdagen.se<\/p>\n\n\n\n<p>Partiombudsman: Martin Edg\u00e9lius<br>martin.edgelius@moderaterna.se<\/p>\n\n\n\n<div style=\"height:32px\" aria-hidden=\"true\" class=\"wp-block-spacer\"><\/div>\n\n\n\n<p><strong>\u00d6sterg\u00f6tland&nbsp;<\/strong><br>Moderatkvinnoordf\u00f6rande: Maria Almes\u00e5ker<br>maria.almesaker@gmail.com<\/p>\n\n\n\n<p>Partiombudsman: Jessica H\u00e4ggroth<br>jessica.haggroth@moderaterna.se<\/p>\n\n\n\n<div style=\"height:32px\" aria-hidden=\"true\" class=\"wp-block-spacer\"><\/div>\n\n\n\n<p><strong>J\u00f6nk\u00f6ping<\/strong>\u00a0<br>Moderatkvinnoordf\u00f6rande: Emilia Levin<br>emilialevin@live.se<\/p>\n\n\n\n<p>Partiombudsman: Tobias Stomilovic<br>tobias.stomilovic@moderaterna.se<\/p>\n\n\n\n<div style=\"height:32px\" aria-hidden=\"true\" class=\"wp-block-spacer\"><\/div>\n\n\n\n<p><strong>Kronoberg<\/strong>&nbsp;<br>Moderatkvinnoordf\u00f6rande: Elin Petersson<br>elin.petersson@moderaterna.se<\/p>\n\n\n\n<p>Partiombudsman: Andreas Lindstr\u00f6m<br>andreas.lindstrom@moderaterna.se<\/p>\n\n\n\n<div style=\"height:32px\" aria-hidden=\"true\" class=\"wp-block-spacer\"><\/div>\n\n\n\n<p><strong>Kalmar<\/strong>\u00a0<br>Moderatkvinnoordf\u00f6rande:\u00a0Ellinor Troli<br>ellinor.troli@regionkalmar.se<\/p>\n\n\n\n<p>Partiombudsman: Liv Stj\u00e4rnl\u00f6f<br>liv.stjarnlof@moderaterna.se<\/p>\n\n\n\n<div style=\"height:32px\" aria-hidden=\"true\" class=\"wp-block-spacer\"><\/div>\n\n\n\n<p><strong>Gotland&nbsp;<\/strong><br>Moderatkvinnoordf\u00f6rande: Lina Runander<br>lina.runander@moderaterna.se<\/p>\n\n\n\n<p>Partiombudsman: Malin Vinblad<br>malin.vinblad@moderaterna.se<\/p>\n\n\n\n<div style=\"height:32px\" aria-hidden=\"true\" class=\"wp-block-spacer\"><\/div>\n\n\n\n<p><strong>Blekinge\u00a0<\/strong><br>Moderatkvinnoordf\u00f6rande:<strong>\u00a0<\/strong>Hanna Ekblad<br>hanna.ekblad@moderaterna.se<\/p>\n\n\n\n<p>Partiombudsman: Simon Swalander<br>simon.swalander@moderaterna.se<\/p>\n\n\n\n<div style=\"height:32px\" aria-hidden=\"true\" class=\"wp-block-spacer\"><\/div>\n\n\n\n<p><strong>Sk\u00e5ne&nbsp;<\/strong><br>Moderatkvinnoordf\u00f6rande:<strong>&nbsp;<\/strong>Helena Nanne<br>helena.nanne@moderaterna.se<\/p>\n\n\n\n<p>Partiombudsman: Darko Simic<br>darko.simic@moderaterna.se<\/p>\n\n\n\n<div style=\"height:32px\" aria-hidden=\"true\" class=\"wp-block-spacer\"><\/div>\n\n\n\n<p><strong>Halland\u00a0<\/strong><br>Moderatkvinnoordf\u00f6rande:<strong>\u00a0<\/strong>Charlotta Jonson<br>charlotta.jonson@pol.falkenberg.se<\/p>\n\n\n\n<p>Partiombudsman: Christian Johansson<br>christian.johansson@moderaterna.se<\/p>\n\n\n\n<div style=\"height:32px\" aria-hidden=\"true\" class=\"wp-block-spacer\"><\/div>\n\n\n\n<p><strong>V\u00e4stra G\u00f6taland<\/strong>\u00a0<br>Moderatkvinnoordf\u00f6rande:\u00a0Sandra Svensson<br>sandra.svensson@ockero.se<\/p>\n\n\n\n<p>Partiombudsman: Niklas Claesson<br>niklas.claesson@moderaterna.se<\/p>\n\n\n\n<div style=\"height:32px\" aria-hidden=\"true\" class=\"wp-block-spacer\"><\/div>\n\n\n\n<p><strong>V\u00e4rmland<\/strong>\u00a0<br>Moderatkvinnoordf\u00f6rande:\u00a0Marie Oudin<br>marie.oudin@kristinehamn.se<\/p>\n\n\n\n<p>Partiombudsman: Anton Bengtsson<br>anton.bengtsson@moderaterna.se<\/p>\n\n\n\n<div style=\"height:32px\" aria-hidden=\"true\" class=\"wp-block-spacer\"><\/div>\n\n\n\n<p><strong>\u00d6rebro\u00a0<\/strong><br>Moderatkvinnoordf\u00f6rande:<strong>\u00a0<\/strong>Cecilia Askersk\u00e4r Philipsson<br>cecilia.a.askersk\u00e4r.philipsson@orebro.se<\/p>\n\n\n\n<p>Partiombudsman: Eric Viduss<br>eric.viduss@moderaterna.se<\/p>\n\n\n\n<div style=\"height:32px\" aria-hidden=\"true\" class=\"wp-block-spacer\"><\/div>\n\n\n\n<p><strong>V\u00e4stmanland<\/strong>&nbsp;<br>Moderatkvinnoordf\u00f6rande: Victoria Kihlstr\u00f6m<br>vki@du.se<\/p>\n\n\n\n<p>Partiombudsman: Jenny Edberg<br>jenny.edberg@moderaterna.se<\/p>\n\n\n\n<div style=\"height:32px\" aria-hidden=\"true\" class=\"wp-block-spacer\"><\/div>\n\n\n\n<p><strong>Dalarna\u00a0<\/strong><br>Moderatkvinnoordf\u00f6rande:<strong>\u00a0<\/strong>Carina \u00c5hlberg<br>cecilia.ahlberg@telia.com<\/p>\n\n\n\n<p>Partiombudsman: Edla Nilsson<br>edla.nilsson@moderaterna.se<\/p>\n\n\n\n<div style=\"height:32px\" aria-hidden=\"true\" class=\"wp-block-spacer\"><\/div>\n\n\n\n<p><strong>G\u00e4vleborg&nbsp;<\/strong><br>Moderatkvinnoordf\u00f6rande:<strong>&nbsp;<\/strong>Birgittha Bjerk\u00e9n<br>birgittha.bjerken@fastor.se<\/p>\n\n\n\n<p>Partiombudsman: M\u00e5rten Str\u00f6mberg<br>marten.stromberg@moderaterna.se<\/p>\n\n\n\n<div style=\"height:33px\" aria-hidden=\"true\" class=\"wp-block-spacer\"><\/div>\n\n\n\n<p><strong>V\u00e4sternorrland<\/strong>\u00a0<br>Moderatkvinnoordf\u00f6rande:\u00a0Alicja Kapica<br>alicja.d.kapica@gmail.com<\/p>\n\n\n\n<p>Partiombudsman: Magnus Sj\u00f6din<br>magnus.sjodin@moderaterna.se<\/p>\n\n\n\n<div style=\"height:32px\" aria-hidden=\"true\" class=\"wp-block-spacer\"><\/div>\n\n\n\n<p><strong>J\u00e4mtland<\/strong><br>Moderatkvinnoordf\u00f6rande: Maud Herkules<br>mkvinnorna.jamtland@moderaterna.se<\/p>\n\n\n\n<p>Partiombudsman: Jananders Mattsson<br>jananders.mattsson@moderaterna.se<\/p>\n\n\n\n<div style=\"height:32px\" aria-hidden=\"true\" class=\"wp-block-spacer\"><\/div>\n\n\n\n<p><strong>V\u00e4sterbotten<\/strong><br>Moderatkvinnoordf\u00f6rande:<strong>&nbsp;<\/strong>Anna-Karin Nilsson<br>anna-karin.nilsson@moderaterna.se<\/p>\n\n\n\n<p>Partiombudsman: Anton Bergstr\u00f6m<br>anton.bergstrom@moderaterna.se<\/p>\n\n\n\n<div style=\"height:32px\" aria-hidden=\"true\" class=\"wp-block-spacer\"><\/div>\n\n\n\n<p><strong>Norrbotten<\/strong>&nbsp;<br>Moderatkvinnoordf\u00f6rande:&nbsp;Birgit Meier Thunborg<br>Birgit.meierthunborg@moderaterna.se<\/p>\n\n\n\n<p>Partiombudsman: Fredrik S Lundstr\u00f6m<br>fredrik.lundstrom@moderaterna.se<\/p>\n\n\n\n<div style=\"height:24px\" aria-hidden=\"true\" class=\"wp-block-spacer\"><\/div>\n","protected":false},"excerpt":{"rendered":"<p>Stockholm stad&nbsp;Moderatkvinnoordf\u00f6rande: Ther\u00e9z Randquisttx4paws@gmail.com Partiombudsman: Lars-Peter Sw\u00e4rdh&nbsp;lars-peter.swardh@moderaterna.se Stockholms l\u00e4nModeratkvinnoordf\u00f6rande: Ida Drouggeida.drougge@riksdagen.se Partiombudsman: Lars-Peter Sw\u00e4rdh&nbsp;lars-peter.swardh@moderaterna.se Uppsala l\u00e4nModeratkvinnoordf\u00f6rande: Sofia Anderssonsofia.andersson2@uppsala.se Partiombudsman: Johan Carlssonjohan.carlsson@moderaterna.se S\u00f6dermanland&nbsp;Moderatkvinnoordf\u00f6rande: Ann-Sofie Lifvenhageann-sofie.lifvenhage@riksdagen.se Partiombudsman: Martin Edg\u00e9liusmartin.edgelius@moderaterna.se \u00d6sterg\u00f6tland&nbsp;Moderatkvinnoordf\u00f6rande: Maria Almes\u00e5kermaria.almesaker@gmail.com Partiombudsman: Jessica H\u00e4ggrothjessica.haggroth@moderaterna.se J\u00f6nk\u00f6ping\u00a0Moderatkvinnoordf\u00f6rande: Emilia Levinemilialevin@live.se Partiombudsman: Tobias Stomilovictobias.stomilovic@moderaterna.se Kronoberg&nbsp;Moderatkvinnoordf\u00f6rande: Elin Peterssonelin.petersson@moderaterna.se Partiombudsman: Andreas Lindstr\u00f6mandreas.lindstrom@moderaterna.se Kalmar\u00a0Moderatkvinnoordf\u00f6rande:\u00a0Ellinor Troliellinor.troli@regionkalmar.se Partiombudsman: Liv Stj\u00e4rnl\u00f6fliv.stjarnlof@moderaterna.se Gotland&nbsp;Moderatkvinnoordf\u00f6rande: Lina Runanderlina.runander@moderaterna.se Partiombudsman: Malin [&hellip;]<\/p>\n","protected":false},"author":9,"featured_media":0,"parent":0,"menu_order":0,"comment_status":"closed","ping_status":"closed","template":"","meta":{"_acf_changed":false,"_relevanssi_hide_post":"","_relevanssi_hide_content":"","_relevanssi_pin_for_all":"","_relevanssi_pin_keywords":"","_relevanssi_unpin_keywords":"","_relevanssi_related_keywords":"","_relevanssi_related_include_ids":"","_relevanssi_related_exclude_ids":"","_relevanssi_related_no_append":"","_relevanssi_related_not_related":"","_relevanssi_related_posts":"833,839,843","_relevanssi_noindex_reason":"","footnotes":""},"subject":[],"class_list":["post-881","page","type-page","status-publish","hentry"],"acf":[],"publishpress_future_action":{"enabled":false,"date":"2026-04-26 02:35:18","action":"change-status","newStatus":"draft","terms":[],"taxonomy":"subject"},"_links":{"self":[{"href":"https:\/\/moderaterna.se\/moderatkvinnorna\/wp-json\/wp\/v2\/pages\/881","targetHints":{"allow":["GET"]}}],"collection":[{"href":"https:\/\/moderaterna.se\/moderatkvinnorna\/wp-json\/wp\/v2\/pages"}],"about":[{"href":"https:\/\/moderaterna.se\/moderatkvinnorna\/wp-json\/wp\/v2\/types\/page"}],"author":[{"embeddable":true,"href":"https:\/\/moderaterna.se\/moderatkvinnorna\/wp-json\/wp\/v2\/users\/9"}],"replies":[{"embeddable":true,"href":"https:\/\/moderaterna.se\/moderatkvinnorna\/wp-json\/wp\/v2\/comments?post=881"}],"version-history":[{"count":19,"href":"https:\/\/moderaterna.se\/moderatkvinnorna\/wp-json\/wp\/v2\/pages\/881\/revisions"}],"predecessor-version":[{"id":2377,"href":"https:\/\/moderaterna.se\/moderatkvinnorna\/wp-json\/wp\/v2\/pages\/881\/revisions\/2377"}],"wp:attachment":[{"href":"https:\/\/moderaterna.se\/moderatkvinnorna\/wp-json\/wp\/v2\/media?parent=881"}],"wp:term":[{"taxonomy":"subject","embeddable":true,"href":"https:\/\/moderaterna.se\/moderatkvinnorna\/wp-json\/wp\/v2\/subject?post=881"}],"curies":[{"name":"wp","href":"https:\/\/api.w.org\/{rel}","templated":true}]}}