{"id":854,"date":"2022-01-03T17:12:09","date_gmt":"2022-01-03T16:12:09","guid":{"rendered":"https:\/\/moderaterna.se\/moderatkvinnorna\/?page_id=854"},"modified":"2022-11-17T15:04:27","modified_gmt":"2022-11-17T14:04:27","slug":"mentorskap","status":"publish","type":"page","link":"https:\/\/moderaterna.se\/moderatkvinnorna\/mentorskap\/","title":{"rendered":"Mentorskap"},"content":{"rendered":"\n<p>Starka och framg\u00e5ngsrika kvinnor har alltid haft en viktig roll f\u00f6r den moderata framg\u00e5ngen.<\/p>\n\n\n\n<p>F\u00f6r att detta skall forts\u00e4tta och att kunskap, erfarenhet och kompetens ska bevaras och s\u00e4kras fram\u00f6ver m\u00e5ste vi g\u00f6ra mer \u00e4n det vi g\u00f6r nu:&nbsp;<\/p>\n\n\n\n<p>Vi m\u00e5ste forts\u00e4tta bygga ett n\u00e4tverk f\u00f6r framtiden \u2013 av framtiden.<\/p>\n\n\n\n<p>Vi skapar ett forum d\u00e4r kvinnor fr\u00e5n olika generationer och med olika erfarenheter kan m\u00f6tas. Ett mentorskapsprogram f\u00f6r framtidens ledande kvinnor.<\/p>\n\n\n\n<p>Bland mentorerna finner vi kvinnor som b\u00e5de \u00e4r och har varit&nbsp;p\u00e5 toppositioner i den moderata ledningen. Mentorer och adepter matchas och det \u00e4r adeptens agenda som st\u00e5r i centrum. Men det \u00e4r ocks\u00e5 viktigt att mentorn k\u00e4nner att hon har ett utbyte av att m\u00f6tas.&nbsp;<\/p>\n","protected":false},"excerpt":{"rendered":"<p>Starka och framg\u00e5ngsrika kvinnor har alltid haft en viktig roll f\u00f6r den moderata framg\u00e5ngen. F\u00f6r att detta skall forts\u00e4tta och att kunskap, erfarenhet och kompetens ska bevaras och s\u00e4kras fram\u00f6ver m\u00e5ste vi g\u00f6ra mer \u00e4n det vi g\u00f6r nu:&nbsp; Vi m\u00e5ste forts\u00e4tta bygga ett n\u00e4tverk f\u00f6r framtiden \u2013 av framtiden. Vi skapar ett forum d\u00e4r [&hellip;]<\/p>\n","protected":false},"author":9,"featured_media":0,"parent":0,"menu_order":0,"comment_status":"closed","ping_status":"closed","template":"","meta":{"_acf_changed":false,"_relevanssi_hide_post":"","_relevanssi_hide_content":"","_relevanssi_pin_for_all":"","_relevanssi_pin_keywords":"","_relevanssi_unpin_keywords":"","_relevanssi_related_keywords":"","_relevanssi_related_include_ids":"","_relevanssi_related_exclude_ids":"","_relevanssi_related_no_append":"","_relevanssi_related_not_related":"","_relevanssi_related_posts":"833,843,839","_relevanssi_noindex_reason":"","footnotes":""},"subject":[],"class_list":["post-854","page","type-page","status-publish","hentry"],"acf":[],"publishpress_future_action":{"enabled":false,"date":"2026-04-16 06:49:45","action":"change-status","newStatus":"draft","terms":[],"taxonomy":"subject"},"_links":{"self":[{"href":"https:\/\/moderaterna.se\/moderatkvinnorna\/wp-json\/wp\/v2\/pages\/854","targetHints":{"allow":["GET"]}}],"collection":[{"href":"https:\/\/moderaterna.se\/moderatkvinnorna\/wp-json\/wp\/v2\/pages"}],"about":[{"href":"https:\/\/moderaterna.se\/moderatkvinnorna\/wp-json\/wp\/v2\/types\/page"}],"author":[{"embeddable":true,"href":"https:\/\/moderaterna.se\/moderatkvinnorna\/wp-json\/wp\/v2\/users\/9"}],"replies":[{"embeddable":true,"href":"https:\/\/moderaterna.se\/moderatkvinnorna\/wp-json\/wp\/v2\/comments?post=854"}],"version-history":[{"count":3,"href":"https:\/\/moderaterna.se\/moderatkvinnorna\/wp-json\/wp\/v2\/pages\/854\/revisions"}],"predecessor-version":[{"id":1891,"href":"https:\/\/moderaterna.se\/moderatkvinnorna\/wp-json\/wp\/v2\/pages\/854\/revisions\/1891"}],"wp:attachment":[{"href":"https:\/\/moderaterna.se\/moderatkvinnorna\/wp-json\/wp\/v2\/media?parent=854"}],"wp:term":[{"taxonomy":"subject","embeddable":true,"href":"https:\/\/moderaterna.se\/moderatkvinnorna\/wp-json\/wp\/v2\/subject?post=854"}],"curies":[{"name":"wp","href":"https:\/\/api.w.org\/{rel}","templated":true}]}}